{"id":3098,"date":"2025-09-30T12:11:16","date_gmt":"2025-09-30T12:11:16","guid":{"rendered":"https:\/\/vdhmachinery.com\/nachhaltigkeit\/"},"modified":"2026-02-03T10:48:41","modified_gmt":"2026-02-03T10:48:41","slug":"nachhaltigkeit","status":"publish","type":"page","link":"https:\/\/vdhmachinery.com\/de\/nachhaltigkeit\/","title":{"rendered":"Nachhaltigkeit"},"content":{"rendered":"\n\n<h2 class=\"wp-block-heading\">Zirkul\u00e4res Bauen: Nachhaltigkeit in jeder Phase<\/h2>\n\n\n\n<p>Echte Nachhaltigkeit beginnt bei der optimalen Nutzung von Rohstoffen. Deshalb geben wir Maschinen und Komponenten ein zweites Leben, indem wir sie \u00fcberarbeiten, wiederverwenden und modernisieren. So verl\u00e4ngern wir die Lebensdauer, senken die Umweltbelastung und reduzieren die CO\u2082-Emissionen erheblich.  <\/p>\n\n\n\n<p>Unsere Maschinen sind zudem modular aufgebaut, wodurch Teile einfach ausgetauscht oder aufger\u00fcstet werden k\u00f6nnen. Dies tr\u00e4gt nicht nur zur Nachhaltigkeit bei, sondern sorgt auch f\u00fcr geringere Wartungskosten und eine l\u00e4ngere wirtschaftliche Lebensdauer. <\/p>\n\n\n\n<h2 class=\"wp-block-heading\">Emissionsfreies Material und CO\u2082-Reduktion<\/h2>\n\n\n\n<p><strong>Nachhaltigkeit<\/strong> bedeutet auch: sauberer arbeiten. Deshalb entwickelt Van den Heuvel immer mehr Maschinen, die vollst\u00e4ndig elektrisch angetrieben werden oder f\u00fcr den Einsatz von <strong>HVO-Kraftstoffen<\/strong> geeignet sind. Diese emissionsfreien L\u00f6sungen helfen Bauunternehmen, die strengsten Umweltauflagen zu erf\u00fcllen und tragen zu einem geringeren \u00f6kologischen Fu\u00dfabdruck auf der Baustelle bei.  <\/p>\n\n\n\n<p>Dar\u00fcber hinaus setzen wir standardm\u00e4\u00dfig <strong>Stage V-Motoren<\/strong> in unseren Maschinen ein. Diese erf\u00fcllen die neuesten Emissionsnormen und sorgen f\u00fcr einen kraftvollen, effizienten Betrieb mit minimalen Emissionen. <\/p>\n\n\n\n<h2 class=\"wp-block-heading\">Innovation als Motor f\u00fcr Nachhaltigkeit<\/h2>\n\n\n\n<p>Unsere Vision von Nachhaltigkeit geht \u00fcber die reine Emissionsreduzierung hinaus. Wir investieren kontinuierlich in Technologien, die Energie sparen, die Leistung verbessern und Prozesse effizienter gestalten. Mit diesen L\u00f6sungen bereiten wir unsere Kunden auf die Baustelle der Zukunft vor.  <\/p>\n\n\n\n<h2 class=\"wp-block-heading\">Nachhaltigkeit in der Praxis<\/h2>\n\n\n\n<p>Unser Fokus auf Nachhaltigkeit ist kein Marketingbegriff, sondern gelebte Realit\u00e4t. Von innerst\u00e4dtischen Bauprojekten bis hin zu gro\u00df angelegten Infrastrukturarbeiten: Unsere Maschinen und Techniken werden weltweit eingesetzt, um nachhaltige Ziele zu erreichen. <\/p>\n\n\n\n<p>Durch die intensive Zusammenarbeit mit Auftraggebern, Bauunternehmen und Ingenieuren entwickeln wir ma\u00dfgeschneiderte L\u00f6sungen, die nicht nur technisch herausragend sind, sondern auch die strengsten Umweltstandards erf\u00fcllen.<\/p>\n\n\n\n<h2 class=\"wp-block-heading\">Nachhaltigkeit als Kern unserer Mission<\/h2>\n\n\n\n<p><strong>Nachhaltigkeit<\/strong> liegt in der DNA von Van den Heuvel. Wir \u00fcbernehmen Verantwortung f\u00fcr unsere Auswirkungen auf Mensch und Umwelt und treffen darin bewusste Entscheidungen \u2013 von zirkul\u00e4rem Design und emissionsfreiem Antrieb bis hin zu CO\u2082-Reduktion und energieeffizienten Technologien. <\/p>\n\n\n\n<h2 class=\"wp-block-heading\">Erfolgreiche Projekte<\/h2>\n\n\n\n<div class=\"wp-block-group alignfull has-ice-background-color has-background is-layout-constrained wp-block-group-is-layout-constrained\">\n<figure class=\"wp-block-gallery has-nested-images columns-default is-cropped wp-block-gallery-1 is-layout-flex wp-block-gallery-is-layout-flex\">\n<figure class=\"wp-block-image size-large\"><a href=\"https:\/\/vdhmachinery.com\/de\/projects\/erster-fundamentalkran-mit-wasserstoffantrieb\/\"><img loading=\"lazy\" decoding=\"async\" width=\"768\" height=\"1024\" data-id=\"3840\" src=\"https:\/\/vdhmachinery.com\/wp-content\/uploads\/2026\/01\/img_4503-768x1024.jpg\" alt=\"\" class=\"wp-image-3840\" srcset=\"https:\/\/vdhmachinery.com\/wp-content\/uploads\/2026\/01\/img_4503-768x1024.jpg 768w, https:\/\/vdhmachinery.com\/wp-content\/uploads\/2026\/01\/img_4503-225x300.jpg 225w, https:\/\/vdhmachinery.com\/wp-content\/uploads\/2026\/01\/img_4503-1152x1536.jpg 1152w, https:\/\/vdhmachinery.com\/wp-content\/uploads\/2026\/01\/img_4503-1536x2048.jpg 1536w, https:\/\/vdhmachinery.com\/wp-content\/uploads\/2026\/01\/img_4503-scaled.jpg 1920w\" sizes=\"auto, (max-width: 768px) 100vw, 768px\" \/><\/a><figcaption class=\"wp-element-caption\">Wasserstoff | Sennebogen 690<\/figcaption><\/figure>\n\n\n\n<figure class=\"wp-block-image size-large\"><img loading=\"lazy\" decoding=\"async\" width=\"1024\" height=\"768\" data-id=\"3766\" src=\"https:\/\/vdhmachinery.com\/wp-content\/uploads\/2026\/01\/IMG_4381-1024x768.jpg\" alt=\"\" class=\"wp-image-3766\" srcset=\"https:\/\/vdhmachinery.com\/wp-content\/uploads\/2026\/01\/IMG_4381-1024x768.jpg 1024w, https:\/\/vdhmachinery.com\/wp-content\/uploads\/2026\/01\/IMG_4381-300x225.jpg 300w, https:\/\/vdhmachinery.com\/wp-content\/uploads\/2026\/01\/IMG_4381-768x576.jpg 768w, https:\/\/vdhmachinery.com\/wp-content\/uploads\/2026\/01\/IMG_4381-1536x1152.jpg 1536w, https:\/\/vdhmachinery.com\/wp-content\/uploads\/2026\/01\/IMG_4381-2048x1536.jpg 2048w\" sizes=\"auto, (max-width: 1024px) 100vw, 1024px\" \/><figcaption class=\"wp-element-caption\">Vollelektrisch mit Range Extender | Woltman THW 5525D<\/figcaption><\/figure>\n\n\n\n<figure class=\"wp-block-image size-large\"><img loading=\"lazy\" decoding=\"async\" width=\"1024\" height=\"768\" data-id=\"1668\" src=\"https:\/\/vdhmachinery.com\/wp-content\/uploads\/2025\/10\/IMG_2793-scaled-1-1024x768.jpg\" alt=\"Elektrifizierung | Liebherr LTR1100\" class=\"wp-image-1668\" srcset=\"https:\/\/vdhmachinery.com\/wp-content\/uploads\/2025\/10\/IMG_2793-scaled-1-1024x768.jpg 1024w, https:\/\/vdhmachinery.com\/wp-content\/uploads\/2025\/10\/IMG_2793-scaled-1-300x225.jpg 300w, https:\/\/vdhmachinery.com\/wp-content\/uploads\/2025\/10\/IMG_2793-scaled-1-768x576.jpg 768w, https:\/\/vdhmachinery.com\/wp-content\/uploads\/2025\/10\/IMG_2793-scaled-1-1536x1152.jpg 1536w, https:\/\/vdhmachinery.com\/wp-content\/uploads\/2025\/10\/IMG_2793-scaled-1.jpg 2048w\" sizes=\"auto, (max-width: 1024px) 100vw, 1024px\" \/><figcaption class=\"wp-element-caption\">Elektrifizierung | Liebherr LTR1100<\/figcaption><\/figure>\n\n\n\n<figure class=\"wp-block-image size-large\"><img loading=\"lazy\" decoding=\"async\" width=\"1024\" height=\"599\" data-id=\"1671\" src=\"https:\/\/vdhmachinery.com\/wp-content\/uploads\/2025\/10\/IMG_2825-scaled-e1741689620401-1024x599.jpg\" alt=\"Elektrifizierung Sumitomo SC900\" class=\"wp-image-1671\" srcset=\"https:\/\/vdhmachinery.com\/wp-content\/uploads\/2025\/10\/IMG_2825-scaled-e1741689620401-1024x599.jpg 1024w, https:\/\/vdhmachinery.com\/wp-content\/uploads\/2025\/10\/IMG_2825-scaled-e1741689620401-300x175.jpg 300w, https:\/\/vdhmachinery.com\/wp-content\/uploads\/2025\/10\/IMG_2825-scaled-e1741689620401-768x449.jpg 768w, https:\/\/vdhmachinery.com\/wp-content\/uploads\/2025\/10\/IMG_2825-scaled-e1741689620401-1536x899.jpg 1536w, https:\/\/vdhmachinery.com\/wp-content\/uploads\/2025\/10\/IMG_2825-scaled-e1741689620401.jpg 2048w\" sizes=\"auto, (max-width: 1024px) 100vw, 1024px\" \/><figcaption class=\"wp-element-caption\">Elektrifizierung Sumitomo SC900<\/figcaption><\/figure>\n\n\n\n<figure class=\"wp-block-image size-large\"><a href=\"https:\/\/vdhmachinery.com\/de\/projects\/ueberholung-und-umruestung-des-motors-hitachi-cx900-gls\/\"><img loading=\"lazy\" decoding=\"async\" width=\"1024\" height=\"612\" data-id=\"1674\" src=\"https:\/\/vdhmachinery.com\/wp-content\/uploads\/2025\/10\/IMG_2828-scaled-2-1024x612.jpg\" alt=\"Motorumbau Stage V | Hitachi CX900-GLS\" class=\"wp-image-1674\" srcset=\"https:\/\/vdhmachinery.com\/wp-content\/uploads\/2025\/10\/IMG_2828-scaled-2-1024x612.jpg 1024w, https:\/\/vdhmachinery.com\/wp-content\/uploads\/2025\/10\/IMG_2828-scaled-2-300x179.jpg 300w, https:\/\/vdhmachinery.com\/wp-content\/uploads\/2025\/10\/IMG_2828-scaled-2-768x459.jpg 768w, https:\/\/vdhmachinery.com\/wp-content\/uploads\/2025\/10\/IMG_2828-scaled-2-1536x918.jpg 1536w, https:\/\/vdhmachinery.com\/wp-content\/uploads\/2025\/10\/IMG_2828-scaled-2.jpg 2048w\" sizes=\"auto, (max-width: 1024px) 100vw, 1024px\" \/><\/a><figcaption class=\"wp-element-caption\">Motorumbau Stage V | Hitachi CX900-GLS<\/figcaption><\/figure>\n\n\n\n<figure class=\"wp-block-image size-large\"><img loading=\"lazy\" decoding=\"async\" width=\"1024\" height=\"627\" data-id=\"1683\" src=\"https:\/\/vdhmachinery.com\/wp-content\/uploads\/2025\/10\/IMG_3439-2-1024x627.jpg\" alt=\"Motorumbau Stage V | Sany SSC800GLS\" class=\"wp-image-1683\" srcset=\"https:\/\/vdhmachinery.com\/wp-content\/uploads\/2025\/10\/IMG_3439-2-1024x627.jpg 1024w, https:\/\/vdhmachinery.com\/wp-content\/uploads\/2025\/10\/IMG_3439-2-300x184.jpg 300w, https:\/\/vdhmachinery.com\/wp-content\/uploads\/2025\/10\/IMG_3439-2-768x470.jpg 768w, https:\/\/vdhmachinery.com\/wp-content\/uploads\/2025\/10\/IMG_3439-2-1536x940.jpg 1536w, https:\/\/vdhmachinery.com\/wp-content\/uploads\/2025\/10\/IMG_3439-2-2048x1253.jpg 2048w\" sizes=\"auto, (max-width: 1024px) 100vw, 1024px\" \/><figcaption class=\"wp-element-caption\">Motorumbau Stage V | Sany SSC800GLS<\/figcaption><\/figure>\n\n\n\n<figure class=\"wp-block-image size-large\"><img loading=\"lazy\" decoding=\"async\" width=\"1024\" height=\"536\" data-id=\"1676\" src=\"https:\/\/vdhmachinery.com\/wp-content\/uploads\/2025\/10\/IMG_3981K-scaled-1-1024x536.jpg\" alt=\"Elektrifizierung | Spierings SK2418\" class=\"wp-image-1676\" srcset=\"https:\/\/vdhmachinery.com\/wp-content\/uploads\/2025\/10\/IMG_3981K-scaled-1-1024x536.jpg 1024w, https:\/\/vdhmachinery.com\/wp-content\/uploads\/2025\/10\/IMG_3981K-scaled-1-300x157.jpg 300w, https:\/\/vdhmachinery.com\/wp-content\/uploads\/2025\/10\/IMG_3981K-scaled-1-768x402.jpg 768w, https:\/\/vdhmachinery.com\/wp-content\/uploads\/2025\/10\/IMG_3981K-scaled-1-1536x804.jpg 1536w, https:\/\/vdhmachinery.com\/wp-content\/uploads\/2025\/10\/IMG_3981K-scaled-1-2048x1072.jpg 2048w\" sizes=\"auto, (max-width: 1024px) 100vw, 1024px\" \/><figcaption class=\"wp-element-caption\">Elektrifizierung | Spierings SK2418<\/figcaption><\/figure>\n\n\n\n<figure class=\"wp-block-image size-large\"><a href=\"https:\/\/vdhmachinery.com\/de\/projects\/sennebogen-kran-vollelektrisch-mit-range-extender\/\" target=\"_blank\" rel=\" noreferrer noopener\"><img loading=\"lazy\" decoding=\"async\" width=\"1024\" height=\"768\" data-id=\"1680\" src=\"https:\/\/vdhmachinery.com\/wp-content\/uploads\/2025\/10\/PHOTO-2025-03-04-14-59-01-1024x768.jpg\" alt=\"Hybrid | Sennebogen 6113\" class=\"wp-image-1680\" srcset=\"https:\/\/vdhmachinery.com\/wp-content\/uploads\/2025\/10\/PHOTO-2025-03-04-14-59-01-1024x768.jpg 1024w, https:\/\/vdhmachinery.com\/wp-content\/uploads\/2025\/10\/PHOTO-2025-03-04-14-59-01-300x225.jpg 300w, https:\/\/vdhmachinery.com\/wp-content\/uploads\/2025\/10\/PHOTO-2025-03-04-14-59-01-768x576.jpg 768w, https:\/\/vdhmachinery.com\/wp-content\/uploads\/2025\/10\/PHOTO-2025-03-04-14-59-01-1536x1152.jpg 1536w, https:\/\/vdhmachinery.com\/wp-content\/uploads\/2025\/10\/PHOTO-2025-03-04-14-59-01.jpg 2040w\" sizes=\"auto, (max-width: 1024px) 100vw, 1024px\" \/><\/a><figcaption class=\"wp-element-caption\">Vollelektrisch mit Range Extender | Sennebogen 6113<\/figcaption><\/figure>\n\n\n\n<figure class=\"wp-block-image size-large\"><a href=\"https:\/\/vdhmachinery.com\/de\/projects\/ueberholung-der-hitachi-fundamentierungsmaschine\/\"><img loading=\"lazy\" decoding=\"async\" width=\"768\" height=\"1024\" data-id=\"1694\" src=\"https:\/\/vdhmachinery.com\/wp-content\/uploads\/2025\/10\/24fd23d5-394f-4ad2-a71b-1db8dadfa5cc-1-768x1024.jpg\" alt=\"Motorumbau Stage V | Hitachi CX1100-GLS\" class=\"wp-image-1694\" srcset=\"https:\/\/vdhmachinery.com\/wp-content\/uploads\/2025\/10\/24fd23d5-394f-4ad2-a71b-1db8dadfa5cc-1-768x1024.jpg 768w, https:\/\/vdhmachinery.com\/wp-content\/uploads\/2025\/10\/24fd23d5-394f-4ad2-a71b-1db8dadfa5cc-1-225x300.jpg 225w, https:\/\/vdhmachinery.com\/wp-content\/uploads\/2025\/10\/24fd23d5-394f-4ad2-a71b-1db8dadfa5cc-1-1152x1536.jpg 1152w, https:\/\/vdhmachinery.com\/wp-content\/uploads\/2025\/10\/24fd23d5-394f-4ad2-a71b-1db8dadfa5cc-1.jpg 1536w\" sizes=\"auto, (max-width: 768px) 100vw, 768px\" \/><\/a><figcaption class=\"wp-element-caption\">Motorumbau Stage V | Hitachi CX1100-GLS<\/figcaption><\/figure>\n\n\n\n<figure class=\"wp-block-image size-large\"><a href=\"https:\/\/vdhmachinery.com\/de\/projects\/erfolgreicher-umbau-auf-elektroantrieb\/\"><img loading=\"lazy\" decoding=\"async\" width=\"768\" height=\"1024\" data-id=\"1703\" src=\"https:\/\/vdhmachinery.com\/wp-content\/uploads\/2025\/10\/IMG_2305-scaled-1-768x1024.jpg\" alt=\"Hybrid | Woltman 5021\" class=\"wp-image-1703\" srcset=\"https:\/\/vdhmachinery.com\/wp-content\/uploads\/2025\/10\/IMG_2305-scaled-1-768x1024.jpg 768w, https:\/\/vdhmachinery.com\/wp-content\/uploads\/2025\/10\/IMG_2305-scaled-1-225x300.jpg 225w, https:\/\/vdhmachinery.com\/wp-content\/uploads\/2025\/10\/IMG_2305-scaled-1-1152x1536.jpg 1152w, https:\/\/vdhmachinery.com\/wp-content\/uploads\/2025\/10\/IMG_2305-scaled-1.jpg 1536w\" sizes=\"auto, (max-width: 768px) 100vw, 768px\" \/><\/a><figcaption class=\"wp-element-caption\">Vollelektrisch mit Range Extender | Woltman 5021<\/figcaption><\/figure>\n\n\n\n<figure class=\"wp-block-image size-large\"><img loading=\"lazy\" decoding=\"async\" width=\"1024\" height=\"768\" data-id=\"1710\" src=\"https:\/\/vdhmachinery.com\/wp-content\/uploads\/2025\/10\/IMG_1522-scaled-1-1024x768.jpg\" alt=\"Elektrifizierung | Hitachi SCX1000\" class=\"wp-image-1710\" srcset=\"https:\/\/vdhmachinery.com\/wp-content\/uploads\/2025\/10\/IMG_1522-scaled-1-1024x768.jpg 1024w, https:\/\/vdhmachinery.com\/wp-content\/uploads\/2025\/10\/IMG_1522-scaled-1-300x225.jpg 300w, https:\/\/vdhmachinery.com\/wp-content\/uploads\/2025\/10\/IMG_1522-scaled-1-768x576.jpg 768w, https:\/\/vdhmachinery.com\/wp-content\/uploads\/2025\/10\/IMG_1522-scaled-1-1536x1152.jpg 1536w, https:\/\/vdhmachinery.com\/wp-content\/uploads\/2025\/10\/IMG_1522-scaled-1.jpg 2048w\" sizes=\"auto, (max-width: 1024px) 100vw, 1024px\" \/><figcaption class=\"wp-element-caption\">Elektrifizierung | Hitachi SCX1000<\/figcaption><\/figure>\n\n\n\n<figure class=\"wp-block-image size-large\"><a href=\"https:\/\/vdhmachinery.com\/de\/projects\/elektrischer-sennebogen-kran-traegt-zum-bau-eines-nachhaltigen-busdepots-bei\/\"><img loading=\"lazy\" decoding=\"async\" width=\"1024\" height=\"768\" data-id=\"1700\" src=\"https:\/\/vdhmachinery.com\/wp-content\/uploads\/2025\/10\/IMG_1624-scaled-1-1024x768.jpg\" alt=\"Elektrifizierung | Sennebogen 653\" class=\"wp-image-1700\" srcset=\"https:\/\/vdhmachinery.com\/wp-content\/uploads\/2025\/10\/IMG_1624-scaled-1-1024x768.jpg 1024w, https:\/\/vdhmachinery.com\/wp-content\/uploads\/2025\/10\/IMG_1624-scaled-1-300x225.jpg 300w, https:\/\/vdhmachinery.com\/wp-content\/uploads\/2025\/10\/IMG_1624-scaled-1-768x576.jpg 768w, https:\/\/vdhmachinery.com\/wp-content\/uploads\/2025\/10\/IMG_1624-scaled-1-1536x1152.jpg 1536w, https:\/\/vdhmachinery.com\/wp-content\/uploads\/2025\/10\/IMG_1624-scaled-1.jpg 2048w\" sizes=\"auto, (max-width: 1024px) 100vw, 1024px\" \/><\/a><figcaption class=\"wp-element-caption\">Elektrifizierung | Sennebogen 653<\/figcaption><\/figure>\n\n\n\n<figure class=\"wp-block-image size-large\"><a href=\"https:\/\/vdhmachinery.com\/de\/projects\/emissionsfreie-bauproduktionshalle-akkus\/\"><img loading=\"lazy\" decoding=\"async\" width=\"1024\" height=\"768\" data-id=\"1709\" src=\"https:\/\/vdhmachinery.com\/wp-content\/uploads\/2025\/10\/IMG_1698-scaled-1-1024x768.jpg\" alt=\"Elektrifizierung | Sennebogen 653\" class=\"wp-image-1709\" srcset=\"https:\/\/vdhmachinery.com\/wp-content\/uploads\/2025\/10\/IMG_1698-scaled-1-1024x768.jpg 1024w, https:\/\/vdhmachinery.com\/wp-content\/uploads\/2025\/10\/IMG_1698-scaled-1-300x225.jpg 300w, https:\/\/vdhmachinery.com\/wp-content\/uploads\/2025\/10\/IMG_1698-scaled-1-768x576.jpg 768w, https:\/\/vdhmachinery.com\/wp-content\/uploads\/2025\/10\/IMG_1698-scaled-1-1536x1152.jpg 1536w, https:\/\/vdhmachinery.com\/wp-content\/uploads\/2025\/10\/IMG_1698-scaled-1.jpg 2048w\" sizes=\"auto, (max-width: 1024px) 100vw, 1024px\" \/><\/a><figcaption class=\"wp-element-caption\">Elektrifizierung | Sennebogen 653<\/figcaption><\/figure>\n\n\n\n<figure class=\"wp-block-image size-large\"><img loading=\"lazy\" decoding=\"async\" width=\"1024\" height=\"768\" data-id=\"1713\" src=\"https:\/\/vdhmachinery.com\/wp-content\/uploads\/2025\/10\/PHOTO-2024-10-09-15-05-46-1024x768.jpg\" alt=\"Elektrifizierung | Sennebogen 650\" class=\"wp-image-1713\" srcset=\"https:\/\/vdhmachinery.com\/wp-content\/uploads\/2025\/10\/PHOTO-2024-10-09-15-05-46-1024x768.jpg 1024w, https:\/\/vdhmachinery.com\/wp-content\/uploads\/2025\/10\/PHOTO-2024-10-09-15-05-46-300x225.jpg 300w, https:\/\/vdhmachinery.com\/wp-content\/uploads\/2025\/10\/PHOTO-2024-10-09-15-05-46-768x576.jpg 768w, https:\/\/vdhmachinery.com\/wp-content\/uploads\/2025\/10\/PHOTO-2024-10-09-15-05-46-1536x1152.jpg 1536w, https:\/\/vdhmachinery.com\/wp-content\/uploads\/2025\/10\/PHOTO-2024-10-09-15-05-46.jpg 2048w\" sizes=\"auto, (max-width: 1024px) 100vw, 1024px\" \/><figcaption class=\"wp-element-caption\">Elektrifizierung | Sennebogen 650<\/figcaption><\/figure>\n\n\n\n<figure class=\"wp-block-image size-large\"><img loading=\"lazy\" decoding=\"async\" width=\"1024\" height=\"678\" data-id=\"1705\" src=\"https:\/\/vdhmachinery.com\/wp-content\/uploads\/2025\/10\/DSC0019-scaled-1-1024x678.jpg\" alt=\"Elektrifizierung | Hitachi CX700\" class=\"wp-image-1705\" srcset=\"https:\/\/vdhmachinery.com\/wp-content\/uploads\/2025\/10\/DSC0019-scaled-1-1024x678.jpg 1024w, https:\/\/vdhmachinery.com\/wp-content\/uploads\/2025\/10\/DSC0019-scaled-1-300x199.jpg 300w, https:\/\/vdhmachinery.com\/wp-content\/uploads\/2025\/10\/DSC0019-scaled-1-768x509.jpg 768w, https:\/\/vdhmachinery.com\/wp-content\/uploads\/2025\/10\/DSC0019-scaled-1-1536x1017.jpg 1536w, https:\/\/vdhmachinery.com\/wp-content\/uploads\/2025\/10\/DSC0019-scaled-1.jpg 2048w\" sizes=\"auto, (max-width: 1024px) 100vw, 1024px\" \/><figcaption class=\"wp-element-caption\">Elektrifizierung | Hitachi CX700<\/figcaption><\/figure>\n<\/figure>\n<\/div>\n\n\n\n<p>Unsere Mission ist klar: Bauen an einer Zukunft, in der das Fundament nicht nur st\u00e4rker und intelligenter, sondern auch sauberer und gr\u00fcner wird.<\/p>\n\n\n\n<h3 class=\"wp-block-heading\">Warum Van den Heuvel w\u00e4hlen?<\/h3>\n\n\n\n<ul class=\"wp-block-list\">\n<li>Mehr als 75 Jahre Erfahrung in der Gr\u00fcndungstechnik<\/li>\n\n\n\n<li>Zirkul\u00e4re und nachhaltige L\u00f6sungen f\u00fcr jedes Projekt<\/li>\n\n\n\n<li>Breites Angebot an emissionsfreien und CO\u2082-armen Materialien<\/li>\n\n\n\n<li>Innovative Technologien f\u00fcr eine nachhaltige Zukunft<\/li>\n\n\n\n<li>Weltweite Erfahrung in komplexen Gr\u00fcndungsprojekten<\/li>\n<\/ul>\n\n\n\n<p><strong>Nachhaltigkeit<\/strong> ist keine Option, sondern eine Notwendigkeit. Mit den L\u00f6sungen von <strong>Van den Heuvel<\/strong> entscheiden Sie sich f\u00fcr eine Technik, die nicht nur heute leistet, sondern auch zu einer lebenswerten Welt von morgen beitr\u00e4gt. <\/p>\n\n","protected":false},"excerpt":{"rendered":"","protected":false},"author":2,"featured_media":1390,"parent":0,"menu_order":0,"comment_status":"closed","ping_status":"closed","template":"","meta":{"vdh-section-opener":"<!-- wp:paragraph -->\n<p>Bei\u00a0<strong>Van den Heuvel<\/strong> steht\u00a0<strong>Nachhaltigkeit<\/strong> im Mittelpunkt unseres Handelns. Von zirkul\u00e4rem Design und emissionsfreien Materialien bis hin zu CO\u2082-Reduktion und innovativen Techniken: Wir tragen zum Aufbau eines zukunftsf\u00e4higen Fundamentsektors bei, der f\u00fcr die Welt von morgen bereit ist. <\/p>\n<!-- \/wp:paragraph -->","vdh-section-content":"<!-- wp:paragraph -->\n<p><\/p>\n<!-- \/wp:paragraph -->","vdh-section-sidebar":"<!-- wp:media-text {\"mediaId\":1986,\"mediaLink\":\"https:\/\/vdhmachinery.com\/duurzaamheid\/sage-v\/\",\"mediaType\":\"image\",\"mediaWidth\":33,\"verticalAlignment\":\"center\"} -->\n<div class=\"wp-block-media-text is-stacked-on-mobile is-vertically-aligned-center\" style=\"grid-template-columns:33% auto\"><figure class=\"wp-block-media-text__media\"><img src=\"https:\/\/vdhmachinery.com\/wp-content\/uploads\/2025\/10\/sage-v.png\" alt=\"\" class=\"wp-image-1986 size-full\"><\/figure><div class=\"wp-block-media-text__content\"><!-- wp:paragraph {\"placeholder\":\"Inhoud...\"} -->\n<p><strong>Stage V<\/strong><br>Auch f\u00fcr HVO geeignet<\/p>\n<!-- \/wp:paragraph --><\/div><\/div>\n<!-- \/wp:media-text -->\n\n<!-- wp:media-text {\"mediaId\":2001,\"mediaLink\":\"https:\/\/vdhmachinery.com\/duurzaamheid\/bi-fuel\/\",\"mediaType\":\"image\",\"mediaWidth\":33} -->\n<div class=\"wp-block-media-text is-stacked-on-mobile\" style=\"grid-template-columns:33% auto\"><figure class=\"wp-block-media-text__media\"><img src=\"https:\/\/vdhmachinery.com\/wp-content\/uploads\/2025\/10\/bi-fuel.png\" alt=\"\" class=\"wp-image-2001 size-full\"><\/figure><div class=\"wp-block-media-text__content\"><!-- wp:paragraph {\"placeholder\":\"Inhoud...\"} -->\n<p><strong>Bi-Fuel<\/strong><br>Mit Verwendung von fossilfreiem Kraftstoff und Wasserstoff<\/p>\n<!-- \/wp:paragraph --><\/div><\/div>\n<!-- \/wp:media-text -->\n\n<!-- wp:media-text {\"mediaId\":2004,\"mediaLink\":\"https:\/\/vdhmachinery.com\/duurzaamheid\/electric\/\",\"mediaType\":\"image\",\"mediaWidth\":33} -->\n<div class=\"wp-block-media-text is-stacked-on-mobile\" style=\"grid-template-columns:33% auto\"><figure class=\"wp-block-media-text__media\"><img src=\"https:\/\/vdhmachinery.com\/wp-content\/uploads\/2025\/10\/electric.png\" alt=\"\" class=\"wp-image-2004 size-full\"><\/figure><div class=\"wp-block-media-text__content\"><!-- wp:paragraph {\"placeholder\":\"Inhoud...\"} -->\n<p><strong><strong>Elektrifizierung<\/strong><\/strong><br>Mit Range Extender (Hybrid)<\/p>\n<!-- \/wp:paragraph --><\/div><\/div>\n<!-- \/wp:media-text -->\n\n<!-- wp:media-text {\"mediaId\":2004,\"mediaLink\":\"https:\/\/vdhmachinery.com\/duurzaamheid\/electric\/\",\"mediaType\":\"image\",\"mediaWidth\":33} -->\n<div class=\"wp-block-media-text is-stacked-on-mobile\" style=\"grid-template-columns:33% auto\"><figure class=\"wp-block-media-text__media\"><img src=\"https:\/\/vdhmachinery.com\/wp-content\/uploads\/2025\/10\/electric.png\" alt=\"\" class=\"wp-image-2004 size-full\"><\/figure><div class=\"wp-block-media-text__content\"><!-- wp:paragraph {\"placeholder\":\"Inhoud...\"} -->\n<p><strong><strong>Elektrifizierung<\/strong><\/strong><br>Mit oder ohne Akkupack<\/p>\n<!-- \/wp:paragraph --><\/div><\/div>\n<!-- \/wp:media-text -->\n\n<!-- wp:media-text {\"mediaId\":2008,\"mediaLink\":\"https:\/\/vdhmachinery.com\/duurzaamheid\/waterstof\/\",\"mediaType\":\"image\",\"mediaWidth\":33} -->\n<div class=\"wp-block-media-text is-stacked-on-mobile\" style=\"grid-template-columns:33% auto\"><figure class=\"wp-block-media-text__media\"><img src=\"https:\/\/vdhmachinery.com\/wp-content\/uploads\/2025\/10\/waterstof.png\" alt=\"\" class=\"wp-image-2008 size-full\"><\/figure><div class=\"wp-block-media-text__content\"><!-- wp:paragraph {\"placeholder\":\"Inhoud...\"} -->\n<p><strong>Wasserstoff<\/strong><br>Als Energietr\u00e4ger f\u00fcr die Elektrifizierung<\/p>\n<!-- \/wp:paragraph --><\/div><\/div>\n<!-- \/wp:media-text -->","vdh-section-extra-information":"<!-- wp:paragraph -->\n<p\/>\n<!-- \/wp:paragraph -->","vdh-section-pre-footer-left":"<!-- wp:paragraph -->\n<p\/>\n<!-- \/wp:paragraph -->","vdh-section-pre-footer-right":"<!-- wp:columns -->\n<div class=\"wp-block-columns\"\/>\n<!-- \/wp:columns -->","downloadable_documents":[1414,1420,1417,1408,2079,1423],"footnotes":""},"class_list":["post-3098","page","type-page","status-publish","has-post-thumbnail","hentry"],"_links":{"self":[{"href":"https:\/\/vdhmachinery.com\/de\/wp-json\/wp\/v2\/pages\/3098","targetHints":{"allow":["GET"]}}],"collection":[{"href":"https:\/\/vdhmachinery.com\/de\/wp-json\/wp\/v2\/pages"}],"about":[{"href":"https:\/\/vdhmachinery.com\/de\/wp-json\/wp\/v2\/types\/page"}],"author":[{"embeddable":true,"href":"https:\/\/vdhmachinery.com\/de\/wp-json\/wp\/v2\/users\/2"}],"replies":[{"embeddable":true,"href":"https:\/\/vdhmachinery.com\/de\/wp-json\/wp\/v2\/comments?post=3098"}],"version-history":[{"count":8,"href":"https:\/\/vdhmachinery.com\/de\/wp-json\/wp\/v2\/pages\/3098\/revisions"}],"predecessor-version":[{"id":4071,"href":"https:\/\/vdhmachinery.com\/de\/wp-json\/wp\/v2\/pages\/3098\/revisions\/4071"}],"wp:featuredmedia":[{"embeddable":true,"href":"https:\/\/vdhmachinery.com\/de\/wp-json\/wp\/v2\/media\/1390"}],"wp:attachment":[{"href":"https:\/\/vdhmachinery.com\/de\/wp-json\/wp\/v2\/media?parent=3098"}],"curies":[{"name":"wp","href":"https:\/\/api.w.org\/{rel}","templated":true}]}}