{"id":3103,"date":"2025-09-30T07:53:03","date_gmt":"2025-09-30T07:53:03","guid":{"rendered":"https:\/\/vdhmachinery.com\/datenschutzerklaerung\/"},"modified":"2026-02-03T07:26:24","modified_gmt":"2026-02-03T07:26:24","slug":"datenschutzerklaerung","status":"publish","type":"page","link":"https:\/\/vdhmachinery.com\/de\/datenschutzerklaerung\/","title":{"rendered":"Datenschutzerkl\u00e4rung"},"content":{"rendered":"\n\n<p><strong>Datenschutzerkl\u00e4rung Kunden- und Lieferantenverwaltung<\/strong><\/p>\n\n\n\n<h2 class=\"wp-block-heading\">Erhebung und Nutzung von personenbezogenen Daten von Kunden, Lieferanten und anderen Auftragnehmern<\/h2>\n\n\n\n<p>Wir m\u00f6chten Sie darauf aufmerksam machen, dass wir die personenbezogenen Daten, die Sie uns zur Verf\u00fcgung stellen, erheben und nutzen werden, da dies f\u00fcr den Abschluss und die Durchf\u00fchrung eines eventuellen Vertrags mit Ihnen erforderlich ist. Dies gilt sowohl f\u00fcr unsere (potenziellen) Kunden als auch f\u00fcr Parteien, von denen wir Waren und\/oder Dienstleistungen beziehen. <\/p>\n\n\n\n<p>Wenn Sie ein (potenzieller) Kunde von uns sind, verwenden wir Ihre Daten, um Ihnen ein Angebot zusenden zu k\u00f6nnen, um festzustellen, welche Spezifikationen oder W\u00fcnsche eine bestimmte Sache oder Dienstleistung erf\u00fcllen muss, um Sachen liefern oder Arbeiten f\u00fcr Sie ausf\u00fchren zu k\u00f6nnen, um Ihnen Rechnungen stellen zu k\u00f6nnen und um mit Ihnen reibungslos und effizient \u00fcber die Ausf\u00fchrungsaspekte des Vertrags kommunizieren zu k\u00f6nnen.<\/p>\n\n\n\n<p>Wenn Sie ein (potenzieller) Lieferant oder ein anderer Auftragnehmer sind, sind Ihre personenbezogenen Daten ebenfalls f\u00fcr den Abschluss und die Durchf\u00fchrung des Vertrags erforderlich. Beim Einkauf ist dies erforderlich, um Ihnen mitteilen zu k\u00f6nnen, welche Spezifikationen oder W\u00fcnsche eine bestimmte Sache oder Dienstleistung unserer Ansicht nach erf\u00fcllen muss, um eine Angebotsanfrage zusenden oder eine Bestellung bei Ihnen aufgeben zu k\u00f6nnen, um Ihre Rechnungen bezahlen zu k\u00f6nnen und um reibungslos und effizient mit Ihnen \u00fcber andere Aspekte des Vertrags kommunizieren zu k\u00f6nnen. <\/p>\n\n\n\n<p>Sie sind nicht verpflichtet, uns Ihre personenbezogenen Daten zur Verf\u00fcgung zu stellen. Wenn Sie uns keine oder unzureichende personenbezogene Daten zur Verf\u00fcgung stellen, ist es jedoch m\u00f6glich, dass wir die vorgenannten Arbeiten nicht ausf\u00fchren k\u00f6nnen. <\/p>\n\n\n\n<h2 class=\"wp-block-heading\">Weitergabe an Dritte<\/h2>\n\n\n\n<p>Im Zusammenhang mit der Durchf\u00fchrung eines eventuellen Vertrags mit Ihnen ist es m\u00f6glich, dass wir Ihre personenbezogenen Daten an Parteien weitergeben m\u00fcssen, die uns Teile, Materialien und Produkte zuliefern oder in unserem Auftrag Arbeiten ausf\u00fchren. Dar\u00fcber hinaus nutzen wir externen Serverraum f\u00fcr die Speicherung von (Teilen) unserer Verkaufs- und Einkaufsadministration, wo Ihre personenbezogenen Daten ein Bestandteil davon sind. Ihre personenbezogenen Daten werden aus diesem Grund an unseren Provider von Serverraum weitergegeben. Weiterhin nutzen wir Microsoft Office und die dazugeh\u00f6rigen Speicherm\u00f6glichkeiten f\u00fcr E-Mails und andere Dateien.   <\/p>\n\n\n\n<h2 class=\"wp-block-heading\">Direktmarketing<\/h2>\n\n\n\n<p>Wenn Sie regelm\u00e4\u00dfig bei uns bestellen, werden wir die von Ihnen angegebenen personenbezogenen Daten speichern und verwenden, um Sie zuk\u00fcnftig pers\u00f6nlich per E-Mail \u00fcber unsere bestehenden und neuen Produkte und Dienstleistungen zu informieren und Ihnen gegebenenfalls ein Angebot zu unterbreiten. Wir haben bei der Nutzung Ihrer personenbezogenen Daten f\u00fcr diesen Zweck ein berechtigtes Interesse, n\u00e4mlich die Vermarktung unserer Produkte und Dienstleistungen. Jedes Mal, wenn wir Ihnen eine Werbe-E-Mail senden, haben Sie die M\u00f6glichkeit, uns mitzuteilen, dass Sie dies nicht mehr w\u00fcnschen. Siehe hierzu den Abmeldelink am Ende jeder E-Mail. Wenn Sie ein einmaliger Kunde bei uns sind, werden wir Ihnen nur dann Werbebotschaften zusenden, wenn Sie uns vorher Ihre Zustimmung dazu gegeben haben.    <\/p>\n\n\n\n<h2 class=\"wp-block-heading\">Aufbewahrungsdauer personenbezogener Daten<\/h2>\n\n\n\n<p>Wenn Sie ein Angebot bei uns angefordert haben, aber kein Kunde bei uns geworden sind, werden wir Ihre Daten sp\u00e4testens ein Jahr nach unserem letzten Kontakt l\u00f6schen. Auch wenn wir ein Angebot von Ihnen erhalten haben, aber wir kein Kunde von Ihnen geworden sind, werden Ihre personenbezogenen Daten sp\u00e4testens ein Jahr nach unserem letzten Kontakt gel\u00f6scht. Wenn Sie jedoch Kunde bei uns geworden sind oder wir bei Ihnen, werden wir Ihre personenbezogenen Daten f\u00fcr die Dauer von sieben Jahren nach dem Ende des Gesch\u00e4ftsjahres aufbewahren, in dem der Vertrag mit Ihnen vollst\u00e4ndig ausgef\u00fchrt wurde. Der Zeitraum von sieben Jahren entspricht dem Zeitraum, innerhalb dessen wir verpflichtet sind, unsere Unterlagen f\u00fcr das Finanzamt aufzubewahren. Nach Ablauf dieser Frist werden wir Ihre personenbezogenen Daten l\u00f6schen.    <\/p>\n\n\n\n<h2 class=\"wp-block-heading\">Ihre Rechte<\/h2>\n\n\n\n<p>Sie haben das Recht, uns zu bitten, Ihre eigenen personenbezogenen Daten einsehen zu d\u00fcrfen. Wenn dazu Anlass besteht, k\u00f6nnen Sie uns auch bitten, Ihre personenbezogenen Daten zu erg\u00e4nzen oder Ungenauigkeiten zu \u00e4ndern. Dar\u00fcber hinaus haben Sie das Recht, die L\u00f6schung Ihrer personenbezogenen Daten oder die Einschr\u00e4nkung der Nutzung Ihrer personenbezogenen Daten zu verlangen. Sie k\u00f6nnen bei uns auch Widerspruch gegen die Erhebung und Nutzung Ihrer Daten einlegen oder eine Beschwerde bei der Datenschutzbeh\u00f6rde einreichen. Schlie\u00dflich k\u00f6nnen Sie uns um die Herausgabe Ihrer personenbezogenen Daten oder die \u00dcbertragung dieser Daten an einen anderen bitten. Um Ihre Rechte aus\u00fcben zu k\u00f6nnen, k\u00f6nnen Sie sich wenden an: Maurice Duijzer, Hulsenboschstraat 2, 4251 LR Werkendam, 0183-502655, m.duijzer@vdhmachinery.com. Auch bei Fragen oder f\u00fcr weitere Informationen \u00fcber die Erhebung und Nutzung Ihrer personenbezogenen Daten k\u00f6nnen Sie selbstverst\u00e4ndlich Kontakt mit uns aufnehmen.      <\/p>\n\n\n\n<p><em>17. Februar 2020<\/em><\/p>\n\n","protected":false},"excerpt":{"rendered":"","protected":false},"author":2,"featured_media":0,"parent":0,"menu_order":0,"comment_status":"closed","ping_status":"closed","template":"","meta":{"vdh-section-opener":"<!-- wp:paragraph -->\n<p\/>\n<!-- \/wp:paragraph -->","vdh-section-content":"<!-- wp:paragraph -->\n<p><\/p>\n<!-- \/wp:paragraph -->","vdh-section-sidebar":"<!-- wp:paragraph -->\n<p\/>\n<!-- \/wp:paragraph -->","vdh-section-extra-information":"<!-- wp:paragraph -->\n<p\/>\n<!-- \/wp:paragraph -->","vdh-section-pre-footer-left":"<!-- wp:paragraph -->\n<p\/>\n<!-- \/wp:paragraph -->","vdh-section-pre-footer-right":"<!-- wp:paragraph -->\n<p\/>\n<!-- \/wp:paragraph -->","downloadable_documents":[],"footnotes":""},"class_list":["post-3103","page","type-page","status-publish","hentry"],"_links":{"self":[{"href":"https:\/\/vdhmachinery.com\/de\/wp-json\/wp\/v2\/pages\/3103","targetHints":{"allow":["GET"]}}],"collection":[{"href":"https:\/\/vdhmachinery.com\/de\/wp-json\/wp\/v2\/pages"}],"about":[{"href":"https:\/\/vdhmachinery.com\/de\/wp-json\/wp\/v2\/types\/page"}],"author":[{"embeddable":true,"href":"https:\/\/vdhmachinery.com\/de\/wp-json\/wp\/v2\/users\/2"}],"replies":[{"embeddable":true,"href":"https:\/\/vdhmachinery.com\/de\/wp-json\/wp\/v2\/comments?post=3103"}],"version-history":[{"count":1,"href":"https:\/\/vdhmachinery.com\/de\/wp-json\/wp\/v2\/pages\/3103\/revisions"}],"predecessor-version":[{"id":3104,"href":"https:\/\/vdhmachinery.com\/de\/wp-json\/wp\/v2\/pages\/3103\/revisions\/3104"}],"wp:attachment":[{"href":"https:\/\/vdhmachinery.com\/de\/wp-json\/wp\/v2\/media?parent=3103"}],"curies":[{"name":"wp","href":"https:\/\/api.w.org\/{rel}","templated":true}]}}