{"id":3107,"date":"2025-09-30T07:53:54","date_gmt":"2025-09-30T07:53:54","guid":{"rendered":"https:\/\/vdhmachinery.com\/cookie-richtlinie\/"},"modified":"2026-02-03T08:10:58","modified_gmt":"2026-02-03T08:10:58","slug":"cookie-richtlinie","status":"publish","type":"page","link":"https:\/\/vdhmachinery.com\/de\/cookie-richtlinie\/","title":{"rendered":"Cookie-Richtlinie"},"content":{"rendered":"\n\n<p>Diese Website verwendet Cookies. Wir verwenden Cookies, um Inhalte und Anzeigen zu personalisieren, Funktionen f\u00fcr soziale Medien anzubieten und unseren Website-Traffic zu analysieren. Au\u00dferdem geben wir Informationen \u00fcber Ihre Nutzung unserer Website an unsere Partner f\u00fcr soziale Medien, Werbung und Analysen weiter. Diese Partner k\u00f6nnen diese Daten mit anderen Informationen kombinieren, die Sie ihnen zur Verf\u00fcgung gestellt haben oder die sie auf der Grundlage Ihrer Nutzung ihrer Dienste gesammelt haben. Sie erkl\u00e4ren sich mit unseren Cookies einverstanden, wenn Sie unsere Website weiterhin nutzen.    <\/p>\n\n\n\n<p>Cookies sind kleine Textdateien, die von Websites verwendet werden k\u00f6nnen, um die Benutzerfreundlichkeit effizienter zu gestalten.<br\/><br\/>Laut Gesetz d\u00fcrfen wir Cookies auf Ihrem Ger\u00e4t speichern, wenn sie f\u00fcr die Nutzung der Website unbedingt erforderlich sind. F\u00fcr alle anderen Arten von Cookies ben\u00f6tigen wir Ihre Zustimmung. <br\/><br\/>Diese Website verwendet verschiedene Arten von Cookies. Einige Cookies werden von Diensten Dritter platziert, die auf unseren Seiten angezeigt werden. <br\/><br\/>\u00dcber die Cookie-Erkl\u00e4rung auf unserer Website k\u00f6nnen Sie Ihre Einwilligung jederzeit \u00e4ndern oder widerrufen.<br\/><br\/>In unserer Datenschutzerkl\u00e4rung finden Sie weitere Informationen dar\u00fcber, wer wir sind, wie Sie Kontakt mit uns aufnehmen k\u00f6nnen und wie wir personenbezogene Daten verarbeiten.<\/p>\n\n\n\n<p>Ihre Einwilligung gilt f\u00fcr die folgenden Domains: vdheuvelwerkendam.nl<\/p>\n\n\n\n<p>Ihr aktueller Status: Alle zulassen.  <\/p>\n\n\n\n<p id=\"CookieDeclarationConsentIdAndDate\">Ihre Einwilligungs-ID: GGaZQiul0zyDD\/wwJUUl6ke9qe6lQkYkE8C9GZ3BFPliHDLzhOssGA==Datum der Einwilligung: Freitag, 26. September 2025, 13:48:41 CEST<\/p>\n\n\n\n<p><a href=\"https:\/\/vdhmachinery.com\/de\/cookie-richtlinie-aendern\/\">\u00c4ndern Sie Ihre Einwilligung<\/a> | <a href=\"https:\/\/vdhmachinery.com\/de\/cookie-richtlinie-aendern\/\" data-type=\"link\" data-id=\"https:\/\/vdhmachinery.com\/cookiebeleid-wijzigen\/\">Einwilligung widerrufen<\/a><\/p>\n\n\n\n<p>Die Cookie-Erkl\u00e4rung wurde zuletzt am 13.09.2025 von <a href=\"https:\/\/www.cookiebot.com\/\" target=\"_blank\" rel=\"noreferrer noopener\">Cookiebot<\/a> aktualisiert:  <\/p>\n\n\n\n<p>Notwendig (7)  <\/p>\n\n\n\n<p>Notwendige Cookies helfen dabei, eine Website nutzbarer zu machen, indem sie grundlegende Funktionen wie die Seitennavigation und den Zugriff auf sichere Bereiche der Website erm\u00f6glichen. Ohne diese Cookies kann die Website nicht ordnungsgem\u00e4\u00df funktionieren. <\/p>\n\n\n\n<figure class=\"wp-block-table\"><table class=\"has-fixed-layout\"><thead><tr><th>Name<\/th><th>Anbieter<\/th><th>Zweck<\/th><th>Maximale Speicherdauer<\/th><th>Typ<\/th><\/tr><\/thead><tbody><tr><td>1.gif<\/td><td><a target=\"_blank\" rel=\"noreferrer noopener\" href=\"https:\/\/www.cookiebot.com\/goto\/privacy-policy\/\">Cookiebot<\/a><\/td><td>Wird verwendet, um die Anzahl der Sitzungen auf der Website zu z\u00e4hlen, was notwendig ist, um die Bereitstellung von CMP-Produkten zu optimieren. <\/td><td>Sitzung<\/td><td>Pixel-Tracker<\/td><\/tr><tr><td>bcookie<\/td><td><a target=\"_blank\" rel=\"noreferrer noopener\" href=\"https:\/\/www.linkedin.com\/legal\/privacy-policy\">LinkedIn<\/a><\/td><td>Wird verwendet, um Spam zu erkennen und die Sicherheit der Website zu verbessern. <\/td><td>1 Jahr<\/td><td>HTTP-Cookie<\/td><\/tr><tr><td>CookieConsent<\/td><td><a target=\"_blank\" rel=\"noreferrer noopener\" href=\"https:\/\/www.cookiebot.com\/goto\/privacy-policy\/\">Cookiebot<\/a><\/td><td>Speichert den Cookie-Status des Benutzers f\u00fcr die aktuelle Domain<\/td><td>1 Jahr<\/td><td>HTTP-Cookie<\/td><\/tr><tr><td>li_gc<\/td><td><a target=\"_blank\" rel=\"noreferrer noopener\" href=\"https:\/\/www.linkedin.com\/legal\/privacy-policy\">LinkedIn<\/a><\/td><td>Speichert den Cookie-Status des Benutzers f\u00fcr die aktuelle Domain<\/td><td>180 Tage<\/td><td>HTTP-Cookie<\/td><\/tr><tr><td>PHPSESSID<\/td><td>vdheuvelwerkendam.nl<\/td><td>Verfolgt den Status der Benutzersitzung f\u00fcr alle Seitenanfragen.<\/td><td>Sitzung<\/td><td>HTTP-Cookie<\/td><\/tr><tr><td>test_cookie<\/td><td><a target=\"_blank\" rel=\"noreferrer noopener\" href=\"https:\/\/business.safety.google\/privacy\/\">Google<\/a><\/td><td>Wird verwendet, um zu \u00fcberpr\u00fcfen, ob der Browser des Benutzers Cookies unterst\u00fctzt.<\/td><td>1 Tag<\/td><td>HTTP-Cookie<\/td><\/tr><tr><td>wpEmojiSettingsSupports<\/td><td>vdheuvelwerkendam.nl<\/td><td>Dieser Cookie ist mit einem Cookie-Paket verkn\u00fcpft, das zum Abrufen und Anzeigen von Inhalten dient. Die Cookies behalten den richtigen Status von Schriftart, Blog, Fotoslides, Farbthemen und anderen Website-Einstellungen. <\/td><td>Sitzung<\/td><td>Lokaler HTML-Speicher<\/td><\/tr><\/tbody><\/table><\/figure>\n\n\n\n<p>Pr\u00e4ferenzen (1)  <\/p>\n\n\n\n<p>Pr\u00e4ferenz-Cookies sorgen daf\u00fcr, dass eine Website Informationen speichern kann, die das Verhalten und die Gestaltung der Website beeinflussen, wie z. B. Ihre bevorzugte Sprache oder die Region, in der Sie wohnen.<\/p>\n\n\n\n<figure class=\"wp-block-table\"><table class=\"has-fixed-layout\"><thead><tr><th>Name<\/th><th>Anbieter<\/th><th>Zweck<\/th><th>Maximale Speicherdauer<\/th><th>Typ<\/th><\/tr><\/thead><tbody><tr><td>lidc<\/td><td><a target=\"_blank\" rel=\"noreferrer noopener\" href=\"https:\/\/www.linkedin.com\/legal\/privacy-policy\">LinkedIn<\/a><\/td><td>Registriert, welcher Servercluster den Besucher bedient. Dies wird in Verbindung mit der Traffic-Verteilung verwendet, um die Benutzererfahrung zu optimieren. <\/td><td>1 Tag<\/td><td>HTTP-Cookie<\/td><\/tr><\/tbody><\/table><\/figure>\n\n\n\n<p>Statistiken (5)  <\/p>\n\n\n\n<p>Statistik-Cookies helfen Website-Betreibern zu verstehen, wie Besucher ihre Website nutzen, indem sie anonym Daten sammeln und melden.<\/p>\n\n\n\n<figure class=\"wp-block-table\"><table class=\"has-fixed-layout\"><thead><tr><th>Name<\/th><th>Anbieter<\/th><th>Zweck<\/th><th>Maximale Speicherdauer<\/th><th>Typ<\/th><\/tr><\/thead><tbody><tr><td>_hjCookieTest<\/td><td><a target=\"_blank\" rel=\"noreferrer noopener\" href=\"https:\/\/www.hotjar.com\/legal\/policies\/privacy\/\">Hotjar<\/a><\/td><td>Sammelt Daten \u00fcber die Navigation und das Verhalten des Besuchers auf der Website &#8211; Dies wird verwendet, um statistische Berichte und Heatmaps f\u00fcr den Website-Eigent\u00fcmer zu erstellen.<\/td><td>Sitzung<\/td><td>HTTP-Cookie<\/td><\/tr><tr><td>_hjSession_#<\/td><td><a target=\"_blank\" rel=\"noreferrer noopener\" href=\"https:\/\/www.hotjar.com\/legal\/policies\/privacy\/\">Hotjar<\/a><\/td><td>Sammelt Statistiken \u00fcber die Besuche des Nutzers auf der Website, wie z. B. die Anzahl der Besuche, die durchschnittliche Zeit, die auf der Website verbracht wurde, und welche Seiten gelesen wurden.<\/td><td>1 Tag<\/td><td>HTTP-Cookie<\/td><\/tr><tr><td>_hjSessionUser_#<\/td><td><a target=\"_blank\" rel=\"noreferrer noopener\" href=\"https:\/\/www.hotjar.com\/legal\/policies\/privacy\/\">Hotjar<\/a><\/td><td>Sammelt Statistiken \u00fcber die Besuche des Nutzers auf der Website, wie z. B. die Anzahl der Besuche, die durchschnittliche Zeit, die auf der Website verbracht wurde, und welche Seiten gelesen wurden.<\/td><td>1 Jahr<\/td><td>HTTP-Cookie<\/td><\/tr><tr><td>snowplowOutQueue_#_post2<\/td><td><a target=\"_blank\" rel=\"noreferrer noopener\" href=\"https:\/\/www.leadinfo.com\/en\/privacy\/\">Leadinfo<\/a><\/td><td>Registriert statistische Daten \u00fcber das Verhalten der Besucher auf der Website. Wird f\u00fcr interne Analysen durch den Betreiber der Website verwendet. <\/td><td>Permanent  <\/td><td>Lokaler HTML-Speicher<\/td><\/tr><tr><td>snowplowOutQueue_#_post2.expires<\/td><td><a target=\"_blank\" rel=\"noreferrer noopener\" href=\"https:\/\/www.leadinfo.com\/en\/privacy\/\">Leadinfo<\/a><\/td><td>Registriert statistische Daten \u00fcber das Verhalten der Besucher auf der Website. Wird f\u00fcr interne Analysen durch den Betreiber der Website verwendet. <\/td><td>Permanent  <\/td><td>Lokaler HTML-Speicher<\/td><\/tr><\/tbody><\/table><\/figure>\n\n\n\n<p>Marketing (11)  <\/p>\n\n\n\n<p>Marketing-Cookies werden verwendet, um Besucher zu verfolgen, wenn sie verschiedene Websites besuchen. Ihr Ziel ist es, Anzeigen anzuzeigen, die auf den einzelnen Benutzer zugeschnitten und relevant sind. Diese Anzeigen werden so wertvoller f\u00fcr Publisher und externe Werbetreibende.  <\/p>\n\n\n\n<figure class=\"wp-block-table\"><table class=\"has-fixed-layout\"><thead><tr><th>Name<\/th><th>Anbieter<\/th><th>Zweck<\/th><th>Maximale Speicherdauer<\/th><th>Typ<\/th><\/tr><\/thead><tbody><tr><td>_ga<\/td><td><a target=\"_blank\" rel=\"noreferrer noopener\" href=\"https:\/\/business.safety.google\/privacy\/\">Google<\/a><\/td><td>Wird verwendet, um Daten an Google Analytics \u00fcber das Ger\u00e4t und das Verhalten des Besuchers zu senden. Verfolgt den Besucher auf verschiedenen Ger\u00e4ten und Marketingkan\u00e4len. <\/td><td>25 Monate<\/td><td>HTTP-Cookie<\/td><\/tr><tr><td>_ga_#<\/td><td><a target=\"_blank\" rel=\"noreferrer noopener\" href=\"https:\/\/business.safety.google\/privacy\/\">Google<\/a><\/td><td>Wird verwendet, um Daten an Google Analytics \u00fcber das Ger\u00e4t und das Verhalten des Besuchers zu senden. Verfolgt den Besucher auf verschiedenen Ger\u00e4ten und Marketingkan\u00e4len. <\/td><td>25 Monate<\/td><td>HTTP-Cookie<\/td><\/tr><tr><td>_gcl_au<\/td><td><a target=\"_blank\" rel=\"noreferrer noopener\" href=\"https:\/\/business.safety.google\/privacy\/\">Google<\/a><\/td><td>Wird von Google AdSense verwendet, um mit der Effizienz von Anzeigen auf Websites zu experimentieren, die ihre Dienste nutzen.<\/td><td>3 Monate<\/td><td>HTTP-Cookie<\/td><\/tr><tr><td>_gcl_ls<\/td><td><a target=\"_blank\" rel=\"noreferrer noopener\" href=\"https:\/\/business.safety.google\/privacy\/\">Google<\/a><\/td><td>Verfolgt die Conversion-Rate zwischen dem Nutzer und den Werbebannern auf der Website &#8211; Dies dient dazu, die Relevanz der Anzeigen auf der Website zu optimieren.<\/td><td>Permanent  <\/td><td>Lokaler HTML-Speicher<\/td><\/tr><tr><td>_li_id.#<\/td><td><a target=\"_blank\" rel=\"noreferrer noopener\" href=\"https:\/\/www.leadinfo.com\/en\/privacy\/\">Leadinfo<\/a><\/td><td>Verfolgt die einzelnen Sitzungen auf den Websites, wodurch die Website statistische Daten von mehreren Besuchen sammeln kann &#8211; Diese Daten k\u00f6nnen auch verwendet werden, um Leads f\u00fcr Marketingzwecke zu generieren.<\/td><td>Permanent  <\/td><td>Lokaler HTML-Speicher<\/td><\/tr><tr><td>_li_id.#.expires<\/td><td><a target=\"_blank\" rel=\"noreferrer noopener\" href=\"https:\/\/www.leadinfo.com\/en\/privacy\/\">Leadinfo<\/a><\/td><td>Verfolgt die einzelnen Sitzungen auf den Websites, wodurch die Website statistische Daten von mehreren Besuchen sammeln kann &#8211; Diese Daten k\u00f6nnen auch verwendet werden, um Leads f\u00fcr Marketingzwecke zu generieren.<\/td><td>Permanent  <\/td><td>Lokaler HTML-Speicher<\/td><\/tr><tr><td>_li_ses.#<\/td><td><a target=\"_blank\" rel=\"noreferrer noopener\" href=\"https:\/\/www.leadinfo.com\/en\/privacy\/\">Leadinfo<\/a><\/td><td>Verfolgt die einzelnen Sitzungen auf den Websites, wodurch die Website statistische Daten von mehreren Besuchen sammeln kann &#8211; Diese Daten k\u00f6nnen auch verwendet werden, um Leads f\u00fcr Marketingzwecke zu generieren.<\/td><td>Permanent  <\/td><td>Lokaler HTML-Speicher<\/td><\/tr><tr><td>_li_ses.#.expires<\/td><td><a target=\"_blank\" rel=\"noreferrer noopener\" href=\"https:\/\/www.leadinfo.com\/en\/privacy\/\">Leadinfo<\/a><\/td><td>Verfolgt die einzelnen Sitzungen auf den Websites, wodurch die Website statistische Daten von mehreren Besuchen sammeln kann &#8211; Diese Daten k\u00f6nnen auch verwendet werden, um Leads f\u00fcr Marketingzwecke zu generieren.<\/td><td>Permanent  <\/td><td>Lokaler HTML-Speicher<\/td><\/tr><tr><td>IDE<\/td><td><a target=\"_blank\" rel=\"noreferrer noopener\" href=\"https:\/\/business.safety.google\/privacy\/\">Google<\/a><\/td><td>Wird von Google DoubleClick verwendet, um die Aktionen des Website-Nutzers zu registrieren und zu melden, nachdem er eine der Anzeigen des Werbetreibenden angesehen oder darauf geklickt hat, mit dem Ziel, die Wirksamkeit einer Anzeige zu messen und dem Nutzer gezielte Anzeigen zu pr\u00e4sentieren.<\/td><td>400 Tage<\/td><td>HTTP-Cookie<\/td><\/tr><tr><td>pagead\/1p-conversion\/#\/<\/td><td><a target=\"_blank\" rel=\"noreferrer noopener\" href=\"https:\/\/business.safety.google\/privacy\/\">Google<\/a><\/td><td>Verfolgt die Conversion-Rate zwischen dem Nutzer und den Werbebannern auf der Website &#8211; Dies dient dazu, die Relevanz der Anzeigen auf der Website zu optimieren.<\/td><td>Sitzung<\/td><td>Pixel-Tracker<\/td><\/tr><tr><td>pagead\/1p-user-list\/#<\/td><td><a target=\"_blank\" rel=\"noreferrer noopener\" href=\"https:\/\/business.safety.google\/privacy\/\">Google<\/a><\/td><td>Wird verwendet, um zu verfolgen, ob der Besucher Interesse an bestimmten Produkten oder Veranstaltungen auf mehreren Websites gezeigt hat, und erkennt, wie der Besucher zwischen Websites navigiert &#8211; Dies wird f\u00fcr die Messung von Werbema\u00dfnahmen verwendet und erleichtert die Zahlung von Vermittlungsgeb\u00fchren zwischen Websites.<\/td><td>Sitzung<\/td><td>Pixel-Tracker<\/td><\/tr><\/tbody><\/table><\/figure>\n\n","protected":false},"excerpt":{"rendered":"","protected":false},"author":2,"featured_media":0,"parent":0,"menu_order":0,"comment_status":"closed","ping_status":"closed","template":"","meta":{"vdh-section-opener":"<!-- wp:paragraph -->\n<p\/>\n<!-- \/wp:paragraph -->","vdh-section-content":"<!-- wp:paragraph -->\n<p><\/p>\n<!-- \/wp:paragraph -->","vdh-section-sidebar":"<!-- wp:paragraph -->\n<p\/>\n<!-- \/wp:paragraph -->","vdh-section-extra-information":"<!-- wp:paragraph -->\n<p\/>\n<!-- \/wp:paragraph -->","vdh-section-pre-footer-left":"<!-- wp:paragraph -->\n<p\/>\n<!-- \/wp:paragraph -->","vdh-section-pre-footer-right":"<!-- wp:paragraph -->\n<p\/>\n<!-- \/wp:paragraph -->","downloadable_documents":[],"footnotes":""},"class_list":["post-3107","page","type-page","status-publish","hentry"],"_links":{"self":[{"href":"https:\/\/vdhmachinery.com\/de\/wp-json\/wp\/v2\/pages\/3107","targetHints":{"allow":["GET"]}}],"collection":[{"href":"https:\/\/vdhmachinery.com\/de\/wp-json\/wp\/v2\/pages"}],"about":[{"href":"https:\/\/vdhmachinery.com\/de\/wp-json\/wp\/v2\/types\/page"}],"author":[{"embeddable":true,"href":"https:\/\/vdhmachinery.com\/de\/wp-json\/wp\/v2\/users\/2"}],"replies":[{"embeddable":true,"href":"https:\/\/vdhmachinery.com\/de\/wp-json\/wp\/v2\/comments?post=3107"}],"version-history":[{"count":1,"href":"https:\/\/vdhmachinery.com\/de\/wp-json\/wp\/v2\/pages\/3107\/revisions"}],"predecessor-version":[{"id":3108,"href":"https:\/\/vdhmachinery.com\/de\/wp-json\/wp\/v2\/pages\/3107\/revisions\/3108"}],"wp:attachment":[{"href":"https:\/\/vdhmachinery.com\/de\/wp-json\/wp\/v2\/media?parent=3107"}],"curies":[{"name":"wp","href":"https:\/\/api.w.org\/{rel}","templated":true}]}}