{"id":3113,"date":"2025-09-25T11:16:53","date_gmt":"2025-09-25T09:16:53","guid":{"rendered":"https:\/\/vdhmachinery.com\/arbeiten-bei-van-den-heuvel\/"},"modified":"2026-03-30T14:32:52","modified_gmt":"2026-03-30T12:32:52","slug":"arbeiten-bei-van-den-heuvel","status":"publish","type":"page","link":"https:\/\/vdhmachinery.com\/de\/arbeiten-bei-van-den-heuvel\/","title":{"rendered":"Arbeiten bei Van den Heuvel"},"content":{"rendered":"\n\n\n\n<p>Bei Van den Heuvel arbeiten Sie in einem Familienunternehmen mit \u00fcber 75 Jahren Erfahrung im Maschinenbau und einem Team von ca. 80 Kollegen. Wir kombinieren Innovation und Handwerkskunst mit einem starken Teamgeist. Ob Sie in der Werkstatt, vor Ort oder im B\u00fcro arbeiten: Gemeinsam sorgen wir daf\u00fcr, dass unsere Kunden auf Qualit\u00e4t, Zuverl\u00e4ssigkeit und Engagement z\u00e4hlen k\u00f6nnen.  <\/p>\n\n\n\n<p><strong>Was wir tun<\/strong><br>Bei uns arbeiten Sie an herausfordernden Projekten: von der Entwicklung und dem Bau neuer Maschinen bis zur Wartung und \u00dcberholung bestehender Maschinen. Da wir alle Disziplinen im eigenen Haus haben \u2013 Engineering, Stahlbearbeitung, Zerspanung, Montage, Hydraulik und Elektrotechnik \u2013 ist kein Tag wie der andere. Sie lernen kontinuierlich dazu und sehen direkt das Ergebnis Ihrer Arbeit.  <\/p>\n\n\n\n<p><strong>Was wir bieten<\/strong><br>Wir legen Wert darauf, dass Sie gerne zur Arbeit gehen. Deshalb investieren wir in:<br>&#8211; Eine Umgebung, in der Ihr Einsatz wirklich etwas bewirkt<br>&#8211; Eine gute Arbeitsatmosph\u00e4re und Kollegialit\u00e4t<br>&#8211; Raum f\u00fcr Entwicklung<br>&#8211; Eigeninitiative und Verantwortung <\/p>\n\n\n\n<p><strong>Lernen Sie uns kennen<\/strong><br>Sie k\u00f6nnen uns auf verschiedene Weise erreichen:<br>&#8211; Telefon: 0183 \u2013 502655<br>&#8211; E-Mail: <a href=\"mailto:hr@vdhmachinery.com\">hr@vdhmachinery.com<\/a><br>&#8211; WhatsApp: 06 \u2013 216 499 21<\/p>\n\n\n\n<p>Sehen Sie sich unsere Stellenangebote an oder senden Sie eine Initiativbewerbung.<\/p>\n\n\n\n\n\n\n\n\n\n\n\n<div class=\"modal-window\" id=\"modal-window-3\" role=\"dialog\" aria-modal=\"true\"  aria-live=\"off\"><div class=\"modal-window__wrapper\"><div class=\"modal-window__content\"><div class=\"modal-window__content-wrapper\"><div class=\"modal-window__content-main\"><h2 dir=\"ltr\">Besuchen Sie Van den Heuvel!<\/h2>\r\n<p>Suchen Sie einen Job im Technologiebereich? Dann kommen Sie freitags zwischen <strong>14:30 und 16:00 Uhr<\/strong> bei <strong>Van den Heuvel<\/strong> in Werkendam vorbei.<\/p>\r\n<p>Lernen Sie unser Team kennen, besichtigen Sie unsere Werkstatt und entdecken Sie Ihre M\u00f6glichkeiten in einem innovativen Familienunternehmen.<\/p>\r\n<p>&#x1f4cd; <b>Hulsenboschstraat 2, Werkendam<\/b><br \/>&#x1f4c5; <strong>Freitag von 14:30 bis 16:00 Uhr<\/strong><br \/>&#x1f44b; <strong>Anmeldung bei<\/strong>: Benedit Kool (Personalabteilung)<\/p><\/div><\/div><div class=\"modal-window__close -image\" tabindex=\"0\" role=\"button\" aria-label=\"Close\"><\/div><\/div><\/div><\/div>\n","protected":false},"excerpt":{"rendered":"","protected":false},"author":2,"featured_media":1851,"parent":0,"menu_order":0,"comment_status":"closed","ping_status":"closed","template":"","meta":{"vdh-section-opener":"<!-- wp:paragraph -->\n<p\/>\n<!-- \/wp:paragraph -->","vdh-section-content":"<!-- wp:paragraph -->\n<p><\/p>\n<!-- \/wp:paragraph -->","vdh-section-sidebar":"<!-- wp:heading {\"level\":3,\"fontSize\":\"regular\"} -->\n<h3 class=\"wp-block-heading has-regular-font-size\"><strong>Sind Sie neugierig auf unser Unternehmen? Sie sind herzlich  <\/strong>willkommen!<\/h3>\n<!-- \/wp:heading -->\n\n<!-- wp:paragraph -->\n<p>M\u00f6chten Sie mehr erfahren? Senden Sie eine E-Mail an <a href=\"mailto:hr@vdhmachinery.com\">hr@vdhmachinery.com<\/a> oder rufen Sie Benedit Kool (HR-Manager) an, Tel.  06-216 499 21.<\/p>\n<!-- \/wp:paragraph -->\n\n<!-- wp:paragraph -->\n<p>Wenn Sie inhaltliche Fragen zu einer Stelle aus der Werkstatt haben, k\u00f6nnen Sie sich an Pieter Snel (Chef Werkplaats) <a href=\"tel:+31621649921\">0183-729641<\/a> oder \u00fcber <a href=\"mailto:p.snel@vdhmachinery.com\">p.snel@vdhmachinery.com<\/a> wenden.<\/p>\n<!-- \/wp:paragraph -->\n\n<!-- wp:buttons -->\n<div class=\"wp-block-buttons\"><!-- wp:button {\"backgroundColor\":\"white\",\"textColor\":\"dark-gray\",\"className\":\"is-style-outline\",\"style\":{\"elements\":{\"link\":{\"color\":{\"text\":\"var:preset|color|dark-gray\"}}}}} -->\n<div class=\"wp-block-button is-style-outline\"><a class=\"wp-block-button__link has-dark-gray-color has-white-background-color has-text-color has-background has-link-color wp-element-button\" href=\"https:\/\/wa.me\/31621649921\">Bewerben Sie sich \u00fcber WhatsApp<\/a><\/div>\n<!-- \/wp:button --><\/div>\n<!-- \/wp:buttons -->\n\n<!-- wp:spacer {\"height\":\"40px\"} -->\n<div style=\"height:40px\" aria-hidden=\"true\" class=\"wp-block-spacer\"><\/div>\n<!-- \/wp:spacer -->\n\n<!-- wp:paragraph -->\n<p>Akquisition wird nicht gesch\u00e4tzt.<\/p>\n<!-- \/wp:paragraph -->\n\n<!-- wp:image {\"id\":3757,\"sizeSlug\":\"large\",\"linkDestination\":\"none\",\"className\":\"ignore-fullscreen\"} -->\n<figure class=\"wp-block-image size-large ignore-fullscreen\"><img src=\"https:\/\/vdhmachinery.com\/wp-content\/uploads\/2026\/01\/Scherm-narrow-casting-Sam-1024x576.jpg\" alt=\"\" class=\"wp-image-3757\"\/><\/figure>\n<!-- \/wp:image -->\n\n<!-- wp:paragraph -->\n<p><\/p>\n<!-- \/wp:paragraph -->","vdh-section-extra-information":"<!-- wp:group {\"align\":\"full\",\"backgroundColor\":\"ice\",\"layout\":{\"type\":\"constrained\"}} -->\n<div class=\"wp-block-group alignfull has-ice-background-color has-background\"><!-- wp:query {\"queryId\":6,\"query\":{\"perPage\":12,\"pages\":0,\"offset\":0,\"postType\":\"vacancy\",\"order\":\"desc\",\"orderBy\":\"date\",\"author\":\"\",\"search\":\"\",\"exclude\":[],\"sticky\":\"\",\"inherit\":false,\"parents\":[],\"format\":[]}} -->\n<div class=\"wp-block-query\"><!-- wp:post-template {\"layout\":{\"type\":\"grid\",\"columnCount\":3}} -->\n<!-- wp:post-featured-image {\"isLink\":true,\"sizeSlug\":\"large\"} \/-->\n\n<!-- wp:post-title {\"level\":3,\"isLink\":true,\"style\":{\"elements\":{\"link\":{\"color\":{\"text\":\"var:preset|color|primary-blue\"}}}},\"textColor\":\"primary-blue\"} \/-->\n\n<!-- wp:post-content \/-->\n<!-- \/wp:post-template --><\/div>\n<!-- \/wp:query --><\/div>\n<!-- \/wp:group -->","vdh-section-pre-footer-left":"<!-- wp:paragraph -->\n<p><strong>Sch\u00f6n, dass Sie sich f\u00fcr Van den Heuvel interessieren!<\/strong><br>Bei uns dreht sich alles um Technik, Handwerkskunst und Teamwork. Ob Sie in der Werkstatt, vor Ort oder im B\u00fcro arbeiten \u2013 gemeinsam bauen wir an intelligenten, nachhaltigen Maschinen, auf die wir stolz sind. <\/p>\n<!-- \/wp:paragraph -->\n\n<!-- wp:paragraph -->\n<p>Wir legen Wert darauf, dass Sie sich bei uns zu Hause f\u00fchlen und die M\u00f6glichkeit haben, zu wachsen. Deshalb investieren wir in Ausbildung, Sicherheit und eine angenehme Arbeitsatmosph\u00e4re, in der jeder er selbst sein kann. <br><br><strong>Mehr wissen?<\/strong><br>Haben Sie eine Frage zur Arbeit bei Van den Heuvel oder m\u00f6chten Sie uns kennenlernen? Nehmen Sie Kontakt mit Benedit Kool (HR-Manager) \u00fcber <a>hr@vdhmachinery.com<\/a> auf oder rufen Sie 06-216 499 21 an. <\/p>\n<!-- \/wp:paragraph -->\n\n<!-- wp:buttons -->\n<div class=\"wp-block-buttons\"><!-- wp:button {\"backgroundColor\":\"white\",\"textColor\":\"dark-gray\",\"className\":\"is-style-fill\",\"style\":{\"elements\":{\"link\":{\"color\":{\"text\":\"var:preset|color|dark-gray\"}}}}} -->\n<div class=\"wp-block-button is-style-fill\"><a class=\"wp-block-button__link has-dark-gray-color has-white-background-color has-text-color has-background has-link-color wp-element-button\" href=\"https:\/\/wa.me\/31621649921\">Bewerben Sie sich \u00fcber WhatsApp<\/a><\/div>\n<!-- \/wp:button --><\/div>\n<!-- \/wp:buttons -->\n\n<!-- wp:spacer {\"height\":\"40px\"} -->\n<div style=\"height:40px\" aria-hidden=\"true\" class=\"wp-block-spacer\"><\/div>\n<!-- \/wp:spacer -->\n\n<!-- wp:paragraph -->\n<p>Akquisition wird nicht gesch\u00e4tzt.<\/p>\n<!-- \/wp:paragraph -->","vdh-section-pre-footer-right":"<!-- wp:paragraph -->\n<p><\/p>\n<!-- \/wp:paragraph -->","downloadable_documents":[],"footnotes":""},"class_list":["post-3113","page","type-page","status-publish","has-post-thumbnail","hentry"],"_links":{"self":[{"href":"https:\/\/vdhmachinery.com\/de\/wp-json\/wp\/v2\/pages\/3113","targetHints":{"allow":["GET"]}}],"collection":[{"href":"https:\/\/vdhmachinery.com\/de\/wp-json\/wp\/v2\/pages"}],"about":[{"href":"https:\/\/vdhmachinery.com\/de\/wp-json\/wp\/v2\/types\/page"}],"author":[{"embeddable":true,"href":"https:\/\/vdhmachinery.com\/de\/wp-json\/wp\/v2\/users\/2"}],"replies":[{"embeddable":true,"href":"https:\/\/vdhmachinery.com\/de\/wp-json\/wp\/v2\/comments?post=3113"}],"version-history":[{"count":4,"href":"https:\/\/vdhmachinery.com\/de\/wp-json\/wp\/v2\/pages\/3113\/revisions"}],"predecessor-version":[{"id":5112,"href":"https:\/\/vdhmachinery.com\/de\/wp-json\/wp\/v2\/pages\/3113\/revisions\/5112"}],"wp:featuredmedia":[{"embeddable":true,"href":"https:\/\/vdhmachinery.com\/de\/wp-json\/wp\/v2\/media\/1851"}],"wp:attachment":[{"href":"https:\/\/vdhmachinery.com\/de\/wp-json\/wp\/v2\/media?parent=3113"}],"curies":[{"name":"wp","href":"https:\/\/api.w.org\/{rel}","templated":true}]}}