{"id":3127,"date":"2025-09-25T11:10:41","date_gmt":"2025-09-25T09:10:41","guid":{"rendered":"https:\/\/vdhmachinery.com\/massarbeit-die-funktioniert-loesungen-die-perfekt-zu-ihrem-projekt-passen\/"},"modified":"2026-02-03T07:31:43","modified_gmt":"2026-02-03T07:31:43","slug":"massarbeit-die-funktioniert-loesungen-die-perfekt-zu-ihrem-projekt-passen","status":"publish","type":"page","link":"https:\/\/vdhmachinery.com\/de\/massarbeit-die-funktioniert-loesungen-die-perfekt-zu-ihrem-projekt-passen\/","title":{"rendered":"Ma\u00dfarbeit, die funktioniert: L\u00f6sungen, die perfekt zu Ihrem Projekt passen"},"content":{"rendered":"\n\n<p>Kein Projekt ist wie das andere. Deshalb steht <strong>Ma\u00dfarbeit<\/strong> bei Van den Heuvel im Mittelpunkt. Mit cleveren Anpassungen, einzigartigen Konstruktionen und durchdachten Modifikationen schaffen wir Maschinen, die genau auf Ihre W\u00fcnsche, Arbeitsprozesse und technischen Anforderungen zugeschnitten sind \u2013 vom Entwurf bis zur Auslieferung.  <\/p>\n\n\n\n<h2 class=\"wp-block-heading\">Ma\u00dfarbeit als Standard<\/h2>\n\n\n\n<p>Bei Van den Heuvel bedeutet Ma\u00dfarbeit mehr als nur die Anpassung einer Maschine. Wir denken von der Entwurfsphase an mit, analysieren die Herausforderungen Ihres Projekts und bauen L\u00f6sungen, die Kraft, Effizienz und Sicherheit kombinieren. Unsere technischen Kenntnisse und jahrelange Erfahrung sorgen daf\u00fcr, dass Ihre Maschine optimal funktioniert \u2013 genau so, wie Sie es sich vorstellen.  <\/p>\n\n\n\n<p>Wir unterscheiden innerhalb unserer Ma\u00dfarbeitsaktivit\u00e4ten vier Hauptbereiche:<\/p>\n\n\n\n<h3 class=\"wp-block-heading\">1. Asdomp \u2013 gr\u00f6\u00dfere Reichweite und Flexibilit\u00e4t<\/h3>\n\n\n\n<p>Ein <strong>Asdomp<\/strong> ist eine konstruktive Anpassung am Drehpunkt des Auslegers, wodurch dieser sich h\u00f6her oder weiter nach hinten bewegen kann. Dies f\u00fchrt zu einer h\u00f6heren Stifth\u00f6he und einer gr\u00f6\u00dferen Reichweite, wodurch die Maschine n\u00e4her arbeiten und effizienter bei unterschiedlichen Aufgaben eingesetzt werden kann. <\/p>\n\n\n\n<figure class=\"wp-block-image size-large is-resized\"><img loading=\"lazy\" decoding=\"async\" width=\"768\" height=\"1024\" src=\"https:\/\/vdhmachinery.com\/wp-content\/uploads\/2025\/10\/IMG_3725-768x1024.jpg\" alt=\"Schwanenhals\" class=\"wp-image-1744\" style=\"width:281px;height:auto\" srcset=\"https:\/\/vdhmachinery.com\/wp-content\/uploads\/2025\/10\/IMG_3725-768x1024.jpg 768w, https:\/\/vdhmachinery.com\/wp-content\/uploads\/2025\/10\/IMG_3725-225x300.jpg 225w, https:\/\/vdhmachinery.com\/wp-content\/uploads\/2025\/10\/IMG_3725-1152x1536.jpg 1152w, https:\/\/vdhmachinery.com\/wp-content\/uploads\/2025\/10\/IMG_3725-1536x2048.jpg 1536w, https:\/\/vdhmachinery.com\/wp-content\/uploads\/2025\/10\/IMG_3725-scaled.jpg 1920w\" sizes=\"auto, (max-width: 768px) 100vw, 768px\" \/><\/figure>\n\n\n\n<h3 class=\"wp-block-heading\">2. Ballastverst\u00e4rkung \u2013 mehr Stabilit\u00e4t bei schweren Lasten<\/h3>\n\n\n\n<p>Bei einer vergr\u00f6\u00dferten Reichweite ist zus\u00e4tzliches Gleichgewicht entscheidend. Mit einer <strong>Ballastverst\u00e4rkung<\/strong> vergr\u00f6\u00dfern wir das Gegengewicht der Maschine, wodurch diese stabil bleibt und sicher schwere oder lange Lasten, wie z. B. Spundwandbohlen, verlagern kann. Dies ist eine h\u00e4ufig verwendete Anpassung in Kombination mit einem Asdomp.  <\/p>\n\n\n\n<figure class=\"wp-block-image size-large is-resized\"><img loading=\"lazy\" decoding=\"async\" width=\"1024\" height=\"722\" src=\"https:\/\/vdhmachinery.com\/wp-content\/uploads\/2025\/10\/Ballastverzwaring2-1024x722.jpg\" alt=\"Ballastverst&#xE4;rkung\" class=\"wp-image-1747\" style=\"width:516px;height:auto\" srcset=\"https:\/\/vdhmachinery.com\/wp-content\/uploads\/2025\/10\/Ballastverzwaring2-1024x722.jpg 1024w, https:\/\/vdhmachinery.com\/wp-content\/uploads\/2025\/10\/Ballastverzwaring2-300x211.jpg 300w, https:\/\/vdhmachinery.com\/wp-content\/uploads\/2025\/10\/Ballastverzwaring2-768x541.jpg 768w, https:\/\/vdhmachinery.com\/wp-content\/uploads\/2025\/10\/Ballastverzwaring2-1536x1082.jpg 1536w, https:\/\/vdhmachinery.com\/wp-content\/uploads\/2025\/10\/Ballastverzwaring2-2048x1443.jpg 2048w\" sizes=\"auto, (max-width: 1024px) 100vw, 1024px\" \/><\/figure>\n\n\n\n<h3 class=\"wp-block-heading\">3. Jib &amp; Runner \u2013 zus\u00e4tzliche Reichweite in H\u00f6he und L\u00e4nge<\/h3>\n\n\n\n<p>Die Kombination aus einem <strong>Jib<\/strong> (Verl\u00e4ngerungsarm) und <strong>Runner<\/strong> (linearer F\u00fchrung) erm\u00f6glicht es, den Arbeitsabstand horizontal oder vertikal zu vergr\u00f6\u00dfern. Dadurch sind schwer zug\u00e4ngliche Stellen zug\u00e4nglich, ohne die Maschine verstellen zu m\u00fcssen. Diese Anpassung erh\u00f6ht die Produktivit\u00e4t und erweitert die Einsatzm\u00f6glichkeiten erheblich.  <\/p>\n\n\n\n<figure class=\"wp-block-image size-large is-resized\"><img loading=\"lazy\" decoding=\"async\" width=\"1024\" height=\"768\" src=\"https:\/\/vdhmachinery.com\/wp-content\/uploads\/2025\/10\/IMG_3846-1024x768.jpg\" alt=\"Jib &amp;amp; Runner\" class=\"wp-image-1750\" style=\"width:510px;height:auto\" srcset=\"https:\/\/vdhmachinery.com\/wp-content\/uploads\/2025\/10\/IMG_3846-1024x768.jpg 1024w, https:\/\/vdhmachinery.com\/wp-content\/uploads\/2025\/10\/IMG_3846-300x225.jpg 300w, https:\/\/vdhmachinery.com\/wp-content\/uploads\/2025\/10\/IMG_3846-768x576.jpg 768w, https:\/\/vdhmachinery.com\/wp-content\/uploads\/2025\/10\/IMG_3846-1536x1152.jpg 1536w, https:\/\/vdhmachinery.com\/wp-content\/uploads\/2025\/10\/IMG_3846-2048x1536.jpg 2048w\" sizes=\"auto, (max-width: 1024px) 100vw, 1024px\" \/><\/figure>\n\n\n\n<h3 class=\"wp-block-heading\">4. HDHW \u2013 verst\u00e4rkter Unterwagen f\u00fcr schwere Anwendungen<\/h3>\n\n\n\n<p>Bei Fundamentarbeiten, Abbrucharbeiten und Tiefbauprojekten ist Stabilit\u00e4t essenziell. Mit einer <strong>HDHW-Modifikation<\/strong> erh\u00f6hen und verbreitern wir den Unterwagen, wodurch die Maschine noch stabiler steht und f\u00fcr die schwersten Bedingungen geeignet ist. <\/p>\n\n\n\n<figure class=\"wp-block-gallery has-nested-images columns-default is-cropped splide wpcom-gallery wp-block-gallery-1 is-layout-flex wp-block-gallery-is-layout-flex\"><button type='button' class='close-btn'><svg xmlns=\"http:\/\/www.w3.org\/2000\/svg\" viewBox=\"0 0 640 640\"><path fill=\"#ffffff\" d=\"M320 576C461.4 576 576 461.4 576 320C576 178.6 461.4 64 320 64C178.6 64 64 178.6 64 320C64 461.4 178.6 576 320 576zM231 231C240.4 221.6 255.6 221.6 264.9 231L319.9 286L374.9 231C384.3 221.6 399.5 221.6 408.8 231C418.1 240.4 418.2 255.6 408.8 264.9L353.8 319.9L408.8 374.9C418.2 384.3 418.2 399.5 408.8 408.8C399.4 418.1 384.2 418.2 374.9 408.8L319.9 353.8L264.9 408.8C255.5 418.2 240.3 418.2 231 408.8C221.7 399.4 221.6 384.2 231 374.9L286 319.9L231 264.9C221.6 255.5 221.6 240.3 231 231z\"\/><\/svg><\/button><div class='splide__track'><div class='splide__list'> \n<figure class=\"wp-block-image splide__slide size-large\"><img loading=\"lazy\" decoding=\"async\" width=\"1024\" height=\"768\" data-id=\"1732\" src=\"https:\/\/vdhmachinery.com\/wp-content\/uploads\/2025\/10\/photo-2025-10-01-10-49-09-004-1024x768.jpg\" alt=\"HDHW total\" class=\"wp-image-1732\" srcset=\"https:\/\/vdhmachinery.com\/wp-content\/uploads\/2025\/10\/photo-2025-10-01-10-49-09-004-1024x768.jpg 1024w, https:\/\/vdhmachinery.com\/wp-content\/uploads\/2025\/10\/photo-2025-10-01-10-49-09-004-300x225.jpg 300w, https:\/\/vdhmachinery.com\/wp-content\/uploads\/2025\/10\/photo-2025-10-01-10-49-09-004-768x576.jpg 768w, https:\/\/vdhmachinery.com\/wp-content\/uploads\/2025\/10\/photo-2025-10-01-10-49-09-004-1536x1152.jpg 1536w, https:\/\/vdhmachinery.com\/wp-content\/uploads\/2025\/10\/photo-2025-10-01-10-49-09-004.jpg 2048w\" sizes=\"auto, (max-width: 1024px) 100vw, 1024px\" \/><\/figure>\n\n\n\n<figure class=\"wp-block-image splide__slide size-large\"><img loading=\"lazy\" decoding=\"async\" width=\"1024\" height=\"768\" data-id=\"1735\" src=\"https:\/\/vdhmachinery.com\/wp-content\/uploads\/2025\/10\/photo-2025-10-01-10-49-09-002-1024x768.jpg\" alt=\"HDHW-Nahaufnahme\" class=\"wp-image-1735\" srcset=\"https:\/\/vdhmachinery.com\/wp-content\/uploads\/2025\/10\/photo-2025-10-01-10-49-09-002-1024x768.jpg 1024w, https:\/\/vdhmachinery.com\/wp-content\/uploads\/2025\/10\/photo-2025-10-01-10-49-09-002-300x225.jpg 300w, https:\/\/vdhmachinery.com\/wp-content\/uploads\/2025\/10\/photo-2025-10-01-10-49-09-002-768x576.jpg 768w, https:\/\/vdhmachinery.com\/wp-content\/uploads\/2025\/10\/photo-2025-10-01-10-49-09-002-1536x1152.jpg 1536w, https:\/\/vdhmachinery.com\/wp-content\/uploads\/2025\/10\/photo-2025-10-01-10-49-09-002.jpg 2048w\" sizes=\"auto, (max-width: 1024px) 100vw, 1024px\" \/><\/figure>\n\n\n\n<figure class=\"wp-block-image splide__slide size-large\"><img loading=\"lazy\" decoding=\"async\" width=\"1024\" height=\"768\" data-id=\"1738\" src=\"https:\/\/vdhmachinery.com\/wp-content\/uploads\/2025\/10\/photo-2025-10-01-10-49-09-1024x768.jpg\" alt=\"HDHW \" class=\"wp-image-1738\" srcset=\"https:\/\/vdhmachinery.com\/wp-content\/uploads\/2025\/10\/photo-2025-10-01-10-49-09-1024x768.jpg 1024w, https:\/\/vdhmachinery.com\/wp-content\/uploads\/2025\/10\/photo-2025-10-01-10-49-09-300x225.jpg 300w, https:\/\/vdhmachinery.com\/wp-content\/uploads\/2025\/10\/photo-2025-10-01-10-49-09-768x576.jpg 768w, https:\/\/vdhmachinery.com\/wp-content\/uploads\/2025\/10\/photo-2025-10-01-10-49-09-1536x1152.jpg 1536w, https:\/\/vdhmachinery.com\/wp-content\/uploads\/2025\/10\/photo-2025-10-01-10-49-09.jpg 2048w\" sizes=\"auto, (max-width: 1024px) 100vw, 1024px\" \/><\/figure>\n<\/figure>\n\n\n\n<h2 class=\"wp-block-heading\">Mehr als Modifikationen: Specials und Kabinenerh\u00f6hungen<\/h2>\n\n\n\n<p>Neben diesen vier wichtigen Modifikationen bieten wir auch komplette <strong>Specials<\/strong> und Ma\u00dfanfertigungen auf Projektebene an. Denken Sie an Maschinenumbau f\u00fcr neue Anwendungen, einzigartige Konstruktionen oder <strong>Kabinenerh\u00f6hungen<\/strong> f\u00fcr optimale Sicht und verbesserte Ergonomie. All diese L\u00f6sungen werden in unserer eigenen Werkstatt entworfen, gebaut und getestet \u2013 vollst\u00e4ndig auf Ihre W\u00fcnsche abgestimmt.  <\/p>\n\n\n\n<h2 class=\"wp-block-heading\">Ein Partner f\u00fcr all Ihre Ma\u00dfanfertigungen<\/h2>\n\n\n\n<p>Ob es sich um eine kleine Anpassung oder einen komplett neuen Entwurf handelt: Van den Heuvel bietet Ihnen einen Ansprechpartner f\u00fcr den gesamten Prozess. Von der Konstruktion bis zur Ausf\u00fchrung und von der Montage bis zum Service \u2013 wir liefern <strong>Ma\u00dfarbeit<\/strong>, die nicht nur heute funktioniert, sondern auch f\u00fcr die Zukunft ger\u00fcstet ist. Kein Projekt ist wie das andere. Deshalb steht <strong>Ma\u00dfarbeit<\/strong> bei Van den Heuvel im Mittelpunkt. Mit cleveren Anpassungen, einzigartigen Konstruktionen und durchdachten Modifikationen schaffen wir Maschinen, die genau auf Ihre W\u00fcnsche, Arbeitsprozesse und technischen Anforderungen zugeschnitten sind \u2013 vom Entwurf bis zur Auslieferung.   <\/p>\n\n","protected":false},"excerpt":{"rendered":"","protected":false},"author":2,"featured_media":1438,"parent":0,"menu_order":0,"comment_status":"closed","ping_status":"closed","template":"","meta":{"vdh-section-opener":"<!-- wp:paragraph -->\n<p\/>\n<!-- \/wp:paragraph -->","vdh-section-content":"<!-- wp:paragraph -->\n<p><\/p>\n<!-- \/wp:paragraph -->","vdh-section-sidebar":"<!-- wp:paragraph -->\n<p\/>\n<!-- \/wp:paragraph -->","vdh-section-extra-information":"<!-- wp:paragraph -->\n<p\/>\n<!-- \/wp:paragraph -->","vdh-section-pre-footer-left":"<!-- wp:heading -->\n<h2 class=\"wp-block-heading\">Bereit f\u00fcr eine Ma\u00dfanfertigung?<\/h2>\n<!-- \/wp:heading -->\n\n<!-- wp:paragraph -->\n<p>Jede Fundamentherausforderung erfordert einen einzigartigen Ansatz. Unser Team von Spezialisten steht bereit, um gemeinsam mit Ihnen eine Maschine zu entwickeln, die perfekt auf Ihre Projektziele, technischen Anforderungen und Arbeitsumgebung abgestimmt ist. Von der ersten Idee bis zur Realisierung \u2013 wir begleiten Sie in jedem Schritt.  <\/p>\n<!-- \/wp:paragraph -->\n\n<!-- wp:gravityforms\/form {\"formId\":\"1\",\"inputPrimaryColor\":\"#204ce5\"} \/-->","vdh-section-pre-footer-right":"<!-- wp:paragraph -->\n<p\/>\n<!-- \/wp:paragraph -->","downloadable_documents":[],"footnotes":""},"class_list":["post-3127","page","type-page","status-publish","has-post-thumbnail","hentry"],"_links":{"self":[{"href":"https:\/\/vdhmachinery.com\/de\/wp-json\/wp\/v2\/pages\/3127","targetHints":{"allow":["GET"]}}],"collection":[{"href":"https:\/\/vdhmachinery.com\/de\/wp-json\/wp\/v2\/pages"}],"about":[{"href":"https:\/\/vdhmachinery.com\/de\/wp-json\/wp\/v2\/types\/page"}],"author":[{"embeddable":true,"href":"https:\/\/vdhmachinery.com\/de\/wp-json\/wp\/v2\/users\/2"}],"replies":[{"embeddable":true,"href":"https:\/\/vdhmachinery.com\/de\/wp-json\/wp\/v2\/comments?post=3127"}],"version-history":[{"count":2,"href":"https:\/\/vdhmachinery.com\/de\/wp-json\/wp\/v2\/pages\/3127\/revisions"}],"predecessor-version":[{"id":4009,"href":"https:\/\/vdhmachinery.com\/de\/wp-json\/wp\/v2\/pages\/3127\/revisions\/4009"}],"wp:featuredmedia":[{"embeddable":true,"href":"https:\/\/vdhmachinery.com\/de\/wp-json\/wp\/v2\/media\/1438"}],"wp:attachment":[{"href":"https:\/\/vdhmachinery.com\/de\/wp-json\/wp\/v2\/media?parent=3127"}],"curies":[{"name":"wp","href":"https:\/\/api.w.org\/{rel}","templated":true}]}}