{"id":3129,"date":"2025-08-19T11:16:18","date_gmt":"2025-08-19T11:16:18","guid":{"rendered":"https:\/\/vdhmachinery.com\/nehmen-sie-gerne-kontakt-auf\/"},"modified":"2026-02-03T07:58:34","modified_gmt":"2026-02-03T07:58:34","slug":"nehmen-sie-gerne-kontakt-auf","status":"publish","type":"page","link":"https:\/\/vdhmachinery.com\/de\/nehmen-sie-gerne-kontakt-auf\/","title":{"rendered":"Nehmen Sie gerne Kontakt auf"},"content":{"rendered":"\n\n<p>Van den Heuvel hilft Ihnen, die beste Maschine f\u00fcr jede Aufgabe in den Bereichen Rammen und Fundamentbau, Heben und Bodenverbesserung zu finden, auch wenn diese noch nicht existiert.<\/p>\n\n\n\n<h3 class=\"wp-block-heading has-primary-blue-color has-text-color has-link-color wp-elements-daa7ff494a3f2cb9232fd823c68bf7e3\">Besucheradresse<\/h3>\n\n\n\n<p>Hulsenboschstraat 2<br\/>4251 LR Werkendam<\/p>\n\n\n\n<ul class=\"wp-block-list\">\n<li><svg xmlns=\"http:\/\/www.w3.org\/2000\/svg\" viewBox=\"0 0 640 640\"><!--!Font\n    Awesome Free v7.0.0 by @fontawesome - https:\/\/fontawesome.com License -\n    https:\/\/fontawesome.com\/license\/free Copyright 2025 Fonticons, Inc.-->\n    <path fill=\"currentColor\"\n        d=\"M415.8 89C423.6 70.2 444.2 60.1 463.9 65.5L469.4 67C534 84.6 589.2 147.2 573.1 223.4C536 398.4 398.3 536.1 223.3 573.2C147 589.4 84.5 534.1 66.9 469.5L65.4 464C60 444.3 70.1 423.7 88.9 415.9L186.2 375.4C202.7 368.5 221.8 373.3 233.2 387.2L271.8 434.4C342.1 399.5 398.6 341.1 431.1 269.5L387 233.4C373.1 222.1 368.4 203 375.2 186.4L415.8 89z\" \/>\n<\/svg><a href=\"tel:+31183502655\" data-type=\"tel\" data-id=\"tel:+31183502655\">+31 183 502 655<\/a><\/li>\n\n\n\n<li><svg xmlns=\"http:\/\/www.w3.org\/2000\/svg\" viewBox=\"0 0 640 640\"><!--!Font\n    Awesome Free v7.0.0 by @fontawesome - https:\/\/fontawesome.com License -\n    https:\/\/fontawesome.com\/license\/free Copyright 2025 Fonticons, Inc.-->\n    <path fill=\"currentColor\"\n        d=\"M112 128C85.5 128 64 149.5 64 176C64 191.1 71.1 205.3 83.2 214.4L291.2 370.4C308.3 383.2 331.7 383.2 348.8 370.4L556.8 214.4C568.9 205.3 576 191.1 576 176C576 149.5 554.5 128 528 128L112 128zM64 260L64 448C64 483.3 92.7 512 128 512L512 512C547.3 512 576 483.3 576 448L576 260L377.6 408.8C343.5 434.4 296.5 434.4 262.4 408.8L64 260z\" \/>\n<\/svg><a href=\"mailto:info@vdhmachinery.com\">info@vdhmachinery.com<\/a><\/li>\n<\/ul>\n\n\n\n<h3 class=\"wp-block-heading has-primary-blue-color has-text-color has-link-color wp-elements-15fa4a694e6da6f028ad8eb67aa220f2\">St\u00f6rung (au\u00dferhalb der B\u00fcrozeiten)<\/h3>\n\n\n\n<ul class=\"wp-block-list\">\n<li><svg xmlns=\"http:\/\/www.w3.org\/2000\/svg\" viewBox=\"0 0 640 640\"><!--!Font\n    Awesome Free v7.0.0 by @fontawesome - https:\/\/fontawesome.com License -\n    https:\/\/fontawesome.com\/license\/free Copyright 2025 Fonticons, Inc.-->\n    <path fill=\"currentColor\"\n        d=\"M415.8 89C423.6 70.2 444.2 60.1 463.9 65.5L469.4 67C534 84.6 589.2 147.2 573.1 223.4C536 398.4 398.3 536.1 223.3 573.2C147 589.4 84.5 534.1 66.9 469.5L65.4 464C60 444.3 70.1 423.7 88.9 415.9L186.2 375.4C202.7 368.5 221.8 373.3 233.2 387.2L271.8 434.4C342.1 399.5 398.6 341.1 431.1 269.5L387 233.4C373.1 222.1 368.4 203 375.2 186.4L415.8 89z\" \/>\n<\/svg><a href=\"tel:+31630809035\">+31 63 08 09 035<\/a><\/li>\n<\/ul>\n\n","protected":false},"excerpt":{"rendered":"","protected":false},"author":1,"featured_media":2423,"parent":0,"menu_order":0,"comment_status":"closed","ping_status":"closed","template":"","meta":{"vdh-section-opener":"<!-- wp:paragraph -->\n<p\/>\n<!-- \/wp:paragraph -->","vdh-section-content":"<!-- wp:paragraph -->\n<p><\/p>\n<!-- \/wp:paragraph -->","vdh-section-sidebar":"<!-- wp:paragraph -->\n<p\/>\n<!-- \/wp:paragraph -->","vdh-section-extra-information":"<!-- wp:columns -->\n<div class=\"wp-block-columns\"><!-- wp:column -->\n<div class=\"wp-block-column\"><!-- wp:heading {\"level\":3,\"style\":{\"elements\":{\"link\":{\"color\":{\"text\":\"var:preset|color|primary-blue\"}}}},\"textColor\":\"primary-blue\"} -->\n<h3 class=\"wp-block-heading has-primary-blue-color has-text-color has-link-color\">Service<\/h3>\n<!-- \/wp:heading -->\n\n<!-- wp:list -->\n<ul class=\"wp-block-list\"><!-- wp:list-item -->\n<li><a href=\"mailto:service@vdhmachinery.com\">service@vdhmachinery.com<\/a><\/li>\n<!-- \/wp:list-item --><\/ul>\n<!-- \/wp:list --><\/div>\n<!-- \/wp:column -->\n\n<!-- wp:column -->\n<div class=\"wp-block-column\"><!-- wp:heading {\"level\":3,\"style\":{\"elements\":{\"link\":{\"color\":{\"text\":\"var:preset|color|primary-blue\"}}}},\"textColor\":\"primary-blue\"} -->\n<h3 class=\"wp-block-heading has-primary-blue-color has-text-color has-link-color\">Ersatzteile<\/h3>\n<!-- \/wp:heading -->\n\n<!-- wp:list -->\n<ul class=\"wp-block-list\"><!-- wp:list-item -->\n<li><a href=\"mailto:service@vdhmachinery.com\">parts@vdhmachinery.com<\/a><\/li>\n<!-- \/wp:list-item --><\/ul>\n<!-- \/wp:list --><\/div>\n<!-- \/wp:column -->\n\n<!-- wp:column -->\n<div class=\"wp-block-column\"><!-- wp:heading {\"level\":3,\"style\":{\"elements\":{\"link\":{\"color\":{\"text\":\"var:preset|color|primary-blue\"}}}},\"textColor\":\"primary-blue\"} -->\n<h3 class=\"wp-block-heading has-primary-blue-color has-text-color has-link-color\">Verkauf<\/h3>\n<!-- \/wp:heading -->\n\n<!-- wp:list -->\n<ul class=\"wp-block-list\"><!-- wp:list-item -->\n<li><a href=\"mailto:service@vdhmachinery.com\">sales@vdhmachinery.com<\/a><\/li>\n<!-- \/wp:list-item --><\/ul>\n<!-- \/wp:list --><\/div>\n<!-- \/wp:column --><\/div>\n<!-- \/wp:columns -->","vdh-section-pre-footer-left":"<!-- wp:gravityforms\/form {\"formId\":\"2\",\"title\":false,\"description\":false,\"inputPrimaryColor\":\"#204ce5\"} \/-->","vdh-section-pre-footer-right":"<!-- wp:paragraph -->\n<p\/>\n<!-- \/wp:paragraph -->","downloadable_documents":[],"footnotes":""},"class_list":["post-3129","page","type-page","status-publish","has-post-thumbnail","hentry"],"_links":{"self":[{"href":"https:\/\/vdhmachinery.com\/de\/wp-json\/wp\/v2\/pages\/3129","targetHints":{"allow":["GET"]}}],"collection":[{"href":"https:\/\/vdhmachinery.com\/de\/wp-json\/wp\/v2\/pages"}],"about":[{"href":"https:\/\/vdhmachinery.com\/de\/wp-json\/wp\/v2\/types\/page"}],"author":[{"embeddable":true,"href":"https:\/\/vdhmachinery.com\/de\/wp-json\/wp\/v2\/users\/1"}],"replies":[{"embeddable":true,"href":"https:\/\/vdhmachinery.com\/de\/wp-json\/wp\/v2\/comments?post=3129"}],"version-history":[{"count":1,"href":"https:\/\/vdhmachinery.com\/de\/wp-json\/wp\/v2\/pages\/3129\/revisions"}],"predecessor-version":[{"id":3131,"href":"https:\/\/vdhmachinery.com\/de\/wp-json\/wp\/v2\/pages\/3129\/revisions\/3131"}],"wp:featuredmedia":[{"embeddable":true,"href":"https:\/\/vdhmachinery.com\/de\/wp-json\/wp\/v2\/media\/2423"}],"wp:attachment":[{"href":"https:\/\/vdhmachinery.com\/de\/wp-json\/wp\/v2\/media?parent=3129"}],"curies":[{"name":"wp","href":"https:\/\/api.w.org\/{rel}","templated":true}]}}