{"id":3139,"date":"2025-09-10T07:50:33","date_gmt":"2025-09-10T07:50:33","guid":{"rendered":"https:\/\/vdhmachinery.com\/service\/"},"modified":"2026-02-03T07:28:02","modified_gmt":"2026-02-03T07:28:02","slug":"service","status":"publish","type":"page","link":"https:\/\/vdhmachinery.com\/de\/service\/","title":{"rendered":"Service"},"content":{"rendered":"\n\n<h2 class=\"wp-block-heading\">Reparatur und St\u00f6rungen<\/h2>\n\n\n\n<p>Wir f\u00fchren komplette \u00dcberholungen durch, damit Ihre Maschine wieder wie neu funktioniert. Auf Wunsch k\u00f6nnen wir auch Anpassungen vornehmen, wie z. B. den Einbau eines Stage V-Motors, das Anbringen von Gel\u00e4ndern und Podesten oder die Verbesserung von Kabinen und Unterwagen. Unsere Servicemonteure stehen Ihnen in Werkendam oder bei Ihnen vor Ort zur Verf\u00fcgung.  <\/p>\n\n\n\n<p>Ihre Maschine muss immer zuverl\u00e4ssig sein. Wenn doch einmal etwas schiefgeht, k\u00f6nnen Sie sich auf unsere Monteure verlassen \u2013 in unserer Werkstatt oder direkt bei Ihnen vor Ort. Bei St\u00f6rungen sind wir erreichbar unter <strong>+31 (0)183 \u2013 50 26 55<\/strong>. Au\u00dferhalb der B\u00fcrozeiten w\u00e4hlen Sie bitte <strong>06 &#8211; 533 86 057<\/strong>.  <\/p>\n\n\n\n<figure class=\"wp-block-gallery has-nested-images columns-default is-cropped splide wpcom-gallery wp-block-gallery-1 is-layout-flex wp-block-gallery-is-layout-flex\"><button type='button' class='close-btn'><svg xmlns=\"http:\/\/www.w3.org\/2000\/svg\" viewBox=\"0 0 640 640\"><path fill=\"#ffffff\" d=\"M320 576C461.4 576 576 461.4 576 320C576 178.6 461.4 64 320 64C178.6 64 64 178.6 64 320C64 461.4 178.6 576 320 576zM231 231C240.4 221.6 255.6 221.6 264.9 231L319.9 286L374.9 231C384.3 221.6 399.5 221.6 408.8 231C418.1 240.4 418.2 255.6 408.8 264.9L353.8 319.9L408.8 374.9C418.2 384.3 418.2 399.5 408.8 408.8C399.4 418.1 384.2 418.2 374.9 408.8L319.9 353.8L264.9 408.8C255.5 418.2 240.3 418.2 231 408.8C221.7 399.4 221.6 384.2 231 374.9L286 319.9L231 264.9C221.6 255.5 221.6 240.3 231 231z\"\/><\/svg><\/button><div class='splide__track'><div class='splide__list'> \n<figure class=\"wp-block-image splide__slide size-large\"><img loading=\"lazy\" decoding=\"async\" width=\"1024\" height=\"683\" data-id=\"3746\" src=\"https:\/\/vdhmachinery.com\/wp-content\/uploads\/2026\/01\/Monteur_stock_24-2-1024x683.jpg\" alt=\"\" class=\"wp-image-3746\" srcset=\"https:\/\/vdhmachinery.com\/wp-content\/uploads\/2026\/01\/Monteur_stock_24-2-1024x683.jpg 1024w, https:\/\/vdhmachinery.com\/wp-content\/uploads\/2026\/01\/Monteur_stock_24-2-300x200.jpg 300w, https:\/\/vdhmachinery.com\/wp-content\/uploads\/2026\/01\/Monteur_stock_24-2-768x512.jpg 768w, https:\/\/vdhmachinery.com\/wp-content\/uploads\/2026\/01\/Monteur_stock_24-2-1536x1024.jpg 1536w, https:\/\/vdhmachinery.com\/wp-content\/uploads\/2026\/01\/Monteur_stock_24-2-2048x1365.jpg 2048w\" sizes=\"auto, (max-width: 1024px) 100vw, 1024px\" \/><\/figure>\n\n\n\n<figure class=\"wp-block-image splide__slide size-large\"><img loading=\"lazy\" decoding=\"async\" width=\"1024\" height=\"683\" data-id=\"1281\" src=\"https:\/\/vdhmachinery.com\/wp-content\/uploads\/2025\/09\/Jubileum_75_opendag61-1024x683.jpg\" alt=\"Reparaturbus mit Anh&#xE4;nger\" class=\"wp-image-1281\" srcset=\"https:\/\/vdhmachinery.com\/wp-content\/uploads\/2025\/09\/Jubileum_75_opendag61-1024x683.jpg 1024w, https:\/\/vdhmachinery.com\/wp-content\/uploads\/2025\/09\/Jubileum_75_opendag61-300x200.jpg 300w, https:\/\/vdhmachinery.com\/wp-content\/uploads\/2025\/09\/Jubileum_75_opendag61-768x512.jpg 768w, https:\/\/vdhmachinery.com\/wp-content\/uploads\/2025\/09\/Jubileum_75_opendag61-1536x1024.jpg 1536w, https:\/\/vdhmachinery.com\/wp-content\/uploads\/2025\/09\/Jubileum_75_opendag61-2048x1365.jpg 2048w\" sizes=\"auto, (max-width: 1024px) 100vw, 1024px\" \/><\/figure>\n\n\n\n<figure class=\"wp-block-image splide__slide size-large\"><img loading=\"lazy\" decoding=\"async\" width=\"1024\" height=\"617\" data-id=\"3753\" src=\"https:\/\/vdhmachinery.com\/wp-content\/uploads\/2026\/01\/Recruitment_van_den_Heuvel_dubbeldwars_9-1024x617.jpg\" alt=\"\" class=\"wp-image-3753\" srcset=\"https:\/\/vdhmachinery.com\/wp-content\/uploads\/2026\/01\/Recruitment_van_den_Heuvel_dubbeldwars_9-1024x617.jpg 1024w, https:\/\/vdhmachinery.com\/wp-content\/uploads\/2026\/01\/Recruitment_van_den_Heuvel_dubbeldwars_9-300x181.jpg 300w, https:\/\/vdhmachinery.com\/wp-content\/uploads\/2026\/01\/Recruitment_van_den_Heuvel_dubbeldwars_9-768x463.jpg 768w, https:\/\/vdhmachinery.com\/wp-content\/uploads\/2026\/01\/Recruitment_van_den_Heuvel_dubbeldwars_9-1536x925.jpg 1536w, https:\/\/vdhmachinery.com\/wp-content\/uploads\/2026\/01\/Recruitment_van_den_Heuvel_dubbeldwars_9-2048x1234.jpg 2048w\" sizes=\"auto, (max-width: 1024px) 100vw, 1024px\" \/><\/figure>\n<\/figure>\n\n\n\n<h2 class=\"wp-block-heading\">Produktion in unseren Werkst\u00e4tten<\/h2>\n\n\n\n<p>In unseren komplett ausgestatteten Metall- und Hydraulikwerkst\u00e4tten sowie der eigenen Lackiererei arbeiten erfahrene Schwei\u00dfer, Monteure und Lackierer an einem hochwertigen Endprodukt. Maschinen und Ausr\u00fcstungen werden nach Zeichnung zusammengestellt und geschwei\u00dft, bei Bedarf bearbeitet und in unserer Lackiererei professionell konserviert. Anschlie\u00dfend werden die Teile montiert und mit Hilfe von Hydraulik und\/oder Elektrotechnik zum Leben erweckt.  <\/p>\n\n\n\n<h2 class=\"wp-block-heading\">Ma\u00dfgeschneiderte L\u00f6sung<\/h2>\n\n\n\n<p>Wir entwickeln L\u00f6sungen, die vollst\u00e4ndig auf Ihre W\u00fcnsche zugeschnitten sind. Ob es sich um neue Maschinen oder Ausr\u00fcstungsteile, elektrische, mechanische oder hydraulische Systeme oder Anpassungen an Unterwagen oder Kabinen handelt: wir realisieren es. Wir fertigen auch Ausr\u00fcstungsteile, die vollst\u00e4ndig auf Ihre spezifischen Anforderungen abgestimmt sind.  <\/p>\n\n\n\n<figure class=\"wp-block-image size-large\"><img decoding=\"async\" src=\"https:\/\/vdhmachinery.com\/wp-content\/uploads\/2025\/09\/Van-den-Heuvel-&#xFFFD;-Recruitment-&#xFFFD;-Stills-&#xFFFD;-11-1024x576.jpg\" alt=\"Monteur inspiziert Maschine\" class=\"wp-image-1272\"\/><\/figure>\n\n\n\n<h2 class=\"wp-block-heading\">Engineering<\/h2>\n\n\n\n<p>Unsere Ingenieure \u00fcbersetzen Ihre Idee, Ihren Wunsch oder Ihr Bed\u00fcrfnis in einen konkreten Entwurf. Sie erstellen die ben\u00f6tigten 3D-Zeichnungen, Kapazit\u00e4tsberechnungen und Festigkeitsanalysen. Dabei verwenden wir moderne CAD-Programme und die Finite-Elemente-Methode. Damit k\u00f6nnen wir komplexes Strukturverhalten simulieren und bereits in der Entwurfsphase eine zuverl\u00e4ssige Einsch\u00e4tzung der Endsituation vornehmen. Wir k\u00f6nnen auch mehrere Entwurfsvarianten in kurzer Zeit analysieren und die optimale L\u00f6sung ausw\u00e4hlen. So k\u00f6nnen wir beispielsweise das Gewicht einer Konstruktion optimieren, was gro\u00dfe Vorteile f\u00fcr den endg\u00fcltigen Umfang bietet.     <\/p>\n\n\n\n<figure class=\"wp-block-image size-large\"><img decoding=\"async\" src=\"https:\/\/vdhmachinery.com\/wp-content\/uploads\/2025\/09\/Van-den-Heuvel-&#xFFFD;-Recruitment-&#xFFFD;-Stills-&#xFFFD;-4-1024x576.jpg\" alt=\"Ingenieur am Computer\" class=\"wp-image-1294\"\/><\/figure>\n\n","protected":false},"excerpt":{"rendered":"","protected":false},"author":2,"featured_media":4997,"parent":0,"menu_order":0,"comment_status":"closed","ping_status":"closed","template":"","meta":{"vdh-section-opener":"<!-- wp:paragraph -->\n<p>Unser Service geht \u00fcber die reine Lieferung von Maschinen hinaus. Von der Idee bis zur Wartung stehen wir Ihnen mit umfassender Unterst\u00fctzung zur Seite. Mit unserem Wissen, unserem Fachk\u00f6nnen und unserer flexiblen Herangehensweise sorgen wir f\u00fcr L\u00f6sungen, die perfekt auf Ihre W\u00fcnsche und Anforderungen zugeschnitten sind.  <\/p>\n<!-- \/wp:paragraph -->","vdh-section-content":"<!-- wp:paragraph -->\n<p><\/p>\n<!-- \/wp:paragraph -->","vdh-section-sidebar":"<!-- wp:paragraph -->\n<p\/>\n<!-- \/wp:paragraph -->","vdh-section-extra-information":"<!-- wp:paragraph -->\n<p\/>\n<!-- \/wp:paragraph -->","vdh-section-pre-footer-left":"<!-- wp:heading -->\n<h2 class=\"wp-block-heading\">Mehr Informationen<\/h2>\n<!-- \/wp:heading -->\n\n<!-- wp:paragraph -->\n<p>Unsere Spezialisten denken gerne mit Ihnen mit \u2013 ob Sie sich auf Leistung, Nachhaltigkeit oder eine spezifische Anwendung konzentrieren. Wir kombinieren technisches Wissen mit praktischer Erfahrung und einer n\u00fcchternen Herangehensweise. So kommen wir gemeinsam zu der L\u00f6sung, die f\u00fcr Ihre Situation am besten funktioniert.  <\/p>\n<!-- \/wp:paragraph -->\n\n<!-- wp:heading {\"level\":3,\"textColor\":\"primary-blue\"} -->\n<h3 class=\"wp-block-heading has-primary-blue-color has-text-color\">Haben Sie Interesse oder eine Frage?<\/h3>\n<!-- \/wp:heading -->\n\n<!-- wp:paragraph -->\n<p>Hinterlassen Sie Ihre Daten und wir nehmen schnell Kontakt mit Ihnen auf.<\/p>\n<!-- \/wp:paragraph -->\n\n<!-- wp:gravityforms\/form {\"formId\":\"1\",\"title\":false,\"description\":false,\"inputPrimaryColor\":\"#204ce5\"} \/-->","vdh-section-pre-footer-right":"<!-- wp:paragraph -->\n<p\/>\n<!-- \/wp:paragraph -->","downloadable_documents":[],"footnotes":""},"class_list":["post-3139","page","type-page","status-publish","has-post-thumbnail","hentry"],"_links":{"self":[{"href":"https:\/\/vdhmachinery.com\/de\/wp-json\/wp\/v2\/pages\/3139","targetHints":{"allow":["GET"]}}],"collection":[{"href":"https:\/\/vdhmachinery.com\/de\/wp-json\/wp\/v2\/pages"}],"about":[{"href":"https:\/\/vdhmachinery.com\/de\/wp-json\/wp\/v2\/types\/page"}],"author":[{"embeddable":true,"href":"https:\/\/vdhmachinery.com\/de\/wp-json\/wp\/v2\/users\/2"}],"replies":[{"embeddable":true,"href":"https:\/\/vdhmachinery.com\/de\/wp-json\/wp\/v2\/comments?post=3139"}],"version-history":[{"count":2,"href":"https:\/\/vdhmachinery.com\/de\/wp-json\/wp\/v2\/pages\/3139\/revisions"}],"predecessor-version":[{"id":4004,"href":"https:\/\/vdhmachinery.com\/de\/wp-json\/wp\/v2\/pages\/3139\/revisions\/4004"}],"wp:featuredmedia":[{"embeddable":true,"href":"https:\/\/vdhmachinery.com\/de\/wp-json\/wp\/v2\/media\/4997"}],"wp:attachment":[{"href":"https:\/\/vdhmachinery.com\/de\/wp-json\/wp\/v2\/media?parent=3139"}],"curies":[{"name":"wp","href":"https:\/\/api.w.org\/{rel}","templated":true}]}}