{"id":5391,"date":"2026-04-17T13:13:48","date_gmt":"2026-04-17T11:13:48","guid":{"rendered":"https:\/\/vdhmachinery.com\/haftungsausschluss\/"},"modified":"2026-04-17T13:16:56","modified_gmt":"2026-04-17T11:16:56","slug":"haftungsausschluss","status":"publish","type":"page","link":"https:\/\/vdhmachinery.com\/de\/haftungsausschluss\/","title":{"rendered":"Haftungsausschluss"},"content":{"rendered":"\n\n<p>Diese \u00dcbersetzung wurde automatisch erstellt und kann Ungenauigkeiten enthalten. Die niederl\u00e4ndische Version ist ma\u00dfgeblich. <\/p>\n\n","protected":false},"excerpt":{"rendered":"","protected":false},"author":3,"featured_media":0,"parent":0,"menu_order":0,"comment_status":"closed","ping_status":"closed","template":"","meta":{"vdh-section-opener":"<!-- wp:paragraph --><p\/><!-- \/wp:paragraph -->","vdh-section-content":"<!-- wp:paragraph -->\n<p><\/p>\n<!-- \/wp:paragraph -->","vdh-section-sidebar":"<!-- wp:paragraph -->\n<p\/>\n<!-- \/wp:paragraph -->","vdh-section-extra-information":"<!-- wp:paragraph -->\n<p\/>\n<!-- \/wp:paragraph -->","vdh-section-pre-footer-left":"<!-- wp:paragraph -->\n<p\/>\n<!-- \/wp:paragraph -->","vdh-section-pre-footer-right":"<!-- wp:paragraph -->\n<p\/>\n<!-- \/wp:paragraph -->","downloadable_documents":[],"footnotes":""},"class_list":["post-5391","page","type-page","status-publish","hentry"],"_links":{"self":[{"href":"https:\/\/vdhmachinery.com\/de\/wp-json\/wp\/v2\/pages\/5391","targetHints":{"allow":["GET"]}}],"collection":[{"href":"https:\/\/vdhmachinery.com\/de\/wp-json\/wp\/v2\/pages"}],"about":[{"href":"https:\/\/vdhmachinery.com\/de\/wp-json\/wp\/v2\/types\/page"}],"author":[{"embeddable":true,"href":"https:\/\/vdhmachinery.com\/de\/wp-json\/wp\/v2\/users\/3"}],"replies":[{"embeddable":true,"href":"https:\/\/vdhmachinery.com\/de\/wp-json\/wp\/v2\/comments?post=5391"}],"version-history":[{"count":1,"href":"https:\/\/vdhmachinery.com\/de\/wp-json\/wp\/v2\/pages\/5391\/revisions"}],"predecessor-version":[{"id":5392,"href":"https:\/\/vdhmachinery.com\/de\/wp-json\/wp\/v2\/pages\/5391\/revisions\/5392"}],"wp:attachment":[{"href":"https:\/\/vdhmachinery.com\/de\/wp-json\/wp\/v2\/media?parent=5391"}],"curies":[{"name":"wp","href":"https:\/\/api.w.org\/{rel}","templated":true}]}}