{"id":3202,"date":"2025-10-28T13:18:38","date_gmt":"2025-10-28T13:18:38","guid":{"rendered":"https:\/\/vdhmachinery.com\/machines\/sennebogen-2200g-2\/"},"modified":"2026-02-03T10:11:22","modified_gmt":"2026-02-03T10:11:22","slug":"sennebogen-2200g-2","status":"publish","type":"product","link":"https:\/\/vdhmachinery.com\/de\/machines\/sennebogen-2200g-2\/","title":{"rendered":"Sennebogen 2200g"},"content":{"rendered":"\n\n<h2 class=\"wp-block-heading\"><strong>Leistungsstarke und vielseitige Performance<\/strong><\/h2>\n\n\n\n<p>Der <strong>Sennebogen 2200<\/strong> vereint Kraft, Pr\u00e4zision und Mobilit\u00e4t in einer robusten Maschine. Der Kran hat eine maximale Auslegerl\u00e4nge von <strong>59,7 Metern<\/strong> und ist f\u00fcr vielf\u00e4ltige Anwendungen konzipiert \u2013 vom Stahlbau \u00fcber den Tiefbau bis hin zu Fertigteil- und Wasserbauprojekten. Dank des starken Raupenantriebs bewegt sich der 2200 sicher und stabil \u00fcber jedes Gel\u00e4nde, auch mit Last am Haken.  <\/p>\n\n\n\n<p>Die Maschine zeichnet sich durch ihr <strong>schnelles Selbstmontagesystem<\/strong> aus, mit dem Ballast, Ausleger und Jib effizient ohne Hilfe von zus\u00e4tzlichen Kr\u00e4nen aufgebaut werden k\u00f6nnen. Dies macht den 2200 besonders geeignet f\u00fcr Bauunternehmer, die minimale Stillstandzeiten und maximale Einsatzbereitschaft anstreben. <\/p>\n\n\n\n<figure class=\"wp-block-gallery has-nested-images columns-default is-cropped splide wpcom-gallery wp-block-gallery-1 is-layout-flex wp-block-gallery-is-layout-flex\"><button type='button' class='close-btn'><svg xmlns=\"http:\/\/www.w3.org\/2000\/svg\" viewBox=\"0 0 640 640\"><path fill=\"#ffffff\" d=\"M320 576C461.4 576 576 461.4 576 320C576 178.6 461.4 64 320 64C178.6 64 64 178.6 64 320C64 461.4 178.6 576 320 576zM231 231C240.4 221.6 255.6 221.6 264.9 231L319.9 286L374.9 231C384.3 221.6 399.5 221.6 408.8 231C418.1 240.4 418.2 255.6 408.8 264.9L353.8 319.9L408.8 374.9C418.2 384.3 418.2 399.5 408.8 408.8C399.4 418.1 384.2 418.2 374.9 408.8L319.9 353.8L264.9 408.8C255.5 418.2 240.3 418.2 231 408.8C221.7 399.4 221.6 384.2 231 374.9L286 319.9L231 264.9C221.6 255.5 221.6 240.3 231 231z\"\/><\/svg><\/button><div class='splide__track'><div class='splide__list'> \n<figure class=\"wp-block-image splide__slide size-large\"><img loading=\"lazy\" decoding=\"async\" width=\"1024\" height=\"683\" data-id=\"1905\" src=\"https:\/\/vdhmachinery.com\/wp-content\/uploads\/2025\/10\/2200_e_r_wasserbau_niederlande_de_klerk_werkendam_2019_2_-1-1024x683.jpg\" alt=\"Sennebogen 2200 auf Ponton\" class=\"wp-image-1905\" srcset=\"https:\/\/vdhmachinery.com\/wp-content\/uploads\/2025\/10\/2200_e_r_wasserbau_niederlande_de_klerk_werkendam_2019_2_-1-1024x683.jpg 1024w, https:\/\/vdhmachinery.com\/wp-content\/uploads\/2025\/10\/2200_e_r_wasserbau_niederlande_de_klerk_werkendam_2019_2_-1-300x200.jpg 300w, https:\/\/vdhmachinery.com\/wp-content\/uploads\/2025\/10\/2200_e_r_wasserbau_niederlande_de_klerk_werkendam_2019_2_-1-768x512.jpg 768w, https:\/\/vdhmachinery.com\/wp-content\/uploads\/2025\/10\/2200_e_r_wasserbau_niederlande_de_klerk_werkendam_2019_2_-1-1536x1024.jpg 1536w, https:\/\/vdhmachinery.com\/wp-content\/uploads\/2025\/10\/2200_e_r_wasserbau_niederlande_de_klerk_werkendam_2019_2_-1.jpg 1920w\" sizes=\"auto, (max-width: 1024px) 100vw, 1024px\" \/><\/figure>\n\n\n\n<figure class=\"wp-block-image splide__slide size-large\"><img loading=\"lazy\" decoding=\"async\" width=\"1024\" height=\"780\" data-id=\"1908\" src=\"https:\/\/vdhmachinery.com\/wp-content\/uploads\/2025\/10\/2200_e_r_wasserbau_niederlande_de_klerk_werkendam_2019_4_-1-1024x780.jpg\" alt=\"Sennebogen 2200 auf Ponton Entfernung\" class=\"wp-image-1908\" srcset=\"https:\/\/vdhmachinery.com\/wp-content\/uploads\/2025\/10\/2200_e_r_wasserbau_niederlande_de_klerk_werkendam_2019_4_-1-1024x780.jpg 1024w, https:\/\/vdhmachinery.com\/wp-content\/uploads\/2025\/10\/2200_e_r_wasserbau_niederlande_de_klerk_werkendam_2019_4_-1-300x228.jpg 300w, https:\/\/vdhmachinery.com\/wp-content\/uploads\/2025\/10\/2200_e_r_wasserbau_niederlande_de_klerk_werkendam_2019_4_-1-768x585.jpg 768w, https:\/\/vdhmachinery.com\/wp-content\/uploads\/2025\/10\/2200_e_r_wasserbau_niederlande_de_klerk_werkendam_2019_4_-1-1536x1170.jpg 1536w, https:\/\/vdhmachinery.com\/wp-content\/uploads\/2025\/10\/2200_e_r_wasserbau_niederlande_de_klerk_werkendam_2019_4_-1-2048x1560.jpg 2048w\" sizes=\"auto, (max-width: 1024px) 100vw, 1024px\" \/><\/figure>\n\n\n\n<figure class=\"wp-block-image splide__slide size-large\"><img loading=\"lazy\" decoding=\"async\" width=\"768\" height=\"1024\" data-id=\"1911\" src=\"https:\/\/vdhmachinery.com\/wp-content\/uploads\/2025\/10\/2200_g_hebearbeiten_aegypten_2023_4_-1-768x1024.jpg\" alt=\"Sennebogen 2200 in der Werkstatt\" class=\"wp-image-1911\" srcset=\"https:\/\/vdhmachinery.com\/wp-content\/uploads\/2025\/10\/2200_g_hebearbeiten_aegypten_2023_4_-1-768x1024.jpg 768w, https:\/\/vdhmachinery.com\/wp-content\/uploads\/2025\/10\/2200_g_hebearbeiten_aegypten_2023_4_-1-225x300.jpg 225w, https:\/\/vdhmachinery.com\/wp-content\/uploads\/2025\/10\/2200_g_hebearbeiten_aegypten_2023_4_-1-1152x1536.jpg 1152w, https:\/\/vdhmachinery.com\/wp-content\/uploads\/2025\/10\/2200_g_hebearbeiten_aegypten_2023_4_-1.jpg 1200w\" sizes=\"auto, (max-width: 768px) 100vw, 768px\" \/><\/figure>\n\n\n\n<figure class=\"wp-block-image splide__slide size-large\"><img loading=\"lazy\" decoding=\"async\" width=\"1024\" height=\"683\" data-id=\"1914\" src=\"https:\/\/vdhmachinery.com\/wp-content\/uploads\/2025\/10\/2200_r_microtunneling_abu_dhabi_gulf_contractors_co._LLC_2019_8_-1024x683.jpg\" alt=\"Sennebogen 2200 in der Werkstatt Nahaufnahme\" class=\"wp-image-1914\" srcset=\"https:\/\/vdhmachinery.com\/wp-content\/uploads\/2025\/10\/2200_r_microtunneling_abu_dhabi_gulf_contractors_co._LLC_2019_8_-1024x683.jpg 1024w, https:\/\/vdhmachinery.com\/wp-content\/uploads\/2025\/10\/2200_r_microtunneling_abu_dhabi_gulf_contractors_co._LLC_2019_8_-300x200.jpg 300w, https:\/\/vdhmachinery.com\/wp-content\/uploads\/2025\/10\/2200_r_microtunneling_abu_dhabi_gulf_contractors_co._LLC_2019_8_-768x512.jpg 768w, https:\/\/vdhmachinery.com\/wp-content\/uploads\/2025\/10\/2200_r_microtunneling_abu_dhabi_gulf_contractors_co._LLC_2019_8_-1536x1024.jpg 1536w, https:\/\/vdhmachinery.com\/wp-content\/uploads\/2025\/10\/2200_r_microtunneling_abu_dhabi_gulf_contractors_co._LLC_2019_8_-2048x1365.jpg 2048w\" sizes=\"auto, (max-width: 1024px) 100vw, 1024px\" \/><\/figure>\n<\/figure>\n\n\n\n<h3 class=\"wp-block-heading\"><strong>Komfort und Bedienung<\/strong><\/h3>\n\n\n\n<p>Die ger\u00e4umige <strong>Maxcab-Kabine<\/strong> bietet eine ausgezeichnete Sicht und maximale Sicherheit. Die Kabine ist bis zu 20\u00b0 neigbar, um eine optimale Sicht bei Hebearbeiten in der H\u00f6he zu gew\u00e4hrleisten, und mit einer Klimaanlage f\u00fcr komfortable Arbeitsbedingungen ausgestattet. Die moderne <strong>SENCON-Bedienung<\/strong> macht die Bedienung intuitiv und pr\u00e4zise, mit einer klaren Anzeige aller Krandaten.  <\/p>\n\n\n\n<h3 class=\"wp-block-heading\"><strong>Effizient und umweltfreundlich<\/strong><\/h3>\n\n\n\n<p>Der 2200 wird von einem <strong>Stage V Cummins-Motor<\/strong> mit 168 kW angetrieben. Dieser Motor liefert nicht nur eine starke Leistung, sondern erf\u00fcllt auch die strengsten Emissionsnormen. Dank eines hydraulisch verstellbaren Raupenfahrwerks und einer Transportbreite von nur 3,5 Metern ist der Kran einfach zu transportieren und schnell an neuen Standorten einsatzbereit.  <\/p>\n\n\n\n<h3 class=\"wp-block-heading\"><strong>Wichtigste Spezifikationen<\/strong><\/h3>\n\n\n\n<ul class=\"wp-block-list\">\n<li><strong>Hubkraft:<\/strong> 80 t<\/li>\n\n\n\n<li><strong>Maximale Auslegerl\u00e4nge:<\/strong> 59,7 m<\/li>\n\n\n\n<li><strong>Motorleistung:<\/strong> 168 kW (Stage V)<\/li>\n\n\n\n<li><strong>Transportbreite:<\/strong> 3,5 m<\/li>\n\n\n\n<li><strong>Selbstmontagesystem:<\/strong> ja<\/li>\n\n\n\n<li><strong>Maxcab-Kabine:<\/strong> neigbar, ergonomisch und ger\u00e4umig<\/li>\n\n\n\n<li><strong>Einsatz:<\/strong> Bau, Industrie, Fundament und Wasserbau<\/li>\n<\/ul>\n\n\n\n<p>Der <strong>Sennebogen 2200<\/strong> bietet alles, was moderne Bauunternehmer ben\u00f6tigen: Kraft, Stabilit\u00e4t, Effizienz und Benutzerfreundlichkeit in einer zuverl\u00e4ssigen Maschine.<\/p>\n\n","protected":false},"featured_media":2226,"template":"","meta":{"vdh-section-opener":"<!-- wp:paragraph -->\n<p>Der <strong>Sennebogen 2200<\/strong> ist ein vielseitiger Raupenkran mit einer Hubkraft von 80 Tonnen. Dank seines kompakten Designs, der schnellen Montage und der starken Leistung ist dieser Kran perfekt f\u00fcr Bau-, Industrie- und Fundamentarbeiten geeignet, wo Zuverl\u00e4ssigkeit und Flexibilit\u00e4t unerl\u00e4sslich sind. <\/p>\n<!-- \/wp:paragraph -->","vdh-section-content":"<!-- wp:paragraph -->\n<p><\/p>\n<!-- \/wp:paragraph -->","vdh-section-sidebar":"<!-- wp:paragraph -->\n<p\/>\n<!-- \/wp:paragraph -->","vdh-section-extra-information":"<!-- wp:paragraph -->\n<p\/>\n<!-- \/wp:paragraph -->","vdh-section-pre-footer-left":"<!-- wp:heading -->\n<h2 class=\"wp-block-heading\">Mehr Informationen<\/h2>\n<!-- \/wp:heading -->\n\n<!-- wp:paragraph -->\n<p>Unsere Spezialisten denken gerne mit Ihnen mit \u2013 ob Sie sich auf Leistung, Nachhaltigkeit oder eine spezifische Anwendung konzentrieren. Wir kombinieren technisches Wissen mit praktischer Erfahrung und einer n\u00fcchternen Herangehensweise. So kommen wir gemeinsam zu der L\u00f6sung, die f\u00fcr Ihre Situation am besten funktioniert.  <\/p>\n<!-- \/wp:paragraph -->\n\n<!-- wp:heading {\"level\":3,\"textColor\":\"primary-blue\"} -->\n<h3 class=\"wp-block-heading has-primary-blue-color has-text-color\">Haben Sie Interesse oder eine Frage?<\/h3>\n<!-- \/wp:heading -->\n\n<!-- wp:paragraph -->\n<p>Hinterlassen Sie Ihre Daten und wir nehmen schnell Kontakt mit Ihnen auf.<\/p>\n<!-- \/wp:paragraph -->\n\n<!-- wp:gravityforms\/form {\"formId\":\"1\",\"title\":false,\"description\":false,\"inputPrimaryColor\":\"#204ce5\"} \/-->","vdh-section-pre-footer-right":"<!-- wp:vdh\/employee-block {\"employeeId\":160} \/-->\n\n<!-- wp:vdh\/employee-block {\"employeeId\":161} \/-->","downloadable_documents":[1918,1921],"variation_drive_diesel":true,"variation_drive_electric":false,"variation_drive_battery":false,"variation_undercarriage_mobile":false,"variation_undercarriage_track":true,"is_new_product":false,"vdh_order":90},"product_cat":[74],"class_list":["post-3202","product","type-product","status-publish","has-post-thumbnail","hentry","product_cat-gittermastkrane"],"_links":{"self":[{"href":"https:\/\/vdhmachinery.com\/de\/wp-json\/wp\/v2\/product\/3202","targetHints":{"allow":["GET"]}}],"collection":[{"href":"https:\/\/vdhmachinery.com\/de\/wp-json\/wp\/v2\/product"}],"about":[{"href":"https:\/\/vdhmachinery.com\/de\/wp-json\/wp\/v2\/types\/product"}],"wp:featuredmedia":[{"embeddable":true,"href":"https:\/\/vdhmachinery.com\/de\/wp-json\/wp\/v2\/media\/2226"}],"wp:attachment":[{"href":"https:\/\/vdhmachinery.com\/de\/wp-json\/wp\/v2\/media?parent=3202"}],"wp:term":[{"taxonomy":"product_cat","embeddable":true,"href":"https:\/\/vdhmachinery.com\/de\/wp-json\/wp\/v2\/product_cat?post=3202"}],"curies":[{"name":"wp","href":"https:\/\/api.w.org\/{rel}","templated":true}]}}