{"id":3205,"date":"2025-11-26T09:43:25","date_gmt":"2025-11-26T09:43:25","guid":{"rendered":"https:\/\/vdhmachinery.com\/machines\/sennebogen-6113e\/"},"modified":"2026-02-09T13:46:27","modified_gmt":"2026-02-09T13:46:27","slug":"sennebogen-6113e","status":"publish","type":"product","link":"https:\/\/vdhmachinery.com\/de\/machines\/sennebogen-6113e\/","title":{"rendered":"Sennebogen 6113e"},"content":{"rendered":"\n\n\n\n<h2 class=\"wp-block-heading\">Das multifunktionale Kraftpaket<\/h2>\n\n\n\n<p>Der <strong>Sennebogen 6113<\/strong> ist ein <strong>120-Tonnen-Raupen-Teleskopkran<\/strong>, der f\u00fcr maximale Flexibilit\u00e4t, Mobilit\u00e4t und Kraft auf jeder Baustelle entwickelt wurde. Dank der robusten Konstruktion, der hochwertigen Komponenten und des stufenlos teleskopierbaren <strong>Full-Power-Auslegers<\/strong> eignet sich diese Maschine hervorragend f\u00fcr Hebearbeiten, Industriemontage sowie Pick-and-Carry-Anwendungen.<\/p>\n\n\n\n<p>Die Maschine zeichnet sich durch vielf\u00e4ltige Arbeiten aus, vom Tiefbau \u00fcber die Fertigteilmontage bis hin zu Arbeiten im Spezialtiefbau. Der 6113 kann sogar mit <strong>100 % Last fahren<\/strong>, was ihn zu einem zuverl\u00e4ssigen und vielseitigen Arbeitstier macht. <\/p>\n\n\n\n<h2 class=\"wp-block-heading\">Merkmale<\/h2>\n\n\n\n<ul class=\"wp-block-list\">\n<li><strong>120 Tonnen maximale Tragf\u00e4higkeit<\/strong><br>Ein leistungsstarker Teleskopkran, der schwere Lasten m\u00fchelos bew\u00e4ltigt.<\/li>\n\n\n\n<li><strong>Full-Power-Ausleger \u2013 Teleskopieren unter Last<\/strong><br>Der 4-teilige Teleskopausleger (12,6 \u2013 40,2 m) kann <strong>stufenlos unter Last<\/strong> ausgefahren werden, ohne vorher Auslegerl\u00e4nge oder Lastklassifizierung einzustellen.<\/li>\n\n\n\n<li><strong>Maximale Auslegerl\u00e4nge bis zu 67 Meter<\/strong><br>Mit 6 m oder 12 m HAV-Auslegerverl\u00e4ngerung und 8 m oder 15 m Klappspitze sind Auslegerkombinationen bis zu <strong>67 Meter<\/strong> m\u00f6glich.<\/li>\n\n\n\n<li><strong>Pick &amp; Carry bis 100 %<\/strong><br>Ideal f\u00fcr industrielle Verlagerungen, Fertigteilelemente und unwegsames Gel\u00e4nde.<\/li>\n\n\n\n<li><strong>20\u00b0 neigbare Maxcab \u2013 optional bis 30\u00b0 + 2,7 m H\u00f6henverstellung<\/strong><br>Der Bediener hat dank der gro\u00dfen Glasfl\u00e4che, der ergonomischen Bedienung und eines komfortablen Arbeitsplatzes immer perfekte Sicht.<\/li>\n\n\n\n<li><strong>Selbstmontagesystem<\/strong><br>Der Kran baut sich ohne Hilfskran selbst auf \u2013 inklusive Ballast und Raupen.<\/li>\n\n\n\n<li><strong>Starke, teleskopische Raupen<\/strong><br>Hydraulisch ausfahrbares Fahrwerk f\u00fcr maximale Stabilit\u00e4t und Mobilit\u00e4t.<\/li>\n<\/ul>\n\n\n\n<h2 class=\"wp-block-heading\">Leistung &amp; technische Daten<\/h2>\n\n\n\n<h3 class=\"wp-block-heading\"><strong>Motor<\/strong><\/h3>\n\n\n\n<ul class=\"wp-block-list\">\n<li>Cummins B6.7 Stage V<\/li>\n\n\n\n<li>Leistung: 168\u2013186 kW<\/li>\n\n\n\n<li>ECO-Modus und geringe Emissionen<\/li>\n\n\n\n<li>450 Liter Kraftstofftank, 45 Liter DEF-Tank<\/li>\n<\/ul>\n\n\n\n<h3 class=\"wp-block-heading\"><strong>Hydrauliksystem<\/strong><\/h3>\n\n\n\n<ul class=\"wp-block-list\">\n<li>Load-Sensing \/ LUDV<\/li>\n\n\n\n<li>Max. F\u00f6rdermenge 500 l\/min<\/li>\n\n\n\n<li>Arbeitsdruck bis 330 bar<\/li>\n\n\n\n<li>Hochwertige Filterung und wartungsfreundliches Design<\/li>\n<\/ul>\n\n\n\n<h3 class=\"wp-block-heading\"><strong>Winden<\/strong><\/h3>\n\n\n\n<ul class=\"wp-block-list\">\n<li>Zug-\/Haltekraft: 125 kN<\/li>\n\n\n\n<li>Geschwindigkeit: 0\u2013115 m\/min<\/li>\n\n\n\n<li>Kabeldurchmesser: 26 mm<\/li>\n\n\n\n<li>Optional: zweite Winde<\/li>\n<\/ul>\n\n\n\n<h3 class=\"wp-block-heading\"><strong>Gewichte<\/strong><\/h3>\n\n\n\n<ul class=\"wp-block-list\">\n<li>Betriebsgewicht: ca. 113.400 kg (abh\u00e4ngig von der Konfiguration)<\/li>\n\n\n\n<li>Ballast: 33.000 kg<\/li>\n<\/ul>\n\n\n\n<h2 class=\"wp-block-heading\"><strong>Auslegerkonfigurationen<\/strong><\/h2>\n\n\n\n<h3 class=\"wp-block-heading\"><strong>Standard-Teleskopausleger<\/strong><\/h3>\n\n\n\n<ul class=\"wp-block-list\">\n<li>12,6 \u2013 40,2 Meter, vollhydraulisch, stufenlos unter Last ausfahrbar<\/li>\n<\/ul>\n\n\n\n<h3 class=\"wp-block-heading\"><strong>Optionale Konfigurationen<\/strong><\/h3>\n\n\n\n<ul class=\"wp-block-list\">\n<li><strong>HAV-Auslegerverl\u00e4ngerung:<\/strong> 6 m oder 12 m<\/li>\n\n\n\n<li><strong>Klappspitzen:<\/strong>\n<ul class=\"wp-block-list\">\n<li>8 m (einstellbar auf 0\u00b0, 20\u00b0 oder 40\u00b0)<\/li>\n\n\n\n<li>15 m Klappspitze (mit 8 m Basis)<\/li>\n<\/ul>\n<\/li>\n\n\n\n<li><strong>Heavy-Duty-Jib:<\/strong> 36 Tonnen<\/li>\n\n\n\n<li><strong>Hilfsspitze:<\/strong> 12,5 Tonnen<\/li>\n<\/ul>\n\n\n\n<h2 class=\"wp-block-heading\"><strong>Transport &amp; Montage<\/strong><\/h2>\n\n\n\n<p>Der Sennebogen 6113 ist f\u00fcr einfachen Transport und schnellen Einsatz konzipiert:<\/p>\n\n\n\n<h3 class=\"wp-block-heading\"><strong>Transportbreiten<\/strong><\/h3>\n\n\n\n<ul class=\"wp-block-list\">\n<li>Ohne Raupen: ca. 3,0 m<\/li>\n\n\n\n<li>Mit Raupen: ca. 3,95\u20133,97 m<\/li>\n<\/ul>\n\n\n\n<h3 class=\"wp-block-heading\"><strong>Selbstmontage<\/strong><\/h3>\n\n\n\n<ul class=\"wp-block-list\">\n<li>Schneller Aufbau ohne Hilfskran<\/li>\n\n\n\n<li>Montage von Ballast und Raupen mit eingebautem Selbstmontagesystem<\/li>\n\n\n\n<li>Einfacher Transport in Segmenten<\/li>\n<\/ul>\n\n\n\n<h2 class=\"wp-block-heading\"><strong>Kabine &amp; Bedienung<\/strong><\/h2>\n\n\n\n<ul class=\"wp-block-list\">\n<li>Maxcab, standardm\u00e4\u00dfig 20\u00b0 neigbar<\/li>\n\n\n\n<li>Optionale Erh\u00f6hung auf 5,65 Meter Augenh\u00f6he<\/li>\n\n\n\n<li>Ergonomische Bedienelemente und Joysticks<\/li>\n\n\n\n<li>Komfortsitz mit Heizung<\/li>\n\n\n\n<li>Gro\u00dfe Glasfl\u00e4che f\u00fcr hervorragende Sicht<\/li>\n\n\n\n<li>Ger\u00e4uscharme Kabine mit automatischer Klimaanlage<\/li>\n\n\n\n<li>Ausgezeichnete Sicherheit dank Kameras und \u00fcbersichtlicher Anordnung<\/li>\n<\/ul>\n\n\n\n<h2 class=\"wp-block-heading\"><strong>Anwendungen<\/strong><\/h2>\n\n\n\n<p>Der Sennebogen 6113 wird unter anderem in folgenden Bereichen breit eingesetzt:<\/p>\n\n\n\n<ul class=\"wp-block-list\">\n<li>Tiefbau<\/li>\n\n\n\n<li>Fundamentarbeiten<\/li>\n\n\n\n<li>Fertigteilmontage aus Beton und Stahl<\/li>\n\n\n\n<li>Industrielles Versetzen und Montieren<\/li>\n\n\n\n<li>Hafenbau und Umschlag<\/li>\n\n\n\n<li>Schwere Pick-and-Carry-Arbeiten<\/li>\n<\/ul>\n\n\n\n\n\n\n\n\n\n","protected":false},"featured_media":2879,"template":"","meta":{"vdh-section-opener":"<!-- wp:paragraph -->\n<p>Der <strong>Sennebogen 6113<\/strong> ist ein vielseitiger 120-Tonnen- Raupen-Teleskopkran, der f\u00fcr Kraft, Flexibilit\u00e4t und Effizienz auf jeder Baustelle entwickelt wurde. Mit einem unter Last teleskopierbaren Ausleger, hervorragender Mobilit\u00e4t und hoher Stabilit\u00e4t bietet dieser Kran maximale Leistung in unterschiedlichsten Anwendungen.<\/p>\n<!-- \/wp:paragraph -->","vdh-section-content":"<!-- wp:heading -->\n<h2 class=\"wp-block-heading\">Das multifunktionale Kraftpaket<\/h2>\n<!-- \/wp:heading -->\n\n<!-- wp:paragraph -->\n<p>Der <strong>Sennebogen 6113<\/strong> ist ein <strong>120-Tonnen-Raupen-Teleskopkran<\/strong>, der f\u00fcr maximale Flexibilit\u00e4t, Mobilit\u00e4t und Kraft auf jeder Baustelle entwickelt wurde. Dank der robusten Konstruktion, der hochwertigen Komponenten und des stufenlos teleskopierbaren <strong>Full-Power-Auslegers<\/strong> eignet sich diese Maschine hervorragend f\u00fcr Hebearbeiten, Industriemontage sowie Pick-and-Carry-Anwendungen.<\/p>\n<!-- \/wp:paragraph -->\n\n<!-- wp:paragraph -->\n<p>Die Maschine zeichnet sich durch vielf\u00e4ltige Arbeiten aus, vom Tiefbau \u00fcber die Fertigteilmontage bis hin zu Arbeiten im Spezialtiefbau. Der 6113 kann sogar mit <strong>100 % Last fahren<\/strong>, was ihn zu einem zuverl\u00e4ssigen und vielseitigen Arbeitstier macht. <\/p>\n<!-- \/wp:paragraph -->\n\n<!-- wp:heading -->\n<h2 class=\"wp-block-heading\">Merkmale<\/h2>\n<!-- \/wp:heading -->\n\n<!-- wp:list -->\n<ul class=\"wp-block-list\"><!-- wp:list-item -->\n<li><strong>120 Tonnen maximale Tragf\u00e4higkeit<\/strong><br>Ein leistungsstarker Teleskopkran, der schwere Lasten m\u00fchelos bew\u00e4ltigt.<\/li>\n<!-- \/wp:list-item -->\n\n<!-- wp:list-item -->\n<li><strong>Full-Power-Ausleger \u2013 Teleskopieren unter Last<\/strong><br>Der 4-teilige Teleskopausleger (12,6 \u2013 40,2 m) kann <strong>stufenlos unter Last<\/strong> ausgefahren werden, ohne vorher Auslegerl\u00e4nge oder Lastklassifizierung einzustellen.<\/li>\n<!-- \/wp:list-item -->\n\n<!-- wp:list-item -->\n<li><strong>Maximale Auslegerl\u00e4nge bis zu 67 Meter<\/strong><br>Mit 6 m oder 12 m HAV-Auslegerverl\u00e4ngerung und 8 m oder 15 m Klappspitze sind Auslegerkombinationen bis zu <strong>67 Meter<\/strong> m\u00f6glich.<\/li>\n<!-- \/wp:list-item -->\n\n<!-- wp:list-item -->\n<li><strong>Pick &amp; Carry bis 100 %<\/strong><br>Ideal f\u00fcr industrielle Verlagerungen, Fertigteilelemente und unwegsames Gel\u00e4nde.<\/li>\n<!-- \/wp:list-item -->\n\n<!-- wp:list-item -->\n<li><strong>20\u00b0 neigbare Maxcab \u2013 optional bis 30\u00b0 + 2,7 m H\u00f6henverstellung<\/strong><br>Der Bediener hat dank der gro\u00dfen Glasfl\u00e4che, der ergonomischen Bedienung und eines komfortablen Arbeitsplatzes immer perfekte Sicht.<\/li>\n<!-- \/wp:list-item -->\n\n<!-- wp:list-item -->\n<li><strong>Selbstmontagesystem<\/strong><br>Der Kran baut sich ohne Hilfskran selbst auf \u2013 inklusive Ballast und Raupen.<\/li>\n<!-- \/wp:list-item -->\n\n<!-- wp:list-item -->\n<li><strong>Starke, teleskopische Raupen<\/strong><br>Hydraulisch ausfahrbares Fahrwerk f\u00fcr maximale Stabilit\u00e4t und Mobilit\u00e4t.<\/li>\n<!-- \/wp:list-item --><\/ul>\n<!-- \/wp:list -->\n\n<!-- wp:heading -->\n<h2 class=\"wp-block-heading\">Leistung &amp; technische Daten<\/h2>\n<!-- \/wp:heading -->\n\n<!-- wp:heading {\"level\":3} -->\n<h3 class=\"wp-block-heading\"><strong>Motor<\/strong><\/h3>\n<!-- \/wp:heading -->\n\n<!-- wp:list -->\n<ul class=\"wp-block-list\"><!-- wp:list-item -->\n<li>Cummins B6.7 Stage V<\/li>\n<!-- \/wp:list-item -->\n\n<!-- wp:list-item -->\n<li>Leistung: 168\u2013186 kW<\/li>\n<!-- \/wp:list-item -->\n\n<!-- wp:list-item -->\n<li>ECO-Modus und geringe Emissionen<\/li>\n<!-- \/wp:list-item -->\n\n<!-- wp:list-item -->\n<li>450 Liter Kraftstofftank, 45 Liter DEF-Tank<\/li>\n<!-- \/wp:list-item --><\/ul>\n<!-- \/wp:list -->\n\n<!-- wp:heading {\"level\":3} -->\n<h3 class=\"wp-block-heading\"><strong>Hydrauliksystem<\/strong><\/h3>\n<!-- \/wp:heading -->\n\n<!-- wp:list -->\n<ul class=\"wp-block-list\"><!-- wp:list-item -->\n<li>Load-Sensing \/ LUDV<\/li>\n<!-- \/wp:list-item -->\n\n<!-- wp:list-item -->\n<li>Max. F\u00f6rdermenge 500 l\/min<\/li>\n<!-- \/wp:list-item -->\n\n<!-- wp:list-item -->\n<li>Arbeitsdruck bis 330 bar<\/li>\n<!-- \/wp:list-item -->\n\n<!-- wp:list-item -->\n<li>Hochwertige Filterung und wartungsfreundliches Design<\/li>\n<!-- \/wp:list-item --><\/ul>\n<!-- \/wp:list -->\n\n<!-- wp:heading {\"level\":3} -->\n<h3 class=\"wp-block-heading\"><strong>Winden<\/strong><\/h3>\n<!-- \/wp:heading -->\n\n<!-- wp:list -->\n<ul class=\"wp-block-list\"><!-- wp:list-item -->\n<li>Zug-\/Haltekraft: 125 kN<\/li>\n<!-- \/wp:list-item -->\n\n<!-- wp:list-item -->\n<li>Geschwindigkeit: 0\u2013115 m\/min<\/li>\n<!-- \/wp:list-item -->\n\n<!-- wp:list-item -->\n<li>Kabeldurchmesser: 26 mm<\/li>\n<!-- \/wp:list-item -->\n\n<!-- wp:list-item -->\n<li>Optional: zweite Winde<\/li>\n<!-- \/wp:list-item --><\/ul>\n<!-- \/wp:list -->\n\n<!-- wp:heading {\"level\":3} -->\n<h3 class=\"wp-block-heading\"><strong>Gewichte<\/strong><\/h3>\n<!-- \/wp:heading -->\n\n<!-- wp:list -->\n<ul class=\"wp-block-list\"><!-- wp:list-item -->\n<li>Betriebsgewicht: ca. 113.400 kg (abh\u00e4ngig von der Konfiguration)<\/li>\n<!-- \/wp:list-item -->\n\n<!-- wp:list-item -->\n<li>Ballast: 33.000 kg<\/li>\n<!-- \/wp:list-item --><\/ul>\n<!-- \/wp:list -->\n\n<!-- wp:heading -->\n<h2 class=\"wp-block-heading\"><strong>Auslegerkonfigurationen<\/strong><\/h2>\n<!-- \/wp:heading -->\n\n<!-- wp:heading {\"level\":3} -->\n<h3 class=\"wp-block-heading\"><strong>Standard-Teleskopausleger<\/strong><\/h3>\n<!-- \/wp:heading -->\n\n<!-- wp:list -->\n<ul class=\"wp-block-list\"><!-- wp:list-item -->\n<li>12,6 \u2013 40,2 Meter, vollhydraulisch, stufenlos unter Last ausfahrbar<\/li>\n<!-- \/wp:list-item --><\/ul>\n<!-- \/wp:list -->\n\n<!-- wp:heading {\"level\":3} -->\n<h3 class=\"wp-block-heading\"><strong>Optionale Konfigurationen<\/strong><\/h3>\n<!-- \/wp:heading -->\n\n<!-- wp:list -->\n<ul class=\"wp-block-list\"><!-- wp:list-item -->\n<li><strong>HAV-Auslegerverl\u00e4ngerung:<\/strong> 6 m oder 12 m<\/li>\n<!-- \/wp:list-item -->\n\n<!-- wp:list-item -->\n<li><strong>Klappspitzen:<\/strong><!-- wp:list -->\n<ul class=\"wp-block-list\"><!-- wp:list-item -->\n<li>8 m (einstellbar auf 0\u00b0, 20\u00b0 oder 40\u00b0)<\/li>\n<!-- \/wp:list-item -->\n\n<!-- wp:list-item -->\n<li>15 m Klappspitze (mit 8 m Basis)<\/li>\n<!-- \/wp:list-item --><\/ul>\n<!-- \/wp:list --><\/li>\n<!-- \/wp:list-item -->\n\n<!-- wp:list-item -->\n<li><strong>Heavy-Duty-Jib:<\/strong> 36 Tonnen<\/li>\n<!-- \/wp:list-item -->\n\n<!-- wp:list-item -->\n<li><strong>Hilfsspitze:<\/strong> 12,5 Tonnen<\/li>\n<!-- \/wp:list-item --><\/ul>\n<!-- \/wp:list -->\n\n<!-- wp:heading -->\n<h2 class=\"wp-block-heading\"><strong>Transport &amp; Montage<\/strong><\/h2>\n<!-- \/wp:heading -->\n\n<!-- wp:paragraph -->\n<p>Der Sennebogen 6113 ist f\u00fcr einfachen Transport und schnellen Einsatz konzipiert:<\/p>\n<!-- \/wp:paragraph -->\n\n<!-- wp:heading {\"level\":3} -->\n<h3 class=\"wp-block-heading\"><strong>Transportbreiten<\/strong><\/h3>\n<!-- \/wp:heading -->\n\n<!-- wp:list -->\n<ul class=\"wp-block-list\"><!-- wp:list-item -->\n<li>Ohne Raupen: ca. 3,0 m<\/li>\n<!-- \/wp:list-item -->\n\n<!-- wp:list-item -->\n<li>Mit Raupen: ca. 3,95\u20133,97 m<\/li>\n<!-- \/wp:list-item --><\/ul>\n<!-- \/wp:list -->\n\n<!-- wp:heading {\"level\":3} -->\n<h3 class=\"wp-block-heading\"><strong>Selbstmontage<\/strong><\/h3>\n<!-- \/wp:heading -->\n\n<!-- wp:list -->\n<ul class=\"wp-block-list\"><!-- wp:list-item -->\n<li>Schneller Aufbau ohne Hilfskran<\/li>\n<!-- \/wp:list-item -->\n\n<!-- wp:list-item -->\n<li>Montage von Ballast und Raupen mit eingebautem Selbstmontagesystem<\/li>\n<!-- \/wp:list-item -->\n\n<!-- wp:list-item -->\n<li>Einfacher Transport in Segmenten<\/li>\n<!-- \/wp:list-item --><\/ul>\n<!-- \/wp:list -->\n\n<!-- wp:heading -->\n<h2 class=\"wp-block-heading\"><strong>Kabine &amp; Bedienung<\/strong><\/h2>\n<!-- \/wp:heading -->\n\n<!-- wp:list -->\n<ul class=\"wp-block-list\"><!-- wp:list-item -->\n<li>Maxcab, standardm\u00e4\u00dfig 20\u00b0 neigbar<\/li>\n<!-- \/wp:list-item -->\n\n<!-- wp:list-item -->\n<li>Optionale Erh\u00f6hung auf 5,65 Meter Augenh\u00f6he<\/li>\n<!-- \/wp:list-item -->\n\n<!-- wp:list-item -->\n<li>Ergonomische Bedienelemente und Joysticks<\/li>\n<!-- \/wp:list-item -->\n\n<!-- wp:list-item -->\n<li>Komfortsitz mit Heizung<\/li>\n<!-- \/wp:list-item -->\n\n<!-- wp:list-item -->\n<li>Gro\u00dfe Glasfl\u00e4che f\u00fcr hervorragende Sicht<\/li>\n<!-- \/wp:list-item -->\n\n<!-- wp:list-item -->\n<li>Ger\u00e4uscharme Kabine mit automatischer Klimaanlage<\/li>\n<!-- \/wp:list-item -->\n\n<!-- wp:list-item -->\n<li>Ausgezeichnete Sicherheit dank Kameras und \u00fcbersichtlicher Anordnung<\/li>\n<!-- \/wp:list-item --><\/ul>\n<!-- \/wp:list -->\n\n<!-- wp:heading -->\n<h2 class=\"wp-block-heading\"><strong>Anwendungen<\/strong><\/h2>\n<!-- \/wp:heading -->\n\n<!-- wp:paragraph -->\n<p>Der Sennebogen 6113 wird unter anderem in folgenden Bereichen breit eingesetzt:<\/p>\n<!-- \/wp:paragraph -->\n\n<!-- wp:list -->\n<ul class=\"wp-block-list\"><!-- wp:list-item -->\n<li>Tiefbau<\/li>\n<!-- \/wp:list-item -->\n\n<!-- wp:list-item -->\n<li>Fundamentarbeiten<\/li>\n<!-- \/wp:list-item -->\n\n<!-- wp:list-item -->\n<li>Fertigteilmontage aus Beton und Stahl<\/li>\n<!-- \/wp:list-item -->\n\n<!-- wp:list-item -->\n<li>Industrielles Versetzen und Montieren<\/li>\n<!-- \/wp:list-item -->\n\n<!-- wp:list-item -->\n<li>Hafenbau und Umschlag<\/li>\n<!-- \/wp:list-item -->\n\n<!-- wp:list-item -->\n<li>Schwere Pick-and-Carry-Arbeiten<\/li>\n<!-- \/wp:list-item --><\/ul>\n<!-- \/wp:list -->","vdh-section-sidebar":"<!-- wp:paragraph -->\n<p\/>\n<!-- \/wp:paragraph -->","vdh-section-extra-information":"<!-- wp:paragraph -->\n<p\/>\n<!-- \/wp:paragraph -->","vdh-section-pre-footer-left":"<!-- wp:heading -->\n<h2 class=\"wp-block-heading\">Mehr Informationen<\/h2>\n<!-- \/wp:heading -->\n\n<!-- wp:paragraph -->\n<p>Unsere Spezialisten denken gerne mit Ihnen mit \u2013 ob Sie sich auf Leistung, Nachhaltigkeit oder eine spezifische Anwendung konzentrieren. Wir kombinieren technisches Wissen mit praktischer Erfahrung und einer n\u00fcchternen Herangehensweise. So kommen wir gemeinsam zu der L\u00f6sung, die f\u00fcr Ihre Situation am besten funktioniert.  <\/p>\n<!-- \/wp:paragraph -->\n\n<!-- wp:heading {\"level\":3,\"textColor\":\"primary-blue\"} -->\n<h3 class=\"wp-block-heading has-primary-blue-color has-text-color\">Haben Sie Interesse oder eine Frage?<\/h3>\n<!-- \/wp:heading -->\n\n<!-- wp:paragraph -->\n<p>Hinterlassen Sie Ihre Daten und wir nehmen schnell Kontakt mit Ihnen auf.<\/p>\n<!-- \/wp:paragraph -->\n\n<!-- wp:gravityforms\/form {\"formId\":\"1\",\"title\":false,\"description\":false,\"inputPrimaryColor\":\"#204ce5\"} \/-->","vdh-section-pre-footer-right":"<!-- wp:paragraph -->\n<p><\/p>\n<!-- \/wp:paragraph -->","downloadable_documents":[],"variation_drive_diesel":true,"variation_drive_electric":false,"variation_drive_battery":false,"variation_undercarriage_mobile":false,"variation_undercarriage_track":true,"is_new_product":false,"vdh_order":34},"product_cat":[72],"class_list":["post-3205","product","type-product","status-publish","has-post-thumbnail","hentry","product_cat-teleskopkrane"],"_links":{"self":[{"href":"https:\/\/vdhmachinery.com\/de\/wp-json\/wp\/v2\/product\/3205","targetHints":{"allow":["GET"]}}],"collection":[{"href":"https:\/\/vdhmachinery.com\/de\/wp-json\/wp\/v2\/product"}],"about":[{"href":"https:\/\/vdhmachinery.com\/de\/wp-json\/wp\/v2\/types\/product"}],"wp:featuredmedia":[{"embeddable":true,"href":"https:\/\/vdhmachinery.com\/de\/wp-json\/wp\/v2\/media\/2879"}],"wp:attachment":[{"href":"https:\/\/vdhmachinery.com\/de\/wp-json\/wp\/v2\/media?parent=3205"}],"wp:term":[{"taxonomy":"product_cat","embeddable":true,"href":"https:\/\/vdhmachinery.com\/de\/wp-json\/wp\/v2\/product_cat?post=3205"}],"curies":[{"name":"wp","href":"https:\/\/api.w.org\/{rel}","templated":true}]}}