{"id":3208,"date":"2025-10-10T11:34:39","date_gmt":"2025-10-10T11:34:39","guid":{"rendered":"https:\/\/vdhmachinery.com\/machines\/ausleger-runner\/"},"modified":"2026-02-03T10:19:13","modified_gmt":"2026-02-03T10:19:13","slug":"ausleger-runner","status":"publish","type":"product","link":"https:\/\/vdhmachinery.com\/de\/machines\/ausleger-runner\/","title":{"rendered":"Ausleger &amp; Runner"},"content":{"rendered":"\n\n<p>Die Kombination aus einem <strong>Jib<\/strong> (Verl\u00e4ngerungsarm) und <strong>Runner<\/strong> (linearer F\u00fchrung) erm\u00f6glicht es, den Arbeitsabstand horizontal oder vertikal zu vergr\u00f6\u00dfern. Dadurch sind schwer zug\u00e4ngliche Stellen zug\u00e4nglich, ohne die Maschine verstellen zu m\u00fcssen. Diese Anpassung erh\u00f6ht die Produktivit\u00e4t und erweitert die Einsatzm\u00f6glichkeiten erheblich.  <\/p>\n\n","protected":false},"featured_media":1752,"template":"","meta":{"vdh-section-opener":"<!-- wp:paragraph -->\n<p>Zus\u00e4tzliche Reichweite in H\u00f6he und L\u00e4nge<\/p>\n<!-- \/wp:paragraph -->","vdh-section-content":"<!-- wp:paragraph -->\n<p><\/p>\n<!-- \/wp:paragraph -->","vdh-section-sidebar":"<!-- wp:paragraph -->\n<p\/>\n<!-- \/wp:paragraph -->","vdh-section-extra-information":"<!-- wp:paragraph -->\n<p\/>\n<!-- \/wp:paragraph -->","vdh-section-pre-footer-left":"<!-- wp:heading -->\n<h2 class=\"wp-block-heading\">Mehr Informationen<\/h2>\n<!-- \/wp:heading -->\n\n<!-- wp:paragraph -->\n<p>Unsere Spezialisten denken gerne mit Ihnen mit \u2013 ob Sie sich auf Leistung, Nachhaltigkeit oder eine spezifische Anwendung konzentrieren. Wir kombinieren technisches Wissen mit praktischer Erfahrung und einer n\u00fcchternen Herangehensweise. So kommen wir gemeinsam zu der L\u00f6sung, die f\u00fcr Ihre Situation am besten funktioniert.  <\/p>\n<!-- \/wp:paragraph -->\n\n<!-- wp:heading {\"level\":3,\"textColor\":\"primary-blue\"} -->\n<h3 class=\"wp-block-heading has-primary-blue-color has-text-color\">Haben Sie Interesse oder eine Frage?<\/h3>\n<!-- \/wp:heading -->\n\n<!-- wp:paragraph -->\n<p>Hinterlassen Sie Ihre Daten und wir nehmen schnell Kontakt mit Ihnen auf.<\/p>\n<!-- \/wp:paragraph -->\n\n<!-- wp:gravityforms\/form {\"formId\":\"1\",\"title\":false,\"description\":false,\"inputPrimaryColor\":\"#204ce5\"} \/-->","vdh-section-pre-footer-right":"<!-- wp:vdh\/employee-block {\"employeeId\":159} \/-->","downloadable_documents":[],"variation_drive_diesel":false,"variation_drive_electric":false,"variation_drive_battery":false,"variation_undercarriage_mobile":false,"variation_undercarriage_track":false,"is_new_product":false,"vdh_order":0},"product_cat":[78],"class_list":["post-3208","product","type-product","status-publish","has-post-thumbnail","hentry","product_cat-anpassung"],"_links":{"self":[{"href":"https:\/\/vdhmachinery.com\/de\/wp-json\/wp\/v2\/product\/3208","targetHints":{"allow":["GET"]}}],"collection":[{"href":"https:\/\/vdhmachinery.com\/de\/wp-json\/wp\/v2\/product"}],"about":[{"href":"https:\/\/vdhmachinery.com\/de\/wp-json\/wp\/v2\/types\/product"}],"wp:featuredmedia":[{"embeddable":true,"href":"https:\/\/vdhmachinery.com\/de\/wp-json\/wp\/v2\/media\/1752"}],"wp:attachment":[{"href":"https:\/\/vdhmachinery.com\/de\/wp-json\/wp\/v2\/media?parent=3208"}],"wp:term":[{"taxonomy":"product_cat","embeddable":true,"href":"https:\/\/vdhmachinery.com\/de\/wp-json\/wp\/v2\/product_cat?post=3208"}],"curies":[{"name":"wp","href":"https:\/\/api.w.org\/{rel}","templated":true}]}}