{"id":3210,"date":"2025-10-30T14:24:07","date_gmt":"2025-10-30T14:24:07","guid":{"rendered":"https:\/\/vdhmachinery.com\/machines\/kabinenanhebung\/"},"modified":"2026-02-09T14:24:15","modified_gmt":"2026-02-09T14:24:15","slug":"kabinenanhebung","status":"publish","type":"product","link":"https:\/\/vdhmachinery.com\/de\/machines\/kabinenanhebung\/","title":{"rendered":"Kabinenerh\u00f6hung"},"content":{"rendered":"\n\n\n\n<p>Abh\u00e4ngig von Ihren W\u00fcnschen und Anforderungen k\u00f6nnen wir verschiedene Varianten ausf\u00fchren: eine feste Erh\u00f6hung in jeder gew\u00fcnschten Gr\u00f6\u00dfe (auf Wunsch mit Treppe und Podest), eine hydraulisch verstellbare Erh\u00f6hung in einer kurzen, normalen oder extra hohen Ausf\u00fchrung, die Kabine kippbar machen oder eine Kombination verschiedener Optionen. Aber auch eine Absenkung der Kabine ist m\u00f6glich, oder eine Anpassung an der Kabine selbst \u2013 wie eine Verbreiterung oder die Explosionssicherheit der Kabine. Alle Kabinenanhebungen werden von uns selbst gefertigt und in unseren Werkst\u00e4tten aufgebaut.  <\/p>\n\n\n\n<p>Sehr gut geeignet f\u00fcr Mobilbagger.<\/p>\n\n\n\n<p><strong>Hydraulisch verstellbare Kabinenerh\u00f6hung HPAR-1.5<\/strong><\/p>\n\n\n\n<p>\u2022 Vertikale Erh\u00f6hung von max. 1500 mm<br>\u2022 Sehr gute Stabilit\u00e4t durch Bauart<br>\u2022 Begrenzter Bauraum erforderlich<br>\u2022 Notfalleinrichtung in der Kabine und auf der Maschine<br>\u2022 Ausfallsicherung<\/p>\n\n\n\n<p>Unsere Kabinenerh\u00f6hung, die HPAR-1.5, ist hervorragend geeignet f\u00fcr Mobilbagger, kann aber selbstverst\u00e4ndlich auch auf andere Maschinentypen angewendet werden. Da sowohl in der niedrigsten als auch in der h\u00f6chsten Position die Kabine gegen einen Gummianschlag kommt, hat diese verstellbare Kabinenanhebung eine extrem gute Stabilit\u00e4t.<\/p>\n\n\n\n<p><strong>Hydraulisch verstellbare Kabinenerh\u00f6hung HPAR- 2.3<\/strong><br>Empfohlen f\u00fcr Raupenbagger und Telekrane.<\/p>\n\n\n\n<p>\u2022 Vertikale Verstellung von max. 2300 mm<br>\u2022 Horizontale Verstellung von max. 700 mm nach vorn<br>\u2022 Optimale Stabilit\u00e4t in allen Positionen<br>\u2022 Transporth\u00f6he bleibt unver\u00e4ndert (Kabine in niedrigster Position)<br>\u2022 Auch mit Kippoption lieferbar<br>\u2022 Notfalleinrichtung in der Kabine und auf der Maschine<br>\u2022 Ausfallsicherung<\/p>\n\n\n\n<p><strong>Hydraulisch verstellbare Kabinenerh\u00f6hung HPAR-3.0<\/strong><br>Sehr gut geeignet f\u00fcr gr\u00f6\u00dfere Bagger.<\/p>\n\n\n\n<p>\u2022 Vertikale Verstellung von max. 3000 mm<br>\u2022 Horizontale Verstellung von max. 1000 mm nach vorn<br>\u2022 Kompakte Bauweise, weniger als 600 mm<br>\u2022 Sehr gute Stabilit\u00e4t<br>\u2022 Auch mit Kippoption lieferbar<br>\u2022 Minimale Vibrationen<br>\u2022 Notfalleinrichtung in der Kabine und auf der Maschine<br>\u2022 Ausfallsicherung<\/p>\n\n\n\n<figure class=\"wp-block-gallery has-nested-images columns-default is-cropped splide wpcom-gallery wp-block-gallery-1 is-layout-flex wp-block-gallery-is-layout-flex\"><button type='button' class='close-btn'><svg xmlns=\"http:\/\/www.w3.org\/2000\/svg\" viewBox=\"0 0 640 640\"><path fill=\"#ffffff\" d=\"M320 576C461.4 576 576 461.4 576 320C576 178.6 461.4 64 320 64C178.6 64 64 178.6 64 320C64 461.4 178.6 576 320 576zM231 231C240.4 221.6 255.6 221.6 264.9 231L319.9 286L374.9 231C384.3 221.6 399.5 221.6 408.8 231C418.1 240.4 418.2 255.6 408.8 264.9L353.8 319.9L408.8 374.9C418.2 384.3 418.2 399.5 408.8 408.8C399.4 418.1 384.2 418.2 374.9 408.8L319.9 353.8L264.9 408.8C255.5 418.2 240.3 418.2 231 408.8C221.7 399.4 221.6 384.2 231 374.9L286 319.9L231 264.9C221.6 255.5 221.6 240.3 231 231z\"\/><\/svg><\/button><div class='splide__track'><div class='splide__list'> \n<figure class=\"wp-block-image splide__slide size-large\"><img loading=\"lazy\" decoding=\"async\" width=\"1024\" height=\"768\" data-id=\"1965\" src=\"https:\/\/vdhmachinery.com\/wp-content\/uploads\/2025\/10\/img_9603-1024x768.jpg\" alt=\"Kabinenanhebung CAT\" class=\"wp-image-1965\" srcset=\"https:\/\/vdhmachinery.com\/wp-content\/uploads\/2025\/10\/img_9603-1024x768.jpg 1024w, https:\/\/vdhmachinery.com\/wp-content\/uploads\/2025\/10\/img_9603-300x225.jpg 300w, https:\/\/vdhmachinery.com\/wp-content\/uploads\/2025\/10\/img_9603-768x576.jpg 768w, https:\/\/vdhmachinery.com\/wp-content\/uploads\/2025\/10\/img_9603-1536x1152.jpg 1536w, https:\/\/vdhmachinery.com\/wp-content\/uploads\/2025\/10\/img_9603-2048x1536.jpg 2048w\" sizes=\"auto, (max-width: 1024px) 100vw, 1024px\" \/><\/figure>\n\n\n\n<figure class=\"wp-block-image splide__slide size-large\"><img loading=\"lazy\" decoding=\"async\" width=\"1024\" height=\"768\" data-id=\"1953\" src=\"https:\/\/vdhmachinery.com\/wp-content\/uploads\/2025\/10\/img_3613-1024x768.jpg\" alt=\"Kabinenanhebung Kran\" class=\"wp-image-1953\" srcset=\"https:\/\/vdhmachinery.com\/wp-content\/uploads\/2025\/10\/img_3613-1024x768.jpg 1024w, https:\/\/vdhmachinery.com\/wp-content\/uploads\/2025\/10\/img_3613-300x225.jpg 300w, https:\/\/vdhmachinery.com\/wp-content\/uploads\/2025\/10\/img_3613-768x576.jpg 768w, https:\/\/vdhmachinery.com\/wp-content\/uploads\/2025\/10\/img_3613-1536x1152.jpg 1536w, https:\/\/vdhmachinery.com\/wp-content\/uploads\/2025\/10\/img_3613-2048x1536.jpg 2048w\" sizes=\"auto, (max-width: 1024px) 100vw, 1024px\" \/><\/figure>\n\n\n\n<figure class=\"wp-block-image splide__slide size-large\"><img loading=\"lazy\" decoding=\"async\" width=\"617\" height=\"1024\" data-id=\"1950\" src=\"https:\/\/vdhmachinery.com\/wp-content\/uploads\/2025\/10\/hpar-tbv-social-media-post-vacature-617x1024.jpg\" alt=\"Kabinenanhebung Hitachi\" class=\"wp-image-1950\" srcset=\"https:\/\/vdhmachinery.com\/wp-content\/uploads\/2025\/10\/hpar-tbv-social-media-post-vacature-617x1024.jpg 617w, https:\/\/vdhmachinery.com\/wp-content\/uploads\/2025\/10\/hpar-tbv-social-media-post-vacature-181x300.jpg 181w, https:\/\/vdhmachinery.com\/wp-content\/uploads\/2025\/10\/hpar-tbv-social-media-post-vacature-768x1274.jpg 768w, https:\/\/vdhmachinery.com\/wp-content\/uploads\/2025\/10\/hpar-tbv-social-media-post-vacature.jpg 805w\" sizes=\"auto, (max-width: 617px) 100vw, 617px\" \/><\/figure>\n<\/figure>\n\n\n\n<p><\/p>\n\n\n\n\n\n\n\n\n\n","protected":false},"featured_media":1973,"template":"","meta":{"vdh-section-opener":"<!-- wp:paragraph -->\n<p>Eine erh\u00f6hte Kabine ist f\u00fcr Bagger, Kr\u00e4ne oder andere Arten von Baumaschinen m\u00f6glich.<\/p>\n<!-- \/wp:paragraph -->\n\n<!-- wp:paragraph -->\n<p> <\/p>\n<!-- \/wp:paragraph -->","vdh-section-content":"<!-- wp:paragraph -->\n<p>Abh\u00e4ngig von Ihren W\u00fcnschen und Anforderungen k\u00f6nnen wir verschiedene Varianten ausf\u00fchren: eine feste Erh\u00f6hung in jeder gew\u00fcnschten Gr\u00f6\u00dfe (auf Wunsch mit Treppe und Podest), eine hydraulisch verstellbare Erh\u00f6hung in einer kurzen, normalen oder extra hohen Ausf\u00fchrung, die Kabine kippbar machen oder eine Kombination verschiedener Optionen. Aber auch eine Absenkung der Kabine ist m\u00f6glich, oder eine Anpassung an der Kabine selbst \u2013 wie eine Verbreiterung oder die Explosionssicherheit der Kabine. Alle Kabinenanhebungen werden von uns selbst gefertigt und in unseren Werkst\u00e4tten aufgebaut.  <\/p>\n<!-- \/wp:paragraph -->\n\n<!-- wp:paragraph -->\n<p>Sehr gut geeignet f\u00fcr Mobilbagger.<\/p>\n<!-- \/wp:paragraph -->\n\n<!-- wp:paragraph -->\n<p><strong>Hydraulisch verstellbare Kabinenerh\u00f6hung HPAR-1.5<\/strong><\/p>\n<!-- \/wp:paragraph -->\n\n<!-- wp:paragraph -->\n<p>\u2022 Vertikale Erh\u00f6hung von max. 1500 mm<br>\u2022 Sehr gute Stabilit\u00e4t durch Bauart<br>\u2022 Begrenzter Bauraum erforderlich<br>\u2022 Notfalleinrichtung in der Kabine und auf der Maschine<br>\u2022 Ausfallsicherung<\/p>\n<!-- \/wp:paragraph -->\n\n<!-- wp:paragraph -->\n<p>Unsere Kabinenerh\u00f6hung, die HPAR-1.5, ist hervorragend geeignet f\u00fcr Mobilbagger, kann aber selbstverst\u00e4ndlich auch auf andere Maschinentypen angewendet werden. Da sowohl in der niedrigsten als auch in der h\u00f6chsten Position die Kabine gegen einen Gummianschlag kommt, hat diese verstellbare Kabinenanhebung eine extrem gute Stabilit\u00e4t.<\/p>\n<!-- \/wp:paragraph -->\n\n<!-- wp:paragraph -->\n<p><strong>Hydraulisch verstellbare Kabinenerh\u00f6hung HPAR- 2.3<\/strong><br>Empfohlen f\u00fcr Raupenbagger und Telekrane.<\/p>\n<!-- \/wp:paragraph -->\n\n<!-- wp:paragraph -->\n<p>\u2022 Vertikale Verstellung von max. 2300 mm<br>\u2022 Horizontale Verstellung von max. 700 mm nach vorn<br>\u2022 Optimale Stabilit\u00e4t in allen Positionen<br>\u2022 Transporth\u00f6he bleibt unver\u00e4ndert (Kabine in niedrigster Position)<br>\u2022 Auch mit Kippoption lieferbar<br>\u2022 Notfalleinrichtung in der Kabine und auf der Maschine<br>\u2022 Ausfallsicherung<\/p>\n<!-- \/wp:paragraph -->\n\n<!-- wp:paragraph -->\n<p><strong>Hydraulisch verstellbare Kabinenerh\u00f6hung HPAR-3.0<\/strong><br>Sehr gut geeignet f\u00fcr gr\u00f6\u00dfere Bagger.<\/p>\n<!-- \/wp:paragraph -->\n\n<!-- wp:paragraph -->\n<p>\u2022 Vertikale Verstellung von max. 3000 mm<br>\u2022 Horizontale Verstellung von max. 1000 mm nach vorn<br>\u2022 Kompakte Bauweise, weniger als 600 mm<br>\u2022 Sehr gute Stabilit\u00e4t<br>\u2022 Auch mit Kippoption lieferbar<br>\u2022 Minimale Vibrationen<br>\u2022 Notfalleinrichtung in der Kabine und auf der Maschine<br>\u2022 Ausfallsicherung<\/p>\n<!-- \/wp:paragraph -->\n\n<!-- wp:gallery {\"linkTo\":\"none\",\"commproGallery\":true} -->\n<figure class=\"wp-block-gallery has-nested-images columns-default is-cropped splide wpcom-gallery\"><!-- wp:image {\"id\":1965,\"sizeSlug\":\"large\",\"linkDestination\":\"none\"} -->\n<figure class=\"wp-block-image size-large\"><img src=\"https:\/\/vdhmachinery.com\/wp-content\/uploads\/2025\/10\/img_9603-1024x768.jpg\" alt=\"Kabinenanhebung CAT\" class=\"wp-image-1965\"\/><\/figure>\n<!-- \/wp:image -->\n\n<!-- wp:image {\"id\":1953,\"sizeSlug\":\"large\",\"linkDestination\":\"none\"} -->\n<figure class=\"wp-block-image size-large\"><img src=\"https:\/\/vdhmachinery.com\/wp-content\/uploads\/2025\/10\/img_3613-1024x768.jpg\" alt=\"Kabinenanhebung Kran\" class=\"wp-image-1953\"\/><\/figure>\n<!-- \/wp:image -->\n\n<!-- wp:image {\"id\":1950,\"sizeSlug\":\"large\",\"linkDestination\":\"none\"} -->\n<figure class=\"wp-block-image size-large\"><img src=\"https:\/\/vdhmachinery.com\/wp-content\/uploads\/2025\/10\/hpar-tbv-social-media-post-vacature-617x1024.jpg\" alt=\"Kabinenanhebung Hitachi\" class=\"wp-image-1950\"\/><\/figure>\n<!-- \/wp:image --><\/figure>\n<!-- \/wp:gallery -->\n\n<!-- wp:paragraph -->\n<p><\/p>\n<!-- \/wp:paragraph -->","vdh-section-sidebar":"<!-- wp:paragraph -->\n<p\/>\n<!-- \/wp:paragraph -->","vdh-section-extra-information":"<!-- wp:paragraph -->\n<p\/>\n<!-- \/wp:paragraph -->","vdh-section-pre-footer-left":"<!-- wp:heading -->\n<h2 class=\"wp-block-heading\">Mehr Informationen<\/h2>\n<!-- \/wp:heading -->\n\n<!-- wp:paragraph -->\n<p>Unsere Spezialisten denken gerne mit Ihnen mit \u2013 ob Sie sich auf Leistung, Nachhaltigkeit oder eine spezifische Anwendung konzentrieren. Wir kombinieren technisches Wissen mit praktischer Erfahrung und einer n\u00fcchternen Herangehensweise. So kommen wir gemeinsam zu der L\u00f6sung, die f\u00fcr Ihre Situation am besten funktioniert.  <\/p>\n<!-- \/wp:paragraph -->\n\n<!-- wp:heading {\"level\":3,\"textColor\":\"primary-blue\"} -->\n<h3 class=\"wp-block-heading has-primary-blue-color has-text-color\">Haben Sie Interesse oder eine Frage?<\/h3>\n<!-- \/wp:heading -->\n\n<!-- wp:paragraph -->\n<p>Hinterlassen Sie Ihre Daten und wir nehmen schnell Kontakt mit Ihnen auf.<\/p>\n<!-- \/wp:paragraph -->\n\n<!-- wp:gravityforms\/form {\"formId\":\"1\",\"title\":false,\"description\":false,\"inputPrimaryColor\":\"#204ce5\"} \/-->","vdh-section-pre-footer-right":"<!-- wp:paragraph -->\n<p><\/p>\n<!-- \/wp:paragraph -->","downloadable_documents":[],"variation_drive_diesel":false,"variation_drive_electric":false,"variation_drive_battery":false,"variation_undercarriage_mobile":false,"variation_undercarriage_track":false,"is_new_product":false,"vdh_order":0},"product_cat":[78],"class_list":["post-3210","product","type-product","status-publish","has-post-thumbnail","hentry","product_cat-anpassung"],"_links":{"self":[{"href":"https:\/\/vdhmachinery.com\/de\/wp-json\/wp\/v2\/product\/3210","targetHints":{"allow":["GET"]}}],"collection":[{"href":"https:\/\/vdhmachinery.com\/de\/wp-json\/wp\/v2\/product"}],"about":[{"href":"https:\/\/vdhmachinery.com\/de\/wp-json\/wp\/v2\/types\/product"}],"wp:featuredmedia":[{"embeddable":true,"href":"https:\/\/vdhmachinery.com\/de\/wp-json\/wp\/v2\/media\/1973"}],"wp:attachment":[{"href":"https:\/\/vdhmachinery.com\/de\/wp-json\/wp\/v2\/media?parent=3210"}],"wp:term":[{"taxonomy":"product_cat","embeddable":true,"href":"https:\/\/vdhmachinery.com\/de\/wp-json\/wp\/v2\/product_cat?post=3210"}],"curies":[{"name":"wp","href":"https:\/\/api.w.org\/{rel}","templated":true}]}}