{"id":3211,"date":"2025-10-10T11:35:44","date_gmt":"2025-10-10T11:35:44","guid":{"rendered":"https:\/\/vdhmachinery.com\/machines\/hdhw\/"},"modified":"2026-02-03T10:19:08","modified_gmt":"2026-02-03T10:19:08","slug":"hdhw","status":"publish","type":"product","link":"https:\/\/vdhmachinery.com\/de\/machines\/hdhw\/","title":{"rendered":"HDHW"},"content":{"rendered":"\n\n<p>Bei Fundamentarbeiten, Abbrucharbeiten und Tiefbauprojekten ist Stabilit\u00e4t essenziell. Mit einer <strong>HDHW-Modifikation<\/strong> erh\u00f6hen und verbreitern wir den Unterwagen, wodurch die Maschine noch stabiler steht und f\u00fcr die schwersten Bedingungen geeignet ist. <\/p>\n\n\n\n<figure class=\"wp-block-gallery has-nested-images columns-default is-cropped splide wpcom-gallery wp-block-gallery-1 is-layout-flex wp-block-gallery-is-layout-flex\"><button type='button' class='close-btn'><svg xmlns=\"http:\/\/www.w3.org\/2000\/svg\" viewBox=\"0 0 640 640\"><path fill=\"#ffffff\" d=\"M320 576C461.4 576 576 461.4 576 320C576 178.6 461.4 64 320 64C178.6 64 64 178.6 64 320C64 461.4 178.6 576 320 576zM231 231C240.4 221.6 255.6 221.6 264.9 231L319.9 286L374.9 231C384.3 221.6 399.5 221.6 408.8 231C418.1 240.4 418.2 255.6 408.8 264.9L353.8 319.9L408.8 374.9C418.2 384.3 418.2 399.5 408.8 408.8C399.4 418.1 384.2 418.2 374.9 408.8L319.9 353.8L264.9 408.8C255.5 418.2 240.3 418.2 231 408.8C221.7 399.4 221.6 384.2 231 374.9L286 319.9L231 264.9C221.6 255.5 221.6 240.3 231 231z\"\/><\/svg><\/button><div class='splide__track'><div class='splide__list'> \n<figure class=\"wp-block-image splide__slide size-large\"><img loading=\"lazy\" decoding=\"async\" width=\"1024\" height=\"768\" data-id=\"1738\" src=\"https:\/\/vdhmachinery.com\/wp-content\/uploads\/2025\/10\/photo-2025-10-01-10-49-09-1024x768.jpg\" alt=\"HDHW-Modifikation\" class=\"wp-image-1738\" srcset=\"https:\/\/vdhmachinery.com\/wp-content\/uploads\/2025\/10\/photo-2025-10-01-10-49-09-1024x768.jpg 1024w, https:\/\/vdhmachinery.com\/wp-content\/uploads\/2025\/10\/photo-2025-10-01-10-49-09-300x225.jpg 300w, https:\/\/vdhmachinery.com\/wp-content\/uploads\/2025\/10\/photo-2025-10-01-10-49-09-768x576.jpg 768w, https:\/\/vdhmachinery.com\/wp-content\/uploads\/2025\/10\/photo-2025-10-01-10-49-09-1536x1152.jpg 1536w, https:\/\/vdhmachinery.com\/wp-content\/uploads\/2025\/10\/photo-2025-10-01-10-49-09.jpg 2048w\" sizes=\"auto, (max-width: 1024px) 100vw, 1024px\" \/><\/figure>\n\n\n\n<figure class=\"wp-block-image splide__slide size-large\"><img loading=\"lazy\" decoding=\"async\" width=\"1024\" height=\"768\" data-id=\"1735\" src=\"https:\/\/vdhmachinery.com\/wp-content\/uploads\/2025\/10\/photo-2025-10-01-10-49-09-002-1024x768.jpg\" alt=\"HDHW-Modifikation Nahaufnahme\" class=\"wp-image-1735\" srcset=\"https:\/\/vdhmachinery.com\/wp-content\/uploads\/2025\/10\/photo-2025-10-01-10-49-09-002-1024x768.jpg 1024w, https:\/\/vdhmachinery.com\/wp-content\/uploads\/2025\/10\/photo-2025-10-01-10-49-09-002-300x225.jpg 300w, https:\/\/vdhmachinery.com\/wp-content\/uploads\/2025\/10\/photo-2025-10-01-10-49-09-002-768x576.jpg 768w, https:\/\/vdhmachinery.com\/wp-content\/uploads\/2025\/10\/photo-2025-10-01-10-49-09-002-1536x1152.jpg 1536w, https:\/\/vdhmachinery.com\/wp-content\/uploads\/2025\/10\/photo-2025-10-01-10-49-09-002.jpg 2048w\" sizes=\"auto, (max-width: 1024px) 100vw, 1024px\" \/><\/figure>\n\n\n\n<figure class=\"wp-block-image splide__slide size-large\"><img loading=\"lazy\" decoding=\"async\" width=\"1024\" height=\"768\" data-id=\"1732\" src=\"https:\/\/vdhmachinery.com\/wp-content\/uploads\/2025\/10\/photo-2025-10-01-10-49-09-004-1024x768.jpg\" alt=\"HDHW-Modifikation Abstand\" class=\"wp-image-1732\" srcset=\"https:\/\/vdhmachinery.com\/wp-content\/uploads\/2025\/10\/photo-2025-10-01-10-49-09-004-1024x768.jpg 1024w, https:\/\/vdhmachinery.com\/wp-content\/uploads\/2025\/10\/photo-2025-10-01-10-49-09-004-300x225.jpg 300w, https:\/\/vdhmachinery.com\/wp-content\/uploads\/2025\/10\/photo-2025-10-01-10-49-09-004-768x576.jpg 768w, https:\/\/vdhmachinery.com\/wp-content\/uploads\/2025\/10\/photo-2025-10-01-10-49-09-004-1536x1152.jpg 1536w, https:\/\/vdhmachinery.com\/wp-content\/uploads\/2025\/10\/photo-2025-10-01-10-49-09-004.jpg 2048w\" sizes=\"auto, (max-width: 1024px) 100vw, 1024px\" \/><\/figure>\n<\/figure>\n\n","protected":false},"featured_media":1737,"template":"","meta":{"vdh-section-opener":"<!-- wp:paragraph -->\n<p>Verst\u00e4rkter Unterwagen f\u00fcr schwere Anwendungen<\/p>\n<!-- \/wp:paragraph -->","vdh-section-content":"<!-- wp:paragraph -->\n<p><\/p>\n<!-- \/wp:paragraph -->","vdh-section-sidebar":"<!-- wp:paragraph -->\n<p\/>\n<!-- \/wp:paragraph -->","vdh-section-extra-information":"<!-- wp:paragraph -->\n<p\/>\n<!-- \/wp:paragraph -->","vdh-section-pre-footer-left":"<!-- wp:heading -->\n<h2 class=\"wp-block-heading\">Mehr Informationen<\/h2>\n<!-- \/wp:heading -->\n\n<!-- wp:paragraph -->\n<p>Unsere Spezialisten denken gerne mit Ihnen mit \u2013 ob Sie sich auf Leistung, Nachhaltigkeit oder eine spezifische Anwendung konzentrieren. Wir kombinieren technisches Wissen mit praktischer Erfahrung und einer n\u00fcchternen Herangehensweise. So kommen wir gemeinsam zu der L\u00f6sung, die f\u00fcr Ihre Situation am besten funktioniert.  <\/p>\n<!-- \/wp:paragraph -->\n\n<!-- wp:heading {\"level\":3,\"textColor\":\"primary-blue\"} -->\n<h3 class=\"wp-block-heading has-primary-blue-color has-text-color\">Haben Sie Interesse oder eine Frage?<\/h3>\n<!-- \/wp:heading -->\n\n<!-- wp:paragraph -->\n<p>Hinterlassen Sie Ihre Daten und wir nehmen schnell Kontakt mit Ihnen auf.<\/p>\n<!-- \/wp:paragraph -->\n\n<!-- wp:gravityforms\/form {\"formId\":\"1\",\"title\":false,\"description\":false,\"inputPrimaryColor\":\"#204ce5\"} \/-->","vdh-section-pre-footer-right":"<!-- wp:vdh\/employee-block {\"employeeId\":159} \/-->","downloadable_documents":[],"variation_drive_diesel":false,"variation_drive_electric":false,"variation_drive_battery":false,"variation_undercarriage_mobile":false,"variation_undercarriage_track":false,"is_new_product":false,"vdh_order":0},"product_cat":[78],"class_list":["post-3211","product","type-product","status-publish","has-post-thumbnail","hentry","product_cat-anpassung"],"_links":{"self":[{"href":"https:\/\/vdhmachinery.com\/de\/wp-json\/wp\/v2\/product\/3211","targetHints":{"allow":["GET"]}}],"collection":[{"href":"https:\/\/vdhmachinery.com\/de\/wp-json\/wp\/v2\/product"}],"about":[{"href":"https:\/\/vdhmachinery.com\/de\/wp-json\/wp\/v2\/types\/product"}],"wp:featuredmedia":[{"embeddable":true,"href":"https:\/\/vdhmachinery.com\/de\/wp-json\/wp\/v2\/media\/1737"}],"wp:attachment":[{"href":"https:\/\/vdhmachinery.com\/de\/wp-json\/wp\/v2\/media?parent=3211"}],"wp:term":[{"taxonomy":"product_cat","embeddable":true,"href":"https:\/\/vdhmachinery.com\/de\/wp-json\/wp\/v2\/product_cat?post=3211"}],"curies":[{"name":"wp","href":"https:\/\/api.w.org\/{rel}","templated":true}]}}