{"id":3213,"date":"2025-10-09T07:20:27","date_gmt":"2025-10-09T07:20:27","guid":{"rendered":"https:\/\/vdhmachinery.com\/machines\/schwanenhals\/"},"modified":"2026-02-03T10:19:40","modified_gmt":"2026-02-03T10:19:40","slug":"schwanenhals","status":"publish","type":"product","link":"https:\/\/vdhmachinery.com\/de\/machines\/schwanenhals\/","title":{"rendered":"Schwanenhals"},"content":{"rendered":"\n\n<p>Ein <strong>Asdomp<\/strong> ist eine konstruktive Anpassung am Drehpunkt des Auslegers, wodurch dieser sich h\u00f6her oder weiter nach hinten bewegen kann. Dies f\u00fchrt zu einer h\u00f6heren Stifth\u00f6he und einer gr\u00f6\u00dferen Reichweite, wodurch die Maschine n\u00e4her arbeiten und effizienter bei unterschiedlichen Aufgaben eingesetzt werden kann. <\/p>\n\n","protected":false},"featured_media":1746,"template":"","meta":{"vdh-section-opener":"<!-- wp:paragraph -->\n<p>Gr\u00f6\u00dfere Reichweite und Flexibilit\u00e4t<\/p>\n<!-- \/wp:paragraph -->","vdh-section-content":"<!-- wp:paragraph -->\n<p><\/p>\n<!-- \/wp:paragraph -->","vdh-section-sidebar":"<!-- wp:paragraph -->\n<p\/>\n<!-- \/wp:paragraph -->","vdh-section-extra-information":"<!-- wp:paragraph -->\n<p\/>\n<!-- \/wp:paragraph -->","vdh-section-pre-footer-left":"<!-- wp:heading -->\n<h2 class=\"wp-block-heading\">Mehr Informationen<\/h2>\n<!-- \/wp:heading -->\n\n<!-- wp:paragraph -->\n<p>Unsere Spezialisten denken gerne mit Ihnen mit \u2013 ob Sie sich auf Leistung, Nachhaltigkeit oder eine spezifische Anwendung konzentrieren. Wir kombinieren technisches Wissen mit praktischer Erfahrung und einer n\u00fcchternen Herangehensweise. So kommen wir gemeinsam zu der L\u00f6sung, die f\u00fcr Ihre Situation am besten funktioniert.  <\/p>\n<!-- \/wp:paragraph -->\n\n<!-- wp:heading {\"level\":3,\"textColor\":\"primary-blue\"} -->\n<h3 class=\"wp-block-heading has-primary-blue-color has-text-color\">Haben Sie Interesse oder eine Frage?<\/h3>\n<!-- \/wp:heading -->\n\n<!-- wp:paragraph -->\n<p>Hinterlassen Sie Ihre Daten und wir nehmen schnell Kontakt mit Ihnen auf.<\/p>\n<!-- \/wp:paragraph -->\n\n<!-- wp:gravityforms\/form {\"formId\":\"1\",\"title\":false,\"description\":false,\"inputPrimaryColor\":\"#204ce5\"} \/-->","vdh-section-pre-footer-right":"<!-- wp:vdh\/employee-block {\"employeeId\":159} \/-->","downloadable_documents":[],"variation_drive_diesel":false,"variation_drive_electric":false,"variation_drive_battery":false,"variation_undercarriage_mobile":false,"variation_undercarriage_track":false,"is_new_product":false,"vdh_order":0},"product_cat":[78],"class_list":["post-3213","product","type-product","status-publish","has-post-thumbnail","hentry","product_cat-anpassung"],"_links":{"self":[{"href":"https:\/\/vdhmachinery.com\/de\/wp-json\/wp\/v2\/product\/3213","targetHints":{"allow":["GET"]}}],"collection":[{"href":"https:\/\/vdhmachinery.com\/de\/wp-json\/wp\/v2\/product"}],"about":[{"href":"https:\/\/vdhmachinery.com\/de\/wp-json\/wp\/v2\/types\/product"}],"wp:featuredmedia":[{"embeddable":true,"href":"https:\/\/vdhmachinery.com\/de\/wp-json\/wp\/v2\/media\/1746"}],"wp:attachment":[{"href":"https:\/\/vdhmachinery.com\/de\/wp-json\/wp\/v2\/media?parent=3213"}],"wp:term":[{"taxonomy":"product_cat","embeddable":true,"href":"https:\/\/vdhmachinery.com\/de\/wp-json\/wp\/v2\/product_cat?post=3213"}],"curies":[{"name":"wp","href":"https:\/\/api.w.org\/{rel}","templated":true}]}}