{"id":3216,"date":"2025-09-25T12:50:55","date_gmt":"2025-09-25T12:50:55","guid":{"rendered":"https:\/\/vdhmachinery.com\/machines\/vdh-mpr-2000\/"},"modified":"2026-02-03T10:26:30","modified_gmt":"2026-02-03T10:26:30","slug":"vdh-mpr-2000","status":"publish","type":"product","link":"https:\/\/vdhmachinery.com\/de\/machines\/vdh-mpr-2000\/","title":{"rendered":"VDH-MPR-2000"},"content":{"rendered":"\n\n<h2 class=\"wp-block-heading\">Kompaktes Design mit starker Leistung<\/h2>\n\n\n\n<p>Die VDH-MPR-2000 wurde speziell f\u00fcr Rammarbeiten in Geb\u00e4uden oder an Standorten entwickelt, an denen minimale Emissionen und kompakte Abmessungen entscheidend sind. Dank des vollelektrischen Antriebs (400 V) ist die Maschine ideal f\u00fcr Projekte in geschlossenen oder st\u00e4dtischen Umgebungen mit strengen Umweltauflagen. Trotz ihrer geringen Gr\u00f6\u00dfe verf\u00fcgt die Maschine \u00fcber eine beeindruckende Kapazit\u00e4t, die auf fortschrittlichen Komponenten und einer pr\u00e4zisen, sensorgest\u00fctzten Steuerung des Rammarbeits basiert.  <\/p>\n\n\n\n<h2 class=\"wp-block-heading\">Pr\u00e4zision und Kontrolle mit SPS-Steuerung<\/h2>\n\n\n\n<p>Die VDH-MPR-2000 ist mit einem Touchscreen und einem SPS-System ausgestattet, das Sensoren verwendet, um w\u00e4hrend der Rammarbeiten kontinuierlich Feedback zu geben. Diese automatische \u00dcberwachung sorgt f\u00fcr hohe Frequenzen, konstante Leistung und Sicherheit w\u00e4hrend des Betriebs. Der Bediener hat direkten Einblick in die Maschinenparameter und kann den Prozess sicher und effizient steuern.  <\/p>\n\n\n\n<h2 class=\"wp-block-heading\">Kompakter Transport &amp; logistischer Vorteil<\/h2>\n\n\n\n<p>Mit einer L\u00e4nge von 2.944 mm und einer Breite von 1.264 mm passt die VDH-MPR-2000 in die Abmessungen einer BE-Kombination. Dies macht den Transport einfacher und kosteng\u00fcnstiger und begrenzt den logistischen Fu\u00dfabdruck. Dank dieses kompakten Formats ist die Maschine attraktiv f\u00fcr Projekte mit eingeschr\u00e4nktem Zugang oder strengen logistischen Rahmenbedingungen.  <\/p>\n\n\n\n<figure class=\"wp-block-gallery has-nested-images columns-default is-cropped splide wpcom-gallery wp-block-gallery-1 is-layout-flex wp-block-gallery-is-layout-flex\"><button type='button' class='close-btn'><svg xmlns=\"http:\/\/www.w3.org\/2000\/svg\" viewBox=\"0 0 640 640\"><path fill=\"#ffffff\" d=\"M320 576C461.4 576 576 461.4 576 320C576 178.6 461.4 64 320 64C178.6 64 64 178.6 64 320C64 461.4 178.6 576 320 576zM231 231C240.4 221.6 255.6 221.6 264.9 231L319.9 286L374.9 231C384.3 221.6 399.5 221.6 408.8 231C418.1 240.4 418.2 255.6 408.8 264.9L353.8 319.9L408.8 374.9C418.2 384.3 418.2 399.5 408.8 408.8C399.4 418.1 384.2 418.2 374.9 408.8L319.9 353.8L264.9 408.8C255.5 418.2 240.3 418.2 231 408.8C221.7 399.4 221.6 384.2 231 374.9L286 319.9L231 264.9C221.6 255.5 221.6 240.3 231 231z\"\/><\/svg><\/button><div class='splide__track'><div class='splide__list'> \n<figure class=\"wp-block-image splide__slide size-large\"><img loading=\"lazy\" decoding=\"async\" width=\"565\" height=\"1024\" data-id=\"1163\" src=\"https:\/\/vdhmachinery.com\/wp-content\/uploads\/2025\/09\/mpr2000-waalpaal-565x1024.png\" alt=\"VFH mpr 2000 auf Gewerbegebiet\" class=\"wp-image-1163\" srcset=\"https:\/\/vdhmachinery.com\/wp-content\/uploads\/2025\/09\/mpr2000-waalpaal-565x1024.png 565w, https:\/\/vdhmachinery.com\/wp-content\/uploads\/2025\/09\/mpr2000-waalpaal-166x300.png 166w, https:\/\/vdhmachinery.com\/wp-content\/uploads\/2025\/09\/mpr2000-waalpaal-768x1391.png 768w, https:\/\/vdhmachinery.com\/wp-content\/uploads\/2025\/09\/mpr2000-waalpaal-848x1536.png 848w, https:\/\/vdhmachinery.com\/wp-content\/uploads\/2025\/09\/mpr2000-waalpaal.png 963w\" sizes=\"auto, (max-width: 565px) 100vw, 565px\" \/><\/figure>\n\n\n\n<figure class=\"wp-block-image splide__slide size-large\"><img loading=\"lazy\" decoding=\"async\" width=\"1024\" height=\"768\" data-id=\"1160\" src=\"https:\/\/vdhmachinery.com\/wp-content\/uploads\/2025\/09\/mpr2000-foto-klant-1024x768.jpg\" alt=\"VDH MPR 2000 in der Werkstatt\" class=\"wp-image-1160\" srcset=\"https:\/\/vdhmachinery.com\/wp-content\/uploads\/2025\/09\/mpr2000-foto-klant-1024x768.jpg 1024w, https:\/\/vdhmachinery.com\/wp-content\/uploads\/2025\/09\/mpr2000-foto-klant-300x225.jpg 300w, https:\/\/vdhmachinery.com\/wp-content\/uploads\/2025\/09\/mpr2000-foto-klant-768x576.jpg 768w, https:\/\/vdhmachinery.com\/wp-content\/uploads\/2025\/09\/mpr2000-foto-klant-1536x1152.jpg 1536w, https:\/\/vdhmachinery.com\/wp-content\/uploads\/2025\/09\/mpr2000-foto-klant-2048x1536.jpg 2048w\" sizes=\"auto, (max-width: 1024px) 100vw, 1024px\" \/><\/figure>\n<\/figure>\n\n\n\n<h2 class=\"wp-block-heading\">Zuverl\u00e4ssigkeit und Nachhaltigkeit<\/h2>\n\n\n\n<p>Die Maschine ist mit hochwertigen Komponenten und einer soliden Konstruktion gebaut, die auf eine lange Lebensdauer mit minimalen Ausfallzeiten ausgelegt ist. Dank des elektrischen Antriebs, des fortschrittlichen Steuerungssystems und eines robusten Designs ist die VDH-MPR-2000 nicht nur effizient, sondern auch nachhaltig. Jedes Teil wurde im Hinblick auf Zuverl\u00e4ssigkeit und einfache Wartung ausgew\u00e4hlt.  <\/p>\n\n\n\n<h2 class=\"wp-block-heading\">Technische Eigenschaften &amp; wichtige Vorteile<\/h2>\n\n\n\n<p><strong>Wichtige Eigenschaften<\/strong><\/p>\n\n\n\n<ul class=\"wp-block-list\">\n<li>Kompakte Abmessungen: 2.944 mm L\u00e4nge, 1.264 mm Breite<\/li>\n\n\n\n<li>Vollelektrischer Betrieb (400 V)<\/li>\n\n\n\n<li>SPS-gesteuerte Steuerung mit Touchscreen<\/li>\n\n\n\n<li>Hochfrequente, zuverl\u00e4ssige Leistung<\/li>\n\n\n\n<li>Ideal f\u00fcr Innenarbeiten und Projekte mit strengen Emissionsanforderungen<\/li>\n<\/ul>\n\n\n\n<p><strong>Vorteile<\/strong><\/p>\n\n\n\n<ul class=\"wp-block-list\">\n<li>Kompakte Maschine mit gro\u00dfer Kapazit\u00e4t<\/li>\n\n\n\n<li>Vollelektrisch und emissionsfrei im Betrieb<\/li>\n\n\n\n<li>Geeignet f\u00fcr den Innen- und Au\u00dfenbereich<\/li>\n\n\n\n<li>SPS-Steuerung mit Echtzeit-Feedback<\/li>\n\n\n\n<li>Kompakter Transport auf BE-Kombination<\/li>\n\n\n\n<li>Sicheres und zuverl\u00e4ssiges Design<\/li>\n<\/ul>\n\n\n\n<p>Mit ihrer kompakten Bauweise, dem elektrischen Antrieb und der fortschrittlichen Steuerung ist die <strong>VDH-MPR-2000<\/strong> die ideale Wahl f\u00fcr Auftraggeber und Bauunternehmer, die Kraft, Flexibilit\u00e4t und Umweltfreundlichkeit bei Rammarbeiten an beengten oder empfindlichen Standorten kombinieren m\u00f6chten.<\/p>\n\n","protected":false},"featured_media":1165,"template":"","meta":{"vdh-section-opener":"<!-- wp:paragraph -->\n<p>Die <strong>VDH-MPR-2000<\/strong> ist eine kompakte, aber leistungsstarke Mini-Rammmaschine, die speziell f\u00fcr den Einsatz in Geb\u00e4uden oder auf Baustellen mit begrenztem Platzangebot entwickelt wurde. Sie kombiniert elektrischen Antrieb, hohe Kapazit\u00e4t und zuverl\u00e4ssige SPS-Steuerung f\u00fcr optimale Leistung. <\/p>\n<!-- \/wp:paragraph -->","vdh-section-content":"<!-- wp:paragraph -->\n<p><\/p>\n<!-- \/wp:paragraph -->","vdh-section-sidebar":"<!-- wp:paragraph -->\n<p\/>\n<!-- \/wp:paragraph -->","vdh-section-extra-information":"<!-- wp:paragraph -->\n<p\/>\n<!-- \/wp:paragraph -->","vdh-section-pre-footer-left":"<!-- wp:heading -->\n<h2 class=\"wp-block-heading\">Mehr Informationen<\/h2>\n<!-- \/wp:heading -->\n\n<!-- wp:paragraph -->\n<p>Unsere Spezialisten denken gerne mit Ihnen mit \u2013 ob Sie sich auf Leistung, Nachhaltigkeit oder eine spezifische Anwendung konzentrieren. Wir kombinieren technisches Wissen mit praktischer Erfahrung und einer pragmatischen Herangehensweise.  So finden wir gemeinsam die L\u00f6sung, die f\u00fcr Ihre Situation am besten funktioniert.<\/p>\n<!-- \/wp:paragraph -->\n\n<!-- wp:heading {\"level\":3,\"textColor\":\"primary-blue\"} -->\n<h3 class=\"wp-block-heading has-primary-blue-color has-text-color\">Haben Sie Interesse oder eine Frage?<\/h3>\n<!-- \/wp:heading -->\n\n<!-- wp:paragraph -->\n<p>Hinterlassen Sie Ihre Daten und wir nehmen schnell Kontakt mit Ihnen auf.<\/p>\n<!-- \/wp:paragraph -->\n\n<!-- wp:gravityforms\/form {\"formId\":\"1\",\"title\":false,\"description\":false,\"inputPrimaryColor\":\"#204ce5\"} \/-->","vdh-section-pre-footer-right":"<!-- wp:vdh\/employee-block {\"employeeId\":162} \/-->","downloadable_documents":[],"variation_drive_diesel":false,"variation_drive_electric":false,"variation_drive_battery":false,"variation_undercarriage_mobile":false,"variation_undercarriage_track":false,"is_new_product":false,"vdh_order":40},"product_cat":[61],"class_list":["post-3216","product","type-product","status-publish","has-post-thumbnail","hentry","product_cat-vdh-mini-rammgerate"],"_links":{"self":[{"href":"https:\/\/vdhmachinery.com\/de\/wp-json\/wp\/v2\/product\/3216","targetHints":{"allow":["GET"]}}],"collection":[{"href":"https:\/\/vdhmachinery.com\/de\/wp-json\/wp\/v2\/product"}],"about":[{"href":"https:\/\/vdhmachinery.com\/de\/wp-json\/wp\/v2\/types\/product"}],"wp:featuredmedia":[{"embeddable":true,"href":"https:\/\/vdhmachinery.com\/de\/wp-json\/wp\/v2\/media\/1165"}],"wp:attachment":[{"href":"https:\/\/vdhmachinery.com\/de\/wp-json\/wp\/v2\/media?parent=3216"}],"wp:term":[{"taxonomy":"product_cat","embeddable":true,"href":"https:\/\/vdhmachinery.com\/de\/wp-json\/wp\/v2\/product_cat?post=3216"}],"curies":[{"name":"wp","href":"https:\/\/api.w.org\/{rel}","templated":true}]}}