{"id":3223,"date":"2025-09-15T11:49:44","date_gmt":"2025-09-15T11:49:44","guid":{"rendered":"https:\/\/vdhmachinery.com\/machines\/sennebogen-5500g\/"},"modified":"2026-02-03T10:26:23","modified_gmt":"2026-02-03T10:26:23","slug":"sennebogen-5500g","status":"publish","type":"product","link":"https:\/\/vdhmachinery.com\/de\/machines\/sennebogen-5500g\/","title":{"rendered":"Sennebogen 5500g"},"content":{"rendered":"\n\n<h2 class=\"wp-block-heading\"><strong>Kraft und Kapazit\u00e4t<\/strong><\/h2>\n\n\n\n<p>Der Sennebogen 5500 ist auf maximale Leistung ausgelegt. Mit einer Auslegerl\u00e4nge von bis zu 74,7 Metern und einer Motorleistung von 283 kW bietet dieser Kran beeindruckende Hubkapazit\u00e4ten. Dank der starken Winden mit 160 kN Zugkraft und einer Seilgeschwindigkeit von bis zu 105 m\/min kann die Maschine m\u00fchelos schwere Lasten bewegen, selbst bei gro\u00dfer Reichweite.   <\/p>\n\n\n\n<p><strong>Technische Highlights<\/strong><\/p>\n\n\n\n<figure class=\"wp-block-table\"><table class=\"has-fixed-layout\"><tbody><tr><td>Tragf\u00e4higkeit<\/td><td><strong>180 Tonnen und 200 Tonnen<\/strong><\/td><\/tr><tr><td>Max. Auslegerl\u00e4nge<\/td><td><strong>74,7 m<\/strong><\/td><\/tr><tr><td>Motorleistung<\/td><td><strong>283 kW (Stufe V)<\/strong><\/td><\/tr><tr><td>Winden<\/td><td><strong>2 \u00d7 160 kN<\/strong><\/td><\/tr><tr><td>Betriebsgewicht<\/td><td><strong>ca. 166 t<\/strong><\/td><\/tr><\/tbody><\/table><\/figure>\n\n\n\n<h2 class=\"wp-block-heading\"><strong>Flexibilit\u00e4t und Vielseitigkeit<\/strong><\/h2>\n\n\n\n<p>Der Sennebogen 5500 ist in verschiedenen Branchen wie Br\u00fcckenbau, Offshore, Windenergie und Tiefbau einsetzbar. Dank des Selbstmontagesystems ist der Kran schnell und ohne zus\u00e4tzliche Hilfsmittel einsatzbereit. Dar\u00fcber hinaus kann die Maschine unter Last fahren und auch in unebenem Gel\u00e4nde sicher arbeiten, selbst bei einer Neigung von 4 Grad.  <\/p>\n\n\n\n<figure class=\"wp-block-gallery has-nested-images columns-default is-cropped splide wpcom-gallery wp-block-gallery-1 is-layout-flex wp-block-gallery-is-layout-flex\"><button type='button' class='close-btn'><svg xmlns=\"http:\/\/www.w3.org\/2000\/svg\" viewBox=\"0 0 640 640\"><path fill=\"#ffffff\" d=\"M320 576C461.4 576 576 461.4 576 320C576 178.6 461.4 64 320 64C178.6 64 64 178.6 64 320C64 461.4 178.6 576 320 576zM231 231C240.4 221.6 255.6 221.6 264.9 231L319.9 286L374.9 231C384.3 221.6 399.5 221.6 408.8 231C418.1 240.4 418.2 255.6 408.8 264.9L353.8 319.9L408.8 374.9C418.2 384.3 418.2 399.5 408.8 408.8C399.4 418.1 384.2 418.2 374.9 408.8L319.9 353.8L264.9 408.8C255.5 418.2 240.3 418.2 231 408.8C221.7 399.4 221.6 384.2 231 374.9L286 319.9L231 264.9C221.6 255.5 221.6 240.3 231 231z\"\/><\/svg><\/button><div class='splide__track'><div class='splide__list'> \n<figure class=\"wp-block-image splide__slide size-large\"><img loading=\"lazy\" decoding=\"async\" width=\"1024\" height=\"678\" data-id=\"1056\" src=\"https:\/\/vdhmachinery.com\/wp-content\/uploads\/2025\/09\/DSC0071-1024x678.jpg\" alt=\"Sennebogen 5500g auf Werkstattaufnahme Nahaufnahme\" class=\"wp-image-1056\" srcset=\"https:\/\/vdhmachinery.com\/wp-content\/uploads\/2025\/09\/DSC0071-1024x678.jpg 1024w, https:\/\/vdhmachinery.com\/wp-content\/uploads\/2025\/09\/DSC0071-300x199.jpg 300w, https:\/\/vdhmachinery.com\/wp-content\/uploads\/2025\/09\/DSC0071-768x509.jpg 768w, https:\/\/vdhmachinery.com\/wp-content\/uploads\/2025\/09\/DSC0071-1536x1017.jpg 1536w, https:\/\/vdhmachinery.com\/wp-content\/uploads\/2025\/09\/DSC0071-2048x1356.jpg 2048w\" sizes=\"auto, (max-width: 1024px) 100vw, 1024px\" \/><\/figure>\n\n\n\n<figure class=\"wp-block-image splide__slide size-large\"><img loading=\"lazy\" decoding=\"async\" width=\"1024\" height=\"678\" data-id=\"1053\" src=\"https:\/\/vdhmachinery.com\/wp-content\/uploads\/2025\/09\/DSC0073-1024x678.jpg\" alt=\"Sennebogen 5500g auf Werkstattaufnahme Seite\" class=\"wp-image-1053\" srcset=\"https:\/\/vdhmachinery.com\/wp-content\/uploads\/2025\/09\/DSC0073-1024x678.jpg 1024w, https:\/\/vdhmachinery.com\/wp-content\/uploads\/2025\/09\/DSC0073-300x199.jpg 300w, https:\/\/vdhmachinery.com\/wp-content\/uploads\/2025\/09\/DSC0073-768x509.jpg 768w, https:\/\/vdhmachinery.com\/wp-content\/uploads\/2025\/09\/DSC0073-1536x1017.jpg 1536w, https:\/\/vdhmachinery.com\/wp-content\/uploads\/2025\/09\/DSC0073-2048x1356.jpg 2048w\" sizes=\"auto, (max-width: 1024px) 100vw, 1024px\" \/><\/figure>\n\n\n\n<figure class=\"wp-block-image splide__slide size-large\"><img loading=\"lazy\" decoding=\"async\" width=\"722\" height=\"1024\" data-id=\"1050\" src=\"https:\/\/vdhmachinery.com\/wp-content\/uploads\/2025\/09\/DSC0146-2-722x1024.jpg\" alt=\"Sennebogen 5500g auf Werkstattaufnahme schr&#xE4;g\" class=\"wp-image-1050\" srcset=\"https:\/\/vdhmachinery.com\/wp-content\/uploads\/2025\/09\/DSC0146-2-722x1024.jpg 722w, https:\/\/vdhmachinery.com\/wp-content\/uploads\/2025\/09\/DSC0146-2-211x300.jpg 211w, https:\/\/vdhmachinery.com\/wp-content\/uploads\/2025\/09\/DSC0146-2-768x1090.jpg 768w, https:\/\/vdhmachinery.com\/wp-content\/uploads\/2025\/09\/DSC0146-2-1082x1536.jpg 1082w, https:\/\/vdhmachinery.com\/wp-content\/uploads\/2025\/09\/DSC0146-2-1443x2048.jpg 1443w, https:\/\/vdhmachinery.com\/wp-content\/uploads\/2025\/09\/DSC0146-2-scaled.jpg 1804w\" sizes=\"auto, (max-width: 722px) 100vw, 722px\" \/><\/figure>\n\n\n\n<figure class=\"wp-block-image splide__slide size-large\"><img loading=\"lazy\" decoding=\"async\" width=\"1024\" height=\"682\" data-id=\"1062\" src=\"https:\/\/vdhmachinery.com\/wp-content\/uploads\/2025\/09\/5500_E_Servicekran_Dutch_Offshore_Amsterdam_Van_den_Heuvel_2021_6_-1024x682.jpg\" alt=\"Sennebogen 5500g im Hafen\" class=\"wp-image-1062\" srcset=\"https:\/\/vdhmachinery.com\/wp-content\/uploads\/2025\/09\/5500_E_Servicekran_Dutch_Offshore_Amsterdam_Van_den_Heuvel_2021_6_-1024x682.jpg 1024w, https:\/\/vdhmachinery.com\/wp-content\/uploads\/2025\/09\/5500_E_Servicekran_Dutch_Offshore_Amsterdam_Van_den_Heuvel_2021_6_-300x200.jpg 300w, https:\/\/vdhmachinery.com\/wp-content\/uploads\/2025\/09\/5500_E_Servicekran_Dutch_Offshore_Amsterdam_Van_den_Heuvel_2021_6_-768x512.jpg 768w, https:\/\/vdhmachinery.com\/wp-content\/uploads\/2025\/09\/5500_E_Servicekran_Dutch_Offshore_Amsterdam_Van_den_Heuvel_2021_6_-1536x1023.jpg 1536w, https:\/\/vdhmachinery.com\/wp-content\/uploads\/2025\/09\/5500_E_Servicekran_Dutch_Offshore_Amsterdam_Van_den_Heuvel_2021_6_-2048x1364.jpg 2048w\" sizes=\"auto, (max-width: 1024px) 100vw, 1024px\" \/><\/figure>\n\n\n\n<figure class=\"wp-block-image splide__slide size-large\"><img loading=\"lazy\" decoding=\"async\" width=\"1024\" height=\"709\" data-id=\"1059\" src=\"https:\/\/vdhmachinery.com\/wp-content\/uploads\/2025\/09\/5500_R_Hochbau_Tuerkei_Aydin_Vinc_2015_15_-1024x709.jpg\" alt=\"Sennebogen 5500g auf Werkstattaufnahme neben Wasser\" class=\"wp-image-1059\" srcset=\"https:\/\/vdhmachinery.com\/wp-content\/uploads\/2025\/09\/5500_R_Hochbau_Tuerkei_Aydin_Vinc_2015_15_-1024x709.jpg 1024w, https:\/\/vdhmachinery.com\/wp-content\/uploads\/2025\/09\/5500_R_Hochbau_Tuerkei_Aydin_Vinc_2015_15_-300x208.jpg 300w, https:\/\/vdhmachinery.com\/wp-content\/uploads\/2025\/09\/5500_R_Hochbau_Tuerkei_Aydin_Vinc_2015_15_-768x532.jpg 768w, https:\/\/vdhmachinery.com\/wp-content\/uploads\/2025\/09\/5500_R_Hochbau_Tuerkei_Aydin_Vinc_2015_15_-1536x1063.jpg 1536w, https:\/\/vdhmachinery.com\/wp-content\/uploads\/2025\/09\/5500_R_Hochbau_Tuerkei_Aydin_Vinc_2015_15_-2048x1418.jpg 2048w\" sizes=\"auto, (max-width: 1024px) 100vw, 1024px\" \/><\/figure>\n\n\n\n<figure class=\"wp-block-image splide__slide size-large\"><img loading=\"lazy\" decoding=\"async\" width=\"768\" height=\"1024\" data-id=\"1047\" src=\"https:\/\/vdhmachinery.com\/wp-content\/uploads\/2025\/09\/WhatsApp-Image-2020-10-08-at-16.54.20-768x1024.jpg\" alt=\"Sennebogen 5500g auf Werkstattaufnahme von unten\" class=\"wp-image-1047\" srcset=\"https:\/\/vdhmachinery.com\/wp-content\/uploads\/2025\/09\/WhatsApp-Image-2020-10-08-at-16.54.20-768x1024.jpg 768w, https:\/\/vdhmachinery.com\/wp-content\/uploads\/2025\/09\/WhatsApp-Image-2020-10-08-at-16.54.20-225x300.jpg 225w, https:\/\/vdhmachinery.com\/wp-content\/uploads\/2025\/09\/WhatsApp-Image-2020-10-08-at-16.54.20-1152x1536.jpg 1152w, https:\/\/vdhmachinery.com\/wp-content\/uploads\/2025\/09\/WhatsApp-Image-2020-10-08-at-16.54.20.jpg 1200w\" sizes=\"auto, (max-width: 768px) 100vw, 768px\" \/><\/figure>\n<\/figure>\n\n\n\n<h2 class=\"wp-block-heading\"><strong>Komfort und Sicherheit<\/strong><\/h2>\n\n\n\n<p>Die ger\u00e4umige Maxcab-Kabine bietet eine hervorragende Rundumsicht und ist serienm\u00e4\u00dfig bis zu 20 Grad neigbar. Mit intuitiver Bedienung \u00fcber das SENCON-System, ergonomischer Joystick-Steuerung und umfangreichen Sicherheitsvorkehrungen kann der Maschinist auch bei komplexen Projekten pr\u00e4zise und sicher arbeiten. <\/p>\n\n\n\n<h2 class=\"wp-block-heading\"><strong>Zuverl\u00e4ssigkeit und Wartungsfreundlichkeit<\/strong><\/h2>\n\n\n\n<p>Der Sennebogen 5500 ist auf eine lange Lebensdauer und minimale Stillstandzeiten ausgelegt. Der modulare Aufbau erleichtert die Wartung, w\u00e4hrend alle Servicepunkte gut erreichbar sind. Der Einsatz hochwertiger Komponenten und die Green Efficiency Technologie tragen zu Kraftstoffeinsparungen, geringeren Emissionen und nachhaltiger Leistung bei.  <\/p>\n\n\n\n<h2 class=\"wp-block-heading\"><strong>Wichtigste Vorteile<\/strong><\/h2>\n\n\n\n<ul class=\"wp-block-list\">\n<li>Hohe Kapazit\u00e4t bis zu 200 Tonnen<\/li>\n\n\n\n<li>Gro\u00dfe Reichweite bis zu 74,7 Metern<\/li>\n\n\n\n<li>Robuster Star-Lifter-Unterwagen<\/li>\n\n\n\n<li>Schnelle Montage ohne zus\u00e4tzlichen Kran<\/li>\n\n\n\n<li>Fahrbar unter Last f\u00fcr maximale Effizienz<\/li>\n\n\n\n<li>Komfortable Maxcab-Kabine mit ausgezeichneter Sicht<\/li>\n\n\n\n<li>Nachhaltiger Motor und niedrige Betriebskosten<\/li>\n<\/ul>\n\n\n\n<p>Der <strong>Sennebogen 5500<\/strong> ist die ideale Wahl f\u00fcr Bauunternehmer und Bauunternehmen, die einen leistungsstarken, vielseitigen und zuverl\u00e4ssigen Raupenkran f\u00fcr schwere Hebeanwendungen suchen.<\/p>\n\n","protected":false},"featured_media":2223,"template":"","meta":{"vdh-section-opener":"<!-- wp:paragraph -->\n<p>Der <strong>Sennebogen 5500<\/strong> ist ein leistungsstarker Raupenkran mit einer maximalen Traglast von 180 und 200 Tonnen. Dank des robusten Star-Lifter-Unterwagens, der gro\u00dfen Auslegerl\u00e4ngen und der hervorragenden Transportierbarkeit ist dieser Kran die ideale L\u00f6sung f\u00fcr schwere Hebearbeiten im Tief- und Industriebau. <\/p>\n<!-- \/wp:paragraph -->","vdh-section-content":"<!-- wp:paragraph -->\n<p><\/p>\n<!-- \/wp:paragraph -->","vdh-section-sidebar":"<!-- wp:paragraph -->\n<p\/>\n<!-- \/wp:paragraph -->","vdh-section-extra-information":"<!-- wp:paragraph -->\n<p\/>\n<!-- \/wp:paragraph -->","vdh-section-pre-footer-left":"<!-- wp:heading -->\n<h2 class=\"wp-block-heading\">Mehr Informationen<\/h2>\n<!-- \/wp:heading -->\n\n<!-- wp:paragraph -->\n<p>Unsere Spezialisten denken gerne mit Ihnen mit \u2013 ob Sie sich auf Leistung, Nachhaltigkeit oder eine spezifische Anwendung konzentrieren. Wir kombinieren technisches Wissen mit praktischer Erfahrung und einer pragmatischen Herangehensweise.  So finden wir gemeinsam die L\u00f6sung, die f\u00fcr Ihre Situation am besten funktioniert.<\/p>\n<!-- \/wp:paragraph -->\n\n<!-- wp:heading {\"level\":3,\"textColor\":\"primary-blue\"} -->\n<h3 class=\"wp-block-heading has-primary-blue-color has-text-color\">Haben Sie Interesse oder eine Frage?<\/h3>\n<!-- \/wp:heading -->\n\n<!-- wp:paragraph -->\n<p>Hinterlassen Sie Ihre Daten und wir nehmen schnell Kontakt mit Ihnen auf.<\/p>\n<!-- \/wp:paragraph -->\n\n<!-- wp:gravityforms\/form {\"formId\":\"1\",\"title\":false,\"description\":false,\"inputPrimaryColor\":\"#204ce5\"} \/-->","vdh-section-pre-footer-right":"<!-- wp:vdh\/employee-block {\"employeeId\":160} \/-->\n\n<!-- wp:vdh\/employee-block {\"employeeId\":161} \/-->","downloadable_documents":[1065,1033],"variation_drive_diesel":true,"variation_drive_electric":false,"variation_drive_battery":false,"variation_undercarriage_mobile":false,"variation_undercarriage_track":true,"is_new_product":false,"vdh_order":60},"product_cat":[74],"class_list":["post-3223","product","type-product","status-publish","has-post-thumbnail","hentry","product_cat-gittermastkrane"],"_links":{"self":[{"href":"https:\/\/vdhmachinery.com\/de\/wp-json\/wp\/v2\/product\/3223","targetHints":{"allow":["GET"]}}],"collection":[{"href":"https:\/\/vdhmachinery.com\/de\/wp-json\/wp\/v2\/product"}],"about":[{"href":"https:\/\/vdhmachinery.com\/de\/wp-json\/wp\/v2\/types\/product"}],"wp:featuredmedia":[{"embeddable":true,"href":"https:\/\/vdhmachinery.com\/de\/wp-json\/wp\/v2\/media\/2223"}],"wp:attachment":[{"href":"https:\/\/vdhmachinery.com\/de\/wp-json\/wp\/v2\/media?parent=3223"}],"wp:term":[{"taxonomy":"product_cat","embeddable":true,"href":"https:\/\/vdhmachinery.com\/de\/wp-json\/wp\/v2\/product_cat?post=3223"}],"curies":[{"name":"wp","href":"https:\/\/api.w.org\/{rel}","templated":true}]}}