{"id":3224,"date":"2025-09-15T11:54:40","date_gmt":"2025-09-15T11:54:40","guid":{"rendered":"https:\/\/vdhmachinery.com\/machines\/sennebogen-7700g\/"},"modified":"2026-02-03T10:26:31","modified_gmt":"2026-02-03T10:26:31","slug":"sennebogen-7700g","status":"publish","type":"product","link":"https:\/\/vdhmachinery.com\/de\/machines\/sennebogen-7700g\/","title":{"rendered":"Sennebogen 7700g"},"content":{"rendered":"\n\n<h2 class=\"wp-block-heading\"><strong>Kraft und Kapazit\u00e4t<\/strong><\/h2>\n\n\n\n<p>Der Sennebogen 7700 ist f\u00fcr gro\u00dfvolumige Hebeanwendungen konzipiert. Mit einer maximalen Kapazit\u00e4t von 300 Tonnen und einer Motorleistung von 325 kW bietet dieser Kran H\u00f6chstleistungen. Die robusten 200-kN-Winden sorgen f\u00fcr zuverl\u00e4ssige und kraftvolle Hubbewegungen. Dank des modularen Designs kann die Maschine flexibel mit verschiedenen Auslegerkonfigurationen ausgestattet werden.   <\/p>\n\n\n\n<p><strong>Technische Highlights<\/strong><\/p>\n\n\n\n<figure class=\"wp-block-table\"><table class=\"has-fixed-layout\"><tbody><tr><td>Tragf\u00e4higkeit<\/td><td><strong>300 Tonnen<\/strong><\/td><\/tr><tr><td>Max. Auslegerl\u00e4nge<\/td><td><strong>200 m<\/strong><\/td><\/tr><tr><td>Motorleistung<\/td><td><strong>325 kW (Stufe V)<\/strong><\/td><\/tr><tr><td>Winden<\/td><td><strong>2 \u00d7 350 kN<\/strong><\/td><\/tr><tr><td>Betriebsgewicht<\/td><td><strong>ca. 300 Tonnen<\/strong><\/td><\/tr><\/tbody><\/table><\/figure>\n\n\n\n<h2 class=\"wp-block-heading\"><strong>Flexibilit\u00e4t in den Anwendungen<\/strong><\/h2>\n\n\n\n<p>Ob Br\u00fcckenbau, Offshore-Projekte, Windenergie oder schwere Industrieanlagen: Der Sennebogen 7700 ist \u00fcberall einsetzbar. Dank der vielseitigen Auslegeroptionen, wie z. B. fester Ausleger und Hilfsausleger, l\u00e4sst sich der Kran einfach an die jeweiligen Projektanforderungen anpassen. <\/p>\n\n\n\n<figure class=\"wp-block-gallery has-nested-images columns-default is-cropped splide wpcom-gallery wp-block-gallery-1 is-layout-flex wp-block-gallery-is-layout-flex\"><button type='button' class='close-btn'><svg xmlns=\"http:\/\/www.w3.org\/2000\/svg\" viewBox=\"0 0 640 640\"><path fill=\"#ffffff\" d=\"M320 576C461.4 576 576 461.4 576 320C576 178.6 461.4 64 320 64C178.6 64 64 178.6 64 320C64 461.4 178.6 576 320 576zM231 231C240.4 221.6 255.6 221.6 264.9 231L319.9 286L374.9 231C384.3 221.6 399.5 221.6 408.8 231C418.1 240.4 418.2 255.6 408.8 264.9L353.8 319.9L408.8 374.9C418.2 384.3 418.2 399.5 408.8 408.8C399.4 418.1 384.2 418.2 374.9 408.8L319.9 353.8L264.9 408.8C255.5 418.2 240.3 418.2 231 408.8C221.7 399.4 221.6 384.2 231 374.9L286 319.9L231 264.9C221.6 255.5 221.6 240.3 231 231z\"\/><\/svg><\/button><div class='splide__track'><div class='splide__list'> \n<figure class=\"wp-block-image splide__slide size-large\"><img loading=\"lazy\" decoding=\"async\" width=\"1024\" height=\"1024\" data-id=\"1069\" src=\"https:\/\/vdhmachinery.com\/wp-content\/uploads\/2025\/09\/7700_R_Offshore_Brueckendemontage_Le_Havre_Naxco_NL_Hebo_2019_12_-1024x1024.jpg\" alt=\"Sennebogen 7700g auf Schiff\" class=\"wp-image-1069\" srcset=\"https:\/\/vdhmachinery.com\/wp-content\/uploads\/2025\/09\/7700_R_Offshore_Brueckendemontage_Le_Havre_Naxco_NL_Hebo_2019_12_-1024x1024.jpg 1024w, https:\/\/vdhmachinery.com\/wp-content\/uploads\/2025\/09\/7700_R_Offshore_Brueckendemontage_Le_Havre_Naxco_NL_Hebo_2019_12_-300x300.jpg 300w, https:\/\/vdhmachinery.com\/wp-content\/uploads\/2025\/09\/7700_R_Offshore_Brueckendemontage_Le_Havre_Naxco_NL_Hebo_2019_12_-150x150.jpg 150w, https:\/\/vdhmachinery.com\/wp-content\/uploads\/2025\/09\/7700_R_Offshore_Brueckendemontage_Le_Havre_Naxco_NL_Hebo_2019_12_-768x768.jpg 768w, https:\/\/vdhmachinery.com\/wp-content\/uploads\/2025\/09\/7700_R_Offshore_Brueckendemontage_Le_Havre_Naxco_NL_Hebo_2019_12_.jpg 1512w\" sizes=\"auto, (max-width: 1024px) 100vw, 1024px\" \/><\/figure>\n\n\n\n<figure class=\"wp-block-image splide__slide size-large\"><img loading=\"lazy\" decoding=\"async\" width=\"1024\" height=\"678\" data-id=\"1075\" src=\"https:\/\/vdhmachinery.com\/wp-content\/uploads\/2025\/09\/DSC_0135-1024x678.jpg\" alt=\"Sennebogen 7700g rot auf Schiff Nahaufnahme\" class=\"wp-image-1075\" srcset=\"https:\/\/vdhmachinery.com\/wp-content\/uploads\/2025\/09\/DSC_0135-1024x678.jpg 1024w, https:\/\/vdhmachinery.com\/wp-content\/uploads\/2025\/09\/DSC_0135-300x199.jpg 300w, https:\/\/vdhmachinery.com\/wp-content\/uploads\/2025\/09\/DSC_0135-768x509.jpg 768w, https:\/\/vdhmachinery.com\/wp-content\/uploads\/2025\/09\/DSC_0135-1536x1017.jpg 1536w, https:\/\/vdhmachinery.com\/wp-content\/uploads\/2025\/09\/DSC_0135-2048x1356.jpg 2048w\" sizes=\"auto, (max-width: 1024px) 100vw, 1024px\" \/><\/figure>\n\n\n\n<figure class=\"wp-block-image splide__slide size-large\"><img loading=\"lazy\" decoding=\"async\" width=\"1024\" height=\"683\" data-id=\"1072\" src=\"https:\/\/vdhmachinery.com\/wp-content\/uploads\/2025\/09\/7700_R_SL_Bodenverdichtung_Rotterdam_2017_14_-1024x683.jpg\" alt=\"Sennebogen 7700g an Land\" class=\"wp-image-1072\" srcset=\"https:\/\/vdhmachinery.com\/wp-content\/uploads\/2025\/09\/7700_R_SL_Bodenverdichtung_Rotterdam_2017_14_-1024x683.jpg 1024w, https:\/\/vdhmachinery.com\/wp-content\/uploads\/2025\/09\/7700_R_SL_Bodenverdichtung_Rotterdam_2017_14_-300x200.jpg 300w, https:\/\/vdhmachinery.com\/wp-content\/uploads\/2025\/09\/7700_R_SL_Bodenverdichtung_Rotterdam_2017_14_-768x512.jpg 768w, https:\/\/vdhmachinery.com\/wp-content\/uploads\/2025\/09\/7700_R_SL_Bodenverdichtung_Rotterdam_2017_14_-1536x1024.jpg 1536w, https:\/\/vdhmachinery.com\/wp-content\/uploads\/2025\/09\/7700_R_SL_Bodenverdichtung_Rotterdam_2017_14_-2048x1365.jpg 2048w\" sizes=\"auto, (max-width: 1024px) 100vw, 1024px\" \/><\/figure>\n\n\n\n<figure class=\"wp-block-image splide__slide size-large\"><img decoding=\"async\" data-id=\"1081\" src=\"https:\/\/vdhmachinery.com\/wp-content\/uploads\/2025\/09\/Sennebogen-7700-&#xFFFD;-Van-den-Heuvel-66-1024x768.jpg\" alt=\"Sennebogen 7700g auf Werkstatt von oben\" class=\"wp-image-1081\"\/><\/figure>\n<\/figure>\n\n\n\n<h2 class=\"wp-block-heading\"><strong>Transport und schnelle Montage<\/strong><\/h2>\n\n\n\n<p>Trotz seiner Gr\u00f6\u00dfe ist der Sennebogen 7700 \u00fcberraschend einfach zu transportieren. Der modulare Aufbau erm\u00f6glicht kompakte Transportabmessungen, w\u00e4hrend das Selbstmontagesystem f\u00fcr einen schnellen Aufbau ohne zus\u00e4tzliche Hilfsmittel sorgt. Das spart Zeit und Kosten, wodurch der Kran schnell einsatzbereit ist.  <\/p>\n\n\n\n<h2 class=\"wp-block-heading\"><strong>Komfort und Sicherheit<\/strong><\/h2>\n\n\n\n<p>Die ger\u00e4umige Maxcab-Kabine bietet hervorragende Sicht, ergonomische Bedienung und ein hohes Ma\u00df an Sicherheit. Die Kabine kann optional gekippt oder hydraulisch angehoben werden, um eine bessere \u00dcbersicht zu erhalten. Das SENCON-Steuerungssystem unterst\u00fctzt den Maschinisten mit intuitiver Bedienung, Fehlerdiagnose und Echtzeit\u00fcberwachung aller relevanten Maschinendaten.  <\/p>\n\n\n\n<h2 class=\"wp-block-heading\"><strong>Zuverl\u00e4ssigkeit und Nachhaltigkeit<\/strong><\/h2>\n\n\n\n<p>Der Sennebogen 7700 ist mit hochwertigen Komponenten gebaut und mit moderner Motor- und Hydrauliktechnik ausgestattet. Dies f\u00fchrt zu einer langen Lebensdauer, niedrigen Wartungskosten und dauerhaften Leistung, selbst unter den schwersten Bedingungen. <\/p>\n\n\n\n<h2 class=\"wp-block-heading\"><strong>Wichtigste Vorteile<\/strong><\/h2>\n\n\n\n<ul class=\"wp-block-list\">\n<li>Beeindruckende Hubkapazit\u00e4t bis zu 300 Tonnen<\/li>\n\n\n\n<li>Gro\u00dfe Reichweite mit Auslegerl\u00e4nge bis zu 117 Metern<\/li>\n\n\n\n<li>Effizientes Selbstmontagesystem<\/li>\n\n\n\n<li>Modulares Design f\u00fcr vielseitige Auslegerkonfigurationen<\/li>\n\n\n\n<li>Maxcab-Kabine mit optimalem Komfort und Sicht<\/li>\n\n\n\n<li>Robuste und langlebige Konstruktion f\u00fcr lange Lebensdauer<\/li>\n<\/ul>\n\n\n\n<p>Der <strong>Sennebogen 7700<\/strong> vereint Kraft, Flexibilit\u00e4t und Zuverl\u00e4ssigkeit und ist damit die ideale Wahl f\u00fcr schwerste Hebeanwendungen weltweit.<\/p>\n\n\n<p><\/p>\n","protected":false},"featured_media":2326,"template":"","meta":{"vdh-section-opener":"<!-- wp:paragraph -->\n<p>Der <strong>Sennebogen 7700<\/strong> ist ein leistungsstarker Raupenkran mit einer beeindruckenden Hubkapazit\u00e4t von 300 Tonnen. Mit Auslegerl\u00e4ngen bis zu 117 Metern, hoher Stabilit\u00e4t und einem effizienten Selbstmontagesystem ist dieser Kran ideal f\u00fcr schwere Hubprojekte in Industrie, Tiefbau und Windenergie. <\/p>\n<!-- \/wp:paragraph -->","vdh-section-content":"<!-- wp:paragraph -->\n<p><\/p>\n<!-- \/wp:paragraph -->","vdh-section-sidebar":"<!-- wp:paragraph -->\n<p\/>\n<!-- \/wp:paragraph -->","vdh-section-extra-information":"<!-- wp:paragraph -->\n<p\/>\n<!-- \/wp:paragraph -->","vdh-section-pre-footer-left":"<!-- wp:heading -->\n<h2 class=\"wp-block-heading\">Mehr Informationen<\/h2>\n<!-- \/wp:heading -->\n\n<!-- wp:paragraph -->\n<p>Unsere Spezialisten denken gerne mit Ihnen mit \u2013 ob Sie sich auf Leistung, Nachhaltigkeit oder eine spezifische Anwendung konzentrieren. Wir kombinieren technisches Wissen mit praktischer Erfahrung und einer pragmatischen Herangehensweise.  So finden wir gemeinsam die L\u00f6sung, die f\u00fcr Ihre Situation am besten funktioniert.<\/p>\n<!-- \/wp:paragraph -->\n\n<!-- wp:heading {\"level\":3,\"textColor\":\"primary-blue\"} -->\n<h3 class=\"wp-block-heading has-primary-blue-color has-text-color\">Haben Sie Interesse oder eine Frage?<\/h3>\n<!-- \/wp:heading -->\n\n<!-- wp:paragraph -->\n<p>Hinterlassen Sie Ihre Daten und wir nehmen schnell Kontakt mit Ihnen auf.<\/p>\n<!-- \/wp:paragraph -->\n\n<!-- wp:gravityforms\/form {\"formId\":\"1\",\"title\":false,\"description\":false,\"inputPrimaryColor\":\"#204ce5\"} \/-->","vdh-section-pre-footer-right":"<!-- wp:vdh\/employee-block {\"employeeId\":160} \/-->\n\n<!-- wp:vdh\/employee-block {\"employeeId\":161} \/-->","downloadable_documents":[1084,1033],"variation_drive_diesel":true,"variation_drive_electric":false,"variation_drive_battery":false,"variation_undercarriage_mobile":false,"variation_undercarriage_track":true,"is_new_product":false,"vdh_order":50},"product_cat":[74],"class_list":["post-3224","product","type-product","status-publish","has-post-thumbnail","hentry","product_cat-gittermastkrane"],"_links":{"self":[{"href":"https:\/\/vdhmachinery.com\/de\/wp-json\/wp\/v2\/product\/3224","targetHints":{"allow":["GET"]}}],"collection":[{"href":"https:\/\/vdhmachinery.com\/de\/wp-json\/wp\/v2\/product"}],"about":[{"href":"https:\/\/vdhmachinery.com\/de\/wp-json\/wp\/v2\/types\/product"}],"wp:featuredmedia":[{"embeddable":true,"href":"https:\/\/vdhmachinery.com\/de\/wp-json\/wp\/v2\/media\/2326"}],"wp:attachment":[{"href":"https:\/\/vdhmachinery.com\/de\/wp-json\/wp\/v2\/media?parent=3224"}],"wp:term":[{"taxonomy":"product_cat","embeddable":true,"href":"https:\/\/vdhmachinery.com\/de\/wp-json\/wp\/v2\/product_cat?post=3224"}],"curies":[{"name":"wp","href":"https:\/\/api.w.org\/{rel}","templated":true}]}}