{"id":3229,"date":"2025-09-15T11:29:33","date_gmt":"2025-09-15T11:29:33","guid":{"rendered":"https:\/\/vdhmachinery.com\/machines\/sennebogen-1100g\/"},"modified":"2026-02-03T10:26:23","modified_gmt":"2026-02-03T10:26:23","slug":"sennebogen-1100g","status":"publish","type":"product","link":"https:\/\/vdhmachinery.com\/de\/machines\/sennebogen-1100g\/","title":{"rendered":"Sennebogen 1100g"},"content":{"rendered":"\n\n<h2 class=\"wp-block-heading\"><strong>Kompakt und vielseitig<\/strong><\/h2>\n\n\n\n<p>Der Sennebogen 1100 vereint drei Kernqualit\u00e4ten: Kompaktheit, Flexibilit\u00e4t und Leistungsf\u00e4higkeit. Dank der Transportbreite von nur 3 Metern und des geringen Transportgewichts l\u00e4sst sich der Kran einfach und kosteneffizient verfahren. Auf der Baustelle ist die Maschine dank des innovativen Selbstmontagesystems in kurzer Zeit einsatzbereit.  <\/p>\n\n\n\n<h2 class=\"wp-block-heading\"><strong>Starke Leistung<\/strong><\/h2>\n\n\n\n<p>Mit zwei 120 kN Winden bietet der Sennebogen 1100 eine beeindruckende Hubleistung, selbst bei langen Auslegern und gro\u00dfer Reichweite. Die robuste Konstruktion und der leistungsstarke Unterwagen sorgen f\u00fcr ausgezeichnete Gel\u00e4ndeg\u00e4ngigkeit, sodass der Kran auch auf unebenem Gel\u00e4nde oder bei einer Neigung von bis zu 4 Grad sicher arbeiten kann. <\/p>\n\n\n\n<p><strong>Technische Highlights<\/strong><\/p>\n\n\n\n<figure class=\"wp-block-table\"><table class=\"has-fixed-layout\"><tbody><tr><td>Tragf\u00e4higkeit<\/td><td><strong>50 t<\/strong><\/td><\/tr><tr><td>Max. Auslegerl\u00e4nge<\/td><td><strong>52,3 Meter<\/strong><\/td><\/tr><tr><td>Motorleistung<\/td><td><strong>168 kW (Stufe V)<\/strong><\/td><\/tr><tr><td>Winden<\/td><td><strong>2 x 120 kN<\/strong><\/td><\/tr><tr><td>Betriebsgewicht<\/td><td><strong>ca. 50 t<\/strong><\/td><\/tr><\/tbody><\/table><\/figure>\n\n\n\n<figure class=\"wp-block-gallery has-nested-images columns-default is-cropped splide wpcom-gallery wp-block-gallery-1 is-layout-flex wp-block-gallery-is-layout-flex\"><button type='button' class='close-btn'><svg xmlns=\"http:\/\/www.w3.org\/2000\/svg\" viewBox=\"0 0 640 640\"><path fill=\"#ffffff\" d=\"M320 576C461.4 576 576 461.4 576 320C576 178.6 461.4 64 320 64C178.6 64 64 178.6 64 320C64 461.4 178.6 576 320 576zM231 231C240.4 221.6 255.6 221.6 264.9 231L319.9 286L374.9 231C384.3 221.6 399.5 221.6 408.8 231C418.1 240.4 418.2 255.6 408.8 264.9L353.8 319.9L408.8 374.9C418.2 384.3 418.2 399.5 408.8 408.8C399.4 418.1 384.2 418.2 374.9 408.8L319.9 353.8L264.9 408.8C255.5 418.2 240.3 418.2 231 408.8C221.7 399.4 221.6 384.2 231 374.9L286 319.9L231 264.9C221.6 255.5 221.6 240.3 231 231z\"\/><\/svg><\/button><div class='splide__track'><div class='splide__list'> \n<figure class=\"wp-block-image splide__slide size-large\"><img loading=\"lazy\" decoding=\"async\" width=\"1024\" height=\"576\" data-id=\"1024\" src=\"https:\/\/vdhmachinery.com\/wp-content\/uploads\/2025\/09\/1100_E_Espi_Italien_2021__40_-1024x576.jpg\" alt=\"Sennebogen 1100g an Land\" class=\"wp-image-1024\" srcset=\"https:\/\/vdhmachinery.com\/wp-content\/uploads\/2025\/09\/1100_E_Espi_Italien_2021__40_-1024x576.jpg 1024w, https:\/\/vdhmachinery.com\/wp-content\/uploads\/2025\/09\/1100_E_Espi_Italien_2021__40_-300x169.jpg 300w, https:\/\/vdhmachinery.com\/wp-content\/uploads\/2025\/09\/1100_E_Espi_Italien_2021__40_-768x432.jpg 768w, https:\/\/vdhmachinery.com\/wp-content\/uploads\/2025\/09\/1100_E_Espi_Italien_2021__40_-1536x864.jpg 1536w, https:\/\/vdhmachinery.com\/wp-content\/uploads\/2025\/09\/1100_E_Espi_Italien_2021__40_-2048x1152.jpg 2048w\" sizes=\"auto, (max-width: 1024px) 100vw, 1024px\" \/><\/figure>\n\n\n\n<figure class=\"wp-block-image splide__slide size-large\"><img loading=\"lazy\" decoding=\"async\" width=\"1024\" height=\"683\" data-id=\"1027\" src=\"https:\/\/vdhmachinery.com\/wp-content\/uploads\/2025\/09\/1100E_Mobil_Holland_hochgesetzte_Kabine_Reefer_Stevedoring__1_2018-1024x683.jpg\" alt=\"Sennebogen 1100g neben Schiff\" class=\"wp-image-1027\" srcset=\"https:\/\/vdhmachinery.com\/wp-content\/uploads\/2025\/09\/1100E_Mobil_Holland_hochgesetzte_Kabine_Reefer_Stevedoring__1_2018-1024x683.jpg 1024w, https:\/\/vdhmachinery.com\/wp-content\/uploads\/2025\/09\/1100E_Mobil_Holland_hochgesetzte_Kabine_Reefer_Stevedoring__1_2018-300x200.jpg 300w, https:\/\/vdhmachinery.com\/wp-content\/uploads\/2025\/09\/1100E_Mobil_Holland_hochgesetzte_Kabine_Reefer_Stevedoring__1_2018-768x512.jpg 768w, https:\/\/vdhmachinery.com\/wp-content\/uploads\/2025\/09\/1100E_Mobil_Holland_hochgesetzte_Kabine_Reefer_Stevedoring__1_2018-1536x1024.jpg 1536w, https:\/\/vdhmachinery.com\/wp-content\/uploads\/2025\/09\/1100E_Mobil_Holland_hochgesetzte_Kabine_Reefer_Stevedoring__1_2018-2048x1365.jpg 2048w\" sizes=\"auto, (max-width: 1024px) 100vw, 1024px\" \/><\/figure>\n\n\n\n<figure class=\"wp-block-image splide__slide size-large\"><img loading=\"lazy\" decoding=\"async\" width=\"1024\" height=\"683\" data-id=\"1021\" src=\"https:\/\/vdhmachinery.com\/wp-content\/uploads\/2025\/09\/crawler-crane-precast_concrete_assembly-1024x683.jpg\" alt=\"Sennebogen 1100g auf Werkstatt\" class=\"wp-image-1021\" srcset=\"https:\/\/vdhmachinery.com\/wp-content\/uploads\/2025\/09\/crawler-crane-precast_concrete_assembly-1024x683.jpg 1024w, https:\/\/vdhmachinery.com\/wp-content\/uploads\/2025\/09\/crawler-crane-precast_concrete_assembly-300x200.jpg 300w, https:\/\/vdhmachinery.com\/wp-content\/uploads\/2025\/09\/crawler-crane-precast_concrete_assembly-768x512.jpg 768w, https:\/\/vdhmachinery.com\/wp-content\/uploads\/2025\/09\/crawler-crane-precast_concrete_assembly-1536x1024.jpg 1536w, https:\/\/vdhmachinery.com\/wp-content\/uploads\/2025\/09\/crawler-crane-precast_concrete_assembly.jpg 1773w\" sizes=\"auto, (max-width: 1024px) 100vw, 1024px\" \/><\/figure>\n\n\n\n<figure class=\"wp-block-image splide__slide size-full\"><img loading=\"lazy\" decoding=\"async\" width=\"2560\" height=\"1153\" data-id=\"1892\" src=\"https:\/\/vdhmachinery.com\/wp-content\/uploads\/2025\/09\/20220420_160436-scaled.jpg\" alt=\"Sennebogen 1100g auf Schiff\" class=\"wp-image-1892\" srcset=\"https:\/\/vdhmachinery.com\/wp-content\/uploads\/2025\/09\/20220420_160436-scaled.jpg 2560w, https:\/\/vdhmachinery.com\/wp-content\/uploads\/2025\/09\/20220420_160436-300x135.jpg 300w, https:\/\/vdhmachinery.com\/wp-content\/uploads\/2025\/09\/20220420_160436-1024x461.jpg 1024w, https:\/\/vdhmachinery.com\/wp-content\/uploads\/2025\/09\/20220420_160436-768x346.jpg 768w, https:\/\/vdhmachinery.com\/wp-content\/uploads\/2025\/09\/20220420_160436-1536x692.jpg 1536w, https:\/\/vdhmachinery.com\/wp-content\/uploads\/2025\/09\/20220420_160436-2048x922.jpg 2048w\" sizes=\"auto, (max-width: 2560px) 100vw, 2560px\" \/><\/figure>\n<\/figure>\n\n\n\n<h2 class=\"wp-block-heading\"><strong>Bedienkomfort und Sicherheit<\/strong><\/h2>\n\n\n\n<p>Die ger\u00e4umige Maxcab-Kabine ist auf dauerhaften Komfort und Produktivit\u00e4t ausgelegt. Mit ausgezeichneter Rundumsicht, intuitiver Bedienung \u00fcber das SENCON-System und optionalen Ausstattungen wie kippbarer oder erh\u00f6hter Kabine bietet der Sennebogen 1100 dem Maschinisten optimale Kontrolle und Sicherheit. <\/p>\n\n\n\n<h2 class=\"wp-block-heading\"><strong>Zuverl\u00e4ssig und langlebig<\/strong><\/h2>\n\n\n\n<p>Dank der Verwendung hochwertiger Komponenten, eines wartungsfreundlichen Maschinenaufbaus und moderner Motortechnik erf\u00fcllt der Sennebogen 1100 die strengsten Anforderungen. Das Ergebnis ist eine lange Lebensdauer und ein hoher Restwert, selbst bei intensivem Einsatz im Tiefbau, in der Industrie oder bei Offshore-Anwendungen. <\/p>\n\n\n\n<h2 class=\"wp-block-heading\"><strong>Wichtigste Vorteile<\/strong><\/h2>\n\n\n\n<ul class=\"wp-block-list\">\n<li>Kompakt und einfach zu transportieren<\/li>\n\n\n\n<li>Schnelle Einsatzbereitschaft dank Selbstmontagesystem<\/li>\n\n\n\n<li>Starke Leistung mit zwei 120 kN Winden<\/li>\n\n\n\n<li>Robuste Konstruktion f\u00fcr maximale Zuverl\u00e4ssigkeit<\/li>\n\n\n\n<li>Geeignet f\u00fcr Pick &amp; Carry Anwendungen<\/li>\n\n\n\n<li>Ger\u00e4umige, komfortable Kabine mit ausgezeichneter Sicht<\/li>\n<\/ul>\n\n\n\n<p>Der <strong>Sennebogen 1100<\/strong> ist die ideale L\u00f6sung f\u00fcr Bauunternehmer und Baufirmen, die einen kompakten, aber leistungsstarken Raupenkran ben\u00f6tigen, der f\u00fcr vielf\u00e4ltige Hebeanwendungen eingesetzt werden kann.<\/p>\n\n","protected":false},"featured_media":2220,"template":"","meta":{"vdh-section-opener":"<!-- wp:paragraph -->\n<p>Der <strong>Sennebogen 1100<\/strong> ist der kompakteste Raupenkran im Sennebogen-Sortiment. Mit einer Traglast von 50 Tonnen, einer Auslegerl\u00e4nge von bis zu 52,3 Metern und maximaler Wendigkeit bietet dieser Kran Kraft, Flexibilit\u00e4t und Zuverl\u00e4ssigkeit selbst auf engsten Baustellen. <\/p>\n<!-- \/wp:paragraph -->","vdh-section-content":"<!-- wp:paragraph -->\n<p><\/p>\n<!-- \/wp:paragraph -->","vdh-section-sidebar":"<!-- wp:paragraph -->\n<p\/>\n<!-- \/wp:paragraph -->","vdh-section-extra-information":"<!-- wp:paragraph -->\n<p\/>\n<!-- \/wp:paragraph -->","vdh-section-pre-footer-left":"<!-- wp:heading -->\n<h2 class=\"wp-block-heading\">Mehr Informationen<\/h2>\n<!-- \/wp:heading -->\n\n<!-- wp:paragraph -->\n<p>Unsere Spezialisten denken gerne mit Ihnen mit \u2013 ob Sie sich auf Leistung, Nachhaltigkeit oder eine spezifische Anwendung konzentrieren. Wir kombinieren technisches Wissen mit praktischer Erfahrung und einer pragmatischen Herangehensweise.  So finden wir gemeinsam die L\u00f6sung, die f\u00fcr Ihre Situation am besten funktioniert.<\/p>\n<!-- \/wp:paragraph -->\n\n<!-- wp:heading {\"level\":3,\"textColor\":\"primary-blue\"} -->\n<h3 class=\"wp-block-heading has-primary-blue-color has-text-color\">Haben Sie Interesse oder eine Frage?<\/h3>\n<!-- \/wp:heading -->\n\n<!-- wp:paragraph -->\n<p>Hinterlassen Sie Ihre Daten und wir nehmen schnell Kontakt mit Ihnen auf.<\/p>\n<!-- \/wp:paragraph -->\n\n<!-- wp:gravityforms\/form {\"formId\":\"1\",\"title\":false,\"description\":false,\"inputPrimaryColor\":\"#204ce5\"} \/-->","vdh-section-pre-footer-right":"<!-- wp:vdh\/employee-block {\"employeeId\":160} \/-->\n\n<!-- wp:vdh\/employee-block {\"employeeId\":161} \/-->","downloadable_documents":[1033,1030],"variation_drive_diesel":true,"variation_drive_electric":false,"variation_drive_battery":false,"variation_undercarriage_mobile":false,"variation_undercarriage_track":true,"is_new_product":false,"vdh_order":100},"product_cat":[74],"class_list":["post-3229","product","type-product","status-publish","has-post-thumbnail","hentry","product_cat-gittermastkrane"],"_links":{"self":[{"href":"https:\/\/vdhmachinery.com\/de\/wp-json\/wp\/v2\/product\/3229","targetHints":{"allow":["GET"]}}],"collection":[{"href":"https:\/\/vdhmachinery.com\/de\/wp-json\/wp\/v2\/product"}],"about":[{"href":"https:\/\/vdhmachinery.com\/de\/wp-json\/wp\/v2\/types\/product"}],"wp:featuredmedia":[{"embeddable":true,"href":"https:\/\/vdhmachinery.com\/de\/wp-json\/wp\/v2\/media\/2220"}],"wp:attachment":[{"href":"https:\/\/vdhmachinery.com\/de\/wp-json\/wp\/v2\/media?parent=3229"}],"wp:term":[{"taxonomy":"product_cat","embeddable":true,"href":"https:\/\/vdhmachinery.com\/de\/wp-json\/wp\/v2\/product_cat?post=3229"}],"curies":[{"name":"wp","href":"https:\/\/api.w.org\/{rel}","templated":true}]}}