{"id":3233,"date":"2025-09-15T11:23:18","date_gmt":"2025-09-15T11:23:18","guid":{"rendered":"https:\/\/vdhmachinery.com\/machines\/vdh-sheetpiler-teleskopisch\/"},"modified":"2026-02-03T10:26:17","modified_gmt":"2026-02-03T10:26:17","slug":"vdh-sheetpiler-teleskopisch","status":"publish","type":"product","link":"https:\/\/vdhmachinery.com\/de\/machines\/vdh-sheetpiler-teleskopisch\/","title":{"rendered":"VDH-Sheetpiler Teleskopisch"},"content":{"rendered":"\n\n<h2 class=\"wp-block-heading\"><strong>Innovatives und effizientes Einbringen von Spundw\u00e4nden<\/strong><\/h2>\n\n\n\n<p>Der VDH-Sheetpiler Teleskopisch kombiniert Vibrieren und Dr\u00fccken in einer Maschine. Der gro\u00dfe Unterschied zu traditionellen Methoden besteht darin, dass diese Maschine auch dr\u00fcckende Vorspannung auf die Spundwand aus\u00fcben kann. Dadurch erfolgt das Einbringen schneller und mit h\u00f6herer Genauigkeit, was die Gesamteffizienz des Projekts erh\u00f6ht.  <\/p>\n\n\n\n<p><strong>Ausschiebbarer Mast und gro\u00dfe Reichweite<\/strong><\/p>\n\n\n\n<p>Der Teleskopmast kann 5 Meter ausgefahren werden und ist mit zwei zus\u00e4tzlichen Mastteilen versehen. Dies erm\u00f6glicht eine maximale Pinh\u00f6he von 23,4 Metern, wodurch Spundwandbohlen bis zu 21 Meter L\u00e4nge und 3.750 kg Gewicht platziert werden k\u00f6nnen. Dies vergr\u00f6\u00dfert die Einsatzm\u00f6glichkeiten erheblich, auch bei gro\u00dfen oder komplexen Projekten.  <\/p>\n\n\n\n<h2 class=\"wp-block-heading\"><strong>Kompaktes und stabiles Design<\/strong><\/h2>\n\n\n\n<p>Bei Projekten mit begrenztem Arbeitsraum oder bei Arbeiten von einem Ponton aus ist der VDH-Sheetpiler Teleskopisch ideal. Der Unterwagen ist hydraulisch verbreiterbar bis 5,5 Meter f\u00fcr maximale Stabilit\u00e4t w\u00e4hrend der Arbeit. F\u00fcr den Transport ist die Maschine mit Abmessungen von nur 3,65 \u00d7 13,5 Metern kompakt, was f\u00fcr einen effizienten und kosteneffektiven Transport sorgt.  <\/p>\n\n\n\n<figure class=\"wp-block-gallery has-nested-images columns-default is-cropped splide wpcom-gallery wp-block-gallery-1 is-layout-flex wp-block-gallery-is-layout-flex\"><button type='button' class='close-btn'><svg xmlns=\"http:\/\/www.w3.org\/2000\/svg\" viewBox=\"0 0 640 640\"><path fill=\"#ffffff\" d=\"M320 576C461.4 576 576 461.4 576 320C576 178.6 461.4 64 320 64C178.6 64 64 178.6 64 320C64 461.4 178.6 576 320 576zM231 231C240.4 221.6 255.6 221.6 264.9 231L319.9 286L374.9 231C384.3 221.6 399.5 221.6 408.8 231C418.1 240.4 418.2 255.6 408.8 264.9L353.8 319.9L408.8 374.9C418.2 384.3 418.2 399.5 408.8 408.8C399.4 418.1 384.2 418.2 374.9 408.8L319.9 353.8L264.9 408.8C255.5 418.2 240.3 418.2 231 408.8C221.7 399.4 221.6 384.2 231 374.9L286 319.9L231 264.9C221.6 255.5 221.6 240.3 231 231z\"\/><\/svg><\/button><div class='splide__track'><div class='splide__list'> \n<figure class=\"wp-block-image splide__slide size-large\"><img loading=\"lazy\" decoding=\"async\" width=\"768\" height=\"1024\" data-id=\"1005\" src=\"https:\/\/vdhmachinery.com\/wp-content\/uploads\/2025\/09\/Sheetpiler-telescopic-asap-768x1024.webp\" alt=\"VDH-Sheetpiler Teleskopisch auf der Baustelle\" class=\"wp-image-1005\" srcset=\"https:\/\/vdhmachinery.com\/wp-content\/uploads\/2025\/09\/Sheetpiler-telescopic-asap-768x1023.webp 768w, https:\/\/vdhmachinery.com\/wp-content\/uploads\/2025\/09\/Sheetpiler-telescopic-asap-225x300.webp 225w, https:\/\/vdhmachinery.com\/wp-content\/uploads\/2025\/09\/Sheetpiler-telescopic-asap.webp 773w\" sizes=\"auto, (max-width: 768px) 100vw, 768px\" \/><\/figure>\n\n\n\n<figure class=\"wp-block-image splide__slide size-large\"><img loading=\"lazy\" decoding=\"async\" width=\"768\" height=\"1024\" data-id=\"1013\" src=\"https:\/\/vdhmachinery.com\/wp-content\/uploads\/2025\/09\/Sheetpiler-telescopisch-1-768x1024.jpeg\" alt=\"VDH-Sheetpiler Teleskopisch Seite\" class=\"wp-image-1013\" srcset=\"https:\/\/vdhmachinery.com\/wp-content\/uploads\/2025\/09\/Sheetpiler-telescopisch-1-768x1024.jpeg 768w, https:\/\/vdhmachinery.com\/wp-content\/uploads\/2025\/09\/Sheetpiler-telescopisch-1-225x300.jpeg 225w, https:\/\/vdhmachinery.com\/wp-content\/uploads\/2025\/09\/Sheetpiler-telescopisch-1-1152x1536.jpeg 1152w, https:\/\/vdhmachinery.com\/wp-content\/uploads\/2025\/09\/Sheetpiler-telescopisch-1-1536x2048.jpeg 1536w, https:\/\/vdhmachinery.com\/wp-content\/uploads\/2025\/09\/Sheetpiler-telescopisch-1-scaled.jpeg 1920w\" sizes=\"auto, (max-width: 768px) 100vw, 768px\" \/><\/figure>\n\n\n\n<figure class=\"wp-block-image splide__slide size-large\"><img loading=\"lazy\" decoding=\"async\" width=\"194\" height=\"259\" data-id=\"1004\" src=\"https:\/\/vdhmachinery.com\/wp-content\/uploads\/2025\/09\/Sheetpiler-telescopisch-1.jpg\" alt=\"VDH-Sheetpiler Teleskopisch neben Halle Seite\" class=\"wp-image-1004\"\/><\/figure>\n\n\n\n<figure class=\"wp-block-image splide__slide size-large\"><img loading=\"lazy\" decoding=\"async\" width=\"785\" height=\"1024\" data-id=\"1016\" src=\"https:\/\/vdhmachinery.com\/wp-content\/uploads\/2025\/09\/Sheetpiler-telescopisch-2-785x1024.jpg\" alt=\"VDH-Sheetpiler Teleskopisch von oben\" class=\"wp-image-1016\" srcset=\"https:\/\/vdhmachinery.com\/wp-content\/uploads\/2025\/09\/Sheetpiler-telescopisch-2-785x1024.jpg 785w, https:\/\/vdhmachinery.com\/wp-content\/uploads\/2025\/09\/Sheetpiler-telescopisch-2-230x300.jpg 230w, https:\/\/vdhmachinery.com\/wp-content\/uploads\/2025\/09\/Sheetpiler-telescopisch-2-768x1002.jpg 768w, https:\/\/vdhmachinery.com\/wp-content\/uploads\/2025\/09\/Sheetpiler-telescopisch-2-1177x1536.jpg 1177w, https:\/\/vdhmachinery.com\/wp-content\/uploads\/2025\/09\/Sheetpiler-telescopisch-2-1569x2048.jpg 1569w, https:\/\/vdhmachinery.com\/wp-content\/uploads\/2025\/09\/Sheetpiler-telescopisch-2-scaled.jpg 1961w\" sizes=\"auto, (max-width: 785px) 100vw, 785px\" \/><\/figure>\n\n\n\n<figure class=\"wp-block-image splide__slide size-large\"><img loading=\"lazy\" decoding=\"async\" width=\"748\" height=\"1024\" data-id=\"1008\" src=\"https:\/\/vdhmachinery.com\/wp-content\/uploads\/2025\/09\/Sheetpiler-telescopisch-5-748x1024.jpg\" alt=\"VDH-Sheetpiler Teleskopisch schr&#xE4;g\" class=\"wp-image-1008\" srcset=\"https:\/\/vdhmachinery.com\/wp-content\/uploads\/2025\/09\/Sheetpiler-telescopisch-5-748x1024.jpg 748w, https:\/\/vdhmachinery.com\/wp-content\/uploads\/2025\/09\/Sheetpiler-telescopisch-5-219x300.jpg 219w, https:\/\/vdhmachinery.com\/wp-content\/uploads\/2025\/09\/Sheetpiler-telescopisch-5-768x1052.jpg 768w, https:\/\/vdhmachinery.com\/wp-content\/uploads\/2025\/09\/Sheetpiler-telescopisch-5.jpg 960w\" sizes=\"auto, (max-width: 748px) 100vw, 748px\" \/><\/figure>\n<\/figure>\n\n\n\n<h2 class=\"wp-block-heading\"><strong>Hydraulisches Powerpack und Nachhaltigkeit<\/strong><\/h2>\n\n\n\n<p>Anstelle des urspr\u00fcnglichen Ballastgewichts wurde ein speziell beschwerter Rahmen entwickelt, der auch das Powerpack tr\u00e4gt. Dieses Powerpack kann hydraulisch abgesetzt werden, wodurch das Transportgewicht geringer bleibt. Abh\u00e4ngig von der ben\u00f6tigten Leistung kann ein separates Powerpack und R\u00fcttelblock gew\u00e4hlt werden, sodass immer die neuesten Anforderungen erf\u00fcllt werden. Alle VDH-Maschinen sind standardm\u00e4\u00dfig mit einem modernen Stage V Motor ausgestattet, womit sie die strengsten Emissionsnormen erf\u00fcllen.   <\/p>\n\n\n\n<h2 class=\"wp-block-heading\"><strong>Wichtigste Vorteile<\/strong><\/h2>\n\n\n\n<ul class=\"wp-block-list\">\n<li>Schnelles und effizientes Einbringen von Spundw\u00e4nden<\/li>\n\n\n\n<li>Geeignet f\u00fcr Planken bis 21 Meter und 3.750 kg<\/li>\n\n\n\n<li>Ausschiebbarer Mast von 5 Metern, max. Pinh\u00f6he 23,4 Meter<\/li>\n\n\n\n<li>Dr\u00fcckende Vorspannung f\u00fcr zus\u00e4tzliche Effizienz<\/li>\n\n\n\n<li>Hydraulisch verstellbarer Unterwagen bis 5,5 Meter<\/li>\n\n\n\n<li>Hydraulisch absetzbares Powerpack f\u00fcr einfachen Transport<\/li>\n\n\n\n<li>Kompakte Transportabmessungen (3,65 \u00d7 13,5 Meter)<\/li>\n\n\n\n<li>CE-zertifiziert und entspricht NEN-EN 16228<\/li>\n<\/ul>\n\n","protected":false},"featured_media":1018,"template":"","meta":{"vdh-section-opener":"<!-- wp:paragraph -->\n<p>Der <strong>VDH-Sheetpiler Teleskopisch<\/strong> ist eine innovative Spundwanddr\u00fcckmaschine f\u00fcr das schnelle und effiziente Einbringen von Spundw\u00e4nden. Mit einem ausfahrbaren Mast, hydraulischem Powerpack und kompakten Transportabmessungen bietet diese Maschine maximale Leistung und Flexibilit\u00e4t in st\u00e4dtischen und wasserbaulichen Projekten. <\/p>\n<!-- \/wp:paragraph -->","vdh-section-content":"<!-- wp:paragraph -->\n<p><\/p>\n<!-- \/wp:paragraph -->","vdh-section-sidebar":"<!-- wp:paragraph -->\n<p\/>\n<!-- \/wp:paragraph -->","vdh-section-extra-information":"<!-- wp:paragraph -->\n<p\/>\n<!-- \/wp:paragraph -->","vdh-section-pre-footer-left":"<!-- wp:heading -->\n<h2 class=\"wp-block-heading\">Mehr Informationen<\/h2>\n<!-- \/wp:heading -->\n\n<!-- wp:paragraph -->\n<p>Unsere Spezialisten denken gerne mit Ihnen mit \u2013 ob Sie sich auf Leistung, Nachhaltigkeit oder eine spezifische Anwendung konzentrieren. Wir kombinieren technisches Wissen mit praktischer Erfahrung und einer pragmatischen Herangehensweise.  So finden wir gemeinsam die L\u00f6sung, die f\u00fcr Ihre Situation am besten funktioniert.<\/p>\n<!-- \/wp:paragraph -->\n\n<!-- wp:heading {\"level\":3,\"textColor\":\"primary-blue\"} -->\n<h3 class=\"wp-block-heading has-primary-blue-color has-text-color\">Haben Sie Interesse oder eine Frage?<\/h3>\n<!-- \/wp:heading -->\n\n<!-- wp:paragraph -->\n<p>Hinterlassen Sie Ihre Daten und wir nehmen schnell Kontakt mit Ihnen auf.<\/p>\n<!-- \/wp:paragraph -->\n\n<!-- wp:gravityforms\/form {\"formId\":\"1\",\"title\":false,\"description\":false,\"inputPrimaryColor\":\"#204ce5\"} \/-->","vdh-section-pre-footer-right":"<!-- wp:paragraph -->\n<p\/>\n<!-- \/wp:paragraph -->","downloadable_documents":[],"variation_drive_diesel":false,"variation_drive_electric":false,"variation_drive_battery":false,"variation_undercarriage_mobile":false,"variation_undercarriage_track":false,"is_new_product":false,"vdh_order":50},"product_cat":[64],"class_list":["post-3233","product","type-product","status-publish","has-post-thumbnail","hentry","product_cat-vdh-spundwande"],"_links":{"self":[{"href":"https:\/\/vdhmachinery.com\/de\/wp-json\/wp\/v2\/product\/3233","targetHints":{"allow":["GET"]}}],"collection":[{"href":"https:\/\/vdhmachinery.com\/de\/wp-json\/wp\/v2\/product"}],"about":[{"href":"https:\/\/vdhmachinery.com\/de\/wp-json\/wp\/v2\/types\/product"}],"wp:featuredmedia":[{"embeddable":true,"href":"https:\/\/vdhmachinery.com\/de\/wp-json\/wp\/v2\/media\/1018"}],"wp:attachment":[{"href":"https:\/\/vdhmachinery.com\/de\/wp-json\/wp\/v2\/media?parent=3233"}],"wp:term":[{"taxonomy":"product_cat","embeddable":true,"href":"https:\/\/vdhmachinery.com\/de\/wp-json\/wp\/v2\/product_cat?post=3233"}],"curies":[{"name":"wp","href":"https:\/\/api.w.org\/{rel}","templated":true}]}}