{"id":3237,"date":"2025-09-15T11:20:29","date_gmt":"2025-09-15T11:20:29","guid":{"rendered":"https:\/\/vdhmachinery.com\/machines\/vdh-sheetpiler-4-teilig\/"},"modified":"2026-02-03T10:26:11","modified_gmt":"2026-02-03T10:26:11","slug":"vdh-sheetpiler-4-teilig","status":"publish","type":"product","link":"https:\/\/vdhmachinery.com\/de\/machines\/vdh-sheetpiler-4-teilig\/","title":{"rendered":"VDH-Sheetpiler 4-teilig"},"content":{"rendered":"\n\n<h2 class=\"wp-block-heading\"><strong>Leistungsstarkes und vielseitiges Design<\/strong><\/h2>\n\n\n\n<p>Mit einem Mast, der aus vier Teilen inklusive Ausleger besteht, erreicht der VDH-Sheetpiler 4-teilig eine Arbeitsh\u00f6he von 20 Metern und eine Reichweite von ca. 19 Metern. Dies erm\u00f6glicht es, Spundw\u00e4nde bis zu 17 Meter L\u00e4nge \u00e4u\u00dferst pr\u00e4zise zu platzieren. F\u00fcr die ben\u00f6tigte Basismaschine ist ein Bagger in der 50-Tonnen-Klasse ideal, sodass die Maschine optimal zur Geltung kommt.  <\/p>\n\n\n\n<p><strong>Stabilit\u00e4t und Genauigkeit<\/strong><\/p>\n\n\n\n<p>Der hydraulisch verbreiterbare Unterwagen bis 5,1 Meter sorgt f\u00fcr maximale Stabilit\u00e4t w\u00e4hrend der Arbeit. Dank der dr\u00fcckenden Vorspannung kann die Spundwand mit hoher Pr\u00e4zision gesetzt werden, was nicht nur die Effizienz erh\u00f6ht, sondern auch die Qualit\u00e4t des Endergebnisses erheblich verbessert. <\/p>\n\n\n\n<h2 class=\"wp-block-heading\"><strong>Innovatives Powerpack-System<\/strong><\/h2>\n\n\n\n<p>Anstelle des originalen Ballastgewichts ist der VDH-Sheetpiler 4-teilig mit einem speziell beschwerten Rahmen ausgestattet, auf dem das Powerpack montiert ist. Dieses Powerpack kann mit Hydraulikzylindern einfach abgesetzt werden, was zu einem geringeren Transportgewicht und einem kosteneffizienten Transport f\u00fchrt. Dar\u00fcber hinaus dient der Rahmen mit Powerpack auch als Ballastgewicht. Abh\u00e4ngig von den Projektanforderungen kann ein separates Powerpack und ein R\u00fcttelblock gew\u00e4hlt werden, womit stets die neuesten Normen erf\u00fcllt werden.   <\/p>\n\n\n\n<figure class=\"wp-block-gallery has-nested-images columns-4 is-cropped splide wpcom-gallery wp-block-gallery-1 is-layout-flex wp-block-gallery-is-layout-flex\"><button type='button' class='close-btn'><svg xmlns=\"http:\/\/www.w3.org\/2000\/svg\" viewBox=\"0 0 640 640\"><path fill=\"#ffffff\" d=\"M320 576C461.4 576 576 461.4 576 320C576 178.6 461.4 64 320 64C178.6 64 64 178.6 64 320C64 461.4 178.6 576 320 576zM231 231C240.4 221.6 255.6 221.6 264.9 231L319.9 286L374.9 231C384.3 221.6 399.5 221.6 408.8 231C418.1 240.4 418.2 255.6 408.8 264.9L353.8 319.9L408.8 374.9C418.2 384.3 418.2 399.5 408.8 408.8C399.4 418.1 384.2 418.2 374.9 408.8L319.9 353.8L264.9 408.8C255.5 418.2 240.3 418.2 231 408.8C221.7 399.4 221.6 384.2 231 374.9L286 319.9L231 264.9C221.6 255.5 221.6 240.3 231 231z\"\/><\/svg><\/button><div class='splide__track'><div class='splide__list'> \n<figure class=\"wp-block-image splide__slide size-large\"><img loading=\"lazy\" decoding=\"async\" width=\"768\" height=\"1024\" data-id=\"996\" src=\"https:\/\/vdhmachinery.com\/wp-content\/uploads\/2025\/09\/DSC02884-768x1024.jpg\" alt=\"VDH-Sheetpiler 4-teilig Seite\" class=\"wp-image-996\" srcset=\"https:\/\/vdhmachinery.com\/wp-content\/uploads\/2025\/09\/DSC02884-768x1024.jpg 768w, https:\/\/vdhmachinery.com\/wp-content\/uploads\/2025\/09\/DSC02884-225x300.jpg 225w, https:\/\/vdhmachinery.com\/wp-content\/uploads\/2025\/09\/DSC02884.jpg 960w\" sizes=\"auto, (max-width: 768px) 100vw, 768px\" \/><\/figure>\n\n\n\n<figure class=\"wp-block-image splide__slide size-large\"><img loading=\"lazy\" decoding=\"async\" width=\"678\" height=\"1024\" data-id=\"1541\" src=\"https:\/\/vdhmachinery.com\/wp-content\/uploads\/2025\/10\/DSC0024-scaled-1-678x1024.jpg\" alt=\"VDH-Sheetpiler 4-teilig R&#xFC;ckseite\" class=\"wp-image-1541\" srcset=\"https:\/\/vdhmachinery.com\/wp-content\/uploads\/2025\/10\/DSC0024-scaled-1-678x1024.jpg 678w, https:\/\/vdhmachinery.com\/wp-content\/uploads\/2025\/10\/DSC0024-scaled-1-199x300.jpg 199w, https:\/\/vdhmachinery.com\/wp-content\/uploads\/2025\/10\/DSC0024-scaled-1-768x1160.jpg 768w, https:\/\/vdhmachinery.com\/wp-content\/uploads\/2025\/10\/DSC0024-scaled-1-1017x1536.jpg 1017w, https:\/\/vdhmachinery.com\/wp-content\/uploads\/2025\/10\/DSC0024-scaled-1.jpg 1356w\" sizes=\"auto, (max-width: 678px) 100vw, 678px\" \/><\/figure>\n\n\n\n<figure class=\"wp-block-image splide__slide size-large\"><img loading=\"lazy\" decoding=\"async\" width=\"1024\" height=\"768\" data-id=\"999\" src=\"https:\/\/vdhmachinery.com\/wp-content\/uploads\/2025\/09\/IMG_0264-1024x768.jpg\" alt=\"VDH-Sheetpiler 4-teilig bei der Arbeit\" class=\"wp-image-999\" srcset=\"https:\/\/vdhmachinery.com\/wp-content\/uploads\/2025\/09\/IMG_0264-1024x768.jpg 1024w, https:\/\/vdhmachinery.com\/wp-content\/uploads\/2025\/09\/IMG_0264-300x225.jpg 300w, https:\/\/vdhmachinery.com\/wp-content\/uploads\/2025\/09\/IMG_0264-768x576.jpg 768w, https:\/\/vdhmachinery.com\/wp-content\/uploads\/2025\/09\/IMG_0264-1536x1152.jpg 1536w, https:\/\/vdhmachinery.com\/wp-content\/uploads\/2025\/09\/IMG_0264-2048x1536.jpg 2048w\" sizes=\"auto, (max-width: 1024px) 100vw, 1024px\" \/><\/figure>\n\n\n\n<figure class=\"wp-block-image splide__slide size-large\"><img loading=\"lazy\" decoding=\"async\" width=\"683\" height=\"1024\" data-id=\"1510\" src=\"https:\/\/vdhmachinery.com\/wp-content\/uploads\/2025\/10\/2R8A2453-scaled-1-683x1024.jpg\" alt=\"VDH-Sheetpiler 4-teilig unter der Motorhaube\" class=\"wp-image-1510\" srcset=\"https:\/\/vdhmachinery.com\/wp-content\/uploads\/2025\/10\/2R8A2453-scaled-1-683x1024.jpg 683w, https:\/\/vdhmachinery.com\/wp-content\/uploads\/2025\/10\/2R8A2453-scaled-1-200x300.jpg 200w, https:\/\/vdhmachinery.com\/wp-content\/uploads\/2025\/10\/2R8A2453-scaled-1-768x1151.jpg 768w, https:\/\/vdhmachinery.com\/wp-content\/uploads\/2025\/10\/2R8A2453-scaled-1-1025x1536.jpg 1025w, https:\/\/vdhmachinery.com\/wp-content\/uploads\/2025\/10\/2R8A2453-scaled-1.jpg 1366w\" sizes=\"auto, (max-width: 683px) 100vw, 683px\" \/><\/figure>\n<\/figure>\n\n\n\n<h2 class=\"wp-block-heading\"><strong>Nachhaltig und zukunftssicher<\/strong><\/h2>\n\n\n\n<p>Alle VDH-Maschinen sind mit einem modernen Stage V Motor ausgestattet, wodurch sie die strengsten Emissionsanforderungen erf\u00fcllen. Dies macht den VDH-Sheetpiler 4-teilig nicht nur leistungsstark und zuverl\u00e4ssig, sondern auch nachhaltig und zukunftsorientiert. <\/p>\n\n\n\n<h2 class=\"wp-block-heading\"><strong>Wichtigste Vorteile<\/strong><\/h2>\n\n\n\n<ul class=\"wp-block-list\">\n<li>Reichweite von ca. 19 Metern<\/li>\n\n\n\n<li>Pr\u00e4zises Platzieren von Spundw\u00e4nden bis zu 17 Metern<\/li>\n\n\n\n<li>Dr\u00fcckende Vorspannung f\u00fcr optimale Leistung<\/li>\n\n\n\n<li>Hohe Kapazit\u00e4t und Geschwindigkeit bei Gr\u00fcndungsarbeiten<\/li>\n\n\n\n<li>Hydraulisch verstellbarer Unterwagen bis 5,1 Meter<\/li>\n\n\n\n<li>Kompakter Transport dank absetzbarem Powerpack<\/li>\n\n\n\n<li>Konfigurierbar nach spezifischen Kundenbed\u00fcrfnissen<\/li>\n\n\n\n<li>CE-zertifiziert und entspricht NEN-EN 16228<\/li>\n<\/ul>\n\n\n\n<p>Mit seiner beeindruckenden Reichweite, Genauigkeit und dem innovativen Design ist der <strong>VDH-Sheetpiler 4-teilig<\/strong> die L\u00f6sung f\u00fcr Bauunternehmer, die Spundw\u00e4nde sicher, effizient und kosteneffektiv platzieren m\u00f6chten.<\/p>\n\n","protected":false},"featured_media":1000,"template":"","meta":{"vdh-section-opener":"<!-- wp:paragraph -->\n<p>Der <strong>VDH-Sheetpiler 4-teilig<\/strong> ist eine leistungsstarke Spundwanddr\u00fcckmaschine mit einer H\u00f6he von bis zu 21 Metern und einem Gewicht von 59.000 kg. Dank des vierteiligen Mastdesigns, der hohen Stabilit\u00e4t und des effizienten Powerpack-Systems ist diese Maschine ideal f\u00fcr schwere Gr\u00fcndungs- und Wasserbauprojekte. <\/p>\n<!-- \/wp:paragraph -->","vdh-section-content":"<!-- wp:paragraph -->\n<p><\/p>\n<!-- \/wp:paragraph -->","vdh-section-sidebar":"<!-- wp:paragraph -->\n<p\/>\n<!-- \/wp:paragraph -->","vdh-section-extra-information":"<!-- wp:paragraph -->\n<p\/>\n<!-- \/wp:paragraph -->","vdh-section-pre-footer-left":"<!-- wp:heading -->\n<h2 class=\"wp-block-heading\">Mehr Informationen<\/h2>\n<!-- \/wp:heading -->\n\n<!-- wp:paragraph -->\n<p>Unsere Spezialisten denken gerne mit Ihnen mit \u2013 ob Sie sich auf Leistung, Nachhaltigkeit oder eine spezifische Anwendung konzentrieren. Wir kombinieren technisches Wissen mit praktischer Erfahrung und einer pragmatischen Herangehensweise.  So finden wir gemeinsam die L\u00f6sung, die f\u00fcr Ihre Situation am besten funktioniert.<\/p>\n<!-- \/wp:paragraph -->\n\n<!-- wp:heading {\"level\":3,\"textColor\":\"primary-blue\"} -->\n<h3 class=\"wp-block-heading has-primary-blue-color has-text-color\">Haben Sie Interesse oder eine Frage?<\/h3>\n<!-- \/wp:heading -->\n\n<!-- wp:paragraph -->\n<p>Hinterlassen Sie Ihre Daten und wir nehmen schnell Kontakt mit Ihnen auf.<\/p>\n<!-- \/wp:paragraph -->\n\n<!-- wp:gravityforms\/form {\"formId\":\"1\",\"title\":false,\"description\":false,\"inputPrimaryColor\":\"#204ce5\"} \/-->","vdh-section-pre-footer-right":"<!-- wp:paragraph -->\n<p\/>\n<!-- \/wp:paragraph -->","downloadable_documents":[],"variation_drive_diesel":false,"variation_drive_electric":false,"variation_drive_battery":false,"variation_undercarriage_mobile":false,"variation_undercarriage_track":false,"is_new_product":false,"vdh_order":40},"product_cat":[64],"class_list":["post-3237","product","type-product","status-publish","has-post-thumbnail","hentry","product_cat-vdh-spundwande"],"_links":{"self":[{"href":"https:\/\/vdhmachinery.com\/de\/wp-json\/wp\/v2\/product\/3237","targetHints":{"allow":["GET"]}}],"collection":[{"href":"https:\/\/vdhmachinery.com\/de\/wp-json\/wp\/v2\/product"}],"about":[{"href":"https:\/\/vdhmachinery.com\/de\/wp-json\/wp\/v2\/types\/product"}],"wp:featuredmedia":[{"embeddable":true,"href":"https:\/\/vdhmachinery.com\/de\/wp-json\/wp\/v2\/media\/1000"}],"wp:attachment":[{"href":"https:\/\/vdhmachinery.com\/de\/wp-json\/wp\/v2\/media?parent=3237"}],"wp:term":[{"taxonomy":"product_cat","embeddable":true,"href":"https:\/\/vdhmachinery.com\/de\/wp-json\/wp\/v2\/product_cat?post=3237"}],"curies":[{"name":"wp","href":"https:\/\/api.w.org\/{rel}","templated":true}]}}