{"id":3238,"date":"2025-09-15T10:54:48","date_gmt":"2025-09-15T10:54:48","guid":{"rendered":"https:\/\/vdhmachinery.com\/machines\/vdh-pd-rammgeruest\/"},"modified":"2026-02-03T10:25:56","modified_gmt":"2026-02-03T10:25:56","slug":"vdh-pd-rammgeruest","status":"publish","type":"product","link":"https:\/\/vdhmachinery.com\/de\/machines\/vdh-pd-rammgeruest\/","title":{"rendered":"VDH-PD-Rammger\u00fcst"},"content":{"rendered":"\n\n<h2 class=\"wp-block-heading\"><strong>Flexibilit\u00e4t und Vielseitigkeit<\/strong><\/h2>\n\n\n\n<p>Mit dem PD-Rammger\u00fcst wird ein Kran einfach in eine Fundamentiermaschine umgebaut. In der Werkstatt von Van den Heuvel wird der Kran mit einem speziellen M\u00e4kler versehen, der an den Ausleger montiert wird. Dank der innovativen M\u00e4kleraufh\u00e4ngung kann sowohl ein Rohrm\u00e4kler als auch ein Fachwerk-M\u00e4kler eingesetzt werden. Dadurch entsteht maximale Flexibilit\u00e4t beim Einsatz.   <\/p>\n\n\n\n<p><strong>Spezieller Schiebetisch<\/strong><\/p>\n\n\n\n<p>Ein wichtiger Bestandteil des PD-Rammger\u00fcsts ist der Schiebetisch. Je nach Projekt kann zwischen einem zentralen Teleskop-Schiebetisch oder einer Ausf\u00fchrung mit zwei F\u00fchrungsschienen an der Seite der Maschine gew\u00e4hlt werden. Dies macht die Maschine f\u00fcr unterschiedliche Fundierungsauftr\u00e4ge geeignet und erh\u00f6ht die Genauigkeit beim Positionieren.  <\/p>\n\n\n\n<h2 class=\"wp-block-heading\"><strong>Zus\u00e4tzliche Funktionen und Sicherheit<\/strong><\/h2>\n\n\n\n<p>Neben dem M\u00e4kler und dem Schiebetisch wird der Kran mit zus\u00e4tzlichen hydraulischen Funktionen, Bedienungsoptionen und, falls gew\u00fcnscht, zus\u00e4tzlichen Winden ausgestattet. Es wird immer eine Kapazit\u00e4tsberechnung durchgef\u00fchrt, sodass die Stabilit\u00e4t und Sicherheit der Maschine gew\u00e4hrleistet bleiben. Bei Bedarf wird zus\u00e4tzlicher Ballast angebracht, um eine optimale Balance zu gew\u00e4hrleisten.  <\/p>\n\n\n\n<figure class=\"wp-block-gallery has-nested-images columns-default is-cropped splide wpcom-gallery wp-block-gallery-1 is-layout-flex wp-block-gallery-is-layout-flex\"><button type='button' class='close-btn'><svg xmlns=\"http:\/\/www.w3.org\/2000\/svg\" viewBox=\"0 0 640 640\"><path fill=\"#ffffff\" d=\"M320 576C461.4 576 576 461.4 576 320C576 178.6 461.4 64 320 64C178.6 64 64 178.6 64 320C64 461.4 178.6 576 320 576zM231 231C240.4 221.6 255.6 221.6 264.9 231L319.9 286L374.9 231C384.3 221.6 399.5 221.6 408.8 231C418.1 240.4 418.2 255.6 408.8 264.9L353.8 319.9L408.8 374.9C418.2 384.3 418.2 399.5 408.8 408.8C399.4 418.1 384.2 418.2 374.9 408.8L319.9 353.8L264.9 408.8C255.5 418.2 240.3 418.2 231 408.8C221.7 399.4 221.6 384.2 231 374.9L286 319.9L231 264.9C221.6 255.5 221.6 240.3 231 231z\"\/><\/svg><\/button><div class='splide__track'><div class='splide__list'> \n<figure class=\"wp-block-image splide__slide size-large\"><img loading=\"lazy\" decoding=\"async\" width=\"678\" height=\"1024\" data-id=\"972\" src=\"https:\/\/vdhmachinery.com\/wp-content\/uploads\/2025\/09\/Van-t-Hek-PD-stelling-678x1024.jpg\" alt=\"VDH-PD-Rammger&#xFC;st in der Werkstatt\" class=\"wp-image-972\" srcset=\"https:\/\/vdhmachinery.com\/wp-content\/uploads\/2025\/09\/Van-t-Hek-PD-stelling-678x1024.jpg 678w, https:\/\/vdhmachinery.com\/wp-content\/uploads\/2025\/09\/Van-t-Hek-PD-stelling-199x300.jpg 199w, https:\/\/vdhmachinery.com\/wp-content\/uploads\/2025\/09\/Van-t-Hek-PD-stelling-768x1160.jpg 768w, https:\/\/vdhmachinery.com\/wp-content\/uploads\/2025\/09\/Van-t-Hek-PD-stelling-1017x1536.jpg 1017w, https:\/\/vdhmachinery.com\/wp-content\/uploads\/2025\/09\/Van-t-Hek-PD-stelling-1356x2048.jpg 1356w, https:\/\/vdhmachinery.com\/wp-content\/uploads\/2025\/09\/Van-t-Hek-PD-stelling-scaled.jpg 1696w\" sizes=\"auto, (max-width: 678px) 100vw, 678px\" \/><\/figure>\n\n\n\n<figure class=\"wp-block-image splide__slide size-large\"><img loading=\"lazy\" decoding=\"async\" width=\"678\" height=\"1024\" data-id=\"975\" src=\"https:\/\/vdhmachinery.com\/wp-content\/uploads\/2025\/09\/Van-t-Hek-PD-stelling2-678x1024.jpg\" alt=\"VDH-PD-Rammger&#xFC;st von unten\" class=\"wp-image-975\" srcset=\"https:\/\/vdhmachinery.com\/wp-content\/uploads\/2025\/09\/Van-t-Hek-PD-stelling2-678x1024.jpg 678w, https:\/\/vdhmachinery.com\/wp-content\/uploads\/2025\/09\/Van-t-Hek-PD-stelling2-199x300.jpg 199w, https:\/\/vdhmachinery.com\/wp-content\/uploads\/2025\/09\/Van-t-Hek-PD-stelling2-768x1160.jpg 768w, https:\/\/vdhmachinery.com\/wp-content\/uploads\/2025\/09\/Van-t-Hek-PD-stelling2-1017x1536.jpg 1017w, https:\/\/vdhmachinery.com\/wp-content\/uploads\/2025\/09\/Van-t-Hek-PD-stelling2-1356x2048.jpg 1356w, https:\/\/vdhmachinery.com\/wp-content\/uploads\/2025\/09\/Van-t-Hek-PD-stelling2-scaled.jpg 1696w\" sizes=\"auto, (max-width: 678px) 100vw, 678px\" \/><\/figure>\n<\/figure>\n\n\n\n<h2 class=\"wp-block-heading\"><strong>Gro\u00dfe Reichweite und Einsatzf\u00e4higkeit<\/strong><\/h2>\n\n\n\n<p>Das PD-Rammger\u00fcst bietet einen gro\u00dfen Arbeitsbereich und kann je nach L\u00e4nge des M\u00e4klers sowohl vorw\u00e4rts als auch r\u00fcckw\u00e4rts in Schr\u00e4glage 4:1 arbeiten. Dank des absenkbaren M\u00e4klers ist die Maschine auch hervorragend bei Projekten auf Pontons oder Ger\u00fcsten einsetzbar. Dies macht das PD-Rammger\u00fcst sehr geeignet f\u00fcr wasserbauliche und zivile Projekte.  <\/p>\n\n\n\n<h2 class=\"wp-block-heading\"><strong>Wichtigste Vorteile<\/strong><\/h2>\n\n\n\n<ul class=\"wp-block-list\">\n<li>Kran flexibel als Fundamentiermaschine einsetzbar<\/li>\n\n\n\n<li>Geeignet f\u00fcr Rohrm\u00e4kler und Fachwerk-M\u00e4kler<\/li>\n\n\n\n<li>Spezieller Schiebetisch (teleskopisch oder mit F\u00fchrungsschienen)<\/li>\n\n\n\n<li>Absenkbarer M\u00e4kler f\u00fcr den Einsatz auf Pontons und Ger\u00fcsten<\/li>\n\n\n\n<li>Gro\u00dfer Arbeitsbereich in Schr\u00e4glage (4:1)<\/li>\n\n\n\n<li>Konfigurierbar in verschiedenen Tonnagen und M\u00e4klerl\u00e4ngen<\/li>\n<\/ul>\n\n\n\n<p>Mit dem <strong>PD-Rammger\u00fcst<\/strong> verwandelt sich ein Kran in eine vielseitige Fundamentiermaschine, die sich durch Flexibilit\u00e4t, Reichweite und Effizienz auszeichnet. Ideal f\u00fcr Bauunternehmer, die eine Maschine f\u00fcr mehrere Anwendungen einsetzen m\u00f6chten. <\/p>\n\n","protected":false},"featured_media":977,"template":"","meta":{"vdh-section-opener":"<!-- wp:paragraph -->\n<p>Das <strong>PD-Rammger\u00fcst<\/strong> verwandelt einen Standard-Raupenkran in eine multifunktionale Maschine, die neben Hebearbeiten auch Ramm- und Vibrationsarbeiten ausf\u00fchren kann. Dank der flexiblen Konfiguration und der intelligenten Anpassungen ist das PD-Rammger\u00fcst vielseitig in der Fundamenttechnik einsetzbar. <\/p>\n<!-- \/wp:paragraph -->","vdh-section-content":"<!-- wp:paragraph -->\n<p><\/p>\n<!-- \/wp:paragraph -->","vdh-section-sidebar":"<!-- wp:paragraph -->\n<p\/>\n<!-- \/wp:paragraph -->","vdh-section-extra-information":"<!-- wp:paragraph -->\n<p\/>\n<!-- \/wp:paragraph -->","vdh-section-pre-footer-left":"<!-- wp:heading -->\n<h2 class=\"wp-block-heading\">Mehr Informationen<\/h2>\n<!-- \/wp:heading -->\n\n<!-- wp:paragraph -->\n<p>Unsere Spezialisten denken gerne mit Ihnen mit \u2013 ob Sie sich auf Leistung, Nachhaltigkeit oder eine spezifische Anwendung konzentrieren. Wir kombinieren technisches Wissen mit praktischer Erfahrung und einer pragmatischen Herangehensweise.  So finden wir gemeinsam die L\u00f6sung, die f\u00fcr Ihre Situation am besten funktioniert.<\/p>\n<!-- \/wp:paragraph -->\n\n<!-- wp:heading {\"level\":3,\"textColor\":\"primary-blue\"} -->\n<h3 class=\"wp-block-heading has-primary-blue-color has-text-color\">Haben Sie Interesse oder eine Frage?<\/h3>\n<!-- \/wp:heading -->\n\n<!-- wp:paragraph -->\n<p>Hinterlassen Sie Ihre Daten und wir nehmen schnell Kontakt mit Ihnen auf.<\/p>\n<!-- \/wp:paragraph -->\n\n<!-- wp:gravityforms\/form {\"formId\":\"1\",\"title\":false,\"description\":false,\"inputPrimaryColor\":\"#204ce5\"} \/-->","vdh-section-pre-footer-right":"<!-- wp:paragraph -->\n<p\/>\n<!-- \/wp:paragraph -->","downloadable_documents":[],"variation_drive_diesel":false,"variation_drive_electric":false,"variation_drive_battery":false,"variation_undercarriage_mobile":false,"variation_undercarriage_track":false,"is_new_product":false,"vdh_order":60},"product_cat":[68],"class_list":["post-3238","product","type-product","status-publish","has-post-thumbnail","hentry","product_cat-vdh-pd-pdx-xlr-rammgerate"],"_links":{"self":[{"href":"https:\/\/vdhmachinery.com\/de\/wp-json\/wp\/v2\/product\/3238","targetHints":{"allow":["GET"]}}],"collection":[{"href":"https:\/\/vdhmachinery.com\/de\/wp-json\/wp\/v2\/product"}],"about":[{"href":"https:\/\/vdhmachinery.com\/de\/wp-json\/wp\/v2\/types\/product"}],"wp:featuredmedia":[{"embeddable":true,"href":"https:\/\/vdhmachinery.com\/de\/wp-json\/wp\/v2\/media\/977"}],"wp:attachment":[{"href":"https:\/\/vdhmachinery.com\/de\/wp-json\/wp\/v2\/media?parent=3238"}],"wp:term":[{"taxonomy":"product_cat","embeddable":true,"href":"https:\/\/vdhmachinery.com\/de\/wp-json\/wp\/v2\/product_cat?post=3238"}],"curies":[{"name":"wp","href":"https:\/\/api.w.org\/{rel}","templated":true}]}}