{"id":3240,"date":"2025-09-15T11:00:13","date_gmt":"2025-09-15T11:00:13","guid":{"rendered":"https:\/\/vdhmachinery.com\/machines\/vdh-xlr-rammgeraet\/"},"modified":"2026-02-03T10:26:03","modified_gmt":"2026-02-03T10:26:03","slug":"vdh-xlr-rammgeraet","status":"publish","type":"product","link":"https:\/\/vdhmachinery.com\/de\/machines\/vdh-xlr-rammgeraet\/","title":{"rendered":"VDH-XLR-Rammger\u00e4t"},"content":{"rendered":"\n\n<h2 class=\"wp-block-heading\"><strong>Kraft und Kapazit\u00e4t<\/strong><\/h2>\n\n\n\n<p>Das XLR-Rammger\u00e4t zeichnet sich durch seine robuste Konstruktion und gro\u00dfe Schlagkraft aus. Dank des festen, langen M\u00e4klers, des schweren Aufh\u00e4ngepunkts und der stabilen Basis ist diese Maschine st\u00e4rker und multifunktionaler als PD- und PDX-Rammger\u00e4te. Das XLR bietet ausreichend Kapazit\u00e4t, um Rohre m\u00fchelos aus dem Boden zu ziehen, und ist somit die ideale L\u00f6sung f\u00fcr die anspruchsvollsten Gr\u00fcndungsprojekte.  <\/p>\n\n\n\n<p><strong>Entwickelt f\u00fcr schwere Arbeiten<\/strong><\/p>\n\n\n\n<p>Die Maschine wird auf Basis eines Standardkrans einer Topmarke gebaut, der in der VDH-Werkstatt vollst\u00e4ndig zu einem XLR-Rammger\u00e4t umgebaut wird. Durch den Wegfall des Auslegers und die feste Montage des M\u00e4klers ist die Maschine ausschlie\u00dflich auf Gr\u00fcndungsarbeiten und Bohranwendungen ausgerichtet. Dadurch eignet sich das XLR-Rammger\u00e4t f\u00fcr Fertigpf\u00e4hle, Vibropf\u00e4hle, MV-Pf\u00e4hle und ersch\u00fctterungsfreie Bohrpfahlsysteme.  <\/p>\n\n\n\n<h2 class=\"wp-block-heading\"><strong>Stabilit\u00e4t und Neigungen<\/strong><\/h2>\n\n\n\n<p>Einer der gr\u00f6\u00dften Vorteile des XLR-Rammger\u00e4ts ist die enorme Stabilit\u00e4t, sowohl lotrecht als auch in geneigter Position. Vor- und zur\u00fcck sind standardm\u00e4\u00dfig Neigungen bis zu 3:1 m\u00f6glich. Mit einer speziellen Ausf\u00fchrung kann die Maschine sogar zur\u00fcck in einer Neigung von 1:1 arbeiten. Auch seitliche Neigungen werden problemlos erreicht, wodurch die Maschine bei anspruchsvollen Bauprojekten breit eingesetzt werden kann.   <\/p>\n\n\n\n<figure class=\"wp-block-gallery has-nested-images columns-default is-cropped splide wpcom-gallery wp-block-gallery-1 is-layout-flex wp-block-gallery-is-layout-flex\"><button type='button' class='close-btn'><svg xmlns=\"http:\/\/www.w3.org\/2000\/svg\" viewBox=\"0 0 640 640\"><path fill=\"#ffffff\" d=\"M320 576C461.4 576 576 461.4 576 320C576 178.6 461.4 64 320 64C178.6 64 64 178.6 64 320C64 461.4 178.6 576 320 576zM231 231C240.4 221.6 255.6 221.6 264.9 231L319.9 286L374.9 231C384.3 221.6 399.5 221.6 408.8 231C418.1 240.4 418.2 255.6 408.8 264.9L353.8 319.9L408.8 374.9C418.2 384.3 418.2 399.5 408.8 408.8C399.4 418.1 384.2 418.2 374.9 408.8L319.9 353.8L264.9 408.8C255.5 418.2 240.3 418.2 231 408.8C221.7 399.4 221.6 384.2 231 374.9L286 319.9L231 264.9C221.6 255.5 221.6 240.3 231 231z\"\/><\/svg><\/button><div class='splide__track'><div class='splide__list'> \n<figure class=\"wp-block-image splide__slide size-large\"><img loading=\"lazy\" decoding=\"async\" width=\"678\" height=\"1024\" data-id=\"982\" src=\"https:\/\/vdhmachinery.com\/wp-content\/uploads\/2025\/09\/Terracon-XLR-678x1024.jpg\" alt=\"VDH-XLR-Rammger&#xE4;t in der Werkstatt\" class=\"wp-image-982\" srcset=\"https:\/\/vdhmachinery.com\/wp-content\/uploads\/2025\/09\/Terracon-XLR-678x1024.jpg 678w, https:\/\/vdhmachinery.com\/wp-content\/uploads\/2025\/09\/Terracon-XLR-199x300.jpg 199w, https:\/\/vdhmachinery.com\/wp-content\/uploads\/2025\/09\/Terracon-XLR-768x1160.jpg 768w, https:\/\/vdhmachinery.com\/wp-content\/uploads\/2025\/09\/Terracon-XLR-1017x1536.jpg 1017w, https:\/\/vdhmachinery.com\/wp-content\/uploads\/2025\/09\/Terracon-XLR-1356x2048.jpg 1356w, https:\/\/vdhmachinery.com\/wp-content\/uploads\/2025\/09\/Terracon-XLR-scaled.jpg 1696w\" sizes=\"auto, (max-width: 678px) 100vw, 678px\" \/><\/figure>\n\n\n\n<figure class=\"wp-block-image splide__slide size-large\"><img loading=\"lazy\" decoding=\"async\" width=\"576\" height=\"1024\" data-id=\"979\" src=\"https:\/\/vdhmachinery.com\/wp-content\/uploads\/2025\/09\/Terracon-XLR2-576x1024.jpeg\" alt=\"VDH-XLR-Rammger&#xE4;t, Seitenansicht\" class=\"wp-image-979\" srcset=\"https:\/\/vdhmachinery.com\/wp-content\/uploads\/2025\/09\/Terracon-XLR2-576x1024.jpeg 576w, https:\/\/vdhmachinery.com\/wp-content\/uploads\/2025\/09\/Terracon-XLR2-169x300.jpeg 169w, https:\/\/vdhmachinery.com\/wp-content\/uploads\/2025\/09\/Terracon-XLR2-768x1365.jpeg 768w, https:\/\/vdhmachinery.com\/wp-content\/uploads\/2025\/09\/Terracon-XLR2-864x1536.jpeg 864w, https:\/\/vdhmachinery.com\/wp-content\/uploads\/2025\/09\/Terracon-XLR2.jpeg 1080w\" sizes=\"auto, (max-width: 576px) 100vw, 576px\" \/><\/figure>\n\n\n\n<figure class=\"wp-block-image splide__slide size-large\"><img loading=\"lazy\" decoding=\"async\" width=\"1024\" height=\"678\" data-id=\"988\" src=\"https:\/\/vdhmachinery.com\/wp-content\/uploads\/2025\/09\/Terracon-XLR3-1024x678.jpg\" alt=\"VDH-XLR-Rammger&#xE4;t, Nahaufnahme\" class=\"wp-image-988\" srcset=\"https:\/\/vdhmachinery.com\/wp-content\/uploads\/2025\/09\/Terracon-XLR3-1024x678.jpg 1024w, https:\/\/vdhmachinery.com\/wp-content\/uploads\/2025\/09\/Terracon-XLR3-300x199.jpg 300w, https:\/\/vdhmachinery.com\/wp-content\/uploads\/2025\/09\/Terracon-XLR3-768x509.jpg 768w, https:\/\/vdhmachinery.com\/wp-content\/uploads\/2025\/09\/Terracon-XLR3-1536x1017.jpg 1536w, https:\/\/vdhmachinery.com\/wp-content\/uploads\/2025\/09\/Terracon-XLR3-2048x1356.jpg 2048w\" sizes=\"auto, (max-width: 1024px) 100vw, 1024px\" \/><\/figure>\n\n\n\n<figure class=\"wp-block-image splide__slide size-large\"><img loading=\"lazy\" decoding=\"async\" width=\"1024\" height=\"678\" data-id=\"985\" src=\"https:\/\/vdhmachinery.com\/wp-content\/uploads\/2025\/09\/Terracon-XLR2-1024x678.jpg\" alt=\"VDH-XLR-Rammger&#xE4;t in der Werkstatt, gro&#xDF;\" class=\"wp-image-985\" srcset=\"https:\/\/vdhmachinery.com\/wp-content\/uploads\/2025\/09\/Terracon-XLR2-1024x678.jpg 1024w, https:\/\/vdhmachinery.com\/wp-content\/uploads\/2025\/09\/Terracon-XLR2-300x199.jpg 300w, https:\/\/vdhmachinery.com\/wp-content\/uploads\/2025\/09\/Terracon-XLR2-768x509.jpg 768w, https:\/\/vdhmachinery.com\/wp-content\/uploads\/2025\/09\/Terracon-XLR2-1536x1017.jpg 1536w, https:\/\/vdhmachinery.com\/wp-content\/uploads\/2025\/09\/Terracon-XLR2-2048x1356.jpg 2048w\" sizes=\"auto, (max-width: 1024px) 100vw, 1024px\" \/><\/figure>\n<\/figure>\n\n\n\n<h2 class=\"wp-block-heading\"><strong>Konfigurierbar und sicher<\/strong><\/h2>\n\n\n\n<p>Das XLR-Rammger\u00e4t ist in Ausf\u00fchrungen von 130 und 180 Tonnen erh\u00e4ltlich, wodurch es optimal auf die Anforderungen des Projekts abgestimmt werden kann. Dar\u00fcber hinaus ist die Maschine EN16228-zertifiziert, was maximale Sicherheit und Zuverl\u00e4ssigkeit w\u00e4hrend des Gebrauchs garantiert. Dank seiner vielseitigen Konfiguration und hohen Kapazit\u00e4t ist das XLR-Rammger\u00e4t eine zukunftssichere Investition.  <\/p>\n\n\n\n<h2 class=\"wp-block-heading\"><strong>Wichtigste Vorteile<\/strong><\/h2>\n\n\n\n<ul class=\"wp-block-list\">\n<li>Stark, stabil und multifunktional<\/li>\n\n\n\n<li>Gro\u00dfe Kapazit\u00e4t f\u00fcr schwere Gr\u00fcndungsarbeiten<\/li>\n\n\n\n<li>Fester, langer M\u00e4kler ohne Ausleger<\/li>\n\n\n\n<li>Geeignet f\u00fcr Bohr- und Rammanwendungen<\/li>\n\n\n\n<li>Konfigurierbar als 130- oder 180-Tonnen-Maschine<\/li>\n\n\n\n<li>Neigung standardm\u00e4\u00dfig 3:1, spezielle Ausf\u00fchrung 1:1 zur\u00fcck<\/li>\n\n\n\n<li>EN16228-zertifiziert f\u00fcr maximale Sicherheit<\/li>\n<\/ul>\n\n\n\n<p>Mit seiner Kraft, Stabilit\u00e4t und Vielseitigkeit ist das <strong>XLR-Rammger\u00e4t<\/strong> die Wahl f\u00fcr Bauunternehmer, die an gro\u00dfen Infrastrukturprojekten arbeiten und maximale Leistung und Zuverl\u00e4ssigkeit ben\u00f6tigen.<\/p>\n\n","protected":false},"featured_media":987,"template":"","meta":{"vdh-section-opener":"<!-- wp:paragraph -->\n<p>Das <strong>XLR-Rammger\u00e4t<\/strong> ist eine leistungsstarke, ma\u00dfgefertigte Gr\u00fcndungsmaschine mit festem, langem M\u00e4kler, schwerer Aufh\u00e4ngung und hoher Stabilit\u00e4t. Speziell f\u00fcr gro\u00dfe Infrastrukturprojekte wie Br\u00fccken und Viadukte entwickelt, bietet das XLR-Rammger\u00e4t maximale Kapazit\u00e4t und Vielseitigkeit f\u00fcr schwere Gr\u00fcndungsarbeiten. <\/p>\n<!-- \/wp:paragraph -->","vdh-section-content":"<!-- wp:paragraph -->\n<p><\/p>\n<!-- \/wp:paragraph -->","vdh-section-sidebar":"<!-- wp:paragraph -->\n<p\/>\n<!-- \/wp:paragraph -->","vdh-section-extra-information":"<!-- wp:paragraph -->\n<p\/>\n<!-- \/wp:paragraph -->","vdh-section-pre-footer-left":"<!-- wp:heading -->\n<h2 class=\"wp-block-heading\">Mehr Informationen<\/h2>\n<!-- \/wp:heading -->\n\n<!-- wp:paragraph -->\n<p>Unsere Spezialisten denken gerne mit Ihnen mit \u2013 ob Sie sich auf Leistung, Nachhaltigkeit oder eine spezifische Anwendung konzentrieren. Wir kombinieren technisches Wissen mit praktischer Erfahrung und einer pragmatischen Herangehensweise.  So finden wir gemeinsam die L\u00f6sung, die f\u00fcr Ihre Situation am besten funktioniert.<\/p>\n<!-- \/wp:paragraph -->\n\n<!-- wp:heading {\"level\":3,\"textColor\":\"primary-blue\"} -->\n<h3 class=\"wp-block-heading has-primary-blue-color has-text-color\">Haben Sie Interesse oder eine Frage?<\/h3>\n<!-- \/wp:heading -->\n\n<!-- wp:paragraph -->\n<p>Hinterlassen Sie Ihre Daten und wir nehmen schnell Kontakt mit Ihnen auf.<\/p>\n<!-- \/wp:paragraph -->\n\n<!-- wp:gravityforms\/form {\"formId\":\"1\",\"title\":false,\"description\":false,\"inputPrimaryColor\":\"#204ce5\"} \/-->","vdh-section-pre-footer-right":"<!-- wp:paragraph -->\n<p\/>\n<!-- \/wp:paragraph -->","downloadable_documents":[],"variation_drive_diesel":false,"variation_drive_electric":false,"variation_drive_battery":false,"variation_undercarriage_mobile":false,"variation_undercarriage_track":false,"is_new_product":false,"vdh_order":40},"product_cat":[68],"class_list":["post-3240","product","type-product","status-publish","has-post-thumbnail","hentry","product_cat-vdh-pd-pdx-xlr-rammgerate"],"_links":{"self":[{"href":"https:\/\/vdhmachinery.com\/de\/wp-json\/wp\/v2\/product\/3240","targetHints":{"allow":["GET"]}}],"collection":[{"href":"https:\/\/vdhmachinery.com\/de\/wp-json\/wp\/v2\/product"}],"about":[{"href":"https:\/\/vdhmachinery.com\/de\/wp-json\/wp\/v2\/types\/product"}],"wp:featuredmedia":[{"embeddable":true,"href":"https:\/\/vdhmachinery.com\/de\/wp-json\/wp\/v2\/media\/987"}],"wp:attachment":[{"href":"https:\/\/vdhmachinery.com\/de\/wp-json\/wp\/v2\/media?parent=3240"}],"wp:term":[{"taxonomy":"product_cat","embeddable":true,"href":"https:\/\/vdhmachinery.com\/de\/wp-json\/wp\/v2\/product_cat?post=3240"}],"curies":[{"name":"wp","href":"https:\/\/api.w.org\/{rel}","templated":true}]}}