{"id":3241,"date":"2025-09-15T09:49:25","date_gmt":"2025-09-15T09:49:25","guid":{"rendered":"https:\/\/vdhmachinery.com\/machines\/vdh-haemmer-10-bis-18-tonnen\/"},"modified":"2026-02-03T10:23:53","modified_gmt":"2026-02-03T10:23:53","slug":"vdh-haemmer-10-bis-18-tonnen","status":"publish","type":"product","link":"https:\/\/vdhmachinery.com\/de\/machines\/vdh-haemmer-10-bis-18-tonnen\/","title":{"rendered":"VDH-H\u00e4mmer \u2013 10 bis 18 Tonnen"},"content":{"rendered":"\n\n<h2 class=\"wp-block-heading\"><strong>Zuverl\u00e4ssige Kraft<\/strong><\/h2>\n\n\n\n<p>Die VDH-H\u00e4mmer \u2013 10 bis 18 Tonnen \u2013 wurden auf der Grundlage jahrzehntelanger praktischer Erfahrung entwickelt. Ihr einfaches, aber effizientes Design wurde im Laufe der Jahre weiter verfeinert, was zu einer hohen Zuverl\u00e4ssigkeit und langen Lebensdauer gef\u00fchrt hat. Diese H\u00e4mmer sind f\u00fcr schwere Arbeiten unter anspruchsvollen Bedingungen ausgelegt.  <\/p>\n\n\n\n<h2 class=\"wp-block-heading\"><strong>Doppelte Schnellhubzylinder<\/strong><\/h2>\n\n\n\n<p>Ein wichtiges Merkmal dieser H\u00e4mmer ist die Verwendung von zwei Schnellhubzylindern. Anstelle eines freien Falls wird das Fallgewicht aktiv nach unten gedr\u00fcckt, wodurch deutlich mehr Energie auf den Pfahl oder das Rohr \u00fcbertragen wird. Dies f\u00fchrt zu mehr Schlagkraft, h\u00f6herer Effizienz und einer besseren Qualit\u00e4t der ausgef\u00fchrten Arbeiten.  <\/p>\n\n\n\n<p><strong>Flexible Rahmen und Ausf\u00fchrungen<\/strong><\/p>\n\n\n\n<p>Die VDH-H\u00e4mmer sind in verschiedenen Rahmenl\u00e4ngen erh\u00e4ltlich, wobei die 10-, 12-, 14-, 16- und 18-Tonnen-Rahmen als Basis dienen. Dar\u00fcber hinaus gibt es Ausf\u00fchrungen mit einer Fallh\u00f6he von 1200 mm f\u00fcr Beton und 1500 mm f\u00fcr Stahl. Dank dieser Variationsm\u00f6glichkeiten k\u00f6nnen die H\u00e4mmer optimal auf die spezifischen Anforderungen jedes Projekts abgestimmt werden.  <\/p>\n\n\n\n<figure class=\"wp-block-gallery has-nested-images columns-default is-cropped wp-block-gallery-1 is-layout-flex wp-block-gallery-is-layout-flex\">\n<figure class=\"wp-block-image size-large\"><img loading=\"lazy\" decoding=\"async\" width=\"768\" height=\"1024\" data-id=\"963\" src=\"https:\/\/vdhmachinery.com\/wp-content\/uploads\/2025\/09\/Plomp-hamer-12-ton-768x1024.jpg\" alt=\"VDH-H&#xE4;mmer &#x2013; 10 bis 18 Tonnen\" class=\"wp-image-963\" srcset=\"https:\/\/vdhmachinery.com\/wp-content\/uploads\/2025\/09\/Plomp-hamer-12-ton-768x1024.jpg 768w, https:\/\/vdhmachinery.com\/wp-content\/uploads\/2025\/09\/Plomp-hamer-12-ton-225x300.jpg 225w, https:\/\/vdhmachinery.com\/wp-content\/uploads\/2025\/09\/Plomp-hamer-12-ton-1152x1536.jpg 1152w, https:\/\/vdhmachinery.com\/wp-content\/uploads\/2025\/09\/Plomp-hamer-12-ton.jpg 1200w\" sizes=\"auto, (max-width: 768px) 100vw, 768px\" \/><\/figure>\n<\/figure>\n\n\n\n<h2 class=\"wp-block-heading\"><strong>Haltbarkeit und Wartung<\/strong><\/h2>\n\n\n\n<p>Die VDH-H\u00e4mmer \u2013 10 bis 18 Tonnen \u2013 haben eine hohe Standzeit und sind wartungsarm. Eventuelle Reparaturen k\u00f6nnen einfach vor Ort durchgef\u00fchrt werden, wodurch die Stillstandzeiten minimal und die Kosten begrenzt bleiben. Dies macht die H\u00e4mmer besonders attraktiv f\u00fcr Bauunternehmer, die robuste und effiziente L\u00f6sungen ben\u00f6tigen.  <\/p>\n\n\n\n<h2 class=\"wp-block-heading\"><strong>Wichtigste Vorteile<\/strong><\/h2>\n\n\n\n<ul class=\"wp-block-list\">\n<li>Effizienter, robuster Hammer<\/li>\n\n\n\n<li>Hohe Zuverl\u00e4ssigkeit und lange Lebensdauer<\/li>\n\n\n\n<li>Zwei Schnellhubzylinder f\u00fcr maximale Schlagkraft<\/li>\n\n\n\n<li>Flexibel und modular aufgebaut<\/li>\n\n\n\n<li>Stufenlos verstellbare Fallh\u00f6he<\/li>\n\n\n\n<li>Hohe Standzeit und niedrige Wartungskosten<\/li>\n\n\n\n<li>Reparatur vor Ort m\u00f6glich<\/li>\n<\/ul>\n\n\n\n<p>Mit ihrer Robustheit, Flexibilit\u00e4t und Schlagkraft sind die <strong>VDH-H\u00e4mmer \u2013 10 bis 18 Tonnen<\/strong> die perfekte Wahl f\u00fcr schwere Gr\u00fcndungsarbeiten, bei denen maximale Leistung und Zuverl\u00e4ssigkeit erforderlich sind.<\/p>\n\n","protected":false},"featured_media":965,"template":"","meta":{"vdh-section-opener":"<!-- wp:paragraph -->\n<p>Die <strong>VDH-H\u00e4mmer \u2013 10 bis 18 Tonnen<\/strong> sind leistungsstarke und robuste Fallh\u00e4mmer f\u00fcr schwere Gr\u00fcndungsprojekte. Mit doppelten Schnellhubzylindern, hoher Zuverl\u00e4ssigkeit und flexiblem Aufbau liefern diese H\u00e4mmer maximale Leistung und sind sowohl f\u00fcr freih\u00e4ngenden als auch f\u00fcr m\u00e4klergef\u00fchrten Einsatz geeignet. <\/p>\n<!-- \/wp:paragraph -->","vdh-section-content":"<!-- wp:paragraph -->\n<p><\/p>\n<!-- \/wp:paragraph -->","vdh-section-sidebar":"<!-- wp:paragraph -->\n<p\/>\n<!-- \/wp:paragraph -->","vdh-section-extra-information":"<!-- wp:paragraph -->\n<p\/>\n<!-- \/wp:paragraph -->","vdh-section-pre-footer-left":"<!-- wp:heading -->\n<h2 class=\"wp-block-heading\">Mehr Informationen<\/h2>\n<!-- \/wp:heading -->\n\n<!-- wp:paragraph -->\n<p>Unsere Spezialisten denken gerne mit Ihnen mit \u2013 ob Sie sich auf Leistung, Nachhaltigkeit oder eine spezifische Anwendung konzentrieren. Wir kombinieren technisches Wissen mit praktischer Erfahrung und einer pragmatischen Herangehensweise.  So finden wir gemeinsam die L\u00f6sung, die f\u00fcr Ihre Situation am besten funktioniert.<\/p>\n<!-- \/wp:paragraph -->\n\n<!-- wp:heading {\"level\":3,\"textColor\":\"primary-blue\"} -->\n<h3 class=\"wp-block-heading has-primary-blue-color has-text-color\">Haben Sie Interesse oder eine Frage?<\/h3>\n<!-- \/wp:heading -->\n\n<!-- wp:paragraph -->\n<p>Hinterlassen Sie Ihre Daten und wir nehmen schnell Kontakt mit Ihnen auf.<\/p>\n<!-- \/wp:paragraph -->\n\n<!-- wp:gravityforms\/form {\"formId\":\"1\",\"title\":false,\"description\":false,\"inputPrimaryColor\":\"#204ce5\"} \/-->","vdh-section-pre-footer-right":"<!-- wp:paragraph -->\n<p\/>\n<!-- \/wp:paragraph -->","downloadable_documents":[],"variation_drive_diesel":false,"variation_drive_electric":false,"variation_drive_battery":false,"variation_undercarriage_mobile":false,"variation_undercarriage_track":false,"is_new_product":false,"vdh_order":40},"product_cat":[65],"class_list":["post-3241","product","type-product","status-publish","has-post-thumbnail","hentry","product_cat-vdh-hammer"],"_links":{"self":[{"href":"https:\/\/vdhmachinery.com\/de\/wp-json\/wp\/v2\/product\/3241","targetHints":{"allow":["GET"]}}],"collection":[{"href":"https:\/\/vdhmachinery.com\/de\/wp-json\/wp\/v2\/product"}],"about":[{"href":"https:\/\/vdhmachinery.com\/de\/wp-json\/wp\/v2\/types\/product"}],"wp:featuredmedia":[{"embeddable":true,"href":"https:\/\/vdhmachinery.com\/de\/wp-json\/wp\/v2\/media\/965"}],"wp:attachment":[{"href":"https:\/\/vdhmachinery.com\/de\/wp-json\/wp\/v2\/media?parent=3241"}],"wp:term":[{"taxonomy":"product_cat","embeddable":true,"href":"https:\/\/vdhmachinery.com\/de\/wp-json\/wp\/v2\/product_cat?post=3241"}],"curies":[{"name":"wp","href":"https:\/\/api.w.org\/{rel}","templated":true}]}}