{"id":3242,"date":"2025-09-15T10:49:43","date_gmt":"2025-09-15T10:49:43","guid":{"rendered":"https:\/\/vdhmachinery.com\/machines\/vdh-haemmer-500-bis-2500-kg\/"},"modified":"2026-02-03T10:25:49","modified_gmt":"2026-02-03T10:25:49","slug":"vdh-haemmer-500-bis-2500-kg","status":"publish","type":"product","link":"https:\/\/vdhmachinery.com\/de\/machines\/vdh-haemmer-500-bis-2500-kg\/","title":{"rendered":"VDH-H\u00e4mmer \u2013 500 bis 2500 kg"},"content":{"rendered":"\n\n<h2 class=\"wp-block-heading\"><strong>Zuverl\u00e4ssige Qualit\u00e4t<\/strong><\/h2>\n\n\n\n<p>Die VDH-H\u00e4mmer wurden im Laufe der Jahre auf der Grundlage von praktischen Erfahrungen und dem Feedback der Anwender kontinuierlich weiterentwickelt. Ihre einfache, aber effiziente Konstruktion sorgt f\u00fcr eine au\u00dfergew\u00f6hnliche Zuverl\u00e4ssigkeit, selbst unter intensiven Bedingungen. Dank dieser bew\u00e4hrten Technik sind die H\u00e4mmer f\u00fcr eine Vielzahl von leichten Gr\u00fcndungsprojekten einsetzbar.  <\/p>\n\n\n\n<p><strong>Ger\u00e4uschreduzierende Innovation<\/strong><\/p>\n\n\n\n<p>Mit Blick auf die Zukunft arbeitet Van den Heuvel an der Entwicklung von ger\u00e4uschreduzierenden H\u00e4mmern. Diese Innovation reagiert auf die wachsende Nachfrage nach leiseren Gr\u00fcndungsl\u00f6sungen, wodurch VDH-H\u00e4mmer sowohl jetzt als auch in Zukunft eine nachhaltige Wahl darstellen. <\/p>\n\n\n\n<h2 class=\"wp-block-heading\"><strong>Lange Standzeit und einfache Wartung<\/strong><\/h2>\n\n\n\n<p>Ein gro\u00dfer Vorteil der VDH-H\u00e4mmer \u2013 500 bis 2500 kg \u2013 ist ihre hohe Standzeit und der geringe Wartungsbedarf. Reparaturen sind selten erforderlich, und sollte eine Wartung dennoch notwendig sein, kann diese direkt vor Ort durchgef\u00fchrt werden. Dank des intelligenten Designs lassen sich Hammerzylinder, Schl\u00e4uche und Akkumulatoren einfach vor Ort austauschen. Dies verk\u00fcrzt die Stillstandzeiten und senkt die Kosten erheblich.   <\/p>\n\n\n\n<figure class=\"wp-block-gallery has-nested-images columns-default is-cropped wp-block-gallery-1 is-layout-flex wp-block-gallery-is-layout-flex\">\n<figure class=\"wp-block-image size-large\"><img loading=\"lazy\" decoding=\"async\" width=\"1024\" height=\"768\" data-id=\"967\" src=\"https:\/\/vdhmachinery.com\/wp-content\/uploads\/2025\/09\/CIMG0589-1024x768.jpg\" alt=\"VDH-H&#xE4;mmer &#x2013; 500 bis 2500 kg\" class=\"wp-image-967\" srcset=\"https:\/\/vdhmachinery.com\/wp-content\/uploads\/2025\/09\/CIMG0589-1024x768.jpg 1024w, https:\/\/vdhmachinery.com\/wp-content\/uploads\/2025\/09\/CIMG0589-300x225.jpg 300w, https:\/\/vdhmachinery.com\/wp-content\/uploads\/2025\/09\/CIMG0589-768x576.jpg 768w, https:\/\/vdhmachinery.com\/wp-content\/uploads\/2025\/09\/CIMG0589-1536x1152.jpg 1536w, https:\/\/vdhmachinery.com\/wp-content\/uploads\/2025\/09\/CIMG0589-2048x1536.jpg 2048w\" sizes=\"auto, (max-width: 1024px) 100vw, 1024px\" \/><\/figure>\n<\/figure>\n\n\n\n<h2 class=\"wp-block-heading\"><strong>Anwendung auf kleinen Maschinen<\/strong><\/h2>\n\n\n\n<p>Die kleinen VDH-H\u00e4mmer sind speziell f\u00fcr den Einsatz auf Gr\u00fcndungsmaschinen und Baggern mit geringerem Fallgewicht konzipiert. Dank zweier Zylinder an der Au\u00dfenseite eignen sie sich ideal zum Einschlagen von Holzpf\u00e4hlen oder kurzen Pf\u00e4hlen. Diese Flexibilit\u00e4t macht die H\u00e4mmer besonders geeignet f\u00fcr Bauunternehmer, die mit kompakten Ger\u00e4ten arbeiten.  <\/p>\n\n\n\n<h2 class=\"wp-block-heading\"><strong>Wichtigste Vorteile<\/strong><\/h2>\n\n\n\n<ul class=\"wp-block-list\">\n<li>Effiziente, einfache Konstruktion<\/li>\n\n\n\n<li>Hohe Zuverl\u00e4ssigkeit und geringer Wartungsbedarf<\/li>\n\n\n\n<li>Geringes Gewicht und einfache Montage<\/li>\n\n\n\n<li>Freifallzylinder (weniger \u00d6l erforderlich)<\/li>\n\n\n\n<li>Hohe Standzeit und Feldreparaturen m\u00f6glich<\/li>\n\n\n\n<li>Bestens geeignet f\u00fcr leichte Gr\u00fcndungs- und Erdarbeiten<\/li>\n<\/ul>\n\n\n\n<p>Mit ihrer Kombination aus Einfachheit, Zuverl\u00e4ssigkeit und Flexibilit\u00e4t sind die <strong>VDH-H\u00e4mmer \u2013 500 bis 2500 kg<\/strong> eine nachhaltige Wahl f\u00fcr leichte Gr\u00fcndungsarbeiten und Projekte, bei denen Effizienz und niedrige Kosten im Vordergrund stehen.<\/p>\n\n","protected":false},"featured_media":969,"template":"","meta":{"vdh-section-opener":"<!-- wp:paragraph -->\n<p>Die <strong>VDH-H\u00e4mmer<\/strong> \u2013 500 bis 2500 kg \u2013 sind kompakte und zuverl\u00e4ssige Hydraulikh\u00e4mmer, die speziell f\u00fcr leichte Gr\u00fcndungsarbeiten und den Einsatz mit Baggern entwickelt wurden. Mit ihrem einfachen, effizienten Design und ihrer hohen Standzeit bieten sie optimale Leistung bei geringen Wartungskosten. <\/p>\n<!-- \/wp:paragraph -->","vdh-section-content":"<!-- wp:paragraph -->\n<p><\/p>\n<!-- \/wp:paragraph -->","vdh-section-sidebar":"<!-- wp:paragraph -->\n<p\/>\n<!-- \/wp:paragraph -->","vdh-section-extra-information":"<!-- wp:paragraph -->\n<p\/>\n<!-- \/wp:paragraph -->","vdh-section-pre-footer-left":"<!-- wp:heading -->\n<h2 class=\"wp-block-heading\">Mehr Informationen<\/h2>\n<!-- \/wp:heading -->\n\n<!-- wp:paragraph -->\n<p>Unsere Spezialisten denken gerne mit Ihnen mit \u2013 ob Sie sich auf Leistung, Nachhaltigkeit oder eine spezifische Anwendung konzentrieren. Wir kombinieren technisches Wissen mit praktischer Erfahrung und einer pragmatischen Herangehensweise.  So finden wir gemeinsam die L\u00f6sung, die f\u00fcr Ihre Situation am besten funktioniert.<\/p>\n<!-- \/wp:paragraph -->\n\n<!-- wp:heading {\"level\":3,\"textColor\":\"primary-blue\"} -->\n<h3 class=\"wp-block-heading has-primary-blue-color has-text-color\">Haben Sie Interesse oder eine Frage?<\/h3>\n<!-- \/wp:heading -->\n\n<!-- wp:paragraph -->\n<p>Hinterlassen Sie Ihre Daten und wir nehmen schnell Kontakt mit Ihnen auf.<\/p>\n<!-- \/wp:paragraph -->\n\n<!-- wp:gravityforms\/form {\"formId\":\"1\",\"title\":false,\"description\":false,\"inputPrimaryColor\":\"#204ce5\"} \/-->","vdh-section-pre-footer-right":"<!-- wp:vdh\/employee-block {\"employeeId\":162} \/-->","downloadable_documents":[],"variation_drive_diesel":false,"variation_drive_electric":false,"variation_drive_battery":false,"variation_undercarriage_mobile":false,"variation_undercarriage_track":false,"is_new_product":false,"vdh_order":60},"product_cat":[65],"class_list":["post-3242","product","type-product","status-publish","has-post-thumbnail","hentry","product_cat-vdh-hammer"],"_links":{"self":[{"href":"https:\/\/vdhmachinery.com\/de\/wp-json\/wp\/v2\/product\/3242","targetHints":{"allow":["GET"]}}],"collection":[{"href":"https:\/\/vdhmachinery.com\/de\/wp-json\/wp\/v2\/product"}],"about":[{"href":"https:\/\/vdhmachinery.com\/de\/wp-json\/wp\/v2\/types\/product"}],"wp:featuredmedia":[{"embeddable":true,"href":"https:\/\/vdhmachinery.com\/de\/wp-json\/wp\/v2\/media\/969"}],"wp:attachment":[{"href":"https:\/\/vdhmachinery.com\/de\/wp-json\/wp\/v2\/media?parent=3242"}],"wp:term":[{"taxonomy":"product_cat","embeddable":true,"href":"https:\/\/vdhmachinery.com\/de\/wp-json\/wp\/v2\/product_cat?post=3242"}],"curies":[{"name":"wp","href":"https:\/\/api.w.org\/{rel}","templated":true}]}}