{"id":3244,"date":"2025-09-15T09:43:25","date_gmt":"2025-09-15T09:43:25","guid":{"rendered":"https:\/\/vdhmachinery.com\/machines\/vdh-haemmer-3-bis-9-tonnen\/"},"modified":"2026-02-03T10:23:58","modified_gmt":"2026-02-03T10:23:58","slug":"vdh-haemmer-3-bis-9-tonnen","status":"publish","type":"product","link":"https:\/\/vdhmachinery.com\/de\/machines\/vdh-haemmer-3-bis-9-tonnen\/","title":{"rendered":"VDH-H\u00e4mmer \u2013 3 bis 9 Tonnen"},"content":{"rendered":"\n\n<h2 class=\"wp-block-heading\"><strong>Zuverl\u00e4ssige und effiziente Technik<\/strong><\/h2>\n\n\n\n<p>Die VDH-H\u00e4mmer \u2013 3 bis 9 Tonnen \u2013 sind das Ergebnis jahrelanger Erfahrung und praxisorientierter Weiterentwicklung. Ihre einfache, aber effiziente Konstruktion macht sie zu zuverl\u00e4ssigen Maschinen mit langer Lebensdauer. Dank der robusten Bauweise eignen sie sich f\u00fcr den intensiven Einsatz bei anspruchsvollsten Projekten.  <\/p>\n\n\n\n<h2 class=\"wp-block-heading\"><strong>Kraft durch beschleunigten Zylinder<\/strong><\/h2>\n\n\n\n<p>Ein Unterscheidungsmerkmal dieser H\u00e4mmer ist der beschleunigte Zylinder. Anstelle von freiem Fall wird das Fallgewicht aktiv nach unten gedr\u00fcckt. Dadurch entsteht zus\u00e4tzliche Schlagkraft, was f\u00fcr eine optimale Energie\u00fcbertragung auf Pf\u00e4hle (bei Beton) oder Rohre (bei Stahl) sorgt. Dies verbessert die Effizienz und Qualit\u00e4t der Arbeiten erheblich.   <\/p>\n\n\n\n<p><strong>Flexible Rahmenoptionen<\/strong><\/p>\n\n\n\n<p>Die H\u00e4mmer sind in verschiedenen Rahmenl\u00e4ngen lieferbar, wobei die 3-, 5-, 7- und 9-Tonnen-Rahmen als Basis dienen. Dar\u00fcber hinaus sind Ausf\u00fchrungen mit einer Fallh\u00f6he von 1200 mm f\u00fcr Beton und 1500 mm f\u00fcr Stahl erh\u00e4ltlich. Dies macht den Hammer einfach an spezifische Projektanforderungen anpassbar.  <\/p>\n\n\n\n<figure class=\"wp-block-gallery has-nested-images columns-default is-cropped splide wpcom-gallery wp-block-gallery-1 is-layout-flex wp-block-gallery-is-layout-flex\"><button type='button' class='close-btn'><svg xmlns=\"http:\/\/www.w3.org\/2000\/svg\" viewBox=\"0 0 640 640\"><path fill=\"#ffffff\" d=\"M320 576C461.4 576 576 461.4 576 320C576 178.6 461.4 64 320 64C178.6 64 64 178.6 64 320C64 461.4 178.6 576 320 576zM231 231C240.4 221.6 255.6 221.6 264.9 231L319.9 286L374.9 231C384.3 221.6 399.5 221.6 408.8 231C418.1 240.4 418.2 255.6 408.8 264.9L353.8 319.9L408.8 374.9C418.2 384.3 418.2 399.5 408.8 408.8C399.4 418.1 384.2 418.2 374.9 408.8L319.9 353.8L264.9 408.8C255.5 418.2 240.3 418.2 231 408.8C221.7 399.4 221.6 384.2 231 374.9L286 319.9L231 264.9C221.6 255.5 221.6 240.3 231 231z\"\/><\/svg><\/button><div class='splide__track'><div class='splide__list'> \n<figure class=\"wp-block-image splide__slide size-large\"><img loading=\"lazy\" decoding=\"async\" width=\"676\" height=\"720\" data-id=\"956\" src=\"https:\/\/vdhmachinery.com\/wp-content\/uploads\/2025\/09\/Heijmans-hamer-3-9-ton.jpg\" alt=\"VDH-H&#xE4;mmer &#x2013; 3 bis 9 Tonnen auf Werkstatt\" class=\"wp-image-956\" srcset=\"https:\/\/vdhmachinery.com\/wp-content\/uploads\/2025\/09\/Heijmans-hamer-3-9-ton.jpg 676w, https:\/\/vdhmachinery.com\/wp-content\/uploads\/2025\/09\/Heijmans-hamer-3-9-ton-282x300.jpg 282w\" sizes=\"auto, (max-width: 676px) 100vw, 676px\" \/><\/figure>\n\n\n\n<figure class=\"wp-block-image splide__slide size-large\"><img loading=\"lazy\" decoding=\"async\" width=\"768\" height=\"1024\" data-id=\"957\" src=\"https:\/\/vdhmachinery.com\/wp-content\/uploads\/2025\/09\/Van-t-Hek-hamer-3-9-ton-768x1024.jpg\" alt=\"VDH-H&#xE4;mmer &#x2013; 3 bis 9 Tonnen auf Platten\" class=\"wp-image-957\" srcset=\"https:\/\/vdhmachinery.com\/wp-content\/uploads\/2025\/09\/Van-t-Hek-hamer-3-9-ton-768x1024.jpg 768w, https:\/\/vdhmachinery.com\/wp-content\/uploads\/2025\/09\/Van-t-Hek-hamer-3-9-ton-225x300.jpg 225w, https:\/\/vdhmachinery.com\/wp-content\/uploads\/2025\/09\/Van-t-Hek-hamer-3-9-ton-1152x1536.jpg 1152w, https:\/\/vdhmachinery.com\/wp-content\/uploads\/2025\/09\/Van-t-Hek-hamer-3-9-ton.jpg 1200w\" sizes=\"auto, (max-width: 768px) 100vw, 768px\" \/><\/figure>\n<\/figure>\n\n\n\n<h2 class=\"wp-block-heading\"><strong>Haltbarkeit und Wartung<\/strong><\/h2>\n\n\n\n<p>Die VDH-H\u00e4mmer \u2013 3 bis 9 Tonnen \u2013 haben eine hohe Standzeit und sind wartungsarm. Eventuelle Reparaturen k\u00f6nnen einfach vor Ort durchgef\u00fchrt werden, wodurch Stillstand und Kosten begrenzt bleiben. Dies macht sie besonders attraktiv f\u00fcr Bauunternehmer, die unter Zeitdruck arbeiten.  <\/p>\n\n\n\n<h2 class=\"wp-block-heading\"><strong>Wichtigste Vorteile<\/strong><\/h2>\n\n\n\n<ul class=\"wp-block-list\">\n<li>Effizienter, robuster Hammer<\/li>\n\n\n\n<li>Hohe Zuverl\u00e4ssigkeit in der Praxis<\/li>\n\n\n\n<li>Beschleunigter Zylinder f\u00fcr maximale Energie\u00fcbertragung<\/li>\n\n\n\n<li>Flexibel und modular aufgebaut<\/li>\n\n\n\n<li>Stufenlos verstellbare Fallh\u00f6he<\/li>\n\n\n\n<li>Lange Standzeit und niedrige Wartungskosten<\/li>\n\n\n\n<li>Reparatur vor Ort m\u00f6glich<\/li>\n<\/ul>\n\n\n\n<p>Mit ihrer robusten Konstruktion, innovativen Technik und hohen Zuverl\u00e4ssigkeit sind die <strong>VDH-H\u00e4mmer \u2013 3 bis 9 Tonnen<\/strong> die ideale Wahl f\u00fcr Bauunternehmer, die leistungsstarke, flexible und langlebige Fallh\u00e4mmer f\u00fcr unterschiedliche Anwendungen ben\u00f6tigen.<\/p>\n\n","protected":false},"featured_media":960,"template":"","meta":{"vdh-section-opener":"<!-- wp:paragraph -->\n<p>Die <strong>VDH-H\u00e4mmer \u2013 3 bis 9 Tonnen<\/strong> sind robuste und zuverl\u00e4ssige Fallh\u00e4mmer, die sowohl f\u00fcr freih\u00e4ngenden als auch f\u00fcr m\u00e4klergef\u00fchrten Einsatz konzipiert sind. Dank ihres beschleunigten Zylinders und des flexiblen Aufbaus liefern diese H\u00e4mmer maximale Energie\u00fcbertragung und hohe Leistung bei unterschiedlichen Gr\u00fcndungsarbeiten. <\/p>\n<!-- \/wp:paragraph -->","vdh-section-content":"<!-- wp:paragraph -->\n<p><\/p>\n<!-- \/wp:paragraph -->","vdh-section-sidebar":"<!-- wp:paragraph -->\n<p\/>\n<!-- \/wp:paragraph -->","vdh-section-extra-information":"<!-- wp:paragraph -->\n<p\/>\n<!-- \/wp:paragraph -->","vdh-section-pre-footer-left":"<!-- wp:heading -->\n<h2 class=\"wp-block-heading\">Mehr Informationen<\/h2>\n<!-- \/wp:heading -->\n\n<!-- wp:paragraph -->\n<p>Unsere Spezialisten denken gerne mit Ihnen mit \u2013 ob Sie sich auf Leistung, Nachhaltigkeit oder eine spezifische Anwendung konzentrieren. Wir kombinieren technisches Wissen mit praktischer Erfahrung und einer pragmatischen Herangehensweise.  So finden wir gemeinsam die L\u00f6sung, die f\u00fcr Ihre Situation am besten funktioniert.<\/p>\n<!-- \/wp:paragraph -->\n\n<!-- wp:heading {\"level\":3,\"textColor\":\"primary-blue\"} -->\n<h3 class=\"wp-block-heading has-primary-blue-color has-text-color\">Haben Sie Interesse oder eine Frage?<\/h3>\n<!-- \/wp:heading -->\n\n<!-- wp:paragraph -->\n<p>Hinterlassen Sie Ihre Daten und wir nehmen schnell Kontakt mit Ihnen auf.<\/p>\n<!-- \/wp:paragraph -->\n\n<!-- wp:gravityforms\/form {\"formId\":\"1\",\"title\":false,\"description\":false,\"inputPrimaryColor\":\"#204ce5\"} \/-->","vdh-section-pre-footer-right":"<!-- wp:paragraph -->\n<p\/>\n<!-- \/wp:paragraph -->","downloadable_documents":[],"variation_drive_diesel":false,"variation_drive_electric":false,"variation_drive_battery":false,"variation_undercarriage_mobile":false,"variation_undercarriage_track":false,"is_new_product":false,"vdh_order":50},"product_cat":[65],"class_list":["post-3244","product","type-product","status-publish","has-post-thumbnail","hentry","product_cat-vdh-hammer"],"_links":{"self":[{"href":"https:\/\/vdhmachinery.com\/de\/wp-json\/wp\/v2\/product\/3244","targetHints":{"allow":["GET"]}}],"collection":[{"href":"https:\/\/vdhmachinery.com\/de\/wp-json\/wp\/v2\/product"}],"about":[{"href":"https:\/\/vdhmachinery.com\/de\/wp-json\/wp\/v2\/types\/product"}],"wp:featuredmedia":[{"embeddable":true,"href":"https:\/\/vdhmachinery.com\/de\/wp-json\/wp\/v2\/media\/960"}],"wp:attachment":[{"href":"https:\/\/vdhmachinery.com\/de\/wp-json\/wp\/v2\/media?parent=3244"}],"wp:term":[{"taxonomy":"product_cat","embeddable":true,"href":"https:\/\/vdhmachinery.com\/de\/wp-json\/wp\/v2\/product_cat?post=3244"}],"curies":[{"name":"wp","href":"https:\/\/api.w.org\/{rel}","templated":true}]}}