{"id":3249,"date":"2025-09-15T09:33:29","date_gmt":"2025-09-15T09:33:29","guid":{"rendered":"https:\/\/vdhmachinery.com\/machines\/vdh-rdc-17\/"},"modified":"2026-02-03T10:24:02","modified_gmt":"2026-02-03T10:24:02","slug":"vdh-rdc-17","status":"publish","type":"product","link":"https:\/\/vdhmachinery.com\/de\/machines\/vdh-rdc-17\/","title":{"rendered":"VDH-RDC 17"},"content":{"rendered":"\n\n<h2 class=\"wp-block-heading\"><strong>Maximale Kraft und Effizienz<\/strong><\/h2>\n\n\n\n<p>Die VDH-RDC 17 verwendet einen Hydraulikhammer, der mit hoher Frequenz eine st\u00e4hlerne Aufprallplatte auf den Boden schl\u00e4gt. Mit einer einstellbaren Fallh\u00f6he von 50 bis 1200 mm und einer Schlagfrequenz von 40 bis 100 Schl\u00e4gen pro Minute kann die Maschine pr\u00e4zise auf unterschiedliche Bodenbedingungen abgestimmt werden. Das Ergebnis ist eine schnelle, kontrollierte Verdichtung von flachen, k\u00f6rnigen B\u00f6den.  <\/p>\n\n\n\n<p><strong>Gro\u00dfe Verdichtungsfl\u00e4che<\/strong><\/p>\n\n\n\n<p>Mit einem Verdichtungsfu\u00df von 1.600, 2.000 oder sogar 2.400 mm bietet die VDH-RDC 17 eine gro\u00dfe Verdichtungsfl\u00e4che. Dadurch ist die Maschine ideal f\u00fcr Projekte, bei denen umfangreiche Fl\u00e4chen effizient und gleichm\u00e4\u00dfig verdichtet werden m\u00fcssen. Dies macht die Maschine ideal f\u00fcr gro\u00dfe Infrastrukturarbeiten und st\u00e4dtische Baustellen mit hohen Leistungsanforderungen.  <\/p>\n\n\n\n<h2 class=\"wp-block-heading\"><strong>Robustes und langlebiges Design<\/strong><\/h2>\n\n\n\n<p>Die VDH-RDC 17 wurde f\u00fcr maximale Zuverl\u00e4ssigkeit und Langlebigkeit entwickelt. Mit einem Gesamtgewicht von 25.000 kg und hochwertigen Komponenten ist die Maschine auch den schwersten Arbeitsbedingungen gewachsen. Die Maschine ist wartungsarm und f\u00fcr den langfristigen Einsatz mit niedrigen Betriebskosten ausgelegt.  <\/p>\n\n\n\n<figure class=\"wp-block-gallery has-nested-images columns-default is-cropped splide wpcom-gallery wp-block-gallery-1 is-layout-flex wp-block-gallery-is-layout-flex\"><button type='button' class='close-btn'><svg xmlns=\"http:\/\/www.w3.org\/2000\/svg\" viewBox=\"0 0 640 640\"><path fill=\"#ffffff\" d=\"M320 576C461.4 576 576 461.4 576 320C576 178.6 461.4 64 320 64C178.6 64 64 178.6 64 320C64 461.4 178.6 576 320 576zM231 231C240.4 221.6 255.6 221.6 264.9 231L319.9 286L374.9 231C384.3 221.6 399.5 221.6 408.8 231C418.1 240.4 418.2 255.6 408.8 264.9L353.8 319.9L408.8 374.9C418.2 384.3 418.2 399.5 408.8 408.8C399.4 418.1 384.2 418.2 374.9 408.8L319.9 353.8L264.9 408.8C255.5 418.2 240.3 418.2 231 408.8C221.7 399.4 221.6 384.2 231 374.9L286 319.9L231 264.9C221.6 255.5 221.6 240.3 231 231z\"\/><\/svg><\/button><div class='splide__track'><div class='splide__list'> \n<figure class=\"wp-block-image splide__slide size-large\"><img loading=\"lazy\" decoding=\"async\" width=\"986\" height=\"1024\" data-id=\"940\" src=\"https:\/\/vdhmachinery.com\/wp-content\/uploads\/2025\/09\/PXL_20220408_144401667-986x1024.jpg\" alt=\"VDH-RDC 17 auf der Stra&#xDF;e\" class=\"wp-image-940\" srcset=\"https:\/\/vdhmachinery.com\/wp-content\/uploads\/2025\/09\/PXL_20220408_144401667-986x1024.jpg 986w, https:\/\/vdhmachinery.com\/wp-content\/uploads\/2025\/09\/PXL_20220408_144401667-289x300.jpg 289w, https:\/\/vdhmachinery.com\/wp-content\/uploads\/2025\/09\/PXL_20220408_144401667-768x798.jpg 768w, https:\/\/vdhmachinery.com\/wp-content\/uploads\/2025\/09\/PXL_20220408_144401667-1478x1536.jpg 1478w, https:\/\/vdhmachinery.com\/wp-content\/uploads\/2025\/09\/PXL_20220408_144401667.jpg 1819w\" sizes=\"auto, (max-width: 986px) 100vw, 986px\" \/><\/figure>\n\n\n\n<figure class=\"wp-block-image splide__slide size-large\"><img loading=\"lazy\" decoding=\"async\" width=\"859\" height=\"1024\" data-id=\"937\" src=\"https:\/\/vdhmachinery.com\/wp-content\/uploads\/2025\/09\/RDC17-TerraFirma-76-859x1024.jpg\" alt=\"VDH-RDC 17 im Sand\" class=\"wp-image-937\" srcset=\"https:\/\/vdhmachinery.com\/wp-content\/uploads\/2025\/09\/RDC17-TerraFirma-76-859x1024.jpg 859w, https:\/\/vdhmachinery.com\/wp-content\/uploads\/2025\/09\/RDC17-TerraFirma-76-252x300.jpg 252w, https:\/\/vdhmachinery.com\/wp-content\/uploads\/2025\/09\/RDC17-TerraFirma-76-768x916.jpg 768w, https:\/\/vdhmachinery.com\/wp-content\/uploads\/2025\/09\/RDC17-TerraFirma-76.jpg 1121w\" sizes=\"auto, (max-width: 859px) 100vw, 859px\" \/><\/figure>\n\n\n\n<figure class=\"wp-block-image splide__slide size-large\"><img decoding=\"async\" data-id=\"949\" src=\"https:\/\/vdhmachinery.com\/wp-content\/uploads\/2025\/09\/RDC17-1024x768.jpg\" alt=\"VDH-RDC 17 wei&#xDF; auf Sand\" class=\"wp-image-949\"\/><\/figure>\n\n\n\n<figure class=\"wp-block-image splide__slide size-large\"><img loading=\"lazy\" decoding=\"async\" width=\"1024\" height=\"576\" data-id=\"931\" src=\"https:\/\/vdhmachinery.com\/wp-content\/uploads\/2025\/09\/thumbnail_IMG_1017-1024x576.jpg\" alt=\"VDH-RDC 17 gr&#xFC;n auf Sand\" class=\"wp-image-931\" srcset=\"https:\/\/vdhmachinery.com\/wp-content\/uploads\/2025\/09\/thumbnail_IMG_1017-1024x576.jpg 1024w, https:\/\/vdhmachinery.com\/wp-content\/uploads\/2025\/09\/thumbnail_IMG_1017-300x169.jpg 300w, https:\/\/vdhmachinery.com\/wp-content\/uploads\/2025\/09\/thumbnail_IMG_1017-768x432.jpg 768w, https:\/\/vdhmachinery.com\/wp-content\/uploads\/2025\/09\/thumbnail_IMG_1017.jpg 1280w\" sizes=\"auto, (max-width: 1024px) 100vw, 1024px\" \/><\/figure>\n\n\n\n<figure class=\"wp-block-image splide__slide size-large\"><img loading=\"lazy\" decoding=\"async\" width=\"1024\" height=\"768\" data-id=\"945\" src=\"https:\/\/vdhmachinery.com\/wp-content\/uploads\/2025\/09\/VDH-RDC-16-Cofra-CAT385C-HHK16AU-12005-1024x768.jpg\" alt=\"VDH-RDC 17 auf Gras\" class=\"wp-image-945\" srcset=\"https:\/\/vdhmachinery.com\/wp-content\/uploads\/2025\/09\/VDH-RDC-16-Cofra-CAT385C-HHK16AU-12005-1024x768.jpg 1024w, https:\/\/vdhmachinery.com\/wp-content\/uploads\/2025\/09\/VDH-RDC-16-Cofra-CAT385C-HHK16AU-12005-300x225.jpg 300w, https:\/\/vdhmachinery.com\/wp-content\/uploads\/2025\/09\/VDH-RDC-16-Cofra-CAT385C-HHK16AU-12005-768x576.jpg 768w, https:\/\/vdhmachinery.com\/wp-content\/uploads\/2025\/09\/VDH-RDC-16-Cofra-CAT385C-HHK16AU-12005-1536x1152.jpg 1536w, https:\/\/vdhmachinery.com\/wp-content\/uploads\/2025\/09\/VDH-RDC-16-Cofra-CAT385C-HHK16AU-12005.jpg 1600w\" sizes=\"auto, (max-width: 1024px) 100vw, 1024px\" \/><\/figure>\n<\/figure>\n\n\n\n<h2 class=\"wp-block-heading\"><strong>Technische Daten<\/strong><\/h2>\n\n\n\n<ul class=\"wp-block-list\">\n<li><strong>Maschinentyp:<\/strong> 85\u201390 Tonnen<\/li>\n\n\n\n<li><strong>Hammertyp:<\/strong> VDH17-1200<\/li>\n\n\n\n<li><strong>Fallh\u00f6he:<\/strong> 50\u20131200 mm<\/li>\n\n\n\n<li><strong>Schl\u00e4ge pro Minute:<\/strong> 40\u2013100<\/li>\n\n\n\n<li><strong>Maximale Energie:<\/strong> 200 kNm<\/li>\n\n\n\n<li><strong>Fallgewicht:<\/strong> 17.000 kg<\/li>\n\n\n\n<li><strong>Gesamtgewicht:<\/strong> 25.000 kg<\/li>\n\n\n\n<li><strong>\u00d6lfluss:<\/strong> 795 l\/min<\/li>\n\n\n\n<li><strong>Arbeitsdruck:<\/strong> 220 bar<\/li>\n\n\n\n<li><strong>Theoretisch ben\u00f6tigte Leistung:<\/strong> 292 kW<\/li>\n\n\n\n<li><strong>Adapter:<\/strong> 1.080 mm<\/li>\n\n\n\n<li><strong>Verdichtungsfu\u00df:<\/strong> 1.600 \/ 2.000 \/ 2.400 mm<\/li>\n<\/ul>\n\n\n\n<h2 class=\"wp-block-heading\"><strong>Wichtigste Vorteile<\/strong><\/h2>\n\n\n\n<ul class=\"wp-block-list\">\n<li>H\u00f6chste Schlagenergie innerhalb der VDH-Serie (200 kNm)<\/li>\n\n\n\n<li>Gro\u00dfe Verdichtungsfl\u00e4che mit drei verf\u00fcgbaren Fu\u00dfgr\u00f6\u00dfen<\/li>\n\n\n\n<li>Einstellbare Fallh\u00f6he und Schlagfrequenz f\u00fcr optimale Kontrolle<\/li>\n\n\n\n<li>Langlebiges und robustes Design f\u00fcr den intensiven Einsatz<\/li>\n\n\n\n<li>Zuverl\u00e4ssige Leistung bei gro\u00dfen Infrastrukturprojekten<\/li>\n\n\n\n<li>Geeignet f\u00fcr st\u00e4dtische und industrielle Anwendungen<\/li>\n<\/ul>\n\n\n\n<p>Mit ihrer un\u00fcbertroffenen Kraft, Vielseitigkeit und Zuverl\u00e4ssigkeit ist die <strong>VDH-RDC 17<\/strong> die Bodenverdichtungsmaschine f\u00fcr Bauunternehmer, die an den gr\u00f6\u00dften und anspruchsvollsten Bau- und Infrastrukturprojekten arbeiten.<\/p>\n\n","protected":false},"featured_media":939,"template":"","meta":{"vdh-section-opener":"<!-- wp:paragraph -->\n<p>Die <strong>VDH-RDC 17<\/strong> ist die schwerste Bodenverdichtungsmaschine der VDH-Serie mit einem Gewicht von 85\u201390 Tonnen und einem beeindruckenden Fallgewicht von 17.000 kg. Dank 200 kNm Schlagenergie liefert diese Maschine maximale Leistung f\u00fcr gro\u00df angelegte Bau- und Infrastrukturprojekte. <\/p>\n<!-- \/wp:paragraph -->","vdh-section-content":"<!-- wp:paragraph -->\n<p><\/p>\n<!-- \/wp:paragraph -->","vdh-section-sidebar":"<!-- wp:paragraph -->\n<p\/>\n<!-- \/wp:paragraph -->","vdh-section-extra-information":"<!-- wp:paragraph -->\n<p\/>\n<!-- \/wp:paragraph -->","vdh-section-pre-footer-left":"<!-- wp:heading -->\n<h2 class=\"wp-block-heading\">Mehr Informationen<\/h2>\n<!-- \/wp:heading -->\n\n<!-- wp:paragraph -->\n<p>Unsere Spezialisten denken gerne mit Ihnen mit \u2013 ob Sie sich auf Leistung, Nachhaltigkeit oder eine spezifische Anwendung konzentrieren. Wir kombinieren technisches Wissen mit praktischer Erfahrung und einer pragmatischen Herangehensweise.  So finden wir gemeinsam die L\u00f6sung, die f\u00fcr Ihre Situation am besten funktioniert.<\/p>\n<!-- \/wp:paragraph -->\n\n<!-- wp:heading {\"level\":3,\"textColor\":\"primary-blue\"} -->\n<h3 class=\"wp-block-heading has-primary-blue-color has-text-color\">Haben Sie Interesse oder eine Frage?<\/h3>\n<!-- \/wp:heading -->\n\n<!-- wp:paragraph -->\n<p>Hinterlassen Sie Ihre Daten und wir nehmen schnell Kontakt mit Ihnen auf.<\/p>\n<!-- \/wp:paragraph -->\n\n<!-- wp:gravityforms\/form {\"formId\":\"1\",\"title\":false,\"description\":false,\"inputPrimaryColor\":\"#204ce5\"} \/-->","vdh-section-pre-footer-right":"<!-- wp:paragraph -->\n<p\/>\n<!-- \/wp:paragraph -->","downloadable_documents":[1151,1148],"variation_drive_diesel":false,"variation_drive_electric":false,"variation_drive_battery":false,"variation_undercarriage_mobile":false,"variation_undercarriage_track":false,"is_new_product":false,"vdh_order":40},"product_cat":[79],"class_list":["post-3249","product","type-product","status-publish","has-post-thumbnail","hentry","product_cat-bodenverdichtung"],"_links":{"self":[{"href":"https:\/\/vdhmachinery.com\/de\/wp-json\/wp\/v2\/product\/3249","targetHints":{"allow":["GET"]}}],"collection":[{"href":"https:\/\/vdhmachinery.com\/de\/wp-json\/wp\/v2\/product"}],"about":[{"href":"https:\/\/vdhmachinery.com\/de\/wp-json\/wp\/v2\/types\/product"}],"wp:featuredmedia":[{"embeddable":true,"href":"https:\/\/vdhmachinery.com\/de\/wp-json\/wp\/v2\/media\/939"}],"wp:attachment":[{"href":"https:\/\/vdhmachinery.com\/de\/wp-json\/wp\/v2\/media?parent=3249"}],"wp:term":[{"taxonomy":"product_cat","embeddable":true,"href":"https:\/\/vdhmachinery.com\/de\/wp-json\/wp\/v2\/product_cat?post=3249"}],"curies":[{"name":"wp","href":"https:\/\/api.w.org\/{rel}","templated":true}]}}