{"id":3254,"date":"2025-09-15T09:23:28","date_gmt":"2025-09-15T09:23:28","guid":{"rendered":"https:\/\/vdhmachinery.com\/machines\/vdh-rdc-9\/"},"modified":"2026-02-03T10:24:15","modified_gmt":"2026-02-03T10:24:15","slug":"vdh-rdc-9","status":"publish","type":"product","link":"https:\/\/vdhmachinery.com\/de\/machines\/vdh-rdc-9\/","title":{"rendered":"VDH-RDC 9"},"content":{"rendered":"\n\n<h2 class=\"wp-block-heading\"><strong>Innovative Verdichtungstechnik<\/strong><\/h2>\n\n\n\n<p>Die VDH-RDC 9 verwendet einen Hydraulikhammer, der mit hoher Frequenz eine st\u00e4hlerne Aufprallplatte auf den Boden schl\u00e4gt. Mit einem Fallgewicht von 9.000 kg und maximal 132 kNm Energie pro Schlag wird die oberste Bodenschicht effizient verdichtet. Dank des kontrollierten Energiedrucks wird die Umgebung kaum belastet, wodurch die Maschine ideal f\u00fcr Projekte in st\u00e4dtischen Gebieten oder an Standorten mit strengen Umweltnormen ist.  <\/p>\n\n\n\n<p><strong>Hohe Effizienz und Kontrolle<\/strong><\/p>\n\n\n\n<p>Mit einer einstellbaren Fallh\u00f6he von 50 bis 1500 mm und einer Schlagfrequenz von 30 bis 100 Schl\u00e4gen pro Minute kann die VDH-RDC 9 pr\u00e4zise auf das Projekt abgestimmt werden. Dies macht die Maschine nicht nur vielseitig, sondern auch sehr effizient in unterschiedlichen Bodenbedingungen. <\/p>\n\n\n\n<h2 class=\"wp-block-heading\"><strong>Nachhaltiges Design und Benutzerfreundlichkeit<\/strong><\/h2>\n\n\n\n<p>Die VDH-RDC 9 wurde mit Blick auf Nachhaltigkeit, Zuverl\u00e4ssigkeit und einfache Wartung entwickelt. Die robuste Konstruktion und die hochwertigen Komponenten sorgen f\u00fcr eine lange Lebensdauer und niedrige Betriebskosten. Benutzerfreundlichkeit steht im Mittelpunkt, sodass Maschinisten auch unter schwierigen Bedingungen sicher und effizient arbeiten k\u00f6nnen.  <\/p>\n\n\n\n<figure class=\"wp-block-gallery has-nested-images columns-default is-cropped wp-block-gallery-1 is-layout-flex wp-block-gallery-is-layout-flex\">\n<figure class=\"wp-block-image size-large\"><img loading=\"lazy\" decoding=\"async\" width=\"1024\" height=\"768\" data-id=\"926\" src=\"https:\/\/vdhmachinery.com\/wp-content\/uploads\/2025\/09\/VDH-RDC-9-Wicks-Hitachi-ZX470-HHK9SU-1200-03-1024x768.jpg\" alt=\"VDH-RDC 9\" class=\"wp-image-926\" srcset=\"https:\/\/vdhmachinery.com\/wp-content\/uploads\/2025\/09\/VDH-RDC-9-Wicks-Hitachi-ZX470-HHK9SU-1200-03-1024x768.jpg 1024w, https:\/\/vdhmachinery.com\/wp-content\/uploads\/2025\/09\/VDH-RDC-9-Wicks-Hitachi-ZX470-HHK9SU-1200-03-300x225.jpg 300w, https:\/\/vdhmachinery.com\/wp-content\/uploads\/2025\/09\/VDH-RDC-9-Wicks-Hitachi-ZX470-HHK9SU-1200-03-768x576.jpg 768w, https:\/\/vdhmachinery.com\/wp-content\/uploads\/2025\/09\/VDH-RDC-9-Wicks-Hitachi-ZX470-HHK9SU-1200-03-1536x1152.jpg 1536w, https:\/\/vdhmachinery.com\/wp-content\/uploads\/2025\/09\/VDH-RDC-9-Wicks-Hitachi-ZX470-HHK9SU-1200-03-2048x1536.jpg 2048w\" sizes=\"auto, (max-width: 1024px) 100vw, 1024px\" \/><\/figure>\n<\/figure>\n\n\n\n<h2 class=\"wp-block-heading\"><strong>Wichtigste Vorteile<\/strong><\/h2>\n\n\n\n<ul class=\"wp-block-list\">\n<li>Effektive Verdichtung von flachen, k\u00f6rnigen B\u00f6den<\/li>\n\n\n\n<li>Hohe Schlagkraft f\u00fcr schnelle Ergebnisse<\/li>\n\n\n\n<li>Begrenzte Vibrationen und Ger\u00e4uschbelastung<\/li>\n\n\n\n<li>Einstellbare Fallh\u00f6he und Schlagfrequenz<\/li>\n\n\n\n<li>Nachhaltig, zuverl\u00e4ssig und weltweit einsetzbar<\/li>\n\n\n\n<li>Entwickelt f\u00fcr einfache Wartung und lange Lebensdauer<\/li>\n<\/ul>\n\n\n\n<h2 class=\"wp-block-heading\"><strong>Technische Daten<\/strong><\/h2>\n\n\n\n<ul class=\"wp-block-list\">\n<li><strong>Maschinentyp:<\/strong> 50-55 Tonnen<\/li>\n\n\n\n<li><strong>Hammertyp:<\/strong> VDH9-1500<\/li>\n\n\n\n<li><strong>Fallh\u00f6he:<\/strong> 50-1500 mm<\/li>\n\n\n\n<li><strong>Schl\u00e4ge pro Minute:<\/strong> 30-100<\/li>\n\n\n\n<li><strong>Maximale Energie:<\/strong> 132 kNm<\/li>\n\n\n\n<li><strong>Fallgewicht:<\/strong> 9.000 kg<\/li>\n\n\n\n<li><strong>Gesamtgewicht:<\/strong> 16.000 kg<\/li>\n\n\n\n<li><strong>\u00d6lfluss:<\/strong> 328 l\/min<\/li>\n\n\n\n<li><strong>Arbeitsdruck:<\/strong> 260 bar<\/li>\n<\/ul>\n\n\n\n<p>Mit ihrer Kraft, Pr\u00e4zision und Zuverl\u00e4ssigkeit ist die <strong>VDH-RDC 9<\/strong> die ideale Wahl f\u00fcr Bauunternehmer, die eine kompakte, aber leistungsstarke L\u00f6sung f\u00fcr die Bodenverdichtung bei Bau- und Infrastrukturprojekten suchen.<\/p>\n\n\n<p><\/p>\n","protected":false},"featured_media":928,"template":"","meta":{"vdh-section-opener":"<!-- wp:paragraph -->\n<p>Die <strong>VDH-RDC 9<\/strong> ist eine leistungsstarke Bodenverdichtungsmaschine von 50-55 Tonnen, die speziell f\u00fcr die Verdichtung von flachen, k\u00f6rnigen B\u00f6den entwickelt wurde. Dank der Rapid Dynamic Compaction (RDC)-Technik liefert diese Maschine schnelle, kontrollierte und effektive Ergebnisse mit minimalen Vibrationen und Ger\u00e4uschen. <\/p>\n<!-- \/wp:paragraph -->","vdh-section-content":"<!-- wp:paragraph -->\n<p><\/p>\n<!-- \/wp:paragraph -->","vdh-section-sidebar":"<!-- wp:paragraph -->\n<p\/>\n<!-- \/wp:paragraph -->","vdh-section-extra-information":"<!-- wp:paragraph -->\n<p\/>\n<!-- \/wp:paragraph -->","vdh-section-pre-footer-left":"<!-- wp:heading -->\n<h2 class=\"wp-block-heading\">Mehr Informationen<\/h2>\n<!-- \/wp:heading -->\n\n<!-- wp:paragraph -->\n<p>Unsere Spezialisten denken gerne mit Ihnen mit \u2013 ob Sie sich auf Leistung, Nachhaltigkeit oder eine spezifische Anwendung konzentrieren. Wir kombinieren technisches Wissen mit praktischer Erfahrung und einer pragmatischen Herangehensweise.  So finden wir gemeinsam die L\u00f6sung, die f\u00fcr Ihre Situation am besten funktioniert.<\/p>\n<!-- \/wp:paragraph -->\n\n<!-- wp:heading {\"level\":3,\"textColor\":\"primary-blue\"} -->\n<h3 class=\"wp-block-heading has-primary-blue-color has-text-color\">Haben Sie Interesse oder eine Frage?<\/h3>\n<!-- \/wp:heading -->\n\n<!-- wp:paragraph -->\n<p>Hinterlassen Sie Ihre Daten und wir nehmen schnell Kontakt mit Ihnen auf.<\/p>\n<!-- \/wp:paragraph -->\n\n<!-- wp:gravityforms\/form {\"formId\":\"1\",\"title\":false,\"description\":false,\"inputPrimaryColor\":\"#204ce5\"} \/-->","vdh-section-pre-footer-right":"<!-- wp:vdh\/employee-block \/-->","downloadable_documents":[1148,1151],"variation_drive_diesel":false,"variation_drive_electric":false,"variation_drive_battery":false,"variation_undercarriage_mobile":false,"variation_undercarriage_track":false,"is_new_product":false,"vdh_order":60},"product_cat":[79],"class_list":["post-3254","product","type-product","status-publish","has-post-thumbnail","hentry","product_cat-bodenverdichtung"],"_links":{"self":[{"href":"https:\/\/vdhmachinery.com\/de\/wp-json\/wp\/v2\/product\/3254","targetHints":{"allow":["GET"]}}],"collection":[{"href":"https:\/\/vdhmachinery.com\/de\/wp-json\/wp\/v2\/product"}],"about":[{"href":"https:\/\/vdhmachinery.com\/de\/wp-json\/wp\/v2\/types\/product"}],"wp:featuredmedia":[{"embeddable":true,"href":"https:\/\/vdhmachinery.com\/de\/wp-json\/wp\/v2\/media\/928"}],"wp:attachment":[{"href":"https:\/\/vdhmachinery.com\/de\/wp-json\/wp\/v2\/media?parent=3254"}],"wp:term":[{"taxonomy":"product_cat","embeddable":true,"href":"https:\/\/vdhmachinery.com\/de\/wp-json\/wp\/v2\/product_cat?post=3254"}],"curies":[{"name":"wp","href":"https:\/\/api.w.org\/{rel}","templated":true}]}}