{"id":3366,"date":"2025-09-15T11:04:45","date_gmt":"2025-09-15T11:04:45","guid":{"rendered":"https:\/\/vdhmachinery.com\/machines\/vdh-pdx-rammgeruest\/"},"modified":"2026-02-03T10:26:11","modified_gmt":"2026-02-03T10:26:11","slug":"vdh-pdx-rammgeruest","status":"publish","type":"product","link":"https:\/\/vdhmachinery.com\/de\/machines\/vdh-pdx-rammgeruest\/","title":{"rendered":"VDH-PDX-Rammger\u00fcst"},"content":{"rendered":"\n\n<h2 class=\"wp-block-heading\"><strong>Flexibel und vielseitig<\/strong><\/h2>\n\n\n\n<p>Mit dem PDX-Rammger\u00fcst wird ein Standard-Kran einfach in eine Fundamentierungsmaschine umgebaut. In der Werkstatt von Van den Heuvel wird die Maschine mit einer speziellen M\u00e4klerausstattung versehen, die sowohl f\u00fcr Rohrm\u00e4kler als auch f\u00fcr Fachwerk-M\u00e4kler geeignet ist. Zus\u00e4tzlich wird ein Schiebetisch mit zwei F\u00fchrungsschienen an der Seite des Krans montiert. Dies bietet maximale Genauigkeit und Flexibilit\u00e4t bei Fundamentierungsarbeiten.   <\/p>\n\n\n\n<p><strong>Zus\u00e4tzliche Funktionen und Konfiguration<\/strong><\/p>\n\n\n\n<p>Neben der Grundausstattung wird das PDX-Rammger\u00fcst mit zus\u00e4tzlichen Hydraulikfunktionen, Bedienm\u00f6glichkeiten und eventuell zus\u00e4tzlichen Winden erweitert. Bei Bedarf kann zus\u00e4tzlicher Ballast angebracht oder durch einen Powerpackrahmen ersetzt werden. Es ist auch m\u00f6glich, einen Powerpackrahmen oben auf dem Gegengewicht zu platzieren. Dadurch ist die Maschine vollst\u00e4ndig konfigurierbar nach den Anforderungen des Projekts.   <\/p>\n\n\n\n<h2 class=\"wp-block-heading\"><strong>Gro\u00dfe Neigungen<\/strong><\/h2>\n\n\n\n<p>Das PDX-Rammger\u00fcst zeichnet sich durch die M\u00f6glichkeit zu gr\u00f6\u00dferen Neigungen als die PD-Variante aus. Durch die Montage von Zylindern am Ausleger, die sich auf der R\u00fcckseite der Maschine abst\u00fctzen, wird der Schiebetisch optimal genutzt. Mit Hilfe von St\u00fctzbeinen hinten kann der Ausleger sogar durch den Totpunkt bewegt werden, wodurch maximale Neigungen bis zu 3:1 sowohl vorw\u00e4rts als auch r\u00fcckw\u00e4rts erreichbar sind.  <\/p>\n\n\n\n<figure class=\"wp-block-gallery has-nested-images columns-default is-cropped wp-block-gallery-1 is-layout-flex wp-block-gallery-is-layout-flex\">\n<figure class=\"wp-block-image size-large\"><img loading=\"lazy\" decoding=\"async\" width=\"576\" height=\"1024\" data-id=\"992\" src=\"https:\/\/vdhmachinery.com\/wp-content\/uploads\/2025\/09\/Dimco-PDX-heistelling-576x1024.jpeg\" alt=\"VDH-PDX-Rammger&#xFC;st \" class=\"wp-image-992\" srcset=\"https:\/\/vdhmachinery.com\/wp-content\/uploads\/2025\/09\/Dimco-PDX-heistelling-576x1024.jpeg 576w, https:\/\/vdhmachinery.com\/wp-content\/uploads\/2025\/09\/Dimco-PDX-heistelling-169x300.jpeg 169w, https:\/\/vdhmachinery.com\/wp-content\/uploads\/2025\/09\/Dimco-PDX-heistelling-768x1365.jpeg 768w, https:\/\/vdhmachinery.com\/wp-content\/uploads\/2025\/09\/Dimco-PDX-heistelling-864x1536.jpeg 864w, https:\/\/vdhmachinery.com\/wp-content\/uploads\/2025\/09\/Dimco-PDX-heistelling.jpeg 1080w\" sizes=\"auto, (max-width: 576px) 100vw, 576px\" \/><\/figure>\n<\/figure>\n\n\n\n<h2 class=\"wp-block-heading\"><strong>Sicherheit und Einsatzbereitschaft<\/strong><\/h2>\n\n\n\n<p>Das PDX-Rammger\u00fcst wurde mit Blick auf die Sicherheit entwickelt und entspricht der EN16228-Norm. Dank des absenkbaren M\u00e4klers und des gro\u00dfen Arbeitsbereichs ist die Maschine ideal f\u00fcr den Einsatz bei anspruchsvollen Projekten, wie z. B. Fundamentierungsarbeiten von Pontons oder in beengten R\u00e4umen. <\/p>\n\n\n\n<h2 class=\"wp-block-heading\"><strong>Wichtigste Vorteile<\/strong><\/h2>\n\n\n\n<ul class=\"wp-block-list\">\n<li>Kran flexibel als Fundamentiermaschine einsetzbar<\/li>\n\n\n\n<li>Gro\u00dfe Neigung maximal 3:1 dank Zylindern hinten<\/li>\n\n\n\n<li>Geeignet f\u00fcr Rohrm\u00e4kler und Fachwerk-M\u00e4kler<\/li>\n\n\n\n<li>Spezieller Schiebetisch mit F\u00fchrungsschienen<\/li>\n\n\n\n<li>Absenkbarer M\u00e4kler f\u00fcr den Einsatz auf Pontons oder Ger\u00fcsten<\/li>\n\n\n\n<li>Gro\u00dfer Arbeitsbereich und hohe Genauigkeit<\/li>\n\n\n\n<li>EN16228-zertifiziert f\u00fcr maximale Sicherheit<\/li>\n<\/ul>\n\n\n\n<p>Mit seinen gro\u00dfen Neigungen, der flexiblen Konfiguration und dem robusten Design ist das <strong>PDX-Rammger\u00fcst<\/strong> die ideale L\u00f6sung f\u00fcr schwere Fundamentierungsprojekte, bei denen Kraft, Reichweite und Sicherheit im Mittelpunkt stehen.<\/p>\n\n","protected":false},"featured_media":994,"template":"","meta":{"vdh-section-opener":"<!-- wp:paragraph -->\n<p>Das <strong>PDX-Rammger\u00fcst<\/strong> verwandelt einen Raupenkran in eine multifunktionale Fundamentierungsmaschine mit gro\u00dfer Reichweite und au\u00dfergew\u00f6hnlichen Neigungen. Dank intelligenter Konstruktionen, zus\u00e4tzlicher Hydraulik und leistungsstarker Zylinder ist das PDX-Rammger\u00fcst ideal f\u00fcr schwere Ramm- und Vibrationsarbeiten. <\/p>\n<!-- \/wp:paragraph -->","vdh-section-content":"<!-- wp:paragraph -->\n<p><\/p>\n<!-- \/wp:paragraph -->","vdh-section-sidebar":"<!-- wp:paragraph -->\n<p\/>\n<!-- \/wp:paragraph -->","vdh-section-extra-information":"<!-- wp:paragraph -->\n<p\/>\n<!-- \/wp:paragraph -->","vdh-section-pre-footer-left":"<!-- wp:heading -->\n<h2 class=\"wp-block-heading\">Mehr Informationen<\/h2>\n<!-- \/wp:heading -->\n\n<!-- wp:paragraph -->\n<p>Unsere Spezialisten denken gerne mit Ihnen mit \u2013 ob Sie sich auf Leistung, Nachhaltigkeit oder eine spezifische Anwendung konzentrieren. Wir kombinieren technisches Wissen mit praktischer Erfahrung und einer pragmatischen Herangehensweise.  So finden wir gemeinsam die L\u00f6sung, die f\u00fcr Ihre Situation am besten funktioniert.<\/p>\n<!-- \/wp:paragraph -->\n\n<!-- wp:heading {\"level\":3,\"textColor\":\"primary-blue\"} -->\n<h3 class=\"wp-block-heading has-primary-blue-color has-text-color\">Haben Sie Interesse oder eine Frage?<\/h3>\n<!-- \/wp:heading -->\n\n<!-- wp:paragraph -->\n<p>Hinterlassen Sie Ihre Daten und wir nehmen schnell Kontakt mit Ihnen auf.<\/p>\n<!-- \/wp:paragraph -->\n\n<!-- wp:gravityforms\/form {\"formId\":\"1\",\"title\":false,\"description\":false,\"inputPrimaryColor\":\"#204ce5\"} \/-->","vdh-section-pre-footer-right":"<!-- wp:paragraph -->\n<p\/>\n<!-- \/wp:paragraph -->","downloadable_documents":[],"variation_drive_diesel":false,"variation_drive_electric":false,"variation_drive_battery":false,"variation_undercarriage_mobile":false,"variation_undercarriage_track":false,"is_new_product":false,"vdh_order":50},"product_cat":[68],"class_list":["post-3366","product","type-product","status-publish","has-post-thumbnail","hentry","product_cat-vdh-pd-pdx-xlr-rammgerate"],"_links":{"self":[{"href":"https:\/\/vdhmachinery.com\/de\/wp-json\/wp\/v2\/product\/3366","targetHints":{"allow":["GET"]}}],"collection":[{"href":"https:\/\/vdhmachinery.com\/de\/wp-json\/wp\/v2\/product"}],"about":[{"href":"https:\/\/vdhmachinery.com\/de\/wp-json\/wp\/v2\/types\/product"}],"wp:featuredmedia":[{"embeddable":true,"href":"https:\/\/vdhmachinery.com\/de\/wp-json\/wp\/v2\/media\/994"}],"wp:attachment":[{"href":"https:\/\/vdhmachinery.com\/de\/wp-json\/wp\/v2\/media?parent=3366"}],"wp:term":[{"taxonomy":"product_cat","embeddable":true,"href":"https:\/\/vdhmachinery.com\/de\/wp-json\/wp\/v2\/product_cat?post=3366"}],"curies":[{"name":"wp","href":"https:\/\/api.w.org\/{rel}","templated":true}]}}