{"id":3502,"date":"2025-07-29T11:58:46","date_gmt":"2025-07-29T11:58:46","guid":{"rendered":"https:\/\/vdhmachinery.com\/machines\/sennebogen-613e\/"},"modified":"2026-02-03T10:20:45","modified_gmt":"2026-02-03T10:20:45","slug":"sennebogen-613e","status":"publish","type":"product","link":"https:\/\/vdhmachinery.com\/de\/machines\/sennebogen-613e\/","title":{"rendered":"Sennebogen 613e"},"content":{"rendered":"\n\n<p>Die 613-Serie ist in 2 Unterwagenvarianten erh\u00e4ltlich: Mobil und Raupe, sodass Sie die Wahl f\u00fcr die L\u00f6sung haben, die zu Ihren Bedingungen passt. Ob Sie auf Asphalt oder in Baggerprojekten arbeiten \u2013 der 613 erledigt seine Arbeit. <\/p>\n\n\n\n<figure class=\"wp-block-gallery has-nested-images columns-default is-cropped splide wpcom-gallery wp-block-gallery-1 is-layout-flex wp-block-gallery-is-layout-flex\"><button type='button' class='close-btn'><svg xmlns=\"http:\/\/www.w3.org\/2000\/svg\" viewBox=\"0 0 640 640\"><path fill=\"#ffffff\" d=\"M320 576C461.4 576 576 461.4 576 320C576 178.6 461.4 64 320 64C178.6 64 64 178.6 64 320C64 461.4 178.6 576 320 576zM231 231C240.4 221.6 255.6 221.6 264.9 231L319.9 286L374.9 231C384.3 221.6 399.5 221.6 408.8 231C418.1 240.4 418.2 255.6 408.8 264.9L353.8 319.9L408.8 374.9C418.2 384.3 418.2 399.5 408.8 408.8C399.4 418.1 384.2 418.2 374.9 408.8L319.9 353.8L264.9 408.8C255.5 418.2 240.3 418.2 231 408.8C221.7 399.4 221.6 384.2 231 374.9L286 319.9L231 264.9C221.6 255.5 221.6 240.3 231 231z\"\/><\/svg><\/button><div class='splide__track'><div class='splide__list'> \n<figure class=\"wp-block-image splide__slide size-large\"><img loading=\"lazy\" decoding=\"async\" width=\"1024\" height=\"684\" data-id=\"555\" src=\"https:\/\/vdhmachinery.com\/wp-content\/uploads\/2025\/08\/201909_613_r_spezialtiefbau_a_10_berlin_pankow_willing__46_-1024x684.jpg\" alt=\"Sennebogen 613e tr&#xE4;gt Balken\" class=\"wp-image-555\" srcset=\"https:\/\/vdhmachinery.com\/wp-content\/uploads\/2025\/08\/201909_613_r_spezialtiefbau_a_10_berlin_pankow_willing__46_-1024x684.jpg 1024w, https:\/\/vdhmachinery.com\/wp-content\/uploads\/2025\/08\/201909_613_r_spezialtiefbau_a_10_berlin_pankow_willing__46_-300x200.jpg 300w, https:\/\/vdhmachinery.com\/wp-content\/uploads\/2025\/08\/201909_613_r_spezialtiefbau_a_10_berlin_pankow_willing__46_-768x513.jpg 768w, https:\/\/vdhmachinery.com\/wp-content\/uploads\/2025\/08\/201909_613_r_spezialtiefbau_a_10_berlin_pankow_willing__46_-1536x1025.jpg 1536w, https:\/\/vdhmachinery.com\/wp-content\/uploads\/2025\/08\/201909_613_r_spezialtiefbau_a_10_berlin_pankow_willing__46_-2048x1367.jpg 2048w\" sizes=\"auto, (max-width: 1024px) 100vw, 1024px\" \/><\/figure>\n\n\n\n<figure class=\"wp-block-image splide__slide size-large\"><img loading=\"lazy\" decoding=\"async\" width=\"1024\" height=\"683\" data-id=\"557\" src=\"https:\/\/vdhmachinery.com\/wp-content\/uploads\/2025\/08\/202010_613_r_hebearbeiten_van_haut__9__bea-1024x683.jpeg\" alt=\"Sennebogen 613e schr&#xE4;g hinten\" class=\"wp-image-557\" srcset=\"https:\/\/vdhmachinery.com\/wp-content\/uploads\/2025\/08\/202010_613_r_hebearbeiten_van_haut__9__bea-1024x683.jpeg 1024w, https:\/\/vdhmachinery.com\/wp-content\/uploads\/2025\/08\/202010_613_r_hebearbeiten_van_haut__9__bea-300x200.jpeg 300w, https:\/\/vdhmachinery.com\/wp-content\/uploads\/2025\/08\/202010_613_r_hebearbeiten_van_haut__9__bea-768x512.jpeg 768w, https:\/\/vdhmachinery.com\/wp-content\/uploads\/2025\/08\/202010_613_r_hebearbeiten_van_haut__9__bea-1536x1024.jpeg 1536w, https:\/\/vdhmachinery.com\/wp-content\/uploads\/2025\/08\/202010_613_r_hebearbeiten_van_haut__9__bea-2048x1365.jpeg 2048w\" sizes=\"auto, (max-width: 1024px) 100vw, 1024px\" \/><\/figure>\n\n\n\n<figure class=\"wp-block-image splide__slide size-large\"><img loading=\"lazy\" decoding=\"async\" width=\"913\" height=\"1024\" data-id=\"559\" src=\"https:\/\/vdhmachinery.com\/wp-content\/uploads\/2025\/08\/sennebogen_613-_jobsite-picture-3-913x1024.jpg\" alt=\"Sennebogen 613e tr&#xE4;gt Platte\" class=\"wp-image-559\" srcset=\"https:\/\/vdhmachinery.com\/wp-content\/uploads\/2025\/08\/sennebogen_613-_jobsite-picture-3-913x1024.jpg 913w, https:\/\/vdhmachinery.com\/wp-content\/uploads\/2025\/08\/sennebogen_613-_jobsite-picture-3-267x300.jpg 267w, https:\/\/vdhmachinery.com\/wp-content\/uploads\/2025\/08\/sennebogen_613-_jobsite-picture-3-768x861.jpg 768w, https:\/\/vdhmachinery.com\/wp-content\/uploads\/2025\/08\/sennebogen_613-_jobsite-picture-3-1370x1536.jpg 1370w, https:\/\/vdhmachinery.com\/wp-content\/uploads\/2025\/08\/sennebogen_613-_jobsite-picture-3-1826x2048.jpg 1826w\" sizes=\"auto, (max-width: 913px) 100vw, 913px\" \/><\/figure>\n\n\n\n<figure class=\"wp-block-image splide__slide size-large\"><img loading=\"lazy\" decoding=\"async\" width=\"987\" height=\"740\" data-id=\"561\" src=\"https:\/\/vdhmachinery.com\/wp-content\/uploads\/2025\/08\/sennebogen5.jpeg\" alt=\"Sennebogen 613e hebt Pfahl\" class=\"wp-image-561\" srcset=\"https:\/\/vdhmachinery.com\/wp-content\/uploads\/2025\/08\/sennebogen5.jpeg 987w, https:\/\/vdhmachinery.com\/wp-content\/uploads\/2025\/08\/sennebogen5-300x225.jpeg 300w, https:\/\/vdhmachinery.com\/wp-content\/uploads\/2025\/08\/sennebogen5-768x576.jpeg 768w\" sizes=\"auto, (max-width: 987px) 100vw, 987px\" \/><\/figure>\n\n\n\n<figure class=\"wp-block-image splide__slide size-large\"><img loading=\"lazy\" decoding=\"async\" width=\"1024\" height=\"768\" data-id=\"551\" src=\"https:\/\/vdhmachinery.com\/wp-content\/uploads\/2025\/08\/16_t_raupen-teleskopkran__sennebogen_613_e__schweiz__3_-1024x768.jpg\" alt=\"Sennebogen 613e auf Skipiste\" class=\"wp-image-551\" srcset=\"https:\/\/vdhmachinery.com\/wp-content\/uploads\/2025\/08\/16_t_raupen-teleskopkran__sennebogen_613_e__schweiz__3_-1024x768.jpg 1024w, https:\/\/vdhmachinery.com\/wp-content\/uploads\/2025\/08\/16_t_raupen-teleskopkran__sennebogen_613_e__schweiz__3_-300x225.jpg 300w, https:\/\/vdhmachinery.com\/wp-content\/uploads\/2025\/08\/16_t_raupen-teleskopkran__sennebogen_613_e__schweiz__3_-768x576.jpg 768w, https:\/\/vdhmachinery.com\/wp-content\/uploads\/2025\/08\/16_t_raupen-teleskopkran__sennebogen_613_e__schweiz__3_-1536x1152.jpg 1536w, https:\/\/vdhmachinery.com\/wp-content\/uploads\/2025\/08\/16_t_raupen-teleskopkran__sennebogen_613_e__schweiz__3_-2048x1536.jpg 2048w\" sizes=\"auto, (max-width: 1024px) 100vw, 1024px\" \/><\/figure>\n<\/figure>\n\n\n\n<h3 class=\"wp-block-heading\">Technische Highlights<\/h3>\n\n\n\n<ul class=\"wp-block-list\">\n<li>Maximales Hubverm\u00f6gen: 16 t<\/li>\n\n\n\n<li>Maximale Hakenh\u00f6he: bis ca. 24 m<\/li>\n\n\n\n<li>Motorleistung (Diesel): 100 kW (Standard)<\/li>\n\n\n\n<li>Kompakte Abmessungen und geringe Transportbreite, geeignet f\u00fcr schnellen Einsatz<\/li>\n\n\n\n<li>F\u00fcr Raupen-Variante: Pick &amp; Carry-Funktion m\u00f6glich, unter Last verfahrbar<\/li>\n\n\n\n<li>F\u00fcr Mobil-Variante: hohe Mobilit\u00e4t, geeignet f\u00fcr Asphaltstra\u00dfen<\/li>\n<\/ul>\n\n\n\n<h3 class=\"wp-block-heading\">Merkmale und Vorteile<\/h3>\n\n\n\n<ul class=\"wp-block-list\">\n<li><strong>Kompakt &amp; leistungsstark<\/strong>: Die Maschine kombiniert ein kleines Transportprofil mit einer Tragf\u00e4higkeit von 16 t \u2013 ideal f\u00fcr Bau und Montage auf engstem Raum.<\/li>\n\n\n\n<li><strong>Maximale Flexibilit\u00e4t<\/strong>: Drei Ausf\u00fchrungen verf\u00fcgbar \u2013 mobil f\u00fcr Stra\u00dfenbau\/Allgemein und Raupe f\u00fcr unwegsames Gel\u00e4nde.<\/li>\n\n\n\n<li><strong>Einfacher Transport und Einsatz<\/strong>: Dank des Designs mit kompaktem Transportma\u00df und kurzer Aufbauzeit ist die Maschine schnell einsatzbereit.<\/li>\n\n\n\n<li><strong>Zuverl\u00e4ssigkeit unter verschiedenen Bedingungen<\/strong>: Ob Asphalt, Hanglage oder Baggerarbeiten \u2013 der 613 ist f\u00fcr den intensiven Einsatz in verschiedenen Umgebungen konzipiert.<\/li>\n<\/ul>\n\n\n\n<h3 class=\"wp-block-heading\">Anwendungsbereiche<\/h3>\n\n\n\n<p>Die Sennebogen 613 E-Serie ist ideal geeignet f\u00fcr:<\/p>\n\n\n\n<ul class=\"wp-block-list\">\n<li>Montage und Heben von Bau- und Fertigteilen im Bausektor<\/li>\n\n\n\n<li>Tief- und Infrastrukturprojekte mit begrenztem Platz oder schwierigen Zugangsbedingungen<\/li>\n\n\n\n<li>Arbeiten in unwegsamem oder absch\u00fcssigem Gel\u00e4nde<\/li>\n<\/ul>\n\n\n\n<h3 class=\"wp-block-heading\">Warum diesen Teleskopkran w\u00e4hlen?<\/h3>\n\n\n\n<ul class=\"wp-block-list\">\n<li>Die maximale Tragf\u00e4higkeit von 16 t erm\u00f6glicht das effiziente Bewegen schwererer Lasten.<\/li>\n\n\n\n<li>Dank mehrerer Ausf\u00fchrungen passt die Maschine in unterschiedliche Arbeitsbedingungen \u2013 von Stra\u00dfen- und Hochbau bis hin zu Wasserbau.<\/li>\n\n\n\n<li>Das kompakte Design und die schnelle Einsatzbereitschaft sorgen f\u00fcr Zeit- und Kosteneffizienz auf der Baustelle.<\/li>\n\n\n\n<li>Eine starke Wahl f\u00fcr Auftraggeber, die Zuverl\u00e4ssigkeit, Flexibilit\u00e4t und Mobilit\u00e4t suchen.<\/li>\n<\/ul>\n\n\n<p><\/p>\n","protected":false},"featured_media":2199,"template":"","meta":{"vdh-section-opener":"<!-- wp:paragraph -->\n<p>Der Sennebogen 613 E ist ein vielseitiger Teleskopkran mit einer maximalen Traglast von 16 Tonnen, der f\u00fcr Bau-, Montage- und Tiefbauanwendungen entwickelt wurde. Dank seiner kompakten Abmessungen, einfachen Transportm\u00f6glichkeiten und des leistungsstarken Teleskopauslegers eignet sich dieses Modell hervorragend f\u00fcr den Einsatz auf beengten Baustellen, in unwegsamem Gel\u00e4nde und bei Infrastrukturprojekten. <\/p>\n<!-- \/wp:paragraph -->","vdh-section-content":"<!-- wp:paragraph -->\n<p><\/p>\n<!-- \/wp:paragraph -->","vdh-section-sidebar":"<!-- wp:paragraph -->\n<p\/>\n<!-- \/wp:paragraph -->","vdh-section-extra-information":"<!-- wp:paragraph -->\n<p\/>\n<!-- \/wp:paragraph -->","vdh-section-pre-footer-left":"<!-- wp:heading -->\n<h2 class=\"wp-block-heading\">Mehr Informationen<\/h2>\n<!-- \/wp:heading -->\n\n<!-- wp:paragraph -->\n<p>Onze specialisten denken graag met u mee \u2014 of u nu gericht bent op prestaties, duurzaamheid of een specifieke toepassing. We combineren technische kennis met praktijkervaring en een nuchtere aanpak.  So finden wir gemeinsam die L\u00f6sung, die f\u00fcr Ihre Situation am besten funktioniert.<\/p>\n<!-- \/wp:paragraph -->\n\n<!-- wp:heading {\"level\":3,\"textColor\":\"primary-blue\"} -->\n<h3 class=\"wp-block-heading has-primary-blue-color has-text-color\">Haben Sie Interesse oder eine Frage?<\/h3>\n<!-- \/wp:heading -->\n\n<!-- wp:paragraph -->\n<p>Hinterlassen Sie Ihre Daten und wir nehmen schnell Kontakt mit Ihnen auf.<\/p>\n<!-- \/wp:paragraph -->\n\n<!-- wp:gravityforms\/form {\"formId\":\"1\",\"title\":false,\"description\":false,\"inputPrimaryColor\":\"#204ce5\"} \/-->","vdh-section-pre-footer-right":"<!-- wp:vdh\/employee-block {\"employeeId\":160} \/-->\n\n<!-- wp:vdh\/employee-block {\"employeeId\":161} \/-->","downloadable_documents":[566],"variation_drive_diesel":true,"variation_drive_electric":false,"variation_drive_battery":false,"variation_undercarriage_mobile":true,"variation_undercarriage_track":true,"is_new_product":false,"vdh_order":50},"product_cat":[72],"class_list":["post-3502","product","type-product","status-publish","has-post-thumbnail","hentry","product_cat-teleskopkrane"],"_links":{"self":[{"href":"https:\/\/vdhmachinery.com\/de\/wp-json\/wp\/v2\/product\/3502","targetHints":{"allow":["GET"]}}],"collection":[{"href":"https:\/\/vdhmachinery.com\/de\/wp-json\/wp\/v2\/product"}],"about":[{"href":"https:\/\/vdhmachinery.com\/de\/wp-json\/wp\/v2\/types\/product"}],"wp:featuredmedia":[{"embeddable":true,"href":"https:\/\/vdhmachinery.com\/de\/wp-json\/wp\/v2\/media\/2199"}],"wp:attachment":[{"href":"https:\/\/vdhmachinery.com\/de\/wp-json\/wp\/v2\/media?parent=3502"}],"wp:term":[{"taxonomy":"product_cat","embeddable":true,"href":"https:\/\/vdhmachinery.com\/de\/wp-json\/wp\/v2\/product_cat?post=3502"}],"curies":[{"name":"wp","href":"https:\/\/api.w.org\/{rel}","templated":true}]}}