{"id":3511,"date":"2025-08-18T07:52:53","date_gmt":"2025-08-18T07:52:53","guid":{"rendered":"https:\/\/vdhmachinery.com\/machines\/vdh-mpr-1200\/"},"modified":"2026-02-03T10:21:19","modified_gmt":"2026-02-03T10:21:19","slug":"vdh-mpr-1200","status":"publish","type":"product","link":"https:\/\/vdhmachinery.com\/de\/machines\/vdh-mpr-1200\/","title":{"rendered":"VDH-MPR-1200"},"content":{"rendered":"\n\n<p>Die Mini-Rammmaschine ist mit einem 400-V-Elektromotor ausgestattet und eignet sich daher perfekt f\u00fcr Rammarbeiten in beengten R\u00e4umen und an schwer zug\u00e4nglichen Stellen, bei Projekten, bei denen die Minimierung von Emissionen wichtig ist. Die VDH-MPR-1200 hat ein Fallgewicht von bis zu 1200 kg, was die Maschine ideal f\u00fcr Rammarbeiten in einem Geb\u00e4ude macht.  <\/p>\n\n\n\n<figure class=\"wp-block-gallery has-nested-images columns-default is-cropped splide wpcom-gallery wp-block-gallery-1 is-layout-flex wp-block-gallery-is-layout-flex\"><button type='button' class='close-btn'><svg xmlns=\"http:\/\/www.w3.org\/2000\/svg\" viewBox=\"0 0 640 640\"><path fill=\"#ffffff\" d=\"M320 576C461.4 576 576 461.4 576 320C576 178.6 461.4 64 320 64C178.6 64 64 178.6 64 320C64 461.4 178.6 576 320 576zM231 231C240.4 221.6 255.6 221.6 264.9 231L319.9 286L374.9 231C384.3 221.6 399.5 221.6 408.8 231C418.1 240.4 418.2 255.6 408.8 264.9L353.8 319.9L408.8 374.9C418.2 384.3 418.2 399.5 408.8 408.8C399.4 418.1 384.2 418.2 374.9 408.8L319.9 353.8L264.9 408.8C255.5 418.2 240.3 418.2 231 408.8C221.7 399.4 221.6 384.2 231 374.9L286 319.9L231 264.9C221.6 255.5 221.6 240.3 231 231z\"\/><\/svg><\/button><div class='splide__track'><div class='splide__list'> \n<figure class=\"wp-block-image splide__slide size-large\"><img loading=\"lazy\" decoding=\"async\" width=\"768\" height=\"1024\" data-id=\"1169\" src=\"https:\/\/vdhmachinery.com\/wp-content\/uploads\/2025\/08\/photo-2022-10-11-15-49-32-003-768x1024.jpg\" alt=\"VDH-MPR-1200 im Haus\" class=\"wp-image-1169\" srcset=\"https:\/\/vdhmachinery.com\/wp-content\/uploads\/2025\/08\/photo-2022-10-11-15-49-32-003-768x1024.jpg 768w, https:\/\/vdhmachinery.com\/wp-content\/uploads\/2025\/08\/photo-2022-10-11-15-49-32-003-225x300.jpg 225w, https:\/\/vdhmachinery.com\/wp-content\/uploads\/2025\/08\/photo-2022-10-11-15-49-32-003-1152x1536.jpg 1152w, https:\/\/vdhmachinery.com\/wp-content\/uploads\/2025\/08\/photo-2022-10-11-15-49-32-003.jpg 1536w\" sizes=\"auto, (max-width: 768px) 100vw, 768px\" \/><\/figure>\n\n\n\n<figure class=\"wp-block-image splide__slide size-large\"><img loading=\"lazy\" decoding=\"async\" width=\"601\" height=\"1024\" data-id=\"1166\" src=\"https:\/\/vdhmachinery.com\/wp-content\/uploads\/2025\/08\/dsc0050-601x1024.jpg\" alt=\"VDH-MPR-1200 neben Halle\" class=\"wp-image-1166\" srcset=\"https:\/\/vdhmachinery.com\/wp-content\/uploads\/2025\/08\/dsc0050-601x1024.jpg 601w, https:\/\/vdhmachinery.com\/wp-content\/uploads\/2025\/08\/dsc0050-176x300.jpg 176w, https:\/\/vdhmachinery.com\/wp-content\/uploads\/2025\/08\/dsc0050-768x1308.jpg 768w, https:\/\/vdhmachinery.com\/wp-content\/uploads\/2025\/08\/dsc0050-902x1536.jpg 902w, https:\/\/vdhmachinery.com\/wp-content\/uploads\/2025\/08\/dsc0050-1202x2048.jpg 1202w, https:\/\/vdhmachinery.com\/wp-content\/uploads\/2025\/08\/dsc0050-scaled.jpg 1503w\" sizes=\"auto, (max-width: 601px) 100vw, 601px\" \/><\/figure>\n<\/figure>\n\n\n\n<p>Durch die Verwendung hochwertiger Komponenten und eine einfache Bedienung ist die Maschine sehr zuverl\u00e4ssig und sicher. Die gut verarbeitete MPR-1200 ist zudem SPS-gesteuert: Der Rammprozess wird mittels Sensoren genau verfolgt. Das sorgt f\u00fcr eine kontinuierlich hohe Frequenz, mit der die Maschine hervorragende Leistungen erbringt.  <\/p>\n\n\n\n<p>Dank der Abmessungen der VDH-MPR-1200 (mit einer L\u00e4nge von 3.000 mm und einer Breite von 750 mm) kann die Maschine auf einer BE-Kombination transportiert werden. Das macht sie nicht nur logistisch interessant, sondern sorgt auch f\u00fcr geringere Transportkosten und einen kleineren Footprint. <\/p>\n\n\n\n<h2 class=\"wp-block-heading\">Vorteile der VDH-MPR-1200<\/h2>\n\n\n\n<ul class=\"wp-block-list\">\n<li>Kompakte Maschine<\/li>\n\n\n\n<li>Gro\u00dfe Kapazit\u00e4t<\/li>\n\n\n\n<li>Voll elektrisch<\/li>\n\n\n\n<li>Innen und au\u00dfen einsetzbar<\/li>\n\n\n\n<li>Custom-made Freifall-Ramml\u00f6ffel<\/li>\n\n\n\n<li>SPS-Steuerung mit Touchscreen<\/li>\n\n\n\n<li>Kompakt im Transport<\/li>\n\n\n\n<li>Sicher und zuverl\u00e4ssig<\/li>\n<\/ul>\n\n","protected":false},"featured_media":1171,"template":"","meta":{"vdh-section-opener":"<!-- wp:paragraph -->\n<p>Van den Heuvel entwickelte die VDH-MPR-1200 speziell f\u00fcr Rammarbeiten in beengten R\u00e4umen und an schwer zug\u00e4nglichen Stellen. Die MPR-1200 hat ein Fallgewicht von bis zu 1200 kg, was die Maschine ideal f\u00fcr Rammarbeiten in einem Geb\u00e4ude macht. <\/p>\n<!-- \/wp:paragraph -->","vdh-section-content":"<!-- wp:paragraph -->\n<p><\/p>\n<!-- \/wp:paragraph -->","vdh-section-sidebar":"<!-- wp:paragraph -->\n<p\/>\n<!-- \/wp:paragraph -->","vdh-section-extra-information":"<!-- wp:paragraph -->\n<p\/>\n<!-- \/wp:paragraph -->","vdh-section-pre-footer-left":"<!-- wp:heading -->\n<h2 class=\"wp-block-heading\">Mehr Informationen<\/h2>\n<!-- \/wp:heading -->\n\n<!-- wp:paragraph -->\n<p>Unsere Spezialisten denken gerne mit Ihnen mit \u2013 ob Sie sich auf Leistung, Nachhaltigkeit oder eine spezifische Anwendung konzentrieren. Wir kombinieren technisches Wissen mit praktischer Erfahrung und einer n\u00fcchternen Herangehensweise. So kommen wir gemeinsam zu der L\u00f6sung, die f\u00fcr Ihre Situation am besten funktioniert.  <\/p>\n<!-- \/wp:paragraph -->\n\n<!-- wp:heading {\"level\":3,\"textColor\":\"primary-blue\"} -->\n<h3 class=\"wp-block-heading has-primary-blue-color has-text-color\">Haben Sie Interesse oder eine Frage?<\/h3>\n<!-- \/wp:heading -->\n\n<!-- wp:paragraph -->\n<p>Hinterlassen Sie Ihre Daten und wir nehmen schnell Kontakt mit Ihnen auf.<\/p>\n<!-- \/wp:paragraph -->\n\n<!-- wp:gravityforms\/form {\"formId\":\"1\",\"title\":false,\"description\":false,\"inputPrimaryColor\":\"#204ce5\"} \/-->","vdh-section-pre-footer-right":"<!-- wp:paragraph -->\n<p\/>\n<!-- \/wp:paragraph -->","downloadable_documents":[],"variation_drive_diesel":false,"variation_drive_electric":false,"variation_drive_battery":false,"variation_undercarriage_mobile":false,"variation_undercarriage_track":false,"is_new_product":false,"vdh_order":50},"product_cat":[61],"class_list":["post-3511","product","type-product","status-publish","has-post-thumbnail","hentry","product_cat-vdh-mini-rammgerate"],"_links":{"self":[{"href":"https:\/\/vdhmachinery.com\/de\/wp-json\/wp\/v2\/product\/3511","targetHints":{"allow":["GET"]}}],"collection":[{"href":"https:\/\/vdhmachinery.com\/de\/wp-json\/wp\/v2\/product"}],"about":[{"href":"https:\/\/vdhmachinery.com\/de\/wp-json\/wp\/v2\/types\/product"}],"wp:featuredmedia":[{"embeddable":true,"href":"https:\/\/vdhmachinery.com\/de\/wp-json\/wp\/v2\/media\/1171"}],"wp:attachment":[{"href":"https:\/\/vdhmachinery.com\/de\/wp-json\/wp\/v2\/media?parent=3511"}],"wp:term":[{"taxonomy":"product_cat","embeddable":true,"href":"https:\/\/vdhmachinery.com\/de\/wp-json\/wp\/v2\/product_cat?post=3511"}],"curies":[{"name":"wp","href":"https:\/\/api.w.org\/{rel}","templated":true}]}}