{"id":3512,"date":"2025-08-19T14:16:59","date_gmt":"2025-08-19T14:16:59","guid":{"rendered":"https:\/\/vdhmachinery.com\/machines\/vdh-pv335\/"},"modified":"2026-02-03T10:22:46","modified_gmt":"2026-02-03T10:22:46","slug":"vdh-pv335","status":"publish","type":"product","link":"https:\/\/vdhmachinery.com\/de\/machines\/vdh-pv335\/","title":{"rendered":"VDH-PV335"},"content":{"rendered":"\n\n<p>Der VDH-PV335 ist ein multifunktionales Rammger\u00e4t f\u00fcr die Durchf\u00fchrung verschiedener Arten von Gr\u00fcndungsarbeiten bei Bahnprojekten. Die Maschine kann Pf\u00e4hle oder Rohre mit Hilfe des montierten 3-Tonnen-Rammhammers rammen, mit Hilfe eines Bohrmotors bohren, der montiert werden kann, und zum Vibrieren verschiedener Arten von Spundw\u00e4nden kann ein Vibrationsblock in die Maschine eingebaut werden. Der PV335 ist so kompakt, dass die Maschine ihre Arbeit verrichten kann, w\u00e4hrend die Gleise daneben betriebsbereit bleiben k\u00f6nnen. Dies sorgt f\u00fcr eine h\u00f6here Produktivit\u00e4t.   <\/p>\n\n\n\n<p>In der VDH-Werkstatt sind unter der Maschine zwei verschiedene Arten von selbstfahrenden hydraulischen Schienenfahrwerken montiert, so dass der PV335 von den Gleisen aus Gr\u00fcndungsarbeiten durchf\u00fchren kann. Ein Vorteil dieser Schienenfahrwerke ist, dass sie mitlenkend sind und eines davon sogar pendelbar ist. Das macht die Maschine ideal f\u00fcr Arbeiten auf Gleisen mit Weichen, in scharfen Kurven und in h\u00fcgeligem Gel\u00e4nde. Dank der 60 cm breiten Raupenplatten kann der PV335 auch neben dem Gleis eingesetzt werden. Neben dem Schienenfahrwerk werden in der Werkstatt ein M\u00e4kler, ein Hammer, ein Schiebetisch, Winden und zus\u00e4tzlicher Ballast an der Maschine angebracht. Der spezielle Schiebetisch &#8211; der weiter ausgefahren werden kann als der des PV15 &#8211; sorgt daf\u00fcr, dass der M\u00e4kler in verschiedenen Positionen arbeiten kann und die Reichweite etwas gr\u00f6\u00dfer ist als beim PV15.     <\/p>\n\n\n\n<div class=\"wp-block-group is-layout-constrained wp-block-group-is-layout-constrained\">\n<figure class=\"wp-block-gallery has-nested-images columns-default is-cropped splide wpcom-gallery wp-block-gallery-1 is-layout-flex wp-block-gallery-is-layout-flex\"><button type='button' class='close-btn'><svg xmlns=\"http:\/\/www.w3.org\/2000\/svg\" viewBox=\"0 0 640 640\"><path fill=\"#ffffff\" d=\"M320 576C461.4 576 576 461.4 576 320C576 178.6 461.4 64 320 64C178.6 64 64 178.6 64 320C64 461.4 178.6 576 320 576zM231 231C240.4 221.6 255.6 221.6 264.9 231L319.9 286L374.9 231C384.3 221.6 399.5 221.6 408.8 231C418.1 240.4 418.2 255.6 408.8 264.9L353.8 319.9L408.8 374.9C418.2 384.3 418.2 399.5 408.8 408.8C399.4 418.1 384.2 418.2 374.9 408.8L319.9 353.8L264.9 408.8C255.5 418.2 240.3 418.2 231 408.8C221.7 399.4 221.6 384.2 231 374.9L286 319.9L231 264.9C221.6 255.5 221.6 240.3 231 231z\"\/><\/svg><\/button><div class='splide__track'><div class='splide__list'> \n<figure class=\"wp-block-image splide__slide size-large\"><img loading=\"lazy\" decoding=\"async\" width=\"678\" height=\"1024\" data-id=\"440\" src=\"https:\/\/vdhmachinery.com\/wp-content\/uploads\/2025\/08\/DSC0041-678x1024.jpg\" alt=\"VDH-PV335 von vorne\" class=\"wp-image-440\" srcset=\"https:\/\/vdhmachinery.com\/wp-content\/uploads\/2025\/08\/DSC0041-678x1024.jpg 678w, https:\/\/vdhmachinery.com\/wp-content\/uploads\/2025\/08\/DSC0041-199x300.jpg 199w, https:\/\/vdhmachinery.com\/wp-content\/uploads\/2025\/08\/DSC0041-768x1160.jpg 768w, https:\/\/vdhmachinery.com\/wp-content\/uploads\/2025\/08\/DSC0041-1017x1536.jpg 1017w, https:\/\/vdhmachinery.com\/wp-content\/uploads\/2025\/08\/DSC0041-1356x2048.jpg 1356w, https:\/\/vdhmachinery.com\/wp-content\/uploads\/2025\/08\/DSC0041-scaled.jpg 1696w\" sizes=\"auto, (max-width: 678px) 100vw, 678px\" \/><\/figure>\n\n\n\n<figure class=\"wp-block-image splide__slide size-large\"><img loading=\"lazy\" decoding=\"async\" width=\"1024\" height=\"768\" data-id=\"434\" src=\"https:\/\/vdhmachinery.com\/wp-content\/uploads\/2025\/08\/6ca0b995-4b8c-4d2c-b488-a089a98a4be7-1024x768.jpg\" alt=\"VDH-PV335 Nahaufnahme\" class=\"wp-image-434\" srcset=\"https:\/\/vdhmachinery.com\/wp-content\/uploads\/2025\/08\/6ca0b995-4b8c-4d2c-b488-a089a98a4be7-1024x768.jpg 1024w, https:\/\/vdhmachinery.com\/wp-content\/uploads\/2025\/08\/6ca0b995-4b8c-4d2c-b488-a089a98a4be7-300x225.jpg 300w, https:\/\/vdhmachinery.com\/wp-content\/uploads\/2025\/08\/6ca0b995-4b8c-4d2c-b488-a089a98a4be7-768x576.jpg 768w, https:\/\/vdhmachinery.com\/wp-content\/uploads\/2025\/08\/6ca0b995-4b8c-4d2c-b488-a089a98a4be7-1536x1152.jpg 1536w, https:\/\/vdhmachinery.com\/wp-content\/uploads\/2025\/08\/6ca0b995-4b8c-4d2c-b488-a089a98a4be7.jpg 1600w\" sizes=\"auto, (max-width: 1024px) 100vw, 1024px\" \/><\/figure>\n\n\n\n<figure class=\"wp-block-image splide__slide size-large\"><img loading=\"lazy\" decoding=\"async\" width=\"1024\" height=\"576\" data-id=\"442\" src=\"https:\/\/vdhmachinery.com\/wp-content\/uploads\/2025\/08\/DJI_0466-1024x576.jpg\" alt=\"VDH-PV335 auf einem Gewerbegebiet\" class=\"wp-image-442\" srcset=\"https:\/\/vdhmachinery.com\/wp-content\/uploads\/2025\/08\/DJI_0466-1024x576.jpg 1024w, https:\/\/vdhmachinery.com\/wp-content\/uploads\/2025\/08\/DJI_0466-300x169.jpg 300w, https:\/\/vdhmachinery.com\/wp-content\/uploads\/2025\/08\/DJI_0466-768x432.jpg 768w, https:\/\/vdhmachinery.com\/wp-content\/uploads\/2025\/08\/DJI_0466-1536x864.jpg 1536w, https:\/\/vdhmachinery.com\/wp-content\/uploads\/2025\/08\/DJI_0466-2048x1152.jpg 2048w\" sizes=\"auto, (max-width: 1024px) 100vw, 1024px\" \/><\/figure>\n\n\n\n<figure class=\"wp-block-image splide__slide size-large\"><img loading=\"lazy\" decoding=\"async\" width=\"1024\" height=\"768\" data-id=\"436\" src=\"https:\/\/vdhmachinery.com\/wp-content\/uploads\/2025\/08\/IMG_1060-1024x768.jpg\" alt=\"VDH-PV335 auf der Schiene\" class=\"wp-image-436\" srcset=\"https:\/\/vdhmachinery.com\/wp-content\/uploads\/2025\/08\/IMG_1060-1024x768.jpg 1024w, https:\/\/vdhmachinery.com\/wp-content\/uploads\/2025\/08\/IMG_1060-300x225.jpg 300w, https:\/\/vdhmachinery.com\/wp-content\/uploads\/2025\/08\/IMG_1060-768x576.jpg 768w, https:\/\/vdhmachinery.com\/wp-content\/uploads\/2025\/08\/IMG_1060-1536x1152.jpg 1536w, https:\/\/vdhmachinery.com\/wp-content\/uploads\/2025\/08\/IMG_1060-2048x1536.jpg 2048w\" sizes=\"auto, (max-width: 1024px) 100vw, 1024px\" \/><\/figure>\n\n\n\n<figure class=\"wp-block-image splide__slide size-large\"><img loading=\"lazy\" decoding=\"async\" width=\"1024\" height=\"768\" data-id=\"438\" src=\"https:\/\/vdhmachinery.com\/wp-content\/uploads\/2025\/08\/IMG_1062-1024x768.jpg\" alt=\"VDH-PV335 an der Schiene bei der Arbeit\" class=\"wp-image-438\" srcset=\"https:\/\/vdhmachinery.com\/wp-content\/uploads\/2025\/08\/IMG_1062-1024x768.jpg 1024w, https:\/\/vdhmachinery.com\/wp-content\/uploads\/2025\/08\/IMG_1062-300x225.jpg 300w, https:\/\/vdhmachinery.com\/wp-content\/uploads\/2025\/08\/IMG_1062-768x576.jpg 768w, https:\/\/vdhmachinery.com\/wp-content\/uploads\/2025\/08\/IMG_1062-1536x1152.jpg 1536w, https:\/\/vdhmachinery.com\/wp-content\/uploads\/2025\/08\/IMG_1062-2048x1536.jpg 2048w\" sizes=\"auto, (max-width: 1024px) 100vw, 1024px\" \/><\/figure>\n<\/figure>\n<\/div>\n\n\n\n<p>Obwohl die Maschine so kompakt ist, kann der PV335 Pf\u00e4hle unterschiedlicher L\u00e4nge bis maximal 7,5 Meter rammen. Dies ist auf den von VDH speziell entwickelten, h\u00f6henverstellbaren M\u00e4kler zur\u00fcckzuf\u00fchren. Au\u00dferdem k\u00f6nnen an der Maschine verschiedene Antriebskappen angebracht werden. Dadurch k\u00f6nnen sowohl Vierkantpf\u00e4hle als auch Pf\u00e4hle mit Gewindeenden in den Boden geschlagen werden.   <\/p>\n\n\n\n<h2 class=\"wp-block-heading\">Die Vorteile des VDH-PV335<\/h2>\n\n\n\n<ul class=\"wp-block-list\">\n<li>Geeignet f\u00fcr Arbeiten auf und um die Gleise<\/li>\n\n\n\n<li>Multifunktional: Rammen, Vibrieren, Bohren<\/li>\n\n\n\n<li>Kompakt, im Betrieb und beim Transport<\/li>\n\n\n\n<li>Andere Gleise k\u00f6nnen betriebsbereit bleiben<\/li>\n\n\n\n<li>Hydraulisch mitlenkendes (pendelbares) Schienenfahrwerk<\/li>\n\n\n\n<li>Kann unter Hochspannungsleitungen aufgerichtet werden<\/li>\n\n\n\n<li>EN16228-zertifiziert<\/li>\n<\/ul>\n\n","protected":false},"featured_media":2408,"template":"","meta":{"vdh-section-opener":"<!-- wp:paragraph -->\n<p>Speziell f\u00fcr Projekte, bei denen Gr\u00fcndungsarbeiten auf und um die Gleise herum durchgef\u00fchrt werden m\u00fcssen, hat VDH den PV335 entwickelt. Die Maschine hat mehr Kapazit\u00e4t, einen schwereren Hammer und eine gr\u00f6\u00dfere Reichweite als der VDH-PV15. <\/p>\n<!-- \/wp:paragraph -->","vdh-section-content":"<!-- wp:paragraph -->\n<p><\/p>\n<!-- \/wp:paragraph -->","vdh-section-sidebar":"<!-- wp:paragraph -->\n<p\/>\n<!-- \/wp:paragraph -->","vdh-section-extra-information":"<!-- wp:paragraph -->\n<p\/>\n<!-- \/wp:paragraph -->","vdh-section-pre-footer-left":"<!-- wp:heading -->\n<h2 class=\"wp-block-heading\">Mehr Informationen<\/h2>\n<!-- \/wp:heading -->\n\n<!-- wp:paragraph -->\n<p>Unsere Spezialisten denken gerne mit Ihnen mit \u2013 ob Sie sich auf Leistung, Nachhaltigkeit oder eine spezifische Anwendung konzentrieren. Wir kombinieren technisches Wissen mit praktischer Erfahrung und einer pragmatischen Herangehensweise.  So finden wir gemeinsam die L\u00f6sung, die f\u00fcr Ihre Situation am besten funktioniert.<\/p>\n<!-- \/wp:paragraph -->\n\n<!-- wp:heading {\"level\":3,\"textColor\":\"primary-blue\"} -->\n<h3 class=\"wp-block-heading has-primary-blue-color has-text-color\">Haben Sie Interesse oder eine Frage?<\/h3>\n<!-- \/wp:heading -->\n\n<!-- wp:paragraph -->\n<p>Hinterlassen Sie Ihre Daten und wir nehmen schnell Kontakt mit Ihnen auf.<\/p>\n<!-- \/wp:paragraph -->\n\n<!-- wp:gravityforms\/form {\"formId\":\"1\",\"title\":false,\"description\":false,\"inputPrimaryColor\":\"#204ce5\"} \/-->","vdh-section-pre-footer-right":"<!-- wp:paragraph -->\n<p\/>\n<!-- \/wp:paragraph -->","downloadable_documents":[],"variation_drive_diesel":false,"variation_drive_electric":false,"variation_drive_battery":false,"variation_undercarriage_mobile":false,"variation_undercarriage_track":false,"is_new_product":false,"vdh_order":40},"product_cat":[113],"class_list":["post-3512","product","type-product","status-publish","has-post-thumbnail","hentry","product_cat-vdh-gleisrammen"],"_links":{"self":[{"href":"https:\/\/vdhmachinery.com\/de\/wp-json\/wp\/v2\/product\/3512","targetHints":{"allow":["GET"]}}],"collection":[{"href":"https:\/\/vdhmachinery.com\/de\/wp-json\/wp\/v2\/product"}],"about":[{"href":"https:\/\/vdhmachinery.com\/de\/wp-json\/wp\/v2\/types\/product"}],"wp:featuredmedia":[{"embeddable":true,"href":"https:\/\/vdhmachinery.com\/de\/wp-json\/wp\/v2\/media\/2408"}],"wp:attachment":[{"href":"https:\/\/vdhmachinery.com\/de\/wp-json\/wp\/v2\/media?parent=3512"}],"wp:term":[{"taxonomy":"product_cat","embeddable":true,"href":"https:\/\/vdhmachinery.com\/de\/wp-json\/wp\/v2\/product_cat?post=3512"}],"curies":[{"name":"wp","href":"https:\/\/api.w.org\/{rel}","templated":true}]}}