{"id":3519,"date":"2025-09-03T08:28:02","date_gmt":"2025-09-03T08:28:02","guid":{"rendered":"https:\/\/vdhmachinery.com\/machines\/sennebogen-653e\/"},"modified":"2026-02-03T10:22:36","modified_gmt":"2026-02-03T10:22:36","slug":"sennebogen-653e","status":"publish","type":"product","link":"https:\/\/vdhmachinery.com\/de\/machines\/sennebogen-653e\/","title":{"rendered":"Sennebogen 653e"},"content":{"rendered":"\n\n<p>Der Sennebogen 653 ist bekannt als ein echter Allrounder in der 50-Tonnen-Klasse. Sein teleskopierbarer Full-Power-Ausleger kann Lasten bis zu einer Hakenh\u00f6he von \u00fcber 43 Metern heben, wobei der Ausleger unter Last einfach ein- und ausgefahren werden kann. Dies bedeutet, dass der Kran immer schnell und flexibel eingesetzt werden kann, ohne dass der Bediener vorher L\u00e4ngen ausw\u00e4hlen muss. Das Ergebnis ist effizientes Arbeiten mit optimaler Hubleistung in jeder Situation.   <\/p>\n\n\n\n<figure class=\"wp-block-gallery has-nested-images columns-default is-cropped splide wpcom-gallery wp-block-gallery-1 is-layout-flex wp-block-gallery-is-layout-flex\"><button type='button' class='close-btn'><svg xmlns=\"http:\/\/www.w3.org\/2000\/svg\" viewBox=\"0 0 640 640\"><path fill=\"#ffffff\" d=\"M320 576C461.4 576 576 461.4 576 320C576 178.6 461.4 64 320 64C178.6 64 64 178.6 64 320C64 461.4 178.6 576 320 576zM231 231C240.4 221.6 255.6 221.6 264.9 231L319.9 286L374.9 231C384.3 221.6 399.5 221.6 408.8 231C418.1 240.4 418.2 255.6 408.8 264.9L353.8 319.9L408.8 374.9C418.2 384.3 418.2 399.5 408.8 408.8C399.4 418.1 384.2 418.2 374.9 408.8L319.9 353.8L264.9 408.8C255.5 418.2 240.3 418.2 231 408.8C221.7 399.4 221.6 384.2 231 374.9L286 319.9L231 264.9C221.6 255.5 221.6 240.3 231 231z\"\/><\/svg><\/button><div class='splide__track'><div class='splide__list'> \n<figure class=\"wp-block-image splide__slide size-full\"><img loading=\"lazy\" decoding=\"async\" width=\"2560\" height=\"2221\" data-id=\"589\" src=\"https:\/\/vdhmachinery.com\/wp-content\/uploads\/2025\/09\/DSC0126_B-scaled.jpg\" alt=\"Sennebogen 653e arbeitet an L&#xE4;rmschutzwand\" class=\"wp-image-589\" srcset=\"https:\/\/vdhmachinery.com\/wp-content\/uploads\/2025\/09\/DSC0126_B-scaled.jpg 2560w, https:\/\/vdhmachinery.com\/wp-content\/uploads\/2025\/09\/DSC0126_B-300x260.jpg 300w, https:\/\/vdhmachinery.com\/wp-content\/uploads\/2025\/09\/DSC0126_B-1024x888.jpg 1024w, https:\/\/vdhmachinery.com\/wp-content\/uploads\/2025\/09\/DSC0126_B-768x666.jpg 768w, https:\/\/vdhmachinery.com\/wp-content\/uploads\/2025\/09\/DSC0126_B-1536x1333.jpg 1536w, https:\/\/vdhmachinery.com\/wp-content\/uploads\/2025\/09\/DSC0126_B-2048x1777.jpg 2048w\" sizes=\"auto, (max-width: 2560px) 100vw, 2560px\" \/><\/figure>\n\n\n\n<figure class=\"wp-block-image splide__slide size-large\"><img loading=\"lazy\" decoding=\"async\" width=\"1024\" height=\"683\" data-id=\"595\" src=\"https:\/\/vdhmachinery.com\/wp-content\/uploads\/2025\/09\/Sennebogen_653E_bussenremise_vdHeuvel_dubbeldwars-60-1024x683.jpg\" alt=\"Sennebogen 653e offen\" class=\"wp-image-595\" srcset=\"https:\/\/vdhmachinery.com\/wp-content\/uploads\/2025\/09\/Sennebogen_653E_bussenremise_vdHeuvel_dubbeldwars-60-1024x683.jpg 1024w, https:\/\/vdhmachinery.com\/wp-content\/uploads\/2025\/09\/Sennebogen_653E_bussenremise_vdHeuvel_dubbeldwars-60-300x200.jpg 300w, https:\/\/vdhmachinery.com\/wp-content\/uploads\/2025\/09\/Sennebogen_653E_bussenremise_vdHeuvel_dubbeldwars-60-768x512.jpg 768w, https:\/\/vdhmachinery.com\/wp-content\/uploads\/2025\/09\/Sennebogen_653E_bussenremise_vdHeuvel_dubbeldwars-60-1536x1024.jpg 1536w, https:\/\/vdhmachinery.com\/wp-content\/uploads\/2025\/09\/Sennebogen_653E_bussenremise_vdHeuvel_dubbeldwars-60-2048x1365.jpg 2048w\" sizes=\"auto, (max-width: 1024px) 100vw, 1024px\" \/><\/figure>\n\n\n\n<figure class=\"wp-block-image splide__slide size-large\"><img loading=\"lazy\" decoding=\"async\" width=\"683\" height=\"1024\" data-id=\"593\" src=\"https:\/\/vdhmachinery.com\/wp-content\/uploads\/2025\/09\/Sennebogen_653E_bussenremise_vdHeuvel_dubbeldwars-86-683x1024.jpg\" alt=\"Sennebogen 653e Seite\" class=\"wp-image-593\" srcset=\"https:\/\/vdhmachinery.com\/wp-content\/uploads\/2025\/09\/Sennebogen_653E_bussenremise_vdHeuvel_dubbeldwars-86-683x1024.jpg 683w, https:\/\/vdhmachinery.com\/wp-content\/uploads\/2025\/09\/Sennebogen_653E_bussenremise_vdHeuvel_dubbeldwars-86-200x300.jpg 200w, https:\/\/vdhmachinery.com\/wp-content\/uploads\/2025\/09\/Sennebogen_653E_bussenremise_vdHeuvel_dubbeldwars-86-768x1152.jpg 768w, https:\/\/vdhmachinery.com\/wp-content\/uploads\/2025\/09\/Sennebogen_653E_bussenremise_vdHeuvel_dubbeldwars-86-1024x1536.jpg 1024w, https:\/\/vdhmachinery.com\/wp-content\/uploads\/2025\/09\/Sennebogen_653E_bussenremise_vdHeuvel_dubbeldwars-86-1365x2048.jpg 1365w, https:\/\/vdhmachinery.com\/wp-content\/uploads\/2025\/09\/Sennebogen_653E_bussenremise_vdHeuvel_dubbeldwars-86-scaled.jpg 1707w\" sizes=\"auto, (max-width: 683px) 100vw, 683px\" \/><\/figure>\n\n\n\n<figure class=\"wp-block-image splide__slide size-large\"><img loading=\"lazy\" decoding=\"async\" width=\"1024\" height=\"576\" data-id=\"2710\" src=\"https:\/\/vdhmachinery.com\/wp-content\/uploads\/2025\/09\/201801_653_R_Tiefbauarbeiten_Paris_Frankreich_Flughafengelaende_Charles_de_Gaulle-1024x576.jpg\" alt=\"Sennebogen 653e neben Mitarbeitern\" class=\"wp-image-2710\" srcset=\"https:\/\/vdhmachinery.com\/wp-content\/uploads\/2025\/09\/201801_653_R_Tiefbauarbeiten_Paris_Frankreich_Flughafengelaende_Charles_de_Gaulle-1024x576.jpg 1024w, https:\/\/vdhmachinery.com\/wp-content\/uploads\/2025\/09\/201801_653_R_Tiefbauarbeiten_Paris_Frankreich_Flughafengelaende_Charles_de_Gaulle-300x169.jpg 300w, https:\/\/vdhmachinery.com\/wp-content\/uploads\/2025\/09\/201801_653_R_Tiefbauarbeiten_Paris_Frankreich_Flughafengelaende_Charles_de_Gaulle-768x432.jpg 768w, https:\/\/vdhmachinery.com\/wp-content\/uploads\/2025\/09\/201801_653_R_Tiefbauarbeiten_Paris_Frankreich_Flughafengelaende_Charles_de_Gaulle-1536x864.jpg 1536w, https:\/\/vdhmachinery.com\/wp-content\/uploads\/2025\/09\/201801_653_R_Tiefbauarbeiten_Paris_Frankreich_Flughafengelaende_Charles_de_Gaulle-2048x1152.jpg 2048w\" sizes=\"auto, (max-width: 1024px) 100vw, 1024px\" \/><\/figure>\n\n\n\n<figure class=\"wp-block-image splide__slide size-large\"><img loading=\"lazy\" decoding=\"async\" width=\"1024\" height=\"768\" data-id=\"591\" src=\"https:\/\/vdhmachinery.com\/wp-content\/uploads\/2025\/09\/Sennebogen_653E_vdHeuvel_dubbeldwars-5-1024x768.jpg\" alt=\"Sennebogen 653e auf Werkstattseite\" class=\"wp-image-591\" srcset=\"https:\/\/vdhmachinery.com\/wp-content\/uploads\/2025\/09\/Sennebogen_653E_vdHeuvel_dubbeldwars-5-1024x768.jpg 1024w, https:\/\/vdhmachinery.com\/wp-content\/uploads\/2025\/09\/Sennebogen_653E_vdHeuvel_dubbeldwars-5-300x225.jpg 300w, https:\/\/vdhmachinery.com\/wp-content\/uploads\/2025\/09\/Sennebogen_653E_vdHeuvel_dubbeldwars-5-768x576.jpg 768w, https:\/\/vdhmachinery.com\/wp-content\/uploads\/2025\/09\/Sennebogen_653E_vdHeuvel_dubbeldwars-5-1536x1152.jpg 1536w, https:\/\/vdhmachinery.com\/wp-content\/uploads\/2025\/09\/Sennebogen_653E_vdHeuvel_dubbeldwars-5-2048x1536.jpg 2048w\" sizes=\"auto, (max-width: 1024px) 100vw, 1024px\" \/><\/figure>\n\n\n\n<figure class=\"wp-block-image splide__slide size-large\"><img loading=\"lazy\" decoding=\"async\" width=\"1024\" height=\"768\" data-id=\"2720\" src=\"https:\/\/vdhmachinery.com\/wp-content\/uploads\/2025\/09\/202011_653E_Spundwandmontage_Van_Haut-1-1024x768.jpg\" alt=\"Sennebogen 653e bei der Arbeit\" class=\"wp-image-2720\" srcset=\"https:\/\/vdhmachinery.com\/wp-content\/uploads\/2025\/09\/202011_653E_Spundwandmontage_Van_Haut-1-1024x768.jpg 1024w, https:\/\/vdhmachinery.com\/wp-content\/uploads\/2025\/09\/202011_653E_Spundwandmontage_Van_Haut-1-300x225.jpg 300w, https:\/\/vdhmachinery.com\/wp-content\/uploads\/2025\/09\/202011_653E_Spundwandmontage_Van_Haut-1-768x576.jpg 768w, https:\/\/vdhmachinery.com\/wp-content\/uploads\/2025\/09\/202011_653E_Spundwandmontage_Van_Haut-1-1536x1152.jpg 1536w, https:\/\/vdhmachinery.com\/wp-content\/uploads\/2025\/09\/202011_653E_Spundwandmontage_Van_Haut-1.jpg 1600w\" sizes=\"auto, (max-width: 1024px) 100vw, 1024px\" \/><\/figure>\n\n\n\n<figure class=\"wp-block-image splide__slide size-large\"><img loading=\"lazy\" decoding=\"async\" width=\"1024\" height=\"683\" data-id=\"2723\" src=\"https:\/\/vdhmachinery.com\/wp-content\/uploads\/2025\/09\/201810_653_R_Hebearbeiten_Niederlande_VSM__52_-1024x683.jpg\" alt=\"Sennebogen 653e neben Rohren\" class=\"wp-image-2723\" srcset=\"https:\/\/vdhmachinery.com\/wp-content\/uploads\/2025\/09\/201810_653_R_Hebearbeiten_Niederlande_VSM__52_-1024x683.jpg 1024w, https:\/\/vdhmachinery.com\/wp-content\/uploads\/2025\/09\/201810_653_R_Hebearbeiten_Niederlande_VSM__52_-300x200.jpg 300w, https:\/\/vdhmachinery.com\/wp-content\/uploads\/2025\/09\/201810_653_R_Hebearbeiten_Niederlande_VSM__52_-768x512.jpg 768w, https:\/\/vdhmachinery.com\/wp-content\/uploads\/2025\/09\/201810_653_R_Hebearbeiten_Niederlande_VSM__52_-1536x1024.jpg 1536w, https:\/\/vdhmachinery.com\/wp-content\/uploads\/2025\/09\/201810_653_R_Hebearbeiten_Niederlande_VSM__52_-2048x1365.jpg 2048w\" sizes=\"auto, (max-width: 1024px) 100vw, 1024px\" \/><\/figure>\n<\/figure>\n\n\n\n<p>Das Raupenfahrwerk des 653 sorgt f\u00fcr maximale Stabilit\u00e4t, selbst auf unebenem Gel\u00e4nde oder weichem Untergrund. Da das Fahrwerk teleskopisch verstellbar ist, kann die Maschine kompakt transportiert werden (Breite beim Transport betr\u00e4gt 3 Meter) und dennoch breit aufgestellt werden, um zus\u00e4tzliche Stabilit\u00e4t w\u00e4hrend des Betriebs zu gew\u00e4hrleisten. Die Pick &amp; Carry-Funktion erm\u00f6glicht es, Lasten sicher zu verfahren, auch wenn der Kran f\u00e4hrt. Damit eignet sich der 653 besonders f\u00fcr gro\u00dfe Baustellen, Tiefbauprojekte und industrielle Umgebungen, in denen viel bewegt werden muss.   <\/p>\n\n\n\n<p>Neben Kraft und Stabilit\u00e4t bietet der Sennebogen 653 auch viel Aufmerksamkeit f\u00fcr den Maschinisten. Die komfortable Multicab ist hydraulisch verstellbar und kann bis zu 4,3 Meter H\u00f6he gebracht werden, um eine optimale Sicht zu gew\u00e4hrleisten. Dank der gro\u00dfz\u00fcgigen Panoramaverglasung, der hervorragenden Schalld\u00e4mmung, der Klimaanlage und der ergonomischen Bedienung mit Joysticks wird sicheres und entspanntes Arbeiten garantiert. Die Kabine kann zudem um bis zu 15 Grad geneigt werden, was das Arbeiten bei hohen Hubpunkten noch \u00fcbersichtlicher macht.   <\/p>\n\n\n\n<figure class=\"wp-block-embed is-type-video is-provider-youtube wp-block-embed-youtube wp-embed-aspect-16-9 wp-has-aspect-ratio\"><div class=\"wp-block-embed__wrapper\">\n<iframe loading=\"lazy\" title=\"Elektrische Sennebogen 653 | MHM Montage\" width=\"500\" height=\"281\" src=\"https:\/\/www.youtube.com\/embed\/DwQCc0lz2ro?feature=oembed\" frameborder=\"0\" allow=\"accelerometer; autoplay; clipboard-write; encrypted-media; gyroscope; picture-in-picture; web-share\" referrerpolicy=\"strict-origin-when-cross-origin\" allowfullscreen><\/iframe>\n<\/div><\/figure>\n\n\n\n<p>Ein wichtiger Vorteil des 653 ist die Wahl des Antriebs. Neben dem modernen Dieselmotor ist eine emissionsfreie Batterievariante erh\u00e4ltlich. Diese verf\u00fcgt \u00fcber eine leistungsstarke Lithium-Ionen-Batterie, mit der der Kran bis zu einem vollen Arbeitstag ohne Emissionen arbeiten kann. Das macht den 653 nicht nur leistungsstark und zuverl\u00e4ssig, sondern auch zukunftsf\u00e4hig und nachhaltig im Einsatz.   <\/p>\n\n\n\n<p>Durch seine kompakten Transportabmessungen, die hohe Hubleistung und die vielseitigen Einsatzm\u00f6glichkeiten erweist sich der Sennebogen 653 als zuverl\u00e4ssiger Kraftprotz auf jeder Baustelle. Ob es sich um schwere Hebearbeiten im Tiefbau, industrielle Montage oder Projekte mit strengen Emissionsanforderungen handelt: Der 653 garantiert Leistung, Sicherheit und Effizienz. <\/p>\n\n","protected":false},"featured_media":2181,"template":"","meta":{"vdh-section-opener":"<!-- wp:paragraph -->\n<p>Der Sennebogen 653 ist ein leistungsstarker Teleskop-Raupenkran mit einer Tragf\u00e4higkeit von bis zu 50 Tonnen und einer Hakenh\u00f6he von bis zu 43 Metern. Er verf\u00fcgt \u00fcber einen variablen Full-Power-Ausleger und ist mit Diesel- und emissionsfreiem Batterieantrieb erh\u00e4ltlich \u2013 ideal f\u00fcr Pick & Carry-Anwendungen, Tiefbau und Br\u00fcckenbau, auch unter Last und in engen Bereichen. <\/p>\n<!-- \/wp:paragraph -->","vdh-section-content":"<!-- wp:paragraph -->\n<p><\/p>\n<!-- \/wp:paragraph -->","vdh-section-sidebar":"<!-- wp:paragraph -->\n<p\/>\n<!-- \/wp:paragraph -->","vdh-section-extra-information":"<!-- wp:paragraph -->\n<p\/>\n<!-- \/wp:paragraph -->","vdh-section-pre-footer-left":"<!-- wp:heading -->\n<h2 class=\"wp-block-heading\">Mehr Informationen<\/h2>\n<!-- \/wp:heading -->\n\n<!-- wp:paragraph -->\n<p>Unsere Spezialisten denken gerne mit Ihnen mit \u2013 ob Sie sich auf Leistung, Nachhaltigkeit oder eine spezifische Anwendung konzentrieren. Wir kombinieren technisches Wissen mit praktischer Erfahrung und einer pragmatischen Herangehensweise.  So finden wir gemeinsam die L\u00f6sung, die f\u00fcr Ihre Situation am besten funktioniert.<\/p>\n<!-- \/wp:paragraph -->\n\n<!-- wp:heading {\"level\":3,\"textColor\":\"primary-blue\"} -->\n<h3 class=\"wp-block-heading has-primary-blue-color has-text-color\">Haben Sie Interesse oder eine Frage?<\/h3>\n<!-- \/wp:heading -->\n\n<!-- wp:paragraph -->\n<p>Hinterlassen Sie Ihre Daten und wir nehmen schnell Kontakt mit Ihnen auf.<\/p>\n<!-- \/wp:paragraph -->\n\n<!-- wp:gravityforms\/form {\"formId\":\"1\",\"title\":false,\"description\":false,\"inputPrimaryColor\":\"#204ce5\"} \/-->","vdh-section-pre-footer-right":"<!-- wp:vdh\/employee-block {\"employeeId\":160} \/-->\n\n<!-- wp:vdh\/employee-block {\"employeeId\":161} \/-->","downloadable_documents":[601],"variation_drive_diesel":true,"variation_drive_electric":true,"variation_drive_battery":false,"variation_undercarriage_mobile":true,"variation_undercarriage_track":true,"is_new_product":false,"vdh_order":47},"product_cat":[72],"class_list":["post-3519","product","type-product","status-publish","has-post-thumbnail","hentry","product_cat-teleskopkrane"],"_links":{"self":[{"href":"https:\/\/vdhmachinery.com\/de\/wp-json\/wp\/v2\/product\/3519","targetHints":{"allow":["GET"]}}],"collection":[{"href":"https:\/\/vdhmachinery.com\/de\/wp-json\/wp\/v2\/product"}],"about":[{"href":"https:\/\/vdhmachinery.com\/de\/wp-json\/wp\/v2\/types\/product"}],"wp:featuredmedia":[{"embeddable":true,"href":"https:\/\/vdhmachinery.com\/de\/wp-json\/wp\/v2\/media\/2181"}],"wp:attachment":[{"href":"https:\/\/vdhmachinery.com\/de\/wp-json\/wp\/v2\/media?parent=3519"}],"wp:term":[{"taxonomy":"product_cat","embeddable":true,"href":"https:\/\/vdhmachinery.com\/de\/wp-json\/wp\/v2\/product_cat?post=3519"}],"curies":[{"name":"wp","href":"https:\/\/api.w.org\/{rel}","templated":true}]}}