{"id":3530,"date":"2025-08-15T11:42:33","date_gmt":"2025-08-15T09:42:33","guid":{"rendered":"https:\/\/vdhmachinery.com\/machines\/vdh-pv15\/"},"modified":"2026-03-30T16:35:53","modified_gmt":"2026-03-30T14:35:53","slug":"vdh-pv15","status":"publish","type":"product","link":"https:\/\/vdhmachinery.com\/de\/machines\/vdh-pv15\/","title":{"rendered":"VDH-PV15"},"content":{"rendered":"\n\n\n\n<p>Die Maschine kann dank des montierten Bohrhammers bohren, wobei ein Bohrmotor montiert werden kann, und zum Einbringen verschiedener Spundwandarten kann ein Vibrationsblock in der Maschine montiert werden. Durch ihre Kompaktheit und ihren kurzen Wenderadius kann die PV15 ihre Arbeit verrichten, w\u00e4hrend die Gleise daneben betriebsbereit bleiben k\u00f6nnen. Dies sorgt f\u00fcr eine h\u00f6here Produktivit\u00e4t. Dar\u00fcber hinaus kann sich die PV15 unter Hochspannungsleitungen aufrichten, sodass die Maschine f\u00fcr die Rammarbeiten nicht vom Gleis genommen werden muss.   <\/p>\n\n\n\n<p>Die PV15 ist selbstfahrend, sowohl auf Schienen als auch auf Raupen. In der VDH-Werkstatt wird die Maschine mit einem selbstfahrenden Fahrgestell ausgestattet, sodass die Maschine nicht von einem anderen Triebwagen geschoben oder gezogen werden muss. Dar\u00fcber hinaus werden ein M\u00e4kler, ein Hammer, ein Schiebetisch, Winden und zus\u00e4tzlicher Ballast hinzugef\u00fcgt. Ein Standardbagger kann ebenfalls damit ausgestattet werden, obwohl VDH vorzugsweise eine von ihm selbst ausgew\u00e4hlte Maschine verwendet.   <\/p>\n\n\n\n<figure class=\"wp-block-gallery has-nested-images columns-default is-cropped splide wpcom-gallery wp-block-gallery-1 is-layout-flex wp-block-gallery-is-layout-flex\"><button type='button' class='close-btn'><svg xmlns=\"http:\/\/www.w3.org\/2000\/svg\" viewBox=\"0 0 640 640\"><path fill=\"#ffffff\" d=\"M320 576C461.4 576 576 461.4 576 320C576 178.6 461.4 64 320 64C178.6 64 64 178.6 64 320C64 461.4 178.6 576 320 576zM231 231C240.4 221.6 255.6 221.6 264.9 231L319.9 286L374.9 231C384.3 221.6 399.5 221.6 408.8 231C418.1 240.4 418.2 255.6 408.8 264.9L353.8 319.9L408.8 374.9C418.2 384.3 418.2 399.5 408.8 408.8C399.4 418.1 384.2 418.2 374.9 408.8L319.9 353.8L264.9 408.8C255.5 418.2 240.3 418.2 231 408.8C221.7 399.4 221.6 384.2 231 374.9L286 319.9L231 264.9C221.6 255.5 221.6 240.3 231 231z\"\/><\/svg><\/button><div class='splide__track'><div class='splide__list'> \n<figure class=\"wp-block-image splide__slide size-large\"><img loading=\"lazy\" decoding=\"async\" width=\"948\" height=\"1024\" data-id=\"447\" src=\"https:\/\/vdhmachinery.com\/wp-content\/uploads\/2025\/08\/dolkom-948x1024.jpg\" alt=\"VDH-PV15 Vorderseite\" class=\"wp-image-447\" srcset=\"https:\/\/vdhmachinery.com\/wp-content\/uploads\/2025\/08\/dolkom-948x1024.jpg 948w, https:\/\/vdhmachinery.com\/wp-content\/uploads\/2025\/08\/dolkom-278x300.jpg 278w, https:\/\/vdhmachinery.com\/wp-content\/uploads\/2025\/08\/dolkom-768x829.jpg 768w, https:\/\/vdhmachinery.com\/wp-content\/uploads\/2025\/08\/dolkom-1422x1536.jpg 1422w, https:\/\/vdhmachinery.com\/wp-content\/uploads\/2025\/08\/dolkom-1897x2048.jpg 1897w\" sizes=\"auto, (max-width: 948px) 100vw, 948px\" \/><\/figure>\n\n\n\n<figure class=\"wp-block-image splide__slide size-large\"><img loading=\"lazy\" decoding=\"async\" width=\"1024\" height=\"768\" data-id=\"449\" src=\"https:\/\/vdhmachinery.com\/wp-content\/uploads\/2025\/08\/dsc02447-hfotosrail-piling-rig-pv15rpr-new-holland-e225-2009-per-aarsleff-as-kutno-polen-08-02-2010-1024x768.jpg\" alt=\"VDH-PV15 neben Zug\" class=\"wp-image-449\" srcset=\"https:\/\/vdhmachinery.com\/wp-content\/uploads\/2025\/08\/dsc02447-hfotosrail-piling-rig-pv15rpr-new-holland-e225-2009-per-aarsleff-as-kutno-polen-08-02-2010-1024x768.jpg 1024w, https:\/\/vdhmachinery.com\/wp-content\/uploads\/2025\/08\/dsc02447-hfotosrail-piling-rig-pv15rpr-new-holland-e225-2009-per-aarsleff-as-kutno-polen-08-02-2010-300x225.jpg 300w, https:\/\/vdhmachinery.com\/wp-content\/uploads\/2025\/08\/dsc02447-hfotosrail-piling-rig-pv15rpr-new-holland-e225-2009-per-aarsleff-as-kutno-polen-08-02-2010-768x576.jpg 768w, https:\/\/vdhmachinery.com\/wp-content\/uploads\/2025\/08\/dsc02447-hfotosrail-piling-rig-pv15rpr-new-holland-e225-2009-per-aarsleff-as-kutno-polen-08-02-2010-1536x1152.jpg 1536w, https:\/\/vdhmachinery.com\/wp-content\/uploads\/2025\/08\/dsc02447-hfotosrail-piling-rig-pv15rpr-new-holland-e225-2009-per-aarsleff-as-kutno-polen-08-02-2010-2048x1536.jpg 2048w\" sizes=\"auto, (max-width: 1024px) 100vw, 1024px\" \/><\/figure>\n\n\n\n<figure class=\"wp-block-image splide__slide size-large\"><img loading=\"lazy\" decoding=\"async\" width=\"715\" height=\"708\" data-id=\"453\" src=\"https:\/\/vdhmachinery.com\/wp-content\/uploads\/2025\/08\/pv15-1.jpg\" alt=\"VDH-PV15 auf dem Gleis\" class=\"wp-image-453\" srcset=\"https:\/\/vdhmachinery.com\/wp-content\/uploads\/2025\/08\/pv15-1.jpg 715w, https:\/\/vdhmachinery.com\/wp-content\/uploads\/2025\/08\/pv15-1-300x297.jpg 300w, https:\/\/vdhmachinery.com\/wp-content\/uploads\/2025\/08\/pv15-1-150x150.jpg 150w\" sizes=\"auto, (max-width: 715px) 100vw, 715px\" \/><\/figure>\n\n\n\n<figure class=\"wp-block-image splide__slide size-large\"><img loading=\"lazy\" decoding=\"async\" width=\"1024\" height=\"768\" data-id=\"455\" src=\"https:\/\/vdhmachinery.com\/wp-content\/uploads\/2025\/08\/pv15-met-trilblok-1024x768.jpg\" alt=\"VDH-PV15 neben Pfahl\" class=\"wp-image-455\" srcset=\"https:\/\/vdhmachinery.com\/wp-content\/uploads\/2025\/08\/pv15-met-trilblok-1024x768.jpg 1024w, https:\/\/vdhmachinery.com\/wp-content\/uploads\/2025\/08\/pv15-met-trilblok-300x225.jpg 300w, https:\/\/vdhmachinery.com\/wp-content\/uploads\/2025\/08\/pv15-met-trilblok-768x576.jpg 768w, https:\/\/vdhmachinery.com\/wp-content\/uploads\/2025\/08\/pv15-met-trilblok-1536x1152.jpg 1536w, https:\/\/vdhmachinery.com\/wp-content\/uploads\/2025\/08\/pv15-met-trilblok-2048x1536.jpg 2048w\" sizes=\"auto, (max-width: 1024px) 100vw, 1024px\" \/><\/figure>\n\n\n\n<figure class=\"wp-block-image splide__slide size-large\"><img loading=\"lazy\" decoding=\"async\" width=\"1024\" height=\"768\" data-id=\"457\" src=\"https:\/\/vdhmachinery.com\/wp-content\/uploads\/2025\/08\/vdh-pv15-1-1024x768.jpg\" alt=\"VDH-PV15 bei der Arbeit neben dem Gleis\" class=\"wp-image-457\" srcset=\"https:\/\/vdhmachinery.com\/wp-content\/uploads\/2025\/08\/vdh-pv15-1-1024x768.jpg 1024w, https:\/\/vdhmachinery.com\/wp-content\/uploads\/2025\/08\/vdh-pv15-1-300x225.jpg 300w, https:\/\/vdhmachinery.com\/wp-content\/uploads\/2025\/08\/vdh-pv15-1-768x576.jpg 768w, https:\/\/vdhmachinery.com\/wp-content\/uploads\/2025\/08\/vdh-pv15-1-1536x1152.jpg 1536w, https:\/\/vdhmachinery.com\/wp-content\/uploads\/2025\/08\/vdh-pv15-1.jpg 1809w\" sizes=\"auto, (max-width: 1024px) 100vw, 1024px\" \/><\/figure>\n<\/figure>\n\n\n\n<p>Obwohl die Maschine so kompakt ist, kann die PV15 Pf\u00e4hle unterschiedlicher L\u00e4nge bis maximal 7,5 Meter rammen. Dies ist auf den von VDH speziell entwickelten, h\u00f6henverstellbaren 3-fach-M\u00e4kler zur\u00fcckzuf\u00fchren. Au\u00dferdem k\u00f6nnen an der Maschine verschiedene Antriebskappen angebracht werden. Dadurch k\u00f6nnen sowohl Vierkantpf\u00e4hle als auch Pf\u00e4hle mit Gewindeenden in den Boden geschlagen werden.   <\/p>\n\n\n\n<h2 class=\"wp-block-heading\">Vorteile der VDH-PV15<\/h2>\n\n\n\n<ul class=\"wp-block-list\">\n<li>Geeignet f\u00fcr Arbeiten auf und um die Gleise<\/li>\n\n\n\n<li>Kompakt, im Betrieb und beim Transport<\/li>\n\n\n\n<li>Andere Gleise k\u00f6nnen betriebsbereit bleiben<\/li>\n\n\n\n<li>Selbstfahrend, Fahrgestell oder Raupen<\/li>\n\n\n\n<li>Kann unter Hochspannungsleitungen aufgerichtet werden<\/li>\n\n\n\n<li>Multifunktional: Rammen, Vibrieren, Bohren<\/li>\n\n\n\n<li>Verschiedene Antriebskappen m\u00f6glich<\/li>\n\n\n\n<li>EN16228-zertifiziert<\/li>\n<\/ul>\n\n\n\n\n\n\n\n\n\n","protected":false},"featured_media":2411,"template":"","meta":{"vdh-section-opener":"<!-- wp:paragraph -->\n<p>Die VDH-PV15 ist ein multifunktionales Bohrger\u00e4t, das sich optimal f\u00fcr die Durchf\u00fchrung verschiedener Arten von Gr\u00fcndungsarbeiten bei Bahnprojekten eignet.<\/p>\n<!-- \/wp:paragraph -->","vdh-section-content":"<!-- wp:paragraph -->\n<p>Die Maschine kann dank des montierten Bohrhammers bohren, wobei ein Bohrmotor montiert werden kann, und zum Einbringen verschiedener Spundwandarten kann ein Vibrationsblock in der Maschine montiert werden. Durch ihre Kompaktheit und ihren kurzen Wenderadius kann die PV15 ihre Arbeit verrichten, w\u00e4hrend die Gleise daneben betriebsbereit bleiben k\u00f6nnen. Dies sorgt f\u00fcr eine h\u00f6here Produktivit\u00e4t. Dar\u00fcber hinaus kann sich die PV15 unter Hochspannungsleitungen aufrichten, sodass die Maschine f\u00fcr die Rammarbeiten nicht vom Gleis genommen werden muss.   <\/p>\n<!-- \/wp:paragraph -->\n\n<!-- wp:paragraph -->\n<p>Die PV15 ist selbstfahrend, sowohl auf Schienen als auch auf Raupen. In der VDH-Werkstatt wird die Maschine mit einem selbstfahrenden Fahrgestell ausgestattet, sodass die Maschine nicht von einem anderen Triebwagen geschoben oder gezogen werden muss. Dar\u00fcber hinaus werden ein M\u00e4kler, ein Hammer, ein Schiebetisch, Winden und zus\u00e4tzlicher Ballast hinzugef\u00fcgt. Ein Standardbagger kann ebenfalls damit ausgestattet werden, obwohl VDH vorzugsweise eine von ihm selbst ausgew\u00e4hlte Maschine verwendet.   <\/p>\n<!-- \/wp:paragraph -->\n\n<!-- wp:gallery {\"linkTo\":\"none\",\"commproGallery\":true} -->\n<figure class=\"wp-block-gallery has-nested-images columns-default is-cropped splide wpcom-gallery\"><!-- wp:image {\"id\":447,\"sizeSlug\":\"large\",\"linkDestination\":\"none\"} -->\n<figure class=\"wp-block-image size-large\"><img src=\"https:\/\/vdhmachinery.com\/wp-content\/uploads\/2025\/08\/dolkom-948x1024.jpg\" alt=\"VDH-PV15 Vorderseite\" class=\"wp-image-447\"\/><\/figure>\n<!-- \/wp:image -->\n\n<!-- wp:image {\"id\":449,\"sizeSlug\":\"large\",\"linkDestination\":\"none\"} -->\n<figure class=\"wp-block-image size-large\"><img src=\"https:\/\/vdhmachinery.com\/wp-content\/uploads\/2025\/08\/dsc02447-hfotosrail-piling-rig-pv15rpr-new-holland-e225-2009-per-aarsleff-as-kutno-polen-08-02-2010-1024x768.jpg\" alt=\"VDH-PV15 neben Zug\" class=\"wp-image-449\"\/><\/figure>\n<!-- \/wp:image -->\n\n<!-- wp:image {\"id\":453,\"sizeSlug\":\"large\",\"linkDestination\":\"none\"} -->\n<figure class=\"wp-block-image size-large\"><img src=\"https:\/\/vdhmachinery.com\/wp-content\/uploads\/2025\/08\/pv15-1.jpg\" alt=\"VDH-PV15 auf dem Gleis\" class=\"wp-image-453\"\/><\/figure>\n<!-- \/wp:image -->\n\n<!-- wp:image {\"id\":455,\"sizeSlug\":\"large\",\"linkDestination\":\"none\"} -->\n<figure class=\"wp-block-image size-large\"><img src=\"https:\/\/vdhmachinery.com\/wp-content\/uploads\/2025\/08\/pv15-met-trilblok-1024x768.jpg\" alt=\"VDH-PV15 neben Pfahl\" class=\"wp-image-455\"\/><\/figure>\n<!-- \/wp:image -->\n\n<!-- wp:image {\"id\":457,\"sizeSlug\":\"large\",\"linkDestination\":\"none\"} -->\n<figure class=\"wp-block-image size-large\"><img src=\"https:\/\/vdhmachinery.com\/wp-content\/uploads\/2025\/08\/vdh-pv15-1-1024x768.jpg\" alt=\"VDH-PV15 bei der Arbeit neben dem Gleis\" class=\"wp-image-457\"\/><\/figure>\n<!-- \/wp:image --><\/figure>\n<!-- \/wp:gallery -->\n\n<!-- wp:paragraph -->\n<p>Obwohl die Maschine so kompakt ist, kann die PV15 Pf\u00e4hle unterschiedlicher L\u00e4nge bis maximal 7,5 Meter rammen. Dies ist auf den von VDH speziell entwickelten, h\u00f6henverstellbaren 3-fach-M\u00e4kler zur\u00fcckzuf\u00fchren. Au\u00dferdem k\u00f6nnen an der Maschine verschiedene Antriebskappen angebracht werden. Dadurch k\u00f6nnen sowohl Vierkantpf\u00e4hle als auch Pf\u00e4hle mit Gewindeenden in den Boden geschlagen werden.   <\/p>\n<!-- \/wp:paragraph -->\n\n<!-- wp:heading -->\n<h2 class=\"wp-block-heading\">Vorteile der VDH-PV15<\/h2>\n<!-- \/wp:heading -->\n\n<!-- wp:list -->\n<ul class=\"wp-block-list\"><!-- wp:list-item -->\n<li>Geeignet f\u00fcr Arbeiten auf und um die Gleise<\/li>\n<!-- \/wp:list-item -->\n\n<!-- wp:list-item -->\n<li>Kompakt, im Betrieb und beim Transport<\/li>\n<!-- \/wp:list-item -->\n\n<!-- wp:list-item -->\n<li>Andere Gleise k\u00f6nnen betriebsbereit bleiben<\/li>\n<!-- \/wp:list-item -->\n\n<!-- wp:list-item -->\n<li>Selbstfahrend, Fahrgestell oder Raupen<\/li>\n<!-- \/wp:list-item -->\n\n<!-- wp:list-item -->\n<li>Kann unter Hochspannungsleitungen aufgerichtet werden<\/li>\n<!-- \/wp:list-item -->\n\n<!-- wp:list-item -->\n<li>Multifunktional: Rammen, Vibrieren, Bohren<\/li>\n<!-- \/wp:list-item -->\n\n<!-- wp:list-item -->\n<li>Verschiedene Antriebskappen m\u00f6glich<\/li>\n<!-- \/wp:list-item -->\n\n<!-- wp:list-item -->\n<li>EN16228-zertifiziert<\/li>\n<!-- \/wp:list-item --><\/ul>\n<!-- \/wp:list -->","vdh-section-sidebar":"<!-- wp:paragraph -->\n<p\/>\n<!-- \/wp:paragraph -->","vdh-section-extra-information":"<!-- wp:paragraph -->\n<p\/>\n<!-- \/wp:paragraph -->","vdh-section-pre-footer-left":"<!-- wp:heading -->\n<h2 class=\"wp-block-heading\">Mehr Informationen<\/h2>\n<!-- \/wp:heading -->\n\n<!-- wp:paragraph -->\n<p>Unsere Spezialisten denken gerne mit Ihnen mit \u2013 ob Sie sich auf Leistung, Nachhaltigkeit oder eine spezifische Anwendung konzentrieren. Wir kombinieren technisches Wissen mit praktischer Erfahrung und einer n\u00fcchternen Herangehensweise. So kommen wir gemeinsam zu der L\u00f6sung, die f\u00fcr Ihre Situation am besten funktioniert.  <\/p>\n<!-- \/wp:paragraph -->\n\n<!-- wp:heading {\"level\":3,\"textColor\":\"primary-blue\"} -->\n<h3 class=\"wp-block-heading has-primary-blue-color has-text-color\">Haben Sie Interesse oder eine Frage?<\/h3>\n<!-- \/wp:heading -->\n\n<!-- wp:paragraph -->\n<p>Hinterlassen Sie Ihre Daten und wir nehmen schnell Kontakt mit Ihnen auf.<\/p>\n<!-- \/wp:paragraph -->\n\n<!-- wp:gravityforms\/form {\"formId\":\"1\",\"title\":false,\"description\":false,\"inputPrimaryColor\":\"#204ce5\"} \/-->","vdh-section-pre-footer-right":"<!-- wp:paragraph -->\n<p><\/p>\n<!-- \/wp:paragraph -->","downloadable_documents":[184],"variation_drive_diesel":false,"variation_drive_electric":false,"variation_drive_battery":false,"variation_undercarriage_mobile":false,"variation_undercarriage_track":false,"is_new_product":false,"vdh_order":50},"product_cat":[113],"class_list":["post-3530","product","type-product","status-publish","has-post-thumbnail","hentry","product_cat-vdh-gleisrammen"],"_links":{"self":[{"href":"https:\/\/vdhmachinery.com\/de\/wp-json\/wp\/v2\/product\/3530","targetHints":{"allow":["GET"]}}],"collection":[{"href":"https:\/\/vdhmachinery.com\/de\/wp-json\/wp\/v2\/product"}],"about":[{"href":"https:\/\/vdhmachinery.com\/de\/wp-json\/wp\/v2\/types\/product"}],"wp:featuredmedia":[{"embeddable":true,"href":"https:\/\/vdhmachinery.com\/de\/wp-json\/wp\/v2\/media\/2411"}],"wp:attachment":[{"href":"https:\/\/vdhmachinery.com\/de\/wp-json\/wp\/v2\/media?parent=3530"}],"wp:term":[{"taxonomy":"product_cat","embeddable":true,"href":"https:\/\/vdhmachinery.com\/de\/wp-json\/wp\/v2\/product_cat?post=3530"}],"curies":[{"name":"wp","href":"https:\/\/api.w.org\/{rel}","templated":true}]}}