{"id":3542,"date":"2025-09-12T08:02:19","date_gmt":"2025-09-12T08:02:19","guid":{"rendered":"https:\/\/vdhmachinery.com\/machines\/sennebogen-670e\/"},"modified":"2026-02-09T13:33:18","modified_gmt":"2026-02-09T13:33:18","slug":"sennebogen-670e","status":"publish","type":"product","link":"https:\/\/vdhmachinery.com\/de\/machines\/sennebogen-670e\/","title":{"rendered":"Sennebogen 670e"},"content":{"rendered":"\n\n\n\n<h2 class=\"wp-block-heading\"><strong>Kraft und Leistung<\/strong><\/h2>\n\n\n\n<p>Der Sennebogen 670 Seilbagger ist f\u00fcr maximale Belastung und Langlebigkeit ausgelegt. Mit einem Betriebsgewicht von ca. 70 t, starken Freifallwinden bis 20 t und einem Hydrauliksystem mit mehreren Pumpen (bis 330 bar) bietet der Kran hervorragende Leistungen bei intensivem Einsatz. Dank des <strong>Green Efficiency-Konzepts<\/strong> werden Kraftstoffverbrauch und Emissionen reduziert, w\u00e4hrend hohe Geschwindigkeit und Belastbarkeit erhalten bleiben.  <\/p>\n\n\n\n<h2 class=\"wp-block-heading\"><strong>Flexibilit\u00e4t in den Anwendungen<\/strong><\/h2>\n\n\n\n<p>Ob es sich um Spezialtiefbau, Baggerarbeiten oder schwere Hebeaufgaben handelt, der Sennebogen 670 ist vielseitig einsetzbar. Der Hauptausleger von maximal 56,9 m kann mit einer festen Spitze von 18 m erweitert werden. Das robuste Raupenfahrwerk mit hydraulischer Verbreiterung garantiert Stabilit\u00e4t und erleichtert Transport und Montage.  <\/p>\n\n\n\n<figure class=\"wp-block-gallery has-nested-images columns-default is-cropped splide wpcom-gallery wp-block-gallery-1 is-layout-flex wp-block-gallery-is-layout-flex\"><button type='button' class='close-btn'><svg xmlns=\"http:\/\/www.w3.org\/2000\/svg\" viewBox=\"0 0 640 640\"><path fill=\"#ffffff\" d=\"M320 576C461.4 576 576 461.4 576 320C576 178.6 461.4 64 320 64C178.6 64 64 178.6 64 320C64 461.4 178.6 576 320 576zM231 231C240.4 221.6 255.6 221.6 264.9 231L319.9 286L374.9 231C384.3 221.6 399.5 221.6 408.8 231C418.1 240.4 418.2 255.6 408.8 264.9L353.8 319.9L408.8 374.9C418.2 384.3 418.2 399.5 408.8 408.8C399.4 418.1 384.2 418.2 374.9 408.8L319.9 353.8L264.9 408.8C255.5 418.2 240.3 418.2 231 408.8C221.7 399.4 221.6 384.2 231 374.9L286 319.9L231 264.9C221.6 255.5 221.6 240.3 231 231z\"\/><\/svg><\/button><div class='splide__track'><div class='splide__list'> \n<figure class=\"wp-block-image splide__slide size-large\"><img loading=\"lazy\" decoding=\"async\" width=\"681\" height=\"1024\" data-id=\"826\" src=\"https:\/\/vdhmachinery.com\/wp-content\/uploads\/2025\/09\/670_680_R_Tiefbau_Belgien_Gent_Fondedile_2008_2_-681x1024.jpg\" alt=\"Sennebogen 670e Seite auf Werkstatt\" class=\"wp-image-826\" srcset=\"https:\/\/vdhmachinery.com\/wp-content\/uploads\/2025\/09\/670_680_R_Tiefbau_Belgien_Gent_Fondedile_2008_2_-681x1024.jpg 681w, https:\/\/vdhmachinery.com\/wp-content\/uploads\/2025\/09\/670_680_R_Tiefbau_Belgien_Gent_Fondedile_2008_2_-199x300.jpg 199w, https:\/\/vdhmachinery.com\/wp-content\/uploads\/2025\/09\/670_680_R_Tiefbau_Belgien_Gent_Fondedile_2008_2_-768x1155.jpg 768w, https:\/\/vdhmachinery.com\/wp-content\/uploads\/2025\/09\/670_680_R_Tiefbau_Belgien_Gent_Fondedile_2008_2_-1021x1536.jpg 1021w, https:\/\/vdhmachinery.com\/wp-content\/uploads\/2025\/09\/670_680_R_Tiefbau_Belgien_Gent_Fondedile_2008_2_-1362x2048.jpg 1362w, https:\/\/vdhmachinery.com\/wp-content\/uploads\/2025\/09\/670_680_R_Tiefbau_Belgien_Gent_Fondedile_2008_2_-scaled.jpg 1702w\" sizes=\"auto, (max-width: 681px) 100vw, 681px\" \/><\/figure>\n\n\n\n<figure class=\"wp-block-image splide__slide size-large\"><img loading=\"lazy\" decoding=\"async\" width=\"681\" height=\"1024\" data-id=\"829\" src=\"https:\/\/vdhmachinery.com\/wp-content\/uploads\/2025\/09\/670_680_R_Tiefbau_Belgien_Gent_Fondedile_2008_25_-681x1024.jpg\" alt=\"Sennebogen 670e auf Werkstatt\" class=\"wp-image-829\" srcset=\"https:\/\/vdhmachinery.com\/wp-content\/uploads\/2025\/09\/670_680_R_Tiefbau_Belgien_Gent_Fondedile_2008_25_-681x1024.jpg 681w, https:\/\/vdhmachinery.com\/wp-content\/uploads\/2025\/09\/670_680_R_Tiefbau_Belgien_Gent_Fondedile_2008_25_-199x300.jpg 199w, https:\/\/vdhmachinery.com\/wp-content\/uploads\/2025\/09\/670_680_R_Tiefbau_Belgien_Gent_Fondedile_2008_25_-768x1155.jpg 768w, https:\/\/vdhmachinery.com\/wp-content\/uploads\/2025\/09\/670_680_R_Tiefbau_Belgien_Gent_Fondedile_2008_25_-1021x1536.jpg 1021w, https:\/\/vdhmachinery.com\/wp-content\/uploads\/2025\/09\/670_680_R_Tiefbau_Belgien_Gent_Fondedile_2008_25_-1362x2048.jpg 1362w, https:\/\/vdhmachinery.com\/wp-content\/uploads\/2025\/09\/670_680_R_Tiefbau_Belgien_Gent_Fondedile_2008_25_-scaled.jpg 1702w\" sizes=\"auto, (max-width: 681px) 100vw, 681px\" \/><\/figure>\n\n\n\n<figure class=\"wp-block-image splide__slide size-large\"><img loading=\"lazy\" decoding=\"async\" width=\"633\" height=\"1024\" data-id=\"832\" src=\"https:\/\/vdhmachinery.com\/wp-content\/uploads\/2025\/09\/670E_k1_bea-633x1024.png\" alt=\"Sennebogen 670e Lager\" class=\"wp-image-832\" srcset=\"https:\/\/vdhmachinery.com\/wp-content\/uploads\/2025\/09\/670E_k1_bea-633x1024.png 633w, https:\/\/vdhmachinery.com\/wp-content\/uploads\/2025\/09\/670E_k1_bea-185x300.png 185w, https:\/\/vdhmachinery.com\/wp-content\/uploads\/2025\/09\/670E_k1_bea-768x1243.png 768w, https:\/\/vdhmachinery.com\/wp-content\/uploads\/2025\/09\/670E_k1_bea-949x1536.png 949w, https:\/\/vdhmachinery.com\/wp-content\/uploads\/2025\/09\/670E_k1_bea-1266x2048.png 1266w, https:\/\/vdhmachinery.com\/wp-content\/uploads\/2025\/09\/670E_k1_bea-scaled.png 1582w\" sizes=\"auto, (max-width: 633px) 100vw, 633px\" \/><\/figure>\n<\/figure>\n\n\n\n<h2 class=\"wp-block-heading\"><strong>Bedienkomfort und Sicherheit<\/strong><\/h2>\n\n\n\n<p>Die ger\u00e4umige <strong>Maxcab Kabine<\/strong> bietet dem Maschinisten einen komfortablen Arbeitsplatz mit Klimaanlage, luftgefedertem Sitz und ausgezeichneten Sichtlinien. Optionen wie Panzerglas, Schutzgitter und hydraulische Kabinenerh\u00f6hung erh\u00f6hen die Sicherheit und den \u00dcberblick. Das <strong>SENCON-Bedienungssystem<\/strong> sorgt f\u00fcr eine intuitive Steuerung und Echtzeitdiagnose, wodurch die Produktivit\u00e4t gesteigert und Stillstandzeiten begrenzt werden.  <\/p>\n\n\n\n<h2 class=\"wp-block-heading\"><strong>Haltbarkeit und Wartung<\/strong><\/h2>\n\n\n\n<p>Der <strong>Sennebogen 670 Seilbagger<\/strong> erf\u00fcllt die neuesten Stage V-Emissionsnormen und ist auf effizienten Kraftstoffverbrauch und lange Lebensdauer ausgelegt. Zentrale Wartungspunkte, automatische Schmiersysteme und das innovative <strong>SENtrack Telematiksystem<\/strong> vereinfachen die Wartung und erh\u00f6hen die Einsatzbereitschaft. Dies f\u00fchrt zu niedrigeren Betriebskosten und einem hohen Restwert.  <\/p>\n\n\n\n<h2 class=\"wp-block-heading\"><strong>Wichtigste Spezifikationen<\/strong><\/h2>\n\n\n\n<ul class=\"wp-block-list\">\n<li><strong>Maximale Traglast:<\/strong> 70 t<\/li>\n\n\n\n<li><strong>Motor:<\/strong> Cummins X12, 321 kW, Stage V<\/li>\n\n\n\n<li><strong>Ausleger:<\/strong> bis 56,9 m Hauptausleger, 18 m feste Spitze<\/li>\n\n\n\n<li><strong>Betriebsgewicht:<\/strong> ca. 70 t<\/li>\n\n\n\n<li><strong>Winden:<\/strong> 2 \u00d7 16 t oder 20 t, bis 117 m\/min<\/li>\n\n\n\n<li><strong>Hydrauliksystem:<\/strong> bis 330 bar, Mehrkreissystem<\/li>\n<\/ul>\n\n\n\n<p>Mit seiner Kraft, Vielseitigkeit und Zuverl\u00e4ssigkeit ist der <strong>Sennebogen 670 Seilbagger<\/strong> die ideale L\u00f6sung f\u00fcr anspruchsvolle Bau- und Baggerprojekte weltweit.<\/p>\n\n\n\n\n\n\n\n\n\n","protected":false},"featured_media":2235,"template":"","meta":{"vdh-section-opener":"<!-- wp:paragraph -->\n<p>Der <strong>Sennebogen 670 Seilbagger <\/strong>ist ein leistungsstarker und vielseitiger Raupenkran mit einer Traglast von bis zu 70 t. Ausgestattet mit einem Cummins Stage V Motor mit 321 kW und einem Hauptausleger von 56,9 m bietet diese Maschine Spitzenleistungen in schweren Bau- und Baggerprojekten.<\/p>\n<!-- \/wp:paragraph -->","vdh-section-content":"<!-- wp:paragraph -->\n<p><\/p>\n<!-- \/wp:paragraph -->","vdh-section-sidebar":"<!-- wp:paragraph -->\n<p\/>\n<!-- \/wp:paragraph -->","vdh-section-extra-information":"<!-- wp:paragraph -->\n<p\/>\n<!-- \/wp:paragraph -->","vdh-section-pre-footer-left":"<!-- wp:heading -->\n<h2 class=\"wp-block-heading\">Mehr Informationen<\/h2>\n<!-- \/wp:heading -->\n\n<!-- wp:paragraph -->\n<p>Unsere Spezialisten denken gerne mit Ihnen mit \u2013 ob Sie sich auf Leistung, Nachhaltigkeit oder eine spezifische Anwendung konzentrieren. Wir kombinieren technisches Wissen mit praktischer Erfahrung und einer pragmatischen Herangehensweise.  So finden wir gemeinsam die L\u00f6sung, die f\u00fcr Ihre Situation am besten funktioniert.<\/p>\n<!-- \/wp:paragraph -->\n\n<!-- wp:heading {\"level\":3,\"textColor\":\"primary-blue\"} -->\n<h3 class=\"wp-block-heading has-primary-blue-color has-text-color\">Haben Sie Interesse oder eine Frage?<\/h3>\n<!-- \/wp:heading -->\n\n<!-- wp:paragraph -->\n<p>Hinterlassen Sie Ihre Daten und wir nehmen schnell Kontakt mit Ihnen auf.<\/p>\n<!-- \/wp:paragraph -->\n\n<!-- wp:gravityforms\/form {\"formId\":\"1\",\"title\":false,\"description\":false,\"inputPrimaryColor\":\"#204ce5\"} \/-->","vdh-section-pre-footer-right":"<!-- wp:vdh\/employee-block {\"employeeId\":161} \/-->\n\n<!-- wp:vdh\/employee-block {\"employeeId\":160} \/-->","downloadable_documents":[835,906,909,914],"variation_drive_diesel":true,"variation_drive_electric":false,"variation_drive_battery":false,"variation_undercarriage_mobile":false,"variation_undercarriage_track":true,"is_new_product":false,"vdh_order":47},"product_cat":[115],"class_list":["post-3542","product","type-product","status-publish","has-post-thumbnail","hentry","product_cat-krane-mit-arbeitszyklus"],"_links":{"self":[{"href":"https:\/\/vdhmachinery.com\/de\/wp-json\/wp\/v2\/product\/3542","targetHints":{"allow":["GET"]}}],"collection":[{"href":"https:\/\/vdhmachinery.com\/de\/wp-json\/wp\/v2\/product"}],"about":[{"href":"https:\/\/vdhmachinery.com\/de\/wp-json\/wp\/v2\/types\/product"}],"wp:featuredmedia":[{"embeddable":true,"href":"https:\/\/vdhmachinery.com\/de\/wp-json\/wp\/v2\/media\/2235"}],"wp:attachment":[{"href":"https:\/\/vdhmachinery.com\/de\/wp-json\/wp\/v2\/media?parent=3542"}],"wp:term":[{"taxonomy":"product_cat","embeddable":true,"href":"https:\/\/vdhmachinery.com\/de\/wp-json\/wp\/v2\/product_cat?post=3542"}],"curies":[{"name":"wp","href":"https:\/\/api.w.org\/{rel}","templated":true}]}}