{"id":3543,"date":"2025-09-12T08:26:06","date_gmt":"2025-09-12T08:26:06","guid":{"rendered":"https:\/\/vdhmachinery.com\/machines\/sennebogen-6220e\/"},"modified":"2026-02-09T13:41:32","modified_gmt":"2026-02-09T13:41:32","slug":"sennebogen-6220e","status":"publish","type":"product","link":"https:\/\/vdhmachinery.com\/de\/machines\/sennebogen-6220e\/","title":{"rendered":"Sennebogen 6220e"},"content":{"rendered":"\n\n\n\n<h2 class=\"wp-block-heading\"><strong>Kraft &amp; Leistung<\/strong><\/h2>\n\n\n\n<p>Der Sennebogen 6220 Seilbagger bietet eine hervorragende Leistung unter schwierigen Bedingungen. Die Traglast von 220 t in Kombination mit Freifallwinden von 2 \u00d7 350 kN macht diesen Kran besonders geeignet f\u00fcr Tiefbauarbeiten wie Hebe- oder Greifaufgaben. Die Motorleistung erf\u00fcllt die strengsten Stage V-Emissionsnormen. Dank der H\u00f6he von 74,7 Metern im Hebemodus erreicht der 6220 beeindruckende Leistungen in Bezug auf Reichweite und Kapazit\u00e4t.<\/p>\n\n\n\n<p><strong>Motor &amp; Winden<\/strong><\/p>\n\n\n\n<p>Die Maschine ist mit den Motorvarianten CAT C18 oder CAT C27 erh\u00e4ltlich. Freifallwinden bieten eine hohe Zugkraft und verf\u00fcgen \u00fcber eine gro\u00dfe Drahtseilkapazit\u00e4t, wodurch der Verschlei\u00df reduziert und die Lebensdauer verl\u00e4ngert wird. <\/p>\n\n\n\n<h2 class=\"wp-block-heading\"><strong>Anwendungen &amp; Modularit\u00e4t<\/strong><\/h2>\n\n\n\n<p>Die St\u00e4rke des Sennebogen 6220 Seilbagger kommt besonders in vielseitigen Anwendungen zur Geltung: Offshore, Baggerarbeiten, Gr\u00fcndungstechnik, Hebearbeiten und schwere Tiefbauarbeiten. Das modulare Design bietet Optionen in Bezug auf Ballast, Windenkonfigurationen und Zubeh\u00f6r, sodass die Maschine einfach an die Anforderungen jedes Projekts angepasst werden kann.<\/p>\n\n\n\n<figure class=\"wp-block-gallery has-nested-images columns-default is-cropped splide wpcom-gallery wp-block-gallery-1 is-layout-flex wp-block-gallery-is-layout-flex\"><button type='button' class='close-btn'><svg xmlns=\"http:\/\/www.w3.org\/2000\/svg\" viewBox=\"0 0 640 640\"><path fill=\"#ffffff\" d=\"M320 576C461.4 576 576 461.4 576 320C576 178.6 461.4 64 320 64C178.6 64 64 178.6 64 320C64 461.4 178.6 576 320 576zM231 231C240.4 221.6 255.6 221.6 264.9 231L319.9 286L374.9 231C384.3 221.6 399.5 221.6 408.8 231C418.1 240.4 418.2 255.6 408.8 264.9L353.8 319.9L408.8 374.9C418.2 384.3 418.2 399.5 408.8 408.8C399.4 418.1 384.2 418.2 374.9 408.8L319.9 353.8L264.9 408.8C255.5 418.2 240.3 418.2 231 408.8C221.7 399.4 221.6 384.2 231 374.9L286 319.9L231 264.9C221.6 255.5 221.6 240.3 231 231z\"\/><\/svg><\/button><div class='splide__track'><div class='splide__list'> \n<figure class=\"wp-block-image splide__slide size-large\"><img loading=\"lazy\" decoding=\"async\" width=\"1024\" height=\"768\" data-id=\"886\" src=\"https:\/\/vdhmachinery.com\/wp-content\/uploads\/2025\/09\/6220_E_Bauma_885_Aufbau-1024x768.jpg\" alt=\"Sennebogen 6220e im Schnee\" class=\"wp-image-886\" srcset=\"https:\/\/vdhmachinery.com\/wp-content\/uploads\/2025\/09\/6220_E_Bauma_885_Aufbau-1024x768.jpg 1024w, https:\/\/vdhmachinery.com\/wp-content\/uploads\/2025\/09\/6220_E_Bauma_885_Aufbau-300x225.jpg 300w, https:\/\/vdhmachinery.com\/wp-content\/uploads\/2025\/09\/6220_E_Bauma_885_Aufbau-768x576.jpg 768w, https:\/\/vdhmachinery.com\/wp-content\/uploads\/2025\/09\/6220_E_Bauma_885_Aufbau-1536x1152.jpg 1536w, https:\/\/vdhmachinery.com\/wp-content\/uploads\/2025\/09\/6220_E_Bauma_885_Aufbau-2048x1536.jpg 2048w\" sizes=\"auto, (max-width: 1024px) 100vw, 1024px\" \/><\/figure>\n\n\n\n<figure class=\"wp-block-image splide__slide size-large\"><img decoding=\"async\" data-id=\"889\" src=\"https:\/\/vdhmachinery.com\/wp-content\/uploads\/2025\/09\/6220_E_Bauma_Aufbau.png\" alt=\"Sennebogen 6220e auf der Werkstatt\" class=\"wp-image-889\"\/><\/figure>\n<\/figure>\n\n\n\n<h2 class=\"wp-block-heading\"><strong>Komfort &amp; Sicherheit<\/strong><\/h2>\n\n\n\n<p>Der Sennebogen 6220 Seilbagger ist mit einer ger\u00e4umigen Maxcab-Kabine ausgestattet, die standardm\u00e4\u00dfig um 20\u00b0 neigbar und optional hydraulisch um 2,0 Meter f\u00fcr bessere Sicht erh\u00f6ht werden kann. Die Kabine ist mit einem ergonomischen Sitz, einer Klimaanlage und einer intuitiven Steuerung ausgestattet. Das SENCON-Steuerungssystem unterst\u00fctzt den Maschinisten mit Echtzeit-Anzeige von Maschinendaten, Sicherheitsgrenzen und Bodendruckanzeige. Sicherheitsvorkehrungen wie Gel\u00e4nder, Zugangswege und H\u00f6hensicherung sorgen f\u00fcr zus\u00e4tzliche Sicherheit auf der Baustelle.<\/p>\n\n\n\n<h2 class=\"wp-block-heading\"><strong>Stabilit\u00e4t &amp; Transport<\/strong><\/h2>\n\n\n\n<p>F\u00fcr die Stabilit\u00e4t verwendet der 6220 ein Starlifter-Raupenfahrwerk mit einer Breite von 6.400 mm und einer L\u00e4nge von ca. 9.280 mm. F\u00fcr den Transport k\u00f6nnen die Raupen entfernt werden, was die Transportbreite erheblich reduziert. Das Ballastkonzept ist modular aufgebaut und die Maschine verf\u00fcgt \u00fcber ein Selbstmontagesystem, wodurch Aufbau und Einsatz schnell und effizient erfolgen.  <\/p>\n\n\n\n<h2 class=\"wp-block-heading\"><strong>Wichtigste Spezifikationen<\/strong><\/h2>\n\n\n\n<ul class=\"wp-block-list\">\n<li><strong>Maximale Tragf\u00e4higkeit:<\/strong> 220 t<\/li>\n\n\n\n<li><strong>Motorleistung:<\/strong> 576 kW (CAT C18 oder CAT C27)<\/li>\n\n\n\n<li><strong>H\u00f6he:<\/strong> bis zu 74,7 m<\/li>\n\n\n\n<li><strong>Winden:<\/strong> 2 \u00d7 350 kN Freifall<\/li>\n\n\n\n<li><strong>Raupenfahrwerk:<\/strong> Starlifter, 6.400 mm breit \/ 9.280 mm lang<\/li>\n\n\n\n<li><strong>Kabine:<\/strong> 20\u00b0 neigbar, optional hydraulisch um 2,0 m erh\u00f6hbar<\/li>\n<\/ul>\n\n\n\n<p>Mit seiner Kraft, Modularit\u00e4t, Stabilit\u00e4t und seinem Komfort ist der <strong>S<strong>ennebogen<\/strong> 6220 Seilbagger<\/strong> die ideale Wahl f\u00fcr die anspruchsvollsten Projekte in den Bereichen Offshore, Gr\u00fcndung und schwere Hebeanwendungen.<\/p>\n\n\n\n\n\n\n\n\n\n","protected":false},"featured_media":2229,"template":"","meta":{"vdh-section-opener":"<!-- wp:paragraph -->\n<p>Der <strong>Sennebogen 6220 Seilbagger<\/strong> ist ein robuster Raupenkran mit einer maximalen Traglast von 220 t. Mit einer H\u00f6he von bis zu 74,7 Metern, einer Motorleistung von 576 kW und einer fortschrittlichen Steuerung ist diese Maschine ideal f\u00fcr Offshore-, Bagger- und schwere Tiefbauprojekte.<\/p>\n<!-- \/wp:paragraph -->","vdh-section-content":"<!-- wp:heading -->\n<h2 class=\"wp-block-heading\"><strong>Kraft &amp; Leistung<\/strong><\/h2>\n<!-- \/wp:heading -->\n\n<!-- wp:paragraph -->\n<p>Der Sennebogen 6220 Seilbagger bietet eine hervorragende Leistung unter schwierigen Bedingungen. Die Traglast von 220 t in Kombination mit Freifallwinden von 2 \u00d7 350 kN macht diesen Kran besonders geeignet f\u00fcr Tiefbauarbeiten wie Hebe- oder Greifaufgaben. Die Motorleistung erf\u00fcllt die strengsten Stage V-Emissionsnormen. Dank der H\u00f6he von 74,7 Metern im Hebemodus erreicht der 6220 beeindruckende Leistungen in Bezug auf Reichweite und Kapazit\u00e4t.<\/p>\n<!-- \/wp:paragraph -->\n\n<!-- wp:paragraph -->\n<p><strong>Motor &amp; Winden<\/strong><\/p>\n<!-- \/wp:paragraph -->\n\n<!-- wp:paragraph -->\n<p>Die Maschine ist mit den Motorvarianten CAT C18 oder CAT C27 erh\u00e4ltlich. Freifallwinden bieten eine hohe Zugkraft und verf\u00fcgen \u00fcber eine gro\u00dfe Drahtseilkapazit\u00e4t, wodurch der Verschlei\u00df reduziert und die Lebensdauer verl\u00e4ngert wird. <\/p>\n<!-- \/wp:paragraph -->\n\n<!-- wp:heading -->\n<h2 class=\"wp-block-heading\"><strong>Anwendungen &amp; Modularit\u00e4t<\/strong><\/h2>\n<!-- \/wp:heading -->\n\n<!-- wp:paragraph -->\n<p>Die St\u00e4rke des Sennebogen 6220 Seilbagger kommt besonders in vielseitigen Anwendungen zur Geltung: Offshore, Baggerarbeiten, Gr\u00fcndungstechnik, Hebearbeiten und schwere Tiefbauarbeiten. Das modulare Design bietet Optionen in Bezug auf Ballast, Windenkonfigurationen und Zubeh\u00f6r, sodass die Maschine einfach an die Anforderungen jedes Projekts angepasst werden kann.<\/p>\n<!-- \/wp:paragraph -->\n\n<!-- wp:gallery {\"linkTo\":\"none\",\"commproGallery\":true} -->\n<figure class=\"wp-block-gallery has-nested-images columns-default is-cropped splide wpcom-gallery\"><!-- wp:image {\"id\":886,\"sizeSlug\":\"large\",\"linkDestination\":\"none\"} -->\n<figure class=\"wp-block-image size-large\"><img src=\"https:\/\/vdhmachinery.com\/wp-content\/uploads\/2025\/09\/6220_E_Bauma_885_Aufbau-1024x768.jpg\" alt=\"Sennebogen 6220e im Schnee\" class=\"wp-image-886\"\/><\/figure>\n<!-- \/wp:image -->\n\n<!-- wp:image {\"id\":889,\"sizeSlug\":\"large\",\"linkDestination\":\"none\"} -->\n<figure class=\"wp-block-image size-large\"><img src=\"https:\/\/vdhmachinery.com\/wp-content\/uploads\/2025\/09\/6220_E_Bauma_Aufbau.png\" alt=\"Sennebogen 6220e auf der Werkstatt\" class=\"wp-image-889\"\/><\/figure>\n<!-- \/wp:image --><\/figure>\n<!-- \/wp:gallery -->\n\n<!-- wp:heading -->\n<h2 class=\"wp-block-heading\"><strong>Komfort &amp; Sicherheit<\/strong><\/h2>\n<!-- \/wp:heading -->\n\n<!-- wp:paragraph -->\n<p>Der Sennebogen 6220 Seilbagger ist mit einer ger\u00e4umigen Maxcab-Kabine ausgestattet, die standardm\u00e4\u00dfig um 20\u00b0 neigbar und optional hydraulisch um 2,0 Meter f\u00fcr bessere Sicht erh\u00f6ht werden kann. Die Kabine ist mit einem ergonomischen Sitz, einer Klimaanlage und einer intuitiven Steuerung ausgestattet. Das SENCON-Steuerungssystem unterst\u00fctzt den Maschinisten mit Echtzeit-Anzeige von Maschinendaten, Sicherheitsgrenzen und Bodendruckanzeige. Sicherheitsvorkehrungen wie Gel\u00e4nder, Zugangswege und H\u00f6hensicherung sorgen f\u00fcr zus\u00e4tzliche Sicherheit auf der Baustelle.<\/p>\n<!-- \/wp:paragraph -->\n\n<!-- wp:heading -->\n<h2 class=\"wp-block-heading\"><strong>Stabilit\u00e4t &amp; Transport<\/strong><\/h2>\n<!-- \/wp:heading -->\n\n<!-- wp:paragraph -->\n<p>F\u00fcr die Stabilit\u00e4t verwendet der 6220 ein Starlifter-Raupenfahrwerk mit einer Breite von 6.400 mm und einer L\u00e4nge von ca. 9.280 mm. F\u00fcr den Transport k\u00f6nnen die Raupen entfernt werden, was die Transportbreite erheblich reduziert. Das Ballastkonzept ist modular aufgebaut und die Maschine verf\u00fcgt \u00fcber ein Selbstmontagesystem, wodurch Aufbau und Einsatz schnell und effizient erfolgen.  <\/p>\n<!-- \/wp:paragraph -->\n\n<!-- wp:heading -->\n<h2 class=\"wp-block-heading\"><strong>Wichtigste Spezifikationen<\/strong><\/h2>\n<!-- \/wp:heading -->\n\n<!-- wp:list -->\n<ul class=\"wp-block-list\"><!-- wp:list-item -->\n<li><strong>Maximale Tragf\u00e4higkeit:<\/strong> 220 t<\/li>\n<!-- \/wp:list-item -->\n\n<!-- wp:list-item -->\n<li><strong>Motorleistung:<\/strong> 576 kW (CAT C18 oder CAT C27)<\/li>\n<!-- \/wp:list-item -->\n\n<!-- wp:list-item -->\n<li><strong>H\u00f6he:<\/strong> bis zu 74,7 m<\/li>\n<!-- \/wp:list-item -->\n\n<!-- wp:list-item -->\n<li><strong>Winden:<\/strong> 2 \u00d7 350 kN Freifall<\/li>\n<!-- \/wp:list-item -->\n\n<!-- wp:list-item -->\n<li><strong>Raupenfahrwerk:<\/strong> Starlifter, 6.400 mm breit \/ 9.280 mm lang<\/li>\n<!-- \/wp:list-item -->\n\n<!-- wp:list-item -->\n<li><strong>Kabine:<\/strong> 20\u00b0 neigbar, optional hydraulisch um 2,0 m erh\u00f6hbar<\/li>\n<!-- \/wp:list-item --><\/ul>\n<!-- \/wp:list -->\n\n<!-- wp:paragraph -->\n<p>Mit seiner Kraft, Modularit\u00e4t, Stabilit\u00e4t und seinem Komfort ist der <strong>S<strong>ennebogen<\/strong> 6220 Seilbagger<\/strong> die ideale Wahl f\u00fcr die anspruchsvollsten Projekte in den Bereichen Offshore, Gr\u00fcndung und schwere Hebeanwendungen.<\/p>\n<!-- \/wp:paragraph -->","vdh-section-sidebar":"<!-- wp:paragraph -->\n<p\/>\n<!-- \/wp:paragraph -->","vdh-section-extra-information":"<!-- wp:paragraph -->\n<p\/>\n<!-- \/wp:paragraph -->","vdh-section-pre-footer-left":"<!-- wp:heading -->\n<h2 class=\"wp-block-heading\">Weitere Informationen \u00fcber die Maschine<\/h2>\n<!-- \/wp:heading -->\n\n<!-- wp:paragraph -->\n<p>Unsere Spezialisten denken gerne mit Ihnen mit \u2013 ob Sie sich auf Leistung, Nachhaltigkeit oder eine spezifische Anwendung konzentrieren. Wir kombinieren technisches Wissen mit praktischer Erfahrung und einer pragmatischen Herangehensweise.  So finden wir gemeinsam die L\u00f6sung, die f\u00fcr Ihre Situation am besten funktioniert.<\/p>\n<!-- \/wp:paragraph -->\n\n<!-- wp:heading {\"level\":3,\"textColor\":\"primary-blue\"} -->\n<h3 class=\"wp-block-heading has-primary-blue-color has-text-color\">M\u00f6chten Sie lieber, dass wir Sie zur\u00fcckrufen?<\/h3>\n<!-- \/wp:heading -->\n\n<!-- wp:paragraph -->\n<p>Hinterlassen Sie Ihre Daten - wir rufen Sie schnell zur\u00fcck.<\/p>\n<!-- \/wp:paragraph -->\n\n<!-- wp:gravityforms\/form {\"formId\":\"1\",\"title\":false,\"description\":false,\"inputPrimaryColor\":\"#204ce5\"} \/-->","vdh-section-pre-footer-right":"<!-- wp:vdh\/employee-block {\"employeeId\":161} \/-->\n\n<!-- wp:vdh\/employee-block {\"employeeId\":160} \/-->","downloadable_documents":[892,906,914],"variation_drive_diesel":true,"variation_drive_electric":false,"variation_drive_battery":false,"variation_undercarriage_mobile":false,"variation_undercarriage_track":true,"is_new_product":true,"vdh_order":44},"product_cat":[115],"class_list":["post-3543","product","type-product","status-publish","has-post-thumbnail","hentry","product_cat-krane-mit-arbeitszyklus"],"_links":{"self":[{"href":"https:\/\/vdhmachinery.com\/de\/wp-json\/wp\/v2\/product\/3543","targetHints":{"allow":["GET"]}}],"collection":[{"href":"https:\/\/vdhmachinery.com\/de\/wp-json\/wp\/v2\/product"}],"about":[{"href":"https:\/\/vdhmachinery.com\/de\/wp-json\/wp\/v2\/types\/product"}],"wp:featuredmedia":[{"embeddable":true,"href":"https:\/\/vdhmachinery.com\/de\/wp-json\/wp\/v2\/media\/2229"}],"wp:attachment":[{"href":"https:\/\/vdhmachinery.com\/de\/wp-json\/wp\/v2\/media?parent=3543"}],"wp:term":[{"taxonomy":"product_cat","embeddable":true,"href":"https:\/\/vdhmachinery.com\/de\/wp-json\/wp\/v2\/product_cat?post=3543"}],"curies":[{"name":"wp","href":"https:\/\/api.w.org\/{rel}","templated":true}]}}