{"id":3546,"date":"2025-09-12T06:43:49","date_gmt":"2025-09-12T06:43:49","guid":{"rendered":"https:\/\/vdhmachinery.com\/machines\/sennebogen-630e\/"},"modified":"2026-02-03T10:23:20","modified_gmt":"2026-02-03T10:23:20","slug":"sennebogen-630e","status":"publish","type":"product","link":"https:\/\/vdhmachinery.com\/de\/machines\/sennebogen-630e\/","title":{"rendered":"Sennebogen 630e"},"content":{"rendered":"\n\n<h2 class=\"wp-block-heading\"><strong>Kraft und Leistung<\/strong><\/h2>\n\n\n\n<p>Der Sennebogen 630 ist f\u00fcr schwere Eins\u00e4tze konzipiert und liefert maximale Kraft, wo sie ben\u00f6tigt wird. Das robuste Hydrauliksystem mit mehreren Kreisl\u00e4ufen erm\u00f6glicht gleichzeitige Bewegungen ohne Kapazit\u00e4tsverlust. Die zwei starken Freifallwinden (9 bis 12 t) sorgen f\u00fcr hohe Zugkraft und pr\u00e4zise Bedienung. Dank des ECO-Modus kann der Motor Kraftstoff sparen, ohne die Leistung zu beeintr\u00e4chtigen.   <\/p>\n\n\n\n<h2 class=\"wp-block-heading\"><strong>Flexibilit\u00e4t in den Anwendungen<\/strong><\/h2>\n\n\n\n<p>Diese Maschine eignet sich f\u00fcr eine Vielzahl von Anwendungen wie Baggerarbeiten, Gr\u00fcndungsarbeiten und Hebearbeiten. Der Sennebogen 630 kann mit verschiedenen Anbauger\u00e4ten ausgestattet werden, darunter Greifer und Verrohrungsoszillatoren. Dank des Teleskopunterwagens ist der Transport einfach und der Kran kann schnell vor Ort aufgebaut werden.  <\/p>\n\n\n\n<figure class=\"wp-block-gallery has-nested-images columns-default is-cropped splide wpcom-gallery wp-block-gallery-1 is-layout-flex wp-block-gallery-is-layout-flex\"><button type='button' class='close-btn'><svg xmlns=\"http:\/\/www.w3.org\/2000\/svg\" viewBox=\"0 0 640 640\"><path fill=\"#ffffff\" d=\"M320 576C461.4 576 576 461.4 576 320C576 178.6 461.4 64 320 64C178.6 64 64 178.6 64 320C64 461.4 178.6 576 320 576zM231 231C240.4 221.6 255.6 221.6 264.9 231L319.9 286L374.9 231C384.3 221.6 399.5 221.6 408.8 231C418.1 240.4 418.2 255.6 408.8 264.9L353.8 319.9L408.8 374.9C418.2 384.3 418.2 399.5 408.8 408.8C399.4 418.1 384.2 418.2 374.9 408.8L319.9 353.8L264.9 408.8C255.5 418.2 240.3 418.2 231 408.8C221.7 399.4 221.6 384.2 231 374.9L286 319.9L231 264.9C221.6 255.5 221.6 240.3 231 231z\"\/><\/svg><\/button><div class='splide__track'><div class='splide__list'> \n<figure class=\"wp-block-image splide__slide size-large\"><img loading=\"lazy\" decoding=\"async\" width=\"1024\" height=\"768\" data-id=\"770\" src=\"https:\/\/vdhmachinery.com\/wp-content\/uploads\/2025\/09\/630_r_wasserbau_deutschland_wsa_eberswalde_2019-1024x768.jpg\" alt=\"Sennebogen 630e an Land\" class=\"wp-image-770\" srcset=\"https:\/\/vdhmachinery.com\/wp-content\/uploads\/2025\/09\/630_r_wasserbau_deutschland_wsa_eberswalde_2019-1024x768.jpg 1024w, https:\/\/vdhmachinery.com\/wp-content\/uploads\/2025\/09\/630_r_wasserbau_deutschland_wsa_eberswalde_2019-300x225.jpg 300w, https:\/\/vdhmachinery.com\/wp-content\/uploads\/2025\/09\/630_r_wasserbau_deutschland_wsa_eberswalde_2019-768x576.jpg 768w, https:\/\/vdhmachinery.com\/wp-content\/uploads\/2025\/09\/630_r_wasserbau_deutschland_wsa_eberswalde_2019-1536x1152.jpg 1536w, https:\/\/vdhmachinery.com\/wp-content\/uploads\/2025\/09\/630_r_wasserbau_deutschland_wsa_eberswalde_2019-2048x1536.jpg 2048w\" sizes=\"auto, (max-width: 1024px) 100vw, 1024px\" \/><\/figure>\n\n\n\n<figure class=\"wp-block-image splide__slide size-large\"><img loading=\"lazy\" decoding=\"async\" width=\"1024\" height=\"683\" data-id=\"776\" src=\"https:\/\/vdhmachinery.com\/wp-content\/uploads\/2025\/09\/630_r_verrohrung_deutschland_regensburg_2013__22_-1-1024x683.jpg\" alt=\"Sennebogen 630e auf Werkstatt\" class=\"wp-image-776\" srcset=\"https:\/\/vdhmachinery.com\/wp-content\/uploads\/2025\/09\/630_r_verrohrung_deutschland_regensburg_2013__22_-1-1024x683.jpg 1024w, https:\/\/vdhmachinery.com\/wp-content\/uploads\/2025\/09\/630_r_verrohrung_deutschland_regensburg_2013__22_-1-300x200.jpg 300w, https:\/\/vdhmachinery.com\/wp-content\/uploads\/2025\/09\/630_r_verrohrung_deutschland_regensburg_2013__22_-1-768x512.jpg 768w, https:\/\/vdhmachinery.com\/wp-content\/uploads\/2025\/09\/630_r_verrohrung_deutschland_regensburg_2013__22_-1-1536x1024.jpg 1536w, https:\/\/vdhmachinery.com\/wp-content\/uploads\/2025\/09\/630_r_verrohrung_deutschland_regensburg_2013__22_-1-2048x1365.jpg 2048w\" sizes=\"auto, (max-width: 1024px) 100vw, 1024px\" \/><\/figure>\n\n\n\n<figure class=\"wp-block-image splide__slide size-large\"><img loading=\"lazy\" decoding=\"async\" width=\"1024\" height=\"768\" data-id=\"773\" src=\"https:\/\/vdhmachinery.com\/wp-content\/uploads\/2025\/09\/630_r_verrohrung_frankreich_lyon_resurgence_forage_2019_14_-1024x768.jpg\" alt=\"Sennebogen 630e auf Werkstattseite\" class=\"wp-image-773\" srcset=\"https:\/\/vdhmachinery.com\/wp-content\/uploads\/2025\/09\/630_r_verrohrung_frankreich_lyon_resurgence_forage_2019_14_-1024x768.jpg 1024w, https:\/\/vdhmachinery.com\/wp-content\/uploads\/2025\/09\/630_r_verrohrung_frankreich_lyon_resurgence_forage_2019_14_-300x225.jpg 300w, https:\/\/vdhmachinery.com\/wp-content\/uploads\/2025\/09\/630_r_verrohrung_frankreich_lyon_resurgence_forage_2019_14_-768x576.jpg 768w, https:\/\/vdhmachinery.com\/wp-content\/uploads\/2025\/09\/630_r_verrohrung_frankreich_lyon_resurgence_forage_2019_14_-1536x1152.jpg 1536w, https:\/\/vdhmachinery.com\/wp-content\/uploads\/2025\/09\/630_r_verrohrung_frankreich_lyon_resurgence_forage_2019_14_-2048x1536.jpg 2048w\" sizes=\"auto, (max-width: 1024px) 100vw, 1024px\" \/><\/figure>\n<\/figure>\n\n\n\n<h2 class=\"wp-block-heading\"><strong>Komfort und Bedienung<\/strong><\/h2>\n\n\n\n<p>Die ergonomische <strong>Maxcab Kabine<\/strong> bietet einen komfortablen Arbeitsplatz mit Klimaanlage, luftgefedertem Sitz und ausgezeichneten Sichtlinien. F\u00fcr zus\u00e4tzliche Sicherheit kann die Kabine erh\u00f6ht oder mit Panzerglas ausgestattet werden. Das <strong>SENCON-Steuerungssystem<\/strong> versorgt den Maschinisten mit Echtzeitinformationen und vereinfacht die Fehlerdiagnose, wodurch die Einsatzbereitschaft maximal bleibt.  <\/p>\n\n\n\n<h2 class=\"wp-block-heading\"><strong>Haltbarkeit und Wartung<\/strong><\/h2>\n\n\n\n<p>Der Sennebogen 630 erf\u00fcllt die neuesten Stage V-Emissionsnormen und wurde mit Blick auf Umwelt und Effizienz entwickelt. Das zentrale Wartungskonzept mit deutlich gekennzeichneten Servicepunkten erleichtert die t\u00e4glichen Kontrollen und minimiert Stillstandzeiten. Robuste Komponenten und hochwertige Materialien sorgen f\u00fcr eine lange Lebensdauer und einen hohen Restwert.  <\/p>\n\n\n\n<h2 class=\"wp-block-heading\"><strong>Wichtigste Spezifikationen<\/strong><\/h2>\n\n\n\n<ul class=\"wp-block-list\">\n<li><strong>Maximale Traglast:<\/strong> 30 t<\/li>\n\n\n\n<li><strong>Motor:<\/strong> Cummins B6.7, 186 kW, Stage V<\/li>\n\n\n\n<li><strong>Ausleger:<\/strong> bis zu 35,5 m Hauptausleger, 18 m fester Ausleger<\/li>\n\n\n\n<li><strong>Betriebsgewicht:<\/strong> ca. 35 t<\/li>\n\n\n\n<li><strong>Winden:<\/strong> 2 \u00d7 9\/12 t, max. 125 m\/min<\/li>\n\n\n\n<li><strong>Hydrauliksystem:<\/strong> 3 \u00d7 220 l\/min, 330 bar<\/li>\n<\/ul>\n\n\n\n<p>Mit der Kombination aus Kraft, Flexibilit\u00e4t und Benutzerfreundlichkeit ist der <strong>Sennebogen 630 Seilbagger<\/strong> der ideale Partner f\u00fcr anspruchsvolle Bau- und Baggerprojekte weltweit.<\/p>\n\n","protected":false},"featured_media":2314,"template":"","meta":{"vdh-section-opener":"<!-- wp:paragraph -->\n<p>Der <strong>Sennebogen 630 Seilbagger<\/strong> ist eine vielseitige und leistungsstarke Maschine, die sich durch Zuverl\u00e4ssigkeit, Effizienz und Flexibilit\u00e4t auszeichnet. Mit einer Tragf\u00e4higkeit von bis zu 30 t, einem Motor von 188 kW und einem maximalen Ausleger von 35,5 m bietet dieser Kran optimale Leistung in verschiedenen Anwendungen. <\/p>\n<!-- \/wp:paragraph -->","vdh-section-content":"<!-- wp:paragraph -->\n<p><\/p>\n<!-- \/wp:paragraph -->","vdh-section-sidebar":"<!-- wp:paragraph -->\n<p\/>\n<!-- \/wp:paragraph -->","vdh-section-extra-information":"<!-- wp:paragraph -->\n<p\/>\n<!-- \/wp:paragraph -->","vdh-section-pre-footer-left":"<!-- wp:heading -->\n<h2 class=\"wp-block-heading\">Mehr Informationen<\/h2>\n<!-- \/wp:heading -->\n\n<!-- wp:paragraph -->\n<p>Unsere Spezialisten denken gerne mit Ihnen mit \u2013 ob Sie sich auf Leistung, Nachhaltigkeit oder eine spezifische Anwendung konzentrieren. Wir kombinieren technisches Wissen mit praktischer Erfahrung und einer pragmatischen Herangehensweise.  So finden wir gemeinsam die L\u00f6sung, die f\u00fcr Ihre Situation am besten funktioniert.<\/p>\n<!-- \/wp:paragraph -->\n\n<!-- wp:heading {\"level\":3,\"textColor\":\"primary-blue\"} -->\n<h3 class=\"wp-block-heading has-primary-blue-color has-text-color\">Haben Sie Interesse oder eine Frage?<\/h3>\n<!-- \/wp:heading -->\n\n<!-- wp:paragraph -->\n<p>Hinterlassen Sie Ihre Daten und wir nehmen schnell Kontakt mit Ihnen auf.<\/p>\n<!-- \/wp:paragraph -->\n\n<!-- wp:gravityforms\/form {\"formId\":\"1\",\"title\":false,\"description\":false,\"inputPrimaryColor\":\"#204ce5\"} \/-->","vdh-section-pre-footer-right":"<!-- wp:vdh\/employee-block {\"employeeId\":160} \/-->\n\n<!-- wp:vdh\/employee-block {\"employeeId\":161} \/-->","downloadable_documents":[780,914],"variation_drive_diesel":true,"variation_drive_electric":false,"variation_drive_battery":false,"variation_undercarriage_mobile":true,"variation_undercarriage_track":true,"is_new_product":false,"vdh_order":50},"product_cat":[115],"class_list":["post-3546","product","type-product","status-publish","has-post-thumbnail","hentry","product_cat-krane-mit-arbeitszyklus"],"_links":{"self":[{"href":"https:\/\/vdhmachinery.com\/de\/wp-json\/wp\/v2\/product\/3546","targetHints":{"allow":["GET"]}}],"collection":[{"href":"https:\/\/vdhmachinery.com\/de\/wp-json\/wp\/v2\/product"}],"about":[{"href":"https:\/\/vdhmachinery.com\/de\/wp-json\/wp\/v2\/types\/product"}],"wp:featuredmedia":[{"embeddable":true,"href":"https:\/\/vdhmachinery.com\/de\/wp-json\/wp\/v2\/media\/2314"}],"wp:attachment":[{"href":"https:\/\/vdhmachinery.com\/de\/wp-json\/wp\/v2\/media?parent=3546"}],"wp:term":[{"taxonomy":"product_cat","embeddable":true,"href":"https:\/\/vdhmachinery.com\/de\/wp-json\/wp\/v2\/product_cat?post=3546"}],"curies":[{"name":"wp","href":"https:\/\/api.w.org\/{rel}","templated":true}]}}