{"id":3549,"date":"2025-09-03T08:15:49","date_gmt":"2025-09-03T08:15:49","guid":{"rendered":"https:\/\/vdhmachinery.com\/machines\/sennebogen-643e\/"},"modified":"2026-02-09T13:34:45","modified_gmt":"2026-02-09T13:34:45","slug":"sennebogen-643e","status":"publish","type":"product","link":"https:\/\/vdhmachinery.com\/de\/machines\/sennebogen-643e\/","title":{"rendered":"Sennebogen 643e"},"content":{"rendered":"\n\n\n\n<p>Der Sennebogen 643 vereint Kraft, Stabilit\u00e4t und Flexibilit\u00e4t in einer Maschine. Mit seiner Kapazit\u00e4t von 40 Tonnen und einem teleskopierbaren Full Power Boom, der bis zu 43 Meter reicht, ist der Kran perfekt f\u00fcr vielf\u00e4ltige Anwendungen: von Tiefbauprojekten und Infrastruktur bis hin zu Montagearbeiten und industriellem Einsatz. Der Kran kann unter Last teleskopieren, wodurch die Arbeiten schnell und effizient ablaufen.  <\/p>\n\n\n\n<p>Das Raupenfahrwerk bietet maximale Stabilit\u00e4t, selbst auf unebenem oder weichem Untergrund. Dank des teleskopierbaren Fahrwerks kann die Breite angepasst werden: kompakt f\u00fcr den Transport (weniger als 3 Meter) und breit f\u00fcr zus\u00e4tzliche Stabilit\u00e4t w\u00e4hrend des Betriebs. Dar\u00fcber hinaus verf\u00fcgt der 643 \u00fcber eine Pick &amp; Carry-Funktion, mit der Lasten sicher verfahren werden k\u00f6nnen, auch bei schwierigen Gel\u00e4ndebedingungen oder leichten Steigungen.  <\/p>\n\n\n\n<figure class=\"wp-block-gallery has-nested-images columns-default is-cropped splide wpcom-gallery wp-block-gallery-1 is-layout-flex wp-block-gallery-is-layout-flex\"><button type='button' class='close-btn'><svg xmlns=\"http:\/\/www.w3.org\/2000\/svg\" viewBox=\"0 0 640 640\"><path fill=\"#ffffff\" d=\"M320 576C461.4 576 576 461.4 576 320C576 178.6 461.4 64 320 64C178.6 64 64 178.6 64 320C64 461.4 178.6 576 320 576zM231 231C240.4 221.6 255.6 221.6 264.9 231L319.9 286L374.9 231C384.3 221.6 399.5 221.6 408.8 231C418.1 240.4 418.2 255.6 408.8 264.9L353.8 319.9L408.8 374.9C418.2 384.3 418.2 399.5 408.8 408.8C399.4 418.1 384.2 418.2 374.9 408.8L319.9 353.8L264.9 408.8C255.5 418.2 240.3 418.2 231 408.8C221.7 399.4 221.6 384.2 231 374.9L286 319.9L231 264.9C221.6 255.5 221.6 240.3 231 231z\"\/><\/svg><\/button><div class='splide__track'><div class='splide__list'> \n<figure class=\"wp-block-image splide__slide size-large\"><img loading=\"lazy\" decoding=\"async\" width=\"1024\" height=\"678\" data-id=\"575\" src=\"https:\/\/vdhmachinery.com\/wp-content\/uploads\/2025\/09\/DSC0068-1024x678.jpg\" alt=\"Sennebogen 643e auf der Werkstatt\" class=\"wp-image-575\" srcset=\"https:\/\/vdhmachinery.com\/wp-content\/uploads\/2025\/09\/DSC0068-1024x678.jpg 1024w, https:\/\/vdhmachinery.com\/wp-content\/uploads\/2025\/09\/DSC0068-300x199.jpg 300w, https:\/\/vdhmachinery.com\/wp-content\/uploads\/2025\/09\/DSC0068-768x509.jpg 768w, https:\/\/vdhmachinery.com\/wp-content\/uploads\/2025\/09\/DSC0068-1536x1017.jpg 1536w, https:\/\/vdhmachinery.com\/wp-content\/uploads\/2025\/09\/DSC0068-2048x1356.jpg 2048w\" sizes=\"auto, (max-width: 1024px) 100vw, 1024px\" \/><\/figure>\n\n\n\n<figure class=\"wp-block-image splide__slide size-large\"><img loading=\"lazy\" decoding=\"async\" width=\"1024\" height=\"683\" data-id=\"576\" src=\"https:\/\/vdhmachinery.com\/wp-content\/uploads\/2025\/09\/201911_643_R_Bau_neues_Werk_TLC_Ungarn_Liter__22_-1024x683.jpg\" alt=\"Sennebogen 643e neben Pf\u00e4hlen\" class=\"wp-image-576\" srcset=\"https:\/\/vdhmachinery.com\/wp-content\/uploads\/2025\/09\/201911_643_R_Bau_neues_Werk_TLC_Ungarn_Liter__22_-1024x683.jpg 1024w, https:\/\/vdhmachinery.com\/wp-content\/uploads\/2025\/09\/201911_643_R_Bau_neues_Werk_TLC_Ungarn_Liter__22_-300x200.jpg 300w, https:\/\/vdhmachinery.com\/wp-content\/uploads\/2025\/09\/201911_643_R_Bau_neues_Werk_TLC_Ungarn_Liter__22_-768x512.jpg 768w, https:\/\/vdhmachinery.com\/wp-content\/uploads\/2025\/09\/201911_643_R_Bau_neues_Werk_TLC_Ungarn_Liter__22_-1536x1024.jpg 1536w, https:\/\/vdhmachinery.com\/wp-content\/uploads\/2025\/09\/201911_643_R_Bau_neues_Werk_TLC_Ungarn_Liter__22_-2048x1365.jpg 2048w\" sizes=\"auto, (max-width: 1024px) 100vw, 1024px\" \/><\/figure>\n\n\n\n<figure class=\"wp-block-image splide__slide size-large\"><img loading=\"lazy\" decoding=\"async\" width=\"1024\" height=\"683\" data-id=\"571\" src=\"https:\/\/vdhmachinery.com\/wp-content\/uploads\/2025\/09\/202109_643E_R_Infrastukturarbeiten_Galere_BE__88__bea__Gross_-1024x683.png\" alt=\"Sennebogen 643e hebt Rohr\" class=\"wp-image-571\" srcset=\"https:\/\/vdhmachinery.com\/wp-content\/uploads\/2025\/09\/202109_643E_R_Infrastukturarbeiten_Galere_BE__88__bea__Gross_-1024x683.png 1024w, https:\/\/vdhmachinery.com\/wp-content\/uploads\/2025\/09\/202109_643E_R_Infrastukturarbeiten_Galere_BE__88__bea__Gross_-300x200.png 300w, https:\/\/vdhmachinery.com\/wp-content\/uploads\/2025\/09\/202109_643E_R_Infrastukturarbeiten_Galere_BE__88__bea__Gross_-768x512.png 768w, https:\/\/vdhmachinery.com\/wp-content\/uploads\/2025\/09\/202109_643E_R_Infrastukturarbeiten_Galere_BE__88__bea__Gross_-1536x1024.png 1536w, https:\/\/vdhmachinery.com\/wp-content\/uploads\/2025\/09\/202109_643E_R_Infrastukturarbeiten_Galere_BE__88__bea__Gross_.png 1620w\" sizes=\"auto, (max-width: 1024px) 100vw, 1024px\" \/><\/figure>\n\n\n\n<figure class=\"wp-block-image splide__slide size-large\"><img loading=\"lazy\" decoding=\"async\" width=\"746\" height=\"1024\" data-id=\"1939\" src=\"https:\/\/vdhmachinery.com\/wp-content\/uploads\/2025\/09\/40_t_mobil_teleskopkran__sennebogen_643_e__deutschland__3_-746x1024.jpg\" alt=\"Sennebogen 643e angehoben\" class=\"wp-image-1939\" srcset=\"https:\/\/vdhmachinery.com\/wp-content\/uploads\/2025\/09\/40_t_mobil_teleskopkran__sennebogen_643_e__deutschland__3_-746x1024.jpg 746w, https:\/\/vdhmachinery.com\/wp-content\/uploads\/2025\/09\/40_t_mobil_teleskopkran__sennebogen_643_e__deutschland__3_-218x300.jpg 218w, https:\/\/vdhmachinery.com\/wp-content\/uploads\/2025\/09\/40_t_mobil_teleskopkran__sennebogen_643_e__deutschland__3_-768x1055.jpg 768w, https:\/\/vdhmachinery.com\/wp-content\/uploads\/2025\/09\/40_t_mobil_teleskopkran__sennebogen_643_e__deutschland__3_-1119x1536.jpg 1119w, https:\/\/vdhmachinery.com\/wp-content\/uploads\/2025\/09\/40_t_mobil_teleskopkran__sennebogen_643_e__deutschland__3_-1491x2048.jpg 1491w, https:\/\/vdhmachinery.com\/wp-content\/uploads\/2025\/09\/40_t_mobil_teleskopkran__sennebogen_643_e__deutschland__3_-scaled.jpg 1864w\" sizes=\"auto, (max-width: 746px) 100vw, 746px\" \/><\/figure>\n<\/figure>\n\n\n\n<p>Die komfortable Multicab-Kabine ist neigbar und bietet optimale Sicht, selbst bei Hebearbeiten in der H\u00f6he. Mit Panoramaverglasung, Klimaanlage und ergonomischer Bedienung mit Joysticks kann der Maschinist sicher und entspannt arbeiten. <\/p>\n\n\n\n<p>Transport und Einsatzbereitschaft sind ebenfalls einfach: Die Maschine kann vollst\u00e4ndig aufgebaut transportiert werden und ist nach dem Abladen sofort einsatzbereit. Damit erweist sich der Sennebogen 643 als ein zuverl\u00e4ssiger und vielseitiger Kraftprotz f\u00fcr moderne Baustellen. <\/p>\n\n\n\n\n\n\n\n\n\n","protected":false},"featured_media":2178,"template":"","meta":{"vdh-section-opener":"<!-- wp:paragraph -->\n<p>Der Sennebogen 643 ist ein Teleskop-Raupenkran mit einer Traglast von 40 Tonnen und einer Hakenh\u00f6he von bis zu 43 Metern. Dank seines Full Power Boom und des robusten Raupenfahrwerks ist er hervorragend f\u00fcr anspruchsvolle Baustellen geeignet. Kompakt im Transport, stark im Einsatz und umfassend einsetzbar f\u00fcr vielf\u00e4ltige Hebearbeiten.<\/p>\n<!-- \/wp:paragraph -->","vdh-section-content":"<!-- wp:paragraph -->\n<p><\/p>\n<!-- \/wp:paragraph -->","vdh-section-sidebar":"<!-- wp:paragraph -->\n<p\/>\n<!-- \/wp:paragraph -->","vdh-section-extra-information":"<!-- wp:paragraph -->\n<p\/>\n<!-- \/wp:paragraph -->","vdh-section-pre-footer-left":"<!-- wp:heading -->\n<h2 class=\"wp-block-heading\">Mehr Informationen<\/h2>\n<!-- \/wp:heading -->\n\n<!-- wp:paragraph -->\n<p>Unsere Spezialisten denken gerne mit Ihnen mit \u2013 ob Sie sich auf Leistung, Nachhaltigkeit oder eine spezifische Anwendung konzentrieren. Wir kombinieren technisches Wissen mit praktischer Erfahrung und einer pragmatischen Herangehensweise.  So finden wir gemeinsam die L\u00f6sung, die f\u00fcr Ihre Situation am besten funktioniert.<\/p>\n<!-- \/wp:paragraph -->\n\n<!-- wp:heading {\"level\":3,\"textColor\":\"primary-blue\"} -->\n<h3 class=\"wp-block-heading has-primary-blue-color has-text-color\">Haben Sie Interesse oder eine Frage?<\/h3>\n<!-- \/wp:heading -->\n\n<!-- wp:paragraph -->\n<p>Hinterlassen Sie Ihre Daten und wir nehmen schnell Kontakt mit Ihnen auf.<\/p>\n<!-- \/wp:paragraph -->\n\n<!-- wp:gravityforms\/form {\"formId\":\"1\",\"title\":false,\"description\":false,\"inputPrimaryColor\":\"#204ce5\"} \/-->","vdh-section-pre-footer-right":"<!-- wp:vdh\/employee-block {\"employeeId\":160} \/-->\n\n<!-- wp:vdh\/employee-block {\"employeeId\":161} \/-->","downloadable_documents":[1929],"variation_drive_diesel":true,"variation_drive_electric":false,"variation_drive_battery":false,"variation_undercarriage_mobile":true,"variation_undercarriage_track":true,"is_new_product":false,"vdh_order":48},"product_cat":[72],"class_list":["post-3549","product","type-product","status-publish","has-post-thumbnail","hentry","product_cat-teleskopkrane"],"_links":{"self":[{"href":"https:\/\/vdhmachinery.com\/de\/wp-json\/wp\/v2\/product\/3549","targetHints":{"allow":["GET"]}}],"collection":[{"href":"https:\/\/vdhmachinery.com\/de\/wp-json\/wp\/v2\/product"}],"about":[{"href":"https:\/\/vdhmachinery.com\/de\/wp-json\/wp\/v2\/types\/product"}],"wp:featuredmedia":[{"embeddable":true,"href":"https:\/\/vdhmachinery.com\/de\/wp-json\/wp\/v2\/media\/2178"}],"wp:attachment":[{"href":"https:\/\/vdhmachinery.com\/de\/wp-json\/wp\/v2\/media?parent=3549"}],"wp:term":[{"taxonomy":"product_cat","embeddable":true,"href":"https:\/\/vdhmachinery.com\/de\/wp-json\/wp\/v2\/product_cat?post=3549"}],"curies":[{"name":"wp","href":"https:\/\/api.w.org\/{rel}","templated":true}]}}