{"id":3555,"date":"2025-09-03T08:35:13","date_gmt":"2025-09-03T08:35:13","guid":{"rendered":"https:\/\/vdhmachinery.com\/machines\/sennebogen-673e\/"},"modified":"2026-02-03T10:22:56","modified_gmt":"2026-02-03T10:22:56","slug":"sennebogen-673e","status":"publish","type":"product","link":"https:\/\/vdhmachinery.com\/de\/machines\/sennebogen-673e\/","title":{"rendered":"Sennebogen 673e"},"content":{"rendered":"\n\n<p>Der Sennebogen 673 ist ein einzigartiges Kraftpaket in der 70-Tonnen-Klasse. Er kombiniert eine robuste Bauweise, fortschrittliche Technologie und kompakte Einsetzbarkeit. Der Full-Power-Ausleger kann unter Last teleskopieren und bietet kontinuierlich optimale Hubkapazit\u00e4t, ohne dass vorab Auslegerl\u00e4ngen ausgew\u00e4hlt werden m\u00fcssen. Dadurch arbeitet der Bediener schneller und effizienter, unabh\u00e4ngig von der Situation.   <\/p>\n\n\n\n<p>Was den 673 besonders vielseitig macht, ist die M\u00f6glichkeit zur variablen Ballastierung. Mit Gegengewichtsbl\u00f6cken, die an die jeweilige Aufgabe angepasst werden k\u00f6nnen, behalten Sie maximale Leistung, ohne an eine einzige Konfiguration gebunden zu sein. Die nach innen klappbaren Gel\u00e4nder am Oberwagen und die doppelt klappbare Fly-Jib erleichtern den Transport und verk\u00fcrzen die R\u00fcstzeit auf der Baustelle drastisch.  <\/p>\n\n\n\n<figure class=\"wp-block-gallery has-nested-images columns-default is-cropped splide wpcom-gallery wp-block-gallery-1 is-layout-flex wp-block-gallery-is-layout-flex\"><button type='button' class='close-btn'><svg xmlns=\"http:\/\/www.w3.org\/2000\/svg\" viewBox=\"0 0 640 640\"><path fill=\"#ffffff\" d=\"M320 576C461.4 576 576 461.4 576 320C576 178.6 461.4 64 320 64C178.6 64 64 178.6 64 320C64 461.4 178.6 576 320 576zM231 231C240.4 221.6 255.6 221.6 264.9 231L319.9 286L374.9 231C384.3 221.6 399.5 221.6 408.8 231C418.1 240.4 418.2 255.6 408.8 264.9L353.8 319.9L408.8 374.9C418.2 384.3 418.2 399.5 408.8 408.8C399.4 418.1 384.2 418.2 374.9 408.8L319.9 353.8L264.9 408.8C255.5 418.2 240.3 418.2 231 408.8C221.7 399.4 221.6 384.2 231 374.9L286 319.9L231 264.9C221.6 255.5 221.6 240.3 231 231z\"\/><\/svg><\/button><div class='splide__track'><div class='splide__list'> \n<figure class=\"wp-block-image splide__slide size-large\"><img loading=\"lazy\" decoding=\"async\" width=\"1024\" height=\"682\" data-id=\"608\" src=\"https:\/\/vdhmachinery.com\/wp-content\/uploads\/2025\/09\/202109_673_R_Spundwandarbeiten_Van-THek_Middenbeemster_NL-2-1024x682.jpg\" alt=\"Sennebogen 673e neben Graben\" class=\"wp-image-608\" srcset=\"https:\/\/vdhmachinery.com\/wp-content\/uploads\/2025\/09\/202109_673_R_Spundwandarbeiten_Van-THek_Middenbeemster_NL-2-1024x682.jpg 1024w, https:\/\/vdhmachinery.com\/wp-content\/uploads\/2025\/09\/202109_673_R_Spundwandarbeiten_Van-THek_Middenbeemster_NL-2-300x200.jpg 300w, https:\/\/vdhmachinery.com\/wp-content\/uploads\/2025\/09\/202109_673_R_Spundwandarbeiten_Van-THek_Middenbeemster_NL-2-768x512.jpg 768w, https:\/\/vdhmachinery.com\/wp-content\/uploads\/2025\/09\/202109_673_R_Spundwandarbeiten_Van-THek_Middenbeemster_NL-2-1536x1023.jpg 1536w, https:\/\/vdhmachinery.com\/wp-content\/uploads\/2025\/09\/202109_673_R_Spundwandarbeiten_Van-THek_Middenbeemster_NL-2-2048x1364.jpg 2048w\" sizes=\"auto, (max-width: 1024px) 100vw, 1024px\" \/><\/figure>\n\n\n\n<figure class=\"wp-block-image splide__slide size-large\"><img loading=\"lazy\" decoding=\"async\" width=\"869\" height=\"1024\" data-id=\"604\" src=\"https:\/\/vdhmachinery.com\/wp-content\/uploads\/2025\/09\/202202_673_R_Infrastrukturbau_Australien__3__SHu_bea-869x1024.jpg\" alt=\"Sennebogen 673e auf Werkstatt\" class=\"wp-image-604\" srcset=\"https:\/\/vdhmachinery.com\/wp-content\/uploads\/2025\/09\/202202_673_R_Infrastrukturbau_Australien__3__SHu_bea-869x1024.jpg 869w, https:\/\/vdhmachinery.com\/wp-content\/uploads\/2025\/09\/202202_673_R_Infrastrukturbau_Australien__3__SHu_bea-254x300.jpg 254w, https:\/\/vdhmachinery.com\/wp-content\/uploads\/2025\/09\/202202_673_R_Infrastrukturbau_Australien__3__SHu_bea-768x905.jpg 768w, https:\/\/vdhmachinery.com\/wp-content\/uploads\/2025\/09\/202202_673_R_Infrastrukturbau_Australien__3__SHu_bea-1303x1536.jpg 1303w, https:\/\/vdhmachinery.com\/wp-content\/uploads\/2025\/09\/202202_673_R_Infrastrukturbau_Australien__3__SHu_bea-1737x2048.jpg 1737w\" sizes=\"auto, (max-width: 869px) 100vw, 869px\" \/><\/figure>\n\n\n\n<figure class=\"wp-block-image splide__slide size-large\"><img decoding=\"async\" data-id=\"606\" src=\"https:\/\/vdhmachinery.com\/wp-content\/uploads\/2025\/09\/A-IMG_2531.png\" alt=\"Sennebogen 673e bei der Arbeit\" class=\"wp-image-606\"\/><\/figure>\n<\/figure>\n\n\n\n<p>Dank des teleskopierbaren Raupenfahrwerks bleibt die Maschine w\u00e4hrend des Transports kompakt, kann aber vor Ort f\u00fcr maximale Stabilit\u00e4t aufgebaut werden. Trotz seines Gewichts ist der Kran leicht zu verfahren und schnell einsatzbereit, selbst unter schwierigen Bedingungen. Dies macht ihn ideal f\u00fcr st\u00e4dtische Baustellen, Br\u00fcckenbau oder Tiefbauprojekte, bei denen Platz Mangelware ist.  <\/p>\n\n\n\n<p>Benutzerfreundlichkeit und Wartungsfreundlichkeit sind integraler Bestandteil des Designs. Der Zugang zu den Wartungspunkten ist optimal geregelt; eine zentrale Schmierstation und gut erreichbare Komponenten sparen Wartungszeit und erh\u00f6hen die Verf\u00fcgbarkeit auf der Baustelle. Dies erleichtert den t\u00e4glichen Einsatz und sorgt langfristig f\u00fcr Zuverl\u00e4ssigkeit und Nachhaltigkeit.  <\/p>\n\n\n\n<p>Die Kabine \u2013 die komfortable Maxcab \u2013 hebt die Ergonomie auf ein neues Niveau. Mit einer serienm\u00e4\u00dfigen Neigung von ca. 20\u00b0, hydraulisch bedienbarer Abstandseinstellung und einer mitbeweglichen Sitzkonsole bietet sie eine ergonomische Arbeitsumgebung. Die verstellbare Joystick-Bedienung sorgt f\u00fcr pr\u00e4zise Kontrolle und beugt Erm\u00fcdung bei l\u00e4ngerem Gebrauch vor. Diese Kombination aus Komfort und \u00dcbersicht macht das Arbeiten sicherer und effizienter.   <\/p>\n\n\n\n<p>Mit seiner beeindruckenden Hubkapazit\u00e4t von 70 Tonnen, einer maximalen Hakenh\u00f6he von 51 Metern und einer breiten Palette an Hilfsmitteln wie Fly-Jibs ist der Sennebogen 673 eine au\u00dfergew\u00f6hnlich vielseitige Maschine. Er ist darauf ausgelegt, unter Last Leistung zu erbringen \u2013 auch beim Drehen, Schwenken, Verschieben und pr\u00e4zisen Platzieren von Lasten in einer Bewegung. Dies unter allen Bedingungen, selbst an H\u00e4ngen, dank 360\u00b0-Rotation und stabilem Management von Lasten bis zu 100 % Kapazit\u00e4t w\u00e4hrend der Bewegung.  <\/p>\n\n\n\n<p>Kurz gesagt, der Sennebogen 673 bietet eine einzigartige Kombination aus Kraft, Flexibilit\u00e4t, Ergonomie und Benutzerfreundlichkeit. Ob es sich um Fertigteilmontage, Br\u00fcckenbau, Tiefbauarbeiten oder Projekte mit begrenztem Raum handelt: Diese Maschine liefert Leistung, Komfort und Effizienz in einem kompletten, hochleistungsf\u00e4higen Kran. <\/p>\n\n","protected":false},"featured_media":2193,"template":"","meta":{"vdh-section-opener":"<!-- wp:paragraph -->\n<p>Der Sennebogen 673 ist ein leistungsstarker 70-Tonnen-Teleskopraupenkran mit einer Hakenh\u00f6he von bis zu 51 m. Dank des Full-Power-Auslegers, der unter Last teleskopiert, variabler Ballastoptionen und eines kompakten Transportformats ist er au\u00dfergew\u00f6hnlich flexibel, sicher und schnell einsatzbereit \u2013 ideal f\u00fcr schwere Bau-, Br\u00fccken- und Tiefbauprojekte in beengten R\u00e4umen. <\/p>\n<!-- \/wp:paragraph -->","vdh-section-content":"<!-- wp:paragraph -->\n<p><\/p>\n<!-- \/wp:paragraph -->","vdh-section-sidebar":"<!-- wp:paragraph -->\n<p\/>\n<!-- \/wp:paragraph -->","vdh-section-extra-information":"<!-- wp:paragraph -->\n<p\/>\n<!-- \/wp:paragraph -->","vdh-section-pre-footer-left":"<!-- wp:heading -->\n<h2 class=\"wp-block-heading\">Mehr Informationen<\/h2>\n<!-- \/wp:heading -->\n\n<!-- wp:paragraph -->\n<p>Unsere Spezialisten denken gerne mit Ihnen mit \u2013 ob Sie sich auf Leistung, Nachhaltigkeit oder eine spezifische Anwendung konzentrieren. Wir kombinieren technisches Wissen mit praktischer Erfahrung und einer pragmatischen Herangehensweise.  So finden wir gemeinsam die L\u00f6sung, die f\u00fcr Ihre Situation am besten funktioniert.<\/p>\n<!-- \/wp:paragraph -->\n\n<!-- wp:heading {\"level\":3,\"textColor\":\"primary-blue\"} -->\n<h3 class=\"wp-block-heading has-primary-blue-color has-text-color\">Haben Sie Interesse oder eine Frage?<\/h3>\n<!-- \/wp:heading -->\n\n<!-- wp:paragraph -->\n<p>Hinterlassen Sie Ihre Daten und wir nehmen schnell Kontakt mit Ihnen auf.<\/p>\n<!-- \/wp:paragraph -->\n\n<!-- wp:gravityforms\/form {\"formId\":\"1\",\"title\":false,\"description\":false,\"inputPrimaryColor\":\"#204ce5\"} \/-->","vdh-section-pre-footer-right":"<!-- wp:vdh\/employee-block {\"employeeId\":160} \/-->\n\n<!-- wp:vdh\/employee-block {\"employeeId\":161} \/-->","downloadable_documents":[610],"variation_drive_diesel":true,"variation_drive_electric":false,"variation_drive_battery":false,"variation_undercarriage_mobile":false,"variation_undercarriage_track":true,"is_new_product":false,"vdh_order":46},"product_cat":[72],"class_list":["post-3555","product","type-product","status-publish","has-post-thumbnail","hentry","product_cat-teleskopkrane"],"_links":{"self":[{"href":"https:\/\/vdhmachinery.com\/de\/wp-json\/wp\/v2\/product\/3555","targetHints":{"allow":["GET"]}}],"collection":[{"href":"https:\/\/vdhmachinery.com\/de\/wp-json\/wp\/v2\/product"}],"about":[{"href":"https:\/\/vdhmachinery.com\/de\/wp-json\/wp\/v2\/types\/product"}],"wp:featuredmedia":[{"embeddable":true,"href":"https:\/\/vdhmachinery.com\/de\/wp-json\/wp\/v2\/media\/2193"}],"wp:attachment":[{"href":"https:\/\/vdhmachinery.com\/de\/wp-json\/wp\/v2\/media?parent=3555"}],"wp:term":[{"taxonomy":"product_cat","embeddable":true,"href":"https:\/\/vdhmachinery.com\/de\/wp-json\/wp\/v2\/product_cat?post=3555"}],"curies":[{"name":"wp","href":"https:\/\/api.w.org\/{rel}","templated":true}]}}