{"id":3561,"date":"2025-09-03T08:41:24","date_gmt":"2025-09-03T08:41:24","guid":{"rendered":"https:\/\/vdhmachinery.com\/machines\/sennebogen-683e\/"},"modified":"2026-02-09T13:35:26","modified_gmt":"2026-02-09T13:35:26","slug":"sennebogen-683e","status":"publish","type":"product","link":"https:\/\/vdhmachinery.com\/de\/machines\/sennebogen-683e\/","title":{"rendered":"Sennebogen 683e"},"content":{"rendered":"\n\n\n\n<p>Der Sennebogen 683 repr\u00e4sentiert die Spitzenklasse in der Serie der Teleskopkrane auf Raupen. Mit einer Tragf\u00e4higkeit von 80 Tonnen und einer Hauptauslegerl\u00e4nge von 42 Metern, erweiterbar mit Fly-Jibs bis 57 Meter, ist der 683 eine \u00e4u\u00dferst vielseitige und leistungsstarke Maschine. Dank des Full Power Boom kann der Teleskopausleger auf jeder L\u00e4nge unter Last ausgeschoben werden, was maximale Flexibilit\u00e4t und Effizienz bei unterschiedlichen Hebeanwendungen garantiert.  <\/p>\n\n\n\n<p>Ein wichtiges Merkmal des 683 ist das teleskopische und abnehmbare Star Lifter-Untergestell. Dies sorgt f\u00fcr maximale Stabilit\u00e4t w\u00e4hrend des Betriebs, macht den Kran aber auch kompakt genug f\u00fcr den Transport. Mit einer Transportbreite von nur 3 Metern ohne Raupenb\u00e4nder kann er einfach auf einem Standard-Tieflader transportiert werden. Dank des innovativen Selbstmontagesystems sind die Raupen und der Ballast schnell und sicher zu (de)montieren, wodurch der Kran in kurzer Zeit auf der Baustelle einsatzbereit ist.   <\/p>\n\n\n\n<figure class=\"wp-block-gallery has-nested-images columns-default is-cropped splide wpcom-gallery wp-block-gallery-1 is-layout-flex wp-block-gallery-is-layout-flex\"><button type='button' class='close-btn'><svg xmlns=\"http:\/\/www.w3.org\/2000\/svg\" viewBox=\"0 0 640 640\"><path fill=\"#ffffff\" d=\"M320 576C461.4 576 576 461.4 576 320C576 178.6 461.4 64 320 64C178.6 64 64 178.6 64 320C64 461.4 178.6 576 320 576zM231 231C240.4 221.6 255.6 221.6 264.9 231L319.9 286L374.9 231C384.3 221.6 399.5 221.6 408.8 231C418.1 240.4 418.2 255.6 408.8 264.9L353.8 319.9L408.8 374.9C418.2 384.3 418.2 399.5 408.8 408.8C399.4 418.1 384.2 418.2 374.9 408.8L319.9 353.8L264.9 408.8C255.5 418.2 240.3 418.2 231 408.8C221.7 399.4 221.6 384.2 231 374.9L286 319.9L231 264.9C221.6 255.5 221.6 240.3 231 231z\"\/><\/svg><\/button><div class='splide__track'><div class='splide__list'> \n<figure class=\"wp-block-image splide__slide size-large\"><img loading=\"lazy\" decoding=\"async\" width=\"1024\" height=\"678\" data-id=\"617\" src=\"https:\/\/vdhmachinery.com\/wp-content\/uploads\/2025\/09\/DSC0004-1024x678.jpg\" alt=\"Sennebogen 683e auf Werkstatt\" class=\"wp-image-617\" srcset=\"https:\/\/vdhmachinery.com\/wp-content\/uploads\/2025\/09\/DSC0004-1024x678.jpg 1024w, https:\/\/vdhmachinery.com\/wp-content\/uploads\/2025\/09\/DSC0004-300x199.jpg 300w, https:\/\/vdhmachinery.com\/wp-content\/uploads\/2025\/09\/DSC0004-768x509.jpg 768w, https:\/\/vdhmachinery.com\/wp-content\/uploads\/2025\/09\/DSC0004-1536x1017.jpg 1536w, https:\/\/vdhmachinery.com\/wp-content\/uploads\/2025\/09\/DSC0004-2048x1356.jpg 2048w\" sizes=\"auto, (max-width: 1024px) 100vw, 1024px\" \/><\/figure>\n\n\n\n<figure class=\"wp-block-image splide__slide size-large\"><img loading=\"lazy\" decoding=\"async\" width=\"1024\" height=\"678\" data-id=\"615\" src=\"https:\/\/vdhmachinery.com\/wp-content\/uploads\/2025\/09\/DSC0017K-1024x678.jpg\" alt=\"Sennebogen 683e auf Werkstattseite\" class=\"wp-image-615\" srcset=\"https:\/\/vdhmachinery.com\/wp-content\/uploads\/2025\/09\/DSC0017K-1024x678.jpg 1024w, https:\/\/vdhmachinery.com\/wp-content\/uploads\/2025\/09\/DSC0017K-300x199.jpg 300w, https:\/\/vdhmachinery.com\/wp-content\/uploads\/2025\/09\/DSC0017K-768x509.jpg 768w, https:\/\/vdhmachinery.com\/wp-content\/uploads\/2025\/09\/DSC0017K-1536x1017.jpg 1536w, https:\/\/vdhmachinery.com\/wp-content\/uploads\/2025\/09\/DSC0017K-2048x1356.jpg 2048w\" sizes=\"auto, (max-width: 1024px) 100vw, 1024px\" \/><\/figure>\n\n\n\n<figure class=\"wp-block-image splide__slide size-large\"><img loading=\"lazy\" decoding=\"async\" width=\"768\" height=\"1024\" data-id=\"619\" src=\"https:\/\/vdhmachinery.com\/wp-content\/uploads\/2025\/09\/IMG_3876-768x1024.jpg\" alt=\"Sennebogen 683e im Gel\u00e4nde\" class=\"wp-image-619\" srcset=\"https:\/\/vdhmachinery.com\/wp-content\/uploads\/2025\/09\/IMG_3876-768x1024.jpg 768w, https:\/\/vdhmachinery.com\/wp-content\/uploads\/2025\/09\/IMG_3876-225x300.jpg 225w, https:\/\/vdhmachinery.com\/wp-content\/uploads\/2025\/09\/IMG_3876-1152x1536.jpg 1152w, https:\/\/vdhmachinery.com\/wp-content\/uploads\/2025\/09\/IMG_3876-1536x2048.jpg 1536w, https:\/\/vdhmachinery.com\/wp-content\/uploads\/2025\/09\/IMG_3876-scaled.jpg 1920w\" sizes=\"auto, (max-width: 768px) 100vw, 768px\" \/><\/figure>\n<\/figure>\n\n\n\n<p>Die Kabine ist standardm\u00e4\u00dfig mit 20\u00b0 Neigung ausgestattet und kann optional hydraulisch auf eine Augenh\u00f6he von 5,55 Metern und 30\u00b0 Neigung erh\u00f6ht werden. Die ger\u00e4umige Maxcab bietet ausgezeichnete Sicht, ger\u00e4uscharme Arbeitsbedingungen und maximalen Komfort dank eines ergonomischen Sitzes, verstellbarer Armlehnen, Klimaanlage und intuitiver Bedienung mit Joysticks. Dadurch kann der Maschinist langfristig und sicher ohne Erm\u00fcdung arbeiten.  <\/p>\n\n\n\n<p>Der 683 ist f\u00fcr anspruchsvolle Bedingungen ausgelegt. Er kann Lasten von mehr als 50 Tonnen im Pick &amp; Carry-Modus verlagern und ist auf Steigungen bis zu 4 Grad einsetzbar. Seine leistungsstarken Winden, das Hydrauliksystem mit hohem Durchfluss und der robuste Rahmen machen ihn zu einem zuverl\u00e4ssigen Partner auf jedem Baustellentyp. Die Wartung wird durch gut zug\u00e4ngliche Servicepunkte, Standardkomponenten und ein \u00fcbersichtliches SENCON-Besturingssysteem vereinfacht, das Diagnose und St\u00f6rungsbehebung unterst\u00fctzt.   <\/p>\n\n\n\n<p>Kurz gesagt: Der Sennebogen 683 ist ein Allround-Kraftpaket, das Stabilit\u00e4t, Flexibilit\u00e4t und Bedienkomfort kombiniert. Ob Tiefbau, Industrie, Pipelinebau oder schwere Montageprojekte: Dieser Kran liefert Leistungen auf h\u00f6chstem Niveau und garantiert Zuverl\u00e4ssigkeit, Sicherheit und Effizienz f\u00fcr jede Hebeaufgabe. <\/p>\n\n\n\n\n\n\n\n\n\n","protected":false},"featured_media":2196,"template":"","meta":{"vdh-section-opener":"<!-- wp:paragraph -->\n<p>Der Sennebogen 683 ist ein robuster Teleskop-raupenkran auf Raupenfahrwerk mit einer Tragf\u00e4higkeit von 80 Tonnen und einem Hauptausleger bis 42 Meter. Mit seinem Full Power Boom, dem Selbstmontagesystem und der ausgezeichneten Stabilit\u00e4t ist er ideal f\u00fcr schwere Hebearbeiten und Pick &amp; Carry-Anwendungen auf anspruchsvollen Baustellen.<\/p>\n<!-- \/wp:paragraph -->","vdh-section-content":"<!-- wp:paragraph -->\n<p><\/p>\n<!-- \/wp:paragraph -->","vdh-section-sidebar":"<!-- wp:paragraph -->\n<p\/>\n<!-- \/wp:paragraph -->","vdh-section-extra-information":"<!-- wp:paragraph -->\n<p\/>\n<!-- \/wp:paragraph -->","vdh-section-pre-footer-left":"<!-- wp:heading -->\n<h2 class=\"wp-block-heading\">Mehr Informationen<\/h2>\n<!-- \/wp:heading -->\n\n<!-- wp:paragraph -->\n<p>Unsere Spezialisten denken gerne mit Ihnen mit \u2013 ob Sie sich auf Leistung, Nachhaltigkeit oder eine spezifische Anwendung konzentrieren. Wir kombinieren technisches Wissen mit praktischer Erfahrung und einer pragmatischen Herangehensweise.  So finden wir gemeinsam die L\u00f6sung, die f\u00fcr Ihre Situation am besten funktioniert.<\/p>\n<!-- \/wp:paragraph -->\n\n<!-- wp:heading {\"level\":3,\"textColor\":\"primary-blue\"} -->\n<h3 class=\"wp-block-heading has-primary-blue-color has-text-color\">Haben Sie Interesse oder eine Frage?<\/h3>\n<!-- \/wp:heading -->\n\n<!-- wp:paragraph -->\n<p>Hinterlassen Sie Ihre Daten und wir nehmen schnell Kontakt mit Ihnen auf.<\/p>\n<!-- \/wp:paragraph -->\n\n<!-- wp:gravityforms\/form {\"formId\":\"1\",\"title\":false,\"description\":false,\"inputPrimaryColor\":\"#204ce5\"} \/-->","vdh-section-pre-footer-right":"<!-- wp:vdh\/employee-block {\"employeeId\":160} \/-->\n\n<!-- wp:vdh\/employee-block {\"employeeId\":161} \/-->","downloadable_documents":[613],"variation_drive_diesel":true,"variation_drive_electric":false,"variation_drive_battery":false,"variation_undercarriage_mobile":true,"variation_undercarriage_track":true,"is_new_product":false,"vdh_order":40},"product_cat":[72],"class_list":["post-3561","product","type-product","status-publish","has-post-thumbnail","hentry","product_cat-teleskopkrane"],"_links":{"self":[{"href":"https:\/\/vdhmachinery.com\/de\/wp-json\/wp\/v2\/product\/3561","targetHints":{"allow":["GET"]}}],"collection":[{"href":"https:\/\/vdhmachinery.com\/de\/wp-json\/wp\/v2\/product"}],"about":[{"href":"https:\/\/vdhmachinery.com\/de\/wp-json\/wp\/v2\/types\/product"}],"wp:featuredmedia":[{"embeddable":true,"href":"https:\/\/vdhmachinery.com\/de\/wp-json\/wp\/v2\/media\/2196"}],"wp:attachment":[{"href":"https:\/\/vdhmachinery.com\/de\/wp-json\/wp\/v2\/media?parent=3561"}],"wp:term":[{"taxonomy":"product_cat","embeddable":true,"href":"https:\/\/vdhmachinery.com\/de\/wp-json\/wp\/v2\/product_cat?post=3561"}],"curies":[{"name":"wp","href":"https:\/\/api.w.org\/{rel}","templated":true}]}}