{"id":3566,"date":"2025-09-03T08:53:44","date_gmt":"2025-09-03T08:53:44","guid":{"rendered":"https:\/\/vdhmachinery.com\/machines\/sennebogen-6133e\/"},"modified":"2026-02-03T10:23:15","modified_gmt":"2026-02-03T10:23:15","slug":"sennebogen-6133e","status":"publish","type":"product","link":"https:\/\/vdhmachinery.com\/de\/machines\/sennebogen-6133e\/","title":{"rendered":"Sennebogen 6133e"},"content":{"rendered":"\n\n<p>Der Sennebogen 6133 E ist das Flaggschiff unter den Teleskopkranen von Sennebogen. Mit einer Tragf\u00e4higkeit von 130 Tonnen geh\u00f6rt er zu den schwereren Maschinen in der Teleskopklasse und bietet eine enorme Kapazit\u00e4t und Reichweite. Der Hauptausleger hat eine L\u00e4nge von 52,2 Metern, die mit Fly-Jibs und Hilfsauslegern auf maximal 67 Meter Arbeitsh\u00f6he erweitert werden kann. Der 6-teilige Pin-Ausleger kann unter Last teleskopieren, wodurch maximale Flexibilit\u00e4t und Effizienz auch bei anspruchsvollen Hebeaufgaben gew\u00e4hrleistet werden.   <\/p>\n\n\n\n<p>Ein wichtiger Vorteil des 6133 E ist sein innovatives Selbstmontagesystem. Damit kann der Kran vollst\u00e4ndig selbstst\u00e4ndig den Ballast und die Raupentr\u00e4ger montieren und demontieren, ohne Hilfe eines Hilfskrans. Dies macht den Transport einfach und kosteneffizient: Mit entfernten Raupentr\u00e4gern betr\u00e4gt die Transportbreite nur 3 Meter, wodurch der Kran problemlos \u00fcber die Stra\u00dfe transportiert werden kann. Einmal vor Ort ist der Kran in kurzer Zeit einsatzbereit.   <\/p>\n\n\n\n<figure class=\"wp-block-gallery has-nested-images columns-default is-cropped splide wpcom-gallery wp-block-gallery-1 is-layout-flex wp-block-gallery-is-layout-flex\"><button type='button' class='close-btn'><svg xmlns=\"http:\/\/www.w3.org\/2000\/svg\" viewBox=\"0 0 640 640\"><path fill=\"#ffffff\" d=\"M320 576C461.4 576 576 461.4 576 320C576 178.6 461.4 64 320 64C178.6 64 64 178.6 64 320C64 461.4 178.6 576 320 576zM231 231C240.4 221.6 255.6 221.6 264.9 231L319.9 286L374.9 231C384.3 221.6 399.5 221.6 408.8 231C418.1 240.4 418.2 255.6 408.8 264.9L353.8 319.9L408.8 374.9C418.2 384.3 418.2 399.5 408.8 408.8C399.4 418.1 384.2 418.2 374.9 408.8L319.9 353.8L264.9 408.8C255.5 418.2 240.3 418.2 231 408.8C221.7 399.4 221.6 384.2 231 374.9L286 319.9L231 264.9C221.6 255.5 221.6 240.3 231 231z\"\/><\/svg><\/button><div class='splide__track'><div class='splide__list'> \n<figure class=\"wp-block-image splide__slide size-large\"><img loading=\"lazy\" decoding=\"async\" width=\"1024\" height=\"678\" data-id=\"643\" src=\"https:\/\/vdhmachinery.com\/wp-content\/uploads\/2025\/09\/dsc0027-1024x678.jpg\" alt=\"Sennebogen 6133e auf dem Werksgel&#xE4;nde\" class=\"wp-image-643\" srcset=\"https:\/\/vdhmachinery.com\/wp-content\/uploads\/2025\/09\/dsc0027-1024x678.jpg 1024w, https:\/\/vdhmachinery.com\/wp-content\/uploads\/2025\/09\/dsc0027-300x199.jpg 300w, https:\/\/vdhmachinery.com\/wp-content\/uploads\/2025\/09\/dsc0027-768x509.jpg 768w, https:\/\/vdhmachinery.com\/wp-content\/uploads\/2025\/09\/dsc0027-1536x1017.jpg 1536w, https:\/\/vdhmachinery.com\/wp-content\/uploads\/2025\/09\/dsc0027-2048x1356.jpg 2048w\" sizes=\"auto, (max-width: 1024px) 100vw, 1024px\" \/><\/figure>\n\n\n\n<figure class=\"wp-block-image splide__slide size-large\"><img loading=\"lazy\" decoding=\"async\" width=\"1024\" height=\"576\" data-id=\"645\" src=\"https:\/\/vdhmachinery.com\/wp-content\/uploads\/2025\/09\/pxl_20250129_142124242.RAW-01.COVER_-1024x576.jpg\" alt=\"Sennebogen 6133e neben einer Halle\" class=\"wp-image-645\" srcset=\"https:\/\/vdhmachinery.com\/wp-content\/uploads\/2025\/09\/pxl_20250129_142124242.RAW-01.COVER_-1024x576.jpg 1024w, https:\/\/vdhmachinery.com\/wp-content\/uploads\/2025\/09\/pxl_20250129_142124242.RAW-01.COVER_-300x169.jpg 300w, https:\/\/vdhmachinery.com\/wp-content\/uploads\/2025\/09\/pxl_20250129_142124242.RAW-01.COVER_-768x432.jpg 768w, https:\/\/vdhmachinery.com\/wp-content\/uploads\/2025\/09\/pxl_20250129_142124242.RAW-01.COVER_-1536x864.jpg 1536w, https:\/\/vdhmachinery.com\/wp-content\/uploads\/2025\/09\/pxl_20250129_142124242.RAW-01.COVER_-2048x1152.jpg 2048w\" sizes=\"auto, (max-width: 1024px) 100vw, 1024px\" \/><\/figure>\n\n\n\n<figure class=\"wp-block-image splide__slide size-large\"><img loading=\"lazy\" decoding=\"async\" width=\"1024\" height=\"768\" data-id=\"647\" src=\"https:\/\/vdhmachinery.com\/wp-content\/uploads\/2025\/09\/sb6133-agd-1024x768.jpg\" alt=\"Sennebogen 6133e neben einem Schiff\" class=\"wp-image-647\" srcset=\"https:\/\/vdhmachinery.com\/wp-content\/uploads\/2025\/09\/sb6133-agd-1024x768.jpg 1024w, https:\/\/vdhmachinery.com\/wp-content\/uploads\/2025\/09\/sb6133-agd-300x225.jpg 300w, https:\/\/vdhmachinery.com\/wp-content\/uploads\/2025\/09\/sb6133-agd-768x576.jpg 768w, https:\/\/vdhmachinery.com\/wp-content\/uploads\/2025\/09\/sb6133-agd-1536x1152.jpg 1536w, https:\/\/vdhmachinery.com\/wp-content\/uploads\/2025\/09\/sb6133-agd-2048x1536.jpg 2048w\" sizes=\"auto, (max-width: 1024px) 100vw, 1024px\" \/><\/figure>\n<\/figure>\n\n\n\n<p>Der robuste Starlifter-Unterwagen mit teleskopierbaren Raupen sorgt f\u00fcr maximale Stabilit\u00e4t, selbst auf rauem Gel\u00e4nde oder H\u00e4ngen bis zu 4 Grad. Dank der Pick &amp; Carry-Funktion kann der Kran Lasten bis zu 100 % seiner Kapazit\u00e4t verfahren, was ihn besonders geeignet f\u00fcr den Fertigbau, die Industriemontage und den Tiefbau macht. <\/p>\n\n\n\n<p>F\u00fcr den Maschinisten bietet die ger\u00e4umige Maxcab-Kabine einen sicheren und komfortablen Arbeitsplatz. Standardm\u00e4\u00dfig bis zu 20\u00b0 neigbar, optional hydraulisch bis zu 5,70 Meter erh\u00f6hbar und 30\u00b0 neigbar. Mit Panoramasicht, ger\u00e4uscharmer Isolierung, ergonomischem Sitz, verstellbaren Armlehnen, Klimaanlage und moderner Joystickbedienung wird langandauerndes und pr\u00e4zises Arbeiten unterst\u00fctzt. Gro\u00dfe Fensterfl\u00e4chen sorgen f\u00fcr ausgezeichnete Sicht auf das Arbeitsgel\u00e4nde und erh\u00f6hen die Sicherheit.   <\/p>\n\n\n\n<p>Wartung und Service sind benutzerfreundlich gestaltet. Dank gut zug\u00e4nglicher Servicepunkte, Standardkomponenten und dem SENCON-Besturingssysteem sind Diagnose und Wartung einfach auszuf\u00fchren. Dies erh\u00f6ht die Zuverl\u00e4ssigkeit und verk\u00fcrzt Stillstandzeiten.  <\/p>\n\n\n\n<p>Der Sennebogen 6133 E ist damit die ideale L\u00f6sung f\u00fcr gro\u00df angelegte Hebearbeiten. Seine Kombination aus Kraft, Flexibilit\u00e4t, modernem Komfort und langlebiger Technik macht ihn zu einem zuverl\u00e4ssigen Partner in Industrie, Bau und Tiefbau. <\/p>\n\n","protected":false},"featured_media":2187,"template":"","meta":{"vdh-section-opener":"<!-- wp:paragraph -->\n<p>Mit einer beeindruckenden Tragf\u00e4higkeit von 130 Tonnen und einem Hauptausleger bis zu 52,2 Metern, erweiterbar auf 67 Meter, kombiniert der Sennebogen 6133 E Kraft, Flexibilit\u00e4t und moderne Technologie. Dank seines Selbstmontagesystems und des robusten Raupenfahrwerks ist der 6133 ideal f\u00fcr gro\u00df angelegte und anspruchsvolle Projekte. <\/p>\n<!-- \/wp:paragraph -->","vdh-section-content":"<!-- wp:paragraph -->\n<p><\/p>\n<!-- \/wp:paragraph -->","vdh-section-sidebar":"<!-- wp:paragraph -->\n<p\/>\n<!-- \/wp:paragraph -->","vdh-section-extra-information":"<!-- wp:paragraph -->\n<p\/>\n<!-- \/wp:paragraph -->","vdh-section-pre-footer-left":"<!-- wp:heading -->\n<h2 class=\"wp-block-heading\">Mehr Informationen<\/h2>\n<!-- \/wp:heading -->\n\n<!-- wp:paragraph -->\n<p>Unsere Spezialisten denken gerne mit Ihnen mit \u2013 ob Sie sich auf Leistung, Nachhaltigkeit oder eine spezifische Anwendung konzentrieren. Wir kombinieren technisches Wissen mit praktischer Erfahrung und einer pragmatischen Herangehensweise.  So finden wir gemeinsam die L\u00f6sung, die f\u00fcr Ihre Situation am besten funktioniert.<\/p>\n<!-- \/wp:paragraph -->\n\n<!-- wp:heading {\"level\":3,\"textColor\":\"primary-blue\"} -->\n<h3 class=\"wp-block-heading has-primary-blue-color has-text-color\">Haben Sie Interesse oder eine Frage?<\/h3>\n<!-- \/wp:heading -->\n\n<!-- wp:paragraph -->\n<p>Hinterlassen Sie Ihre Daten und wir nehmen schnell Kontakt mit Ihnen auf.<\/p>\n<!-- \/wp:paragraph -->\n\n<!-- wp:gravityforms\/form {\"formId\":\"1\",\"title\":false,\"description\":false,\"inputPrimaryColor\":\"#204ce5\"} \/-->","vdh-section-pre-footer-right":"<!-- wp:vdh\/employee-block {\"employeeId\":160} \/-->\n\n<!-- wp:vdh\/employee-block {\"employeeId\":161} \/-->","downloadable_documents":[649],"variation_drive_diesel":true,"variation_drive_electric":false,"variation_drive_battery":false,"variation_undercarriage_mobile":false,"variation_undercarriage_track":true,"is_new_product":false,"vdh_order":20},"product_cat":[72],"class_list":["post-3566","product","type-product","status-publish","has-post-thumbnail","hentry","product_cat-teleskopkrane"],"_links":{"self":[{"href":"https:\/\/vdhmachinery.com\/de\/wp-json\/wp\/v2\/product\/3566","targetHints":{"allow":["GET"]}}],"collection":[{"href":"https:\/\/vdhmachinery.com\/de\/wp-json\/wp\/v2\/product"}],"about":[{"href":"https:\/\/vdhmachinery.com\/de\/wp-json\/wp\/v2\/types\/product"}],"wp:featuredmedia":[{"embeddable":true,"href":"https:\/\/vdhmachinery.com\/de\/wp-json\/wp\/v2\/media\/2187"}],"wp:attachment":[{"href":"https:\/\/vdhmachinery.com\/de\/wp-json\/wp\/v2\/media?parent=3566"}],"wp:term":[{"taxonomy":"product_cat","embeddable":true,"href":"https:\/\/vdhmachinery.com\/de\/wp-json\/wp\/v2\/product_cat?post=3566"}],"curies":[{"name":"wp","href":"https:\/\/api.w.org\/{rel}","templated":true}]}}