{"id":3572,"date":"2025-09-12T07:41:51","date_gmt":"2025-09-12T07:41:51","guid":{"rendered":"https:\/\/vdhmachinery.com\/machines\/sennebogen-640e\/"},"modified":"2026-02-03T10:23:26","modified_gmt":"2026-02-03T10:23:26","slug":"sennebogen-640e","status":"publish","type":"product","link":"https:\/\/vdhmachinery.com\/de\/machines\/sennebogen-640e\/","title":{"rendered":"Sennebogen 640e"},"content":{"rendered":"\n\n<h2 class=\"wp-block-heading\"><strong>Kraft und Leistung<\/strong><\/h2>\n\n\n\n<p>Der Sennebogen 640 bietet maximale Leistung bei schweren Eins\u00e4tzen. Mit einem Betriebsgewicht von ca. 40 t und starken Freifallwinden von 12 bis 16 t ist die Maschine f\u00fcr den intensiven Einsatz konzipiert. Das Hydrauliksystem mit drei Pumpen (bis zu 220 l\/min, 330 bar) erm\u00f6glicht gleichzeitige Bewegungen ohne Kapazit\u00e4tsverlust. So bleibt die Produktivit\u00e4t auch unter schwierigen Bedingungen hoch.   <\/p>\n\n\n\n<h2 class=\"wp-block-heading\"><strong>Flexibilit\u00e4t in den Anwendungen<\/strong><\/h2>\n\n\n\n<p>Der Kran ist f\u00fcr eine Vielzahl von Arbeiten einsetzbar, darunter Baggerarbeiten, Fundamentarbeiten und Hebearbeiten. Dank der robusten Auslegerkonstruktion von bis zu 41,1 m und der optionalen festen Spitze von 18 m l\u00e4sst sich die Maschine einfach an spezifische Projekte anpassen. Mit dem hydraulisch verstellbaren Raupenfahrwerk sind Transport und Montage effizient geregelt.  <\/p>\n\n\n\n<figure class=\"wp-block-gallery has-nested-images columns-default is-cropped splide wpcom-gallery wp-block-gallery-1 is-layout-flex wp-block-gallery-is-layout-flex\"><button type='button' class='close-btn'><svg xmlns=\"http:\/\/www.w3.org\/2000\/svg\" viewBox=\"0 0 640 640\"><path fill=\"#ffffff\" d=\"M320 576C461.4 576 576 461.4 576 320C576 178.6 461.4 64 320 64C178.6 64 64 178.6 64 320C64 461.4 178.6 576 320 576zM231 231C240.4 221.6 255.6 221.6 264.9 231L319.9 286L374.9 231C384.3 221.6 399.5 221.6 408.8 231C418.1 240.4 418.2 255.6 408.8 264.9L353.8 319.9L408.8 374.9C418.2 384.3 418.2 399.5 408.8 408.8C399.4 418.1 384.2 418.2 374.9 408.8L319.9 353.8L264.9 408.8C255.5 418.2 240.3 418.2 231 408.8C221.7 399.4 221.6 384.2 231 374.9L286 319.9L231 264.9C221.6 255.5 221.6 240.3 231 231z\"\/><\/svg><\/button><div class='splide__track'><div class='splide__list'> \n<figure class=\"wp-block-image splide__slide size-large\"><img loading=\"lazy\" decoding=\"async\" width=\"1024\" height=\"768\" data-id=\"793\" src=\"https:\/\/vdhmachinery.com\/wp-content\/uploads\/2025\/09\/640_HD__40_t_Seilbagger_mit_Schleppschaufel_Frankreich_2020-1024x768.jpg\" alt=\"Sennebogen 640e an Land\" class=\"wp-image-793\" srcset=\"https:\/\/vdhmachinery.com\/wp-content\/uploads\/2025\/09\/640_HD__40_t_Seilbagger_mit_Schleppschaufel_Frankreich_2020-1024x768.jpg 1024w, https:\/\/vdhmachinery.com\/wp-content\/uploads\/2025\/09\/640_HD__40_t_Seilbagger_mit_Schleppschaufel_Frankreich_2020-300x225.jpg 300w, https:\/\/vdhmachinery.com\/wp-content\/uploads\/2025\/09\/640_HD__40_t_Seilbagger_mit_Schleppschaufel_Frankreich_2020-768x576.jpg 768w, https:\/\/vdhmachinery.com\/wp-content\/uploads\/2025\/09\/640_HD__40_t_Seilbagger_mit_Schleppschaufel_Frankreich_2020-1536x1152.jpg 1536w, https:\/\/vdhmachinery.com\/wp-content\/uploads\/2025\/09\/640_HD__40_t_Seilbagger_mit_Schleppschaufel_Frankreich_2020-2048x1536.jpg 2048w\" sizes=\"auto, (max-width: 1024px) 100vw, 1024px\" \/><\/figure>\n\n\n\n<figure class=\"wp-block-image splide__slide size-large\"><img loading=\"lazy\" decoding=\"async\" width=\"1024\" height=\"768\" data-id=\"787\" src=\"https:\/\/vdhmachinery.com\/wp-content\/uploads\/2025\/09\/640_R_Industrie_Pakistan_Railways_2014_5_-1-1024x768.jpg\" alt=\"Sennebogen 640e bei der Arbeit\" class=\"wp-image-787\" srcset=\"https:\/\/vdhmachinery.com\/wp-content\/uploads\/2025\/09\/640_R_Industrie_Pakistan_Railways_2014_5_-1-1024x768.jpg 1024w, https:\/\/vdhmachinery.com\/wp-content\/uploads\/2025\/09\/640_R_Industrie_Pakistan_Railways_2014_5_-1-300x225.jpg 300w, https:\/\/vdhmachinery.com\/wp-content\/uploads\/2025\/09\/640_R_Industrie_Pakistan_Railways_2014_5_-1-768x576.jpg 768w, https:\/\/vdhmachinery.com\/wp-content\/uploads\/2025\/09\/640_R_Industrie_Pakistan_Railways_2014_5_-1-1536x1152.jpg 1536w, https:\/\/vdhmachinery.com\/wp-content\/uploads\/2025\/09\/640_R_Industrie_Pakistan_Railways_2014_5_-1-2048x1536.jpg 2048w\" sizes=\"auto, (max-width: 1024px) 100vw, 1024px\" \/><\/figure>\n\n\n\n<figure class=\"wp-block-image splide__slide size-large\"><img loading=\"lazy\" decoding=\"async\" width=\"768\" height=\"1024\" data-id=\"790\" src=\"https:\/\/vdhmachinery.com\/wp-content\/uploads\/2025\/09\/640_R_Pylon_Schrottverdichtung_Hafen_Konstanza_Rumaenien2019__26__bearb-768x1024.jpg\" alt=\"Sennebogen 640e auf der Baustelle\" class=\"wp-image-790\" srcset=\"https:\/\/vdhmachinery.com\/wp-content\/uploads\/2025\/09\/640_R_Pylon_Schrottverdichtung_Hafen_Konstanza_Rumaenien2019__26__bearb-768x1024.jpg 768w, https:\/\/vdhmachinery.com\/wp-content\/uploads\/2025\/09\/640_R_Pylon_Schrottverdichtung_Hafen_Konstanza_Rumaenien2019__26__bearb-225x300.jpg 225w, https:\/\/vdhmachinery.com\/wp-content\/uploads\/2025\/09\/640_R_Pylon_Schrottverdichtung_Hafen_Konstanza_Rumaenien2019__26__bearb-1152x1536.jpg 1152w, https:\/\/vdhmachinery.com\/wp-content\/uploads\/2025\/09\/640_R_Pylon_Schrottverdichtung_Hafen_Konstanza_Rumaenien2019__26__bearb-1536x2048.jpg 1536w, https:\/\/vdhmachinery.com\/wp-content\/uploads\/2025\/09\/640_R_Pylon_Schrottverdichtung_Hafen_Konstanza_Rumaenien2019__26__bearb-scaled.jpg 1920w\" sizes=\"auto, (max-width: 768px) 100vw, 768px\" \/><\/figure>\n<\/figure>\n\n\n\n<h2 class=\"wp-block-heading\"><strong>Komfort und Bedienung<\/strong><\/h2>\n\n\n\n<p>Die ergonomische <strong>Maxcab Kabine<\/strong> bietet optimalen Arbeitskomfort mit Klimaanlage, luftgefedertem Sitz und Panoramasicht. F\u00fcr zus\u00e4tzliche Sicherheit sind Optionen wie Panzerglas, Schutzgitter und eine Erh\u00f6hung der Kabine auf bis zu 2,7 m verf\u00fcgbar. Das <strong>SENCON-System<\/strong> unterst\u00fctzt den Maschinisten mit \u00fcbersichtlichen Informationen, einfacher Fehlerdiagnose und automatischen Funktionen f\u00fcr noch mehr Effizienz.  <\/p>\n\n\n\n<h2 class=\"wp-block-heading\"><strong>Haltbarkeit und Wartung<\/strong><\/h2>\n\n\n\n<p>Der <strong>Sennebogen 640 Seilbagger<\/strong> erf\u00fcllt die Stage V-Emissionsnormen und ist mit kraftstoffsparenden Technologien ausgestattet. Die Wartung ist dank zentraler Servicestellen und automatischer Schmiersysteme einfach. Robuste Komponenten und hochwertige Materialien sorgen f\u00fcr eine lange Lebensdauer und niedrige Betriebskosten.  <\/p>\n\n\n\n<h2 class=\"wp-block-heading\"><strong>Wichtigste Spezifikationen<\/strong><\/h2>\n\n\n\n<ul class=\"wp-block-list\">\n<li><strong>Maximales Hubverm\u00f6gen:<\/strong> 40 t<\/li>\n\n\n\n<li><strong>Motor:<\/strong> Cummins B6.7, 186 kW, Stage V<\/li>\n\n\n\n<li><strong>Ausleger:<\/strong> bis zu 41,1 m Hauptausleger, 18 m feste Spitze<\/li>\n\n\n\n<li><strong>Betriebsgewicht:<\/strong> ca. 40 t<\/li>\n\n\n\n<li><strong>Winden:<\/strong> 2 \u00d7 12 \/ 16 t, max. 120\u2013125 m\/min<\/li>\n\n\n\n<li><strong>Hydrauliksystem:<\/strong> 3 \u00d7 220 l\/min, 330 bar<\/li>\n<\/ul>\n\n\n\n<p>Mit seiner Kraft, Vielseitigkeit und Benutzerfreundlichkeit ist der <strong>Sennebogen 640 Seilbagger<\/strong> die ideale Wahl f\u00fcr anspruchsvolle Bau- und Baggerprojekte weltweit.<\/p>\n\n\n<p><\/p>\n","protected":false},"featured_media":2344,"template":"","meta":{"vdh-section-opener":"<!-- wp:paragraph -->\n<p>Der <strong>Sennebogen 640 Seilbagger<\/strong> ist ein leistungsstarker und vielseitiger Raupenkran mit einer Traglast von bis zu 40 t. Ausgestattet mit einem Cummins-Motor mit 186 kW und einem Ausleger bis zu 41,1 m kombiniert diese Maschine Leistung, Haltbarkeit und Flexibilit\u00e4t f\u00fcr die anspruchsvollsten Projekte. <\/p>\n<!-- \/wp:paragraph -->","vdh-section-content":"<!-- wp:paragraph -->\n<p><\/p>\n<!-- \/wp:paragraph -->","vdh-section-sidebar":"<!-- wp:paragraph -->\n<p\/>\n<!-- \/wp:paragraph -->","vdh-section-extra-information":"<!-- wp:paragraph -->\n<p\/>\n<!-- \/wp:paragraph -->","vdh-section-pre-footer-left":"<!-- wp:heading -->\n<h2 class=\"wp-block-heading\">Mehr Informationen<\/h2>\n<!-- \/wp:heading -->\n\n<!-- wp:paragraph -->\n<p>Unsere Spezialisten denken gerne mit Ihnen mit \u2013 ob Sie sich auf Leistung, Nachhaltigkeit oder eine spezifische Anwendung konzentrieren. Wir kombinieren technisches Wissen mit praktischer Erfahrung und einer pragmatischen Herangehensweise.  So finden wir gemeinsam die L\u00f6sung, die f\u00fcr Ihre Situation am besten funktioniert.<\/p>\n<!-- \/wp:paragraph -->\n\n<!-- wp:heading {\"level\":3,\"textColor\":\"primary-blue\"} -->\n<h3 class=\"wp-block-heading has-primary-blue-color has-text-color\">Haben Sie Interesse oder eine Frage?<\/h3>\n<!-- \/wp:heading -->\n\n<!-- wp:paragraph -->\n<p>Hinterlassen Sie Ihre Daten und wir nehmen schnell Kontakt mit Ihnen auf.<\/p>\n<!-- \/wp:paragraph -->\n\n<!-- wp:gravityforms\/form {\"formId\":\"1\",\"title\":false,\"description\":false,\"inputPrimaryColor\":\"#204ce5\"} \/-->","vdh-section-pre-footer-right":"<!-- wp:vdh\/employee-block {\"employeeId\":161} \/-->\n\n<!-- wp:vdh\/employee-block {\"employeeId\":160} \/-->","downloadable_documents":[796,914],"variation_drive_diesel":true,"variation_drive_electric":false,"variation_drive_battery":false,"variation_undercarriage_mobile":false,"variation_undercarriage_track":true,"is_new_product":false,"vdh_order":49},"product_cat":[115],"class_list":["post-3572","product","type-product","status-publish","has-post-thumbnail","hentry","product_cat-krane-mit-arbeitszyklus"],"_links":{"self":[{"href":"https:\/\/vdhmachinery.com\/de\/wp-json\/wp\/v2\/product\/3572","targetHints":{"allow":["GET"]}}],"collection":[{"href":"https:\/\/vdhmachinery.com\/de\/wp-json\/wp\/v2\/product"}],"about":[{"href":"https:\/\/vdhmachinery.com\/de\/wp-json\/wp\/v2\/types\/product"}],"wp:featuredmedia":[{"embeddable":true,"href":"https:\/\/vdhmachinery.com\/de\/wp-json\/wp\/v2\/media\/2344"}],"wp:attachment":[{"href":"https:\/\/vdhmachinery.com\/de\/wp-json\/wp\/v2\/media?parent=3572"}],"wp:term":[{"taxonomy":"product_cat","embeddable":true,"href":"https:\/\/vdhmachinery.com\/de\/wp-json\/wp\/v2\/product_cat?post=3572"}],"curies":[{"name":"wp","href":"https:\/\/api.w.org\/{rel}","templated":true}]}}