{"id":3577,"date":"2025-08-15T07:32:46","date_gmt":"2025-08-15T07:32:46","guid":{"rendered":"https:\/\/vdhmachinery.com\/machines\/vdh-mp70\/"},"modified":"2026-02-03T10:21:20","modified_gmt":"2026-02-03T10:21:20","slug":"vdh-mp70","status":"publish","type":"product","link":"https:\/\/vdhmachinery.com\/de\/machines\/vdh-mp70\/","title":{"rendered":"VDH-MP70"},"content":{"rendered":"\n\n<p>Ein weiterer Vorteil des Zahnstangensystems ist, dass es die Schnellwechselplatte an der Vorderseite des M\u00e4klers antreibt. Dank dieses Schnellwechselsystems kann das Ausr\u00fcstungsteil einfach gewechselt werden: vom Druckblock zum Rammb\u00e4r und Bohrkasten. <\/p>\n\n\n\n<p>Bei der Entwicklung dieser Maschine ist Van den Heuvel \u00fcber den Zeichentisch hinausgegangen. Um alle W\u00fcnsche und Anforderungen aus dem Markt bestm\u00f6glich zu erf\u00fcllen, hat Van den Heuvel sowohl Kunden als auch Monteure in den Prozess einbezogen. Dadurch ist die Maschine f\u00fcr alle Beteiligten optimal eingerichtet.  <\/p>\n\n\n\n<figure class=\"wp-block-gallery has-nested-images columns-default is-cropped splide wpcom-gallery wp-block-gallery-1 is-layout-flex wp-block-gallery-is-layout-flex\"><button type='button' class='close-btn'><svg xmlns=\"http:\/\/www.w3.org\/2000\/svg\" viewBox=\"0 0 640 640\"><path fill=\"#ffffff\" d=\"M320 576C461.4 576 576 461.4 576 320C576 178.6 461.4 64 320 64C178.6 64 64 178.6 64 320C64 461.4 178.6 576 320 576zM231 231C240.4 221.6 255.6 221.6 264.9 231L319.9 286L374.9 231C384.3 221.6 399.5 221.6 408.8 231C418.1 240.4 418.2 255.6 408.8 264.9L353.8 319.9L408.8 374.9C418.2 384.3 418.2 399.5 408.8 408.8C399.4 418.1 384.2 418.2 374.9 408.8L319.9 353.8L264.9 408.8C255.5 418.2 240.3 418.2 231 408.8C221.7 399.4 221.6 384.2 231 374.9L286 319.9L231 264.9C221.6 255.5 221.6 240.3 231 231z\"\/><\/svg><\/button><div class='splide__track'><div class='splide__list'> \n<figure class=\"wp-block-image splide__slide size-large\"><img loading=\"lazy\" decoding=\"async\" width=\"768\" height=\"1024\" data-id=\"1354\" src=\"https:\/\/vdhmachinery.com\/wp-content\/uploads\/2025\/08\/img_0242-768x1024.jpeg\" alt=\"VDH-MP70 Nahaufnahme\" class=\"wp-image-1354\" srcset=\"https:\/\/vdhmachinery.com\/wp-content\/uploads\/2025\/08\/img_0242-768x1024.jpeg 768w, https:\/\/vdhmachinery.com\/wp-content\/uploads\/2025\/08\/img_0242-225x300.jpeg 225w, https:\/\/vdhmachinery.com\/wp-content\/uploads\/2025\/08\/img_0242-1152x1536.jpeg 1152w, https:\/\/vdhmachinery.com\/wp-content\/uploads\/2025\/08\/img_0242.jpeg 1500w\" sizes=\"auto, (max-width: 768px) 100vw, 768px\" \/><\/figure>\n\n\n\n<figure class=\"wp-block-image splide__slide size-large\"><img loading=\"lazy\" decoding=\"async\" width=\"768\" height=\"1024\" data-id=\"1351\" src=\"https:\/\/vdhmachinery.com\/wp-content\/uploads\/2025\/08\/fclf0209-768x1024.jpg\" alt=\"VDH-MP70 auf der Werkstatt\" class=\"wp-image-1351\" srcset=\"https:\/\/vdhmachinery.com\/wp-content\/uploads\/2025\/08\/fclf0209-768x1024.jpg 768w, https:\/\/vdhmachinery.com\/wp-content\/uploads\/2025\/08\/fclf0209-225x300.jpg 225w, https:\/\/vdhmachinery.com\/wp-content\/uploads\/2025\/08\/fclf0209-1152x1536.jpg 1152w, https:\/\/vdhmachinery.com\/wp-content\/uploads\/2025\/08\/fclf0209.jpg 1512w\" sizes=\"auto, (max-width: 768px) 100vw, 768px\" \/><\/figure>\n\n\n\n<figure class=\"wp-block-image splide__slide size-large\"><img loading=\"lazy\" decoding=\"async\" width=\"768\" height=\"1024\" data-id=\"1348\" src=\"https:\/\/vdhmachinery.com\/wp-content\/uploads\/2025\/08\/dfpm8858-768x1024.jpg\" alt=\"VDH-MP70 Nahaufnahme Bohrer\" class=\"wp-image-1348\" srcset=\"https:\/\/vdhmachinery.com\/wp-content\/uploads\/2025\/08\/dfpm8858-768x1024.jpg 768w, https:\/\/vdhmachinery.com\/wp-content\/uploads\/2025\/08\/dfpm8858-225x300.jpg 225w, https:\/\/vdhmachinery.com\/wp-content\/uploads\/2025\/08\/dfpm8858-1152x1536.jpg 1152w, https:\/\/vdhmachinery.com\/wp-content\/uploads\/2025\/08\/dfpm8858.jpg 1512w\" sizes=\"auto, (max-width: 768px) 100vw, 768px\" \/><\/figure>\n\n\n\n<figure class=\"wp-block-image splide__slide size-large\"><img loading=\"lazy\" decoding=\"async\" width=\"1024\" height=\"678\" data-id=\"1345\" src=\"https:\/\/vdhmachinery.com\/wp-content\/uploads\/2025\/08\/dsc0011-1024x678.jpg\" alt=\"VDH-MP70 Seite\" class=\"wp-image-1345\" srcset=\"https:\/\/vdhmachinery.com\/wp-content\/uploads\/2025\/08\/dsc0011-1024x678.jpg 1024w, https:\/\/vdhmachinery.com\/wp-content\/uploads\/2025\/08\/dsc0011-300x199.jpg 300w, https:\/\/vdhmachinery.com\/wp-content\/uploads\/2025\/08\/dsc0011-768x509.jpg 768w, https:\/\/vdhmachinery.com\/wp-content\/uploads\/2025\/08\/dsc0011-1536x1017.jpg 1536w, https:\/\/vdhmachinery.com\/wp-content\/uploads\/2025\/08\/dsc0011-2048x1356.jpg 2048w\" sizes=\"auto, (max-width: 1024px) 100vw, 1024px\" \/><\/figure>\n<\/figure>\n\n\n\n<p>Der hohe Wirkungsgrad der Maschine wird durch die Zuverl\u00e4ssigkeit und Qualit\u00e4t der verwendeten Marken, Materialien und Teile erreicht. Der MP70 hat einen schweren Motor und gro\u00dfe Pumpen, also viel Leistung und viel \u00d6l f\u00fcr den Antrieb der Anbauteile. <\/p>\n\n\n\n<h3 class=\"wp-block-heading\">Vorteile des VDH-MP70<\/h3>\n\n\n\n<p>\u2022 Vielseitig einsetzbar, modular aufgebaut<br\/>\u2022 Flexibel in der M\u00e4kl\u00e4nge (bis zu 29 Meter)<br\/>\u2022 Spezielles Zahnstangen- und Schnellwechselsystem<br\/>\u2022 Hoher Wirkungsgrad, gro\u00dfe Stabilit\u00e4t<br\/>\u2022 Hydraulisch verstellbarer Unterwagen<br\/>\u2022 Effiziente und sichere Bedienung<br\/>\u2022 CE-zertifiziert und entspricht der Fundamentnorm NEN-EN 16228<\/p>\n\n","protected":false},"featured_media":1446,"template":"","meta":{"vdh-section-opener":"<!-- wp:paragraph -->\n<p>Der MP70 ist flexibel in der M\u00e4kl\u00e4nge und den Anbauteilen und somit vielseitig einsetzbar. Das liegt daran, dass der MP70 mit einem speziellen M\u00e4kler ausgestattet ist, der \u00fcber ein Zahnstangensystem verf\u00fcgt. Der gro\u00dfe Vorteil dabei ist, dass keine Winden mehr ben\u00f6tigt werden und der M\u00e4kler einfach gek\u00fcrzt werden kann.  <\/p>\n<!-- \/wp:paragraph -->","vdh-section-content":"<!-- wp:paragraph -->\n<p><\/p>\n<!-- \/wp:paragraph -->","vdh-section-sidebar":"<!-- wp:paragraph -->\n<p\/>\n<!-- \/wp:paragraph -->","vdh-section-extra-information":"<!-- wp:paragraph -->\n<p\/>\n<!-- \/wp:paragraph -->","vdh-section-pre-footer-left":"<!-- wp:heading -->\n<h2 class=\"wp-block-heading\">Mehr Informationen<\/h2>\n<!-- \/wp:heading -->\n\n<!-- wp:paragraph -->\n<p>Unsere Spezialisten denken gerne mit Ihnen mit \u2013 ob Sie sich auf Leistung, Nachhaltigkeit oder eine spezifische Anwendung konzentrieren. Wir kombinieren technisches Wissen mit praktischer Erfahrung und einer n\u00fcchternen Herangehensweise. So kommen wir gemeinsam zu der L\u00f6sung, die f\u00fcr Ihre Situation am besten funktioniert.  <\/p>\n<!-- \/wp:paragraph -->\n\n<!-- wp:heading {\"level\":3,\"textColor\":\"primary-blue\"} -->\n<h3 class=\"wp-block-heading has-primary-blue-color has-text-color\">Haben Sie Interesse oder eine Frage?<\/h3>\n<!-- \/wp:heading -->\n\n<!-- wp:paragraph -->\n<p>Hinterlassen Sie Ihre Daten und wir nehmen schnell Kontakt mit Ihnen auf.<\/p>\n<!-- \/wp:paragraph -->\n\n<!-- wp:gravityforms\/form {\"formId\":\"1\",\"title\":false,\"description\":false,\"inputPrimaryColor\":\"#204ce5\"} \/-->","vdh-section-pre-footer-right":"<!-- wp:vdh\/employee-block {\"employeeId\":162} \/-->","downloadable_documents":[2072,2069],"variation_drive_diesel":false,"variation_drive_electric":false,"variation_drive_battery":false,"variation_undercarriage_mobile":false,"variation_undercarriage_track":false,"is_new_product":false,"vdh_order":40},"product_cat":[111],"class_list":["post-3577","product","type-product","status-publish","has-post-thumbnail","hentry","product_cat-vdh-mehrzweckmaschinen"],"_links":{"self":[{"href":"https:\/\/vdhmachinery.com\/de\/wp-json\/wp\/v2\/product\/3577","targetHints":{"allow":["GET"]}}],"collection":[{"href":"https:\/\/vdhmachinery.com\/de\/wp-json\/wp\/v2\/product"}],"about":[{"href":"https:\/\/vdhmachinery.com\/de\/wp-json\/wp\/v2\/types\/product"}],"wp:featuredmedia":[{"embeddable":true,"href":"https:\/\/vdhmachinery.com\/de\/wp-json\/wp\/v2\/media\/1446"}],"wp:attachment":[{"href":"https:\/\/vdhmachinery.com\/de\/wp-json\/wp\/v2\/media?parent=3577"}],"wp:term":[{"taxonomy":"product_cat","embeddable":true,"href":"https:\/\/vdhmachinery.com\/de\/wp-json\/wp\/v2\/product_cat?post=3577"}],"curies":[{"name":"wp","href":"https:\/\/api.w.org\/{rel}","templated":true}]}}