{"id":3580,"date":"2025-08-15T07:34:09","date_gmt":"2025-08-15T07:34:09","guid":{"rendered":"https:\/\/vdhmachinery.com\/machines\/vdh-mp70-tc\/"},"modified":"2026-02-03T10:21:20","modified_gmt":"2026-02-03T10:21:20","slug":"vdh-mp70-tc","status":"publish","type":"product","link":"https:\/\/vdhmachinery.com\/de\/machines\/vdh-mp70-tc\/","title":{"rendered":"VDH-MP70 TC"},"content":{"rendered":"\n\n<p>Jedes Projekt ist einzigartig und hat seine eigenen Fundamentanforderungen. Unsere eigene Linie modular aufgebauter Mehrzweckmaschinen ist vielseitig einsetzbar bei verschiedenen Gr\u00fcndungsarbeiten wie Bohren, Dr\u00fccken, Vibrieren und Rammen. Mit einem Gewicht von 93 t und einer Leistung von 598 kW ist der MP70 TC die gr\u00f6\u00dfere Version der zuvor gebauten MP40 und MP60. Die Abk\u00fcrzung TC steht f\u00fcr Tool Carrier, was bedeutet, dass die Basismaschine nach Wunsch mit verschiedenen Ausr\u00fcstungsteilen ausgestattet wird. In diesem Fall ist die Maschine in der Lage zu bohren, zu rammen oder zu vibrieren.    <\/p>\n\n\n\n<figure class=\"wp-block-gallery has-nested-images columns-default is-cropped splide wpcom-gallery wp-block-gallery-1 is-layout-flex wp-block-gallery-is-layout-flex\"><button type='button' class='close-btn'><svg xmlns=\"http:\/\/www.w3.org\/2000\/svg\" viewBox=\"0 0 640 640\"><path fill=\"#ffffff\" d=\"M320 576C461.4 576 576 461.4 576 320C576 178.6 461.4 64 320 64C178.6 64 64 178.6 64 320C64 461.4 178.6 576 320 576zM231 231C240.4 221.6 255.6 221.6 264.9 231L319.9 286L374.9 231C384.3 221.6 399.5 221.6 408.8 231C418.1 240.4 418.2 255.6 408.8 264.9L353.8 319.9L408.8 374.9C418.2 384.3 418.2 399.5 408.8 408.8C399.4 418.1 384.2 418.2 374.9 408.8L319.9 353.8L264.9 408.8C255.5 418.2 240.3 418.2 231 408.8C221.7 399.4 221.6 384.2 231 374.9L286 319.9L231 264.9C221.6 255.5 221.6 240.3 231 231z\"\/><\/svg><\/button><div class='splide__track'><div class='splide__list'> \n<figure class=\"wp-block-image splide__slide size-large\"><img loading=\"lazy\" decoding=\"async\" width=\"1024\" height=\"678\" data-id=\"1379\" src=\"https:\/\/vdhmachinery.com\/wp-content\/uploads\/2025\/08\/DSC0013-kopie-1024x678.jpg\" alt=\"VDH-MP70 TC im Kanal\" class=\"wp-image-1379\" srcset=\"https:\/\/vdhmachinery.com\/wp-content\/uploads\/2025\/08\/DSC0013-kopie-1024x678.jpg 1024w, https:\/\/vdhmachinery.com\/wp-content\/uploads\/2025\/08\/DSC0013-kopie-300x199.jpg 300w, https:\/\/vdhmachinery.com\/wp-content\/uploads\/2025\/08\/DSC0013-kopie-768x509.jpg 768w, https:\/\/vdhmachinery.com\/wp-content\/uploads\/2025\/08\/DSC0013-kopie-1536x1017.jpg 1536w, https:\/\/vdhmachinery.com\/wp-content\/uploads\/2025\/08\/DSC0013-kopie-2048x1356.jpg 2048w\" sizes=\"auto, (max-width: 1024px) 100vw, 1024px\" \/><\/figure>\n\n\n\n<figure class=\"wp-block-image splide__slide size-large\"><img loading=\"lazy\" decoding=\"async\" width=\"1024\" height=\"678\" data-id=\"1383\" src=\"https:\/\/vdhmachinery.com\/wp-content\/uploads\/2025\/08\/DSC0029-1024x678.jpg\" alt=\"VDH-MP70 TC bei der Arbeit im Kanal\" class=\"wp-image-1383\" srcset=\"https:\/\/vdhmachinery.com\/wp-content\/uploads\/2025\/08\/DSC0029-1024x678.jpg 1024w, https:\/\/vdhmachinery.com\/wp-content\/uploads\/2025\/08\/DSC0029-300x199.jpg 300w, https:\/\/vdhmachinery.com\/wp-content\/uploads\/2025\/08\/DSC0029-768x509.jpg 768w, https:\/\/vdhmachinery.com\/wp-content\/uploads\/2025\/08\/DSC0029-1536x1017.jpg 1536w, https:\/\/vdhmachinery.com\/wp-content\/uploads\/2025\/08\/DSC0029-2048x1356.jpg 2048w\" sizes=\"auto, (max-width: 1024px) 100vw, 1024px\" \/><\/figure>\n\n\n\n<figure class=\"wp-block-image splide__slide size-large\"><img loading=\"lazy\" decoding=\"async\" width=\"1024\" height=\"678\" data-id=\"1374\" src=\"https:\/\/vdhmachinery.com\/wp-content\/uploads\/2025\/08\/DSC0064-1024x678.jpg\" alt=\"VDH-MP70 TC Nahaufnahme\" class=\"wp-image-1374\" srcset=\"https:\/\/vdhmachinery.com\/wp-content\/uploads\/2025\/08\/DSC0064-1024x678.jpg 1024w, https:\/\/vdhmachinery.com\/wp-content\/uploads\/2025\/08\/DSC0064-300x199.jpg 300w, https:\/\/vdhmachinery.com\/wp-content\/uploads\/2025\/08\/DSC0064-768x509.jpg 768w, https:\/\/vdhmachinery.com\/wp-content\/uploads\/2025\/08\/DSC0064-1536x1017.jpg 1536w, https:\/\/vdhmachinery.com\/wp-content\/uploads\/2025\/08\/DSC0064-2048x1356.jpg 2048w\" sizes=\"auto, (max-width: 1024px) 100vw, 1024px\" \/><\/figure>\n\n\n\n<figure class=\"wp-block-image splide__slide size-large\"><img loading=\"lazy\" decoding=\"async\" width=\"1024\" height=\"574\" data-id=\"1377\" src=\"https:\/\/vdhmachinery.com\/wp-content\/uploads\/2025\/08\/DSC0069-1-1024x574.jpg\" alt=\"VDH-MP70 TC\" class=\"wp-image-1377\" srcset=\"https:\/\/vdhmachinery.com\/wp-content\/uploads\/2025\/08\/DSC0069-1-1024x574.jpg 1024w, https:\/\/vdhmachinery.com\/wp-content\/uploads\/2025\/08\/DSC0069-1-300x168.jpg 300w, https:\/\/vdhmachinery.com\/wp-content\/uploads\/2025\/08\/DSC0069-1-768x431.jpg 768w, https:\/\/vdhmachinery.com\/wp-content\/uploads\/2025\/08\/DSC0069-1-1536x861.jpg 1536w, https:\/\/vdhmachinery.com\/wp-content\/uploads\/2025\/08\/DSC0069-1-2048x1148.jpg 2048w\" sizes=\"auto, (max-width: 1024px) 100vw, 1024px\" \/><\/figure>\n<\/figure>\n\n\n\n<p>Der MP70 TC hat ein Gewicht von 93 t und eine Leistung von 598 kW. Der Unterwagen ist hydraulisch ausfahrbar und der 15-t-Ballast in 2 Teile zerlegbar. Dadurch ist die Maschine leichter und kompakter im Transport.  <\/p>\n\n\n\n<h2 class=\"wp-block-heading\">Die Vorteile des VDH-MP70 TC<\/h2>\n\n\n\n<ul class=\"wp-block-list\">\n<li>Vielseitig einsetzbar, modular aufgebaut<\/li>\n\n\n\n<li>Hoher Wirkungsgrad, gro\u00dfe Stabilit\u00e4t<\/li>\n\n\n\n<li>Hydraulisch verstellbarer Unterwagen<\/li>\n\n\n\n<li>Effiziente und sichere Bedienung<\/li>\n\n\n\n<li>CE-zertifiziert und entspricht der Fundamentnorm NEN-EN 16228<\/li>\n<\/ul>\n\n","protected":false},"featured_media":1443,"template":"","meta":{"vdh-section-opener":"<!-- wp:paragraph -->\n<p>Der MP70 TC wurde auf Basis des MP70 entwickelt. Beim Tool Carrier wurden jedoch der Schiebetisch und die Abst\u00fctzzylinder durch einen Sitz an der Vorderseite der Maschine ersetzt, an dem 3 Hubzylinder montiert sind. Dadurch ist die Maschine f\u00fcr andere Arbeiten geeignet als mit einem M\u00e4kler.  <\/p>\n<!-- \/wp:paragraph -->","vdh-section-content":"<!-- wp:paragraph -->\n<p><\/p>\n<!-- \/wp:paragraph -->","vdh-section-sidebar":"<!-- wp:paragraph -->\n<p\/>\n<!-- \/wp:paragraph -->","vdh-section-extra-information":"<!-- wp:paragraph -->\n<p\/>\n<!-- \/wp:paragraph -->","vdh-section-pre-footer-left":"<!-- wp:heading -->\n<h2 class=\"wp-block-heading\">Mehr Informationen<\/h2>\n<!-- \/wp:heading -->\n\n<!-- wp:paragraph -->\n<p>Unsere Spezialisten denken gerne mit Ihnen mit \u2013 ob Sie sich auf Leistung, Nachhaltigkeit oder eine spezifische Anwendung konzentrieren. Wir kombinieren technisches Wissen mit praktischer Erfahrung und einer n\u00fcchternen Herangehensweise. So kommen wir gemeinsam zu der L\u00f6sung, die f\u00fcr Ihre Situation am besten funktioniert.  <\/p>\n<!-- \/wp:paragraph -->\n\n<!-- wp:heading {\"level\":3,\"textColor\":\"primary-blue\"} -->\n<h3 class=\"wp-block-heading has-primary-blue-color has-text-color\">Haben Sie Interesse oder eine Frage?<\/h3>\n<!-- \/wp:heading -->\n\n<!-- wp:paragraph -->\n<p>Hinterlassen Sie Ihre Daten und wir nehmen schnell Kontakt mit Ihnen auf.<\/p>\n<!-- \/wp:paragraph -->\n\n<!-- wp:gravityforms\/form {\"formId\":\"1\",\"title\":false,\"description\":false,\"inputPrimaryColor\":\"#204ce5\"} \/-->","vdh-section-pre-footer-right":"<!-- wp:vdh\/employee-block {\"employeeId\":162} \/-->\n\n<!-- wp:vdh\/employee-block {\"employeeId\":159} \/-->","downloadable_documents":[2075,2069],"variation_drive_diesel":false,"variation_drive_electric":false,"variation_drive_battery":false,"variation_undercarriage_mobile":false,"variation_undercarriage_track":false,"is_new_product":false,"vdh_order":35},"product_cat":[111],"class_list":["post-3580","product","type-product","status-publish","has-post-thumbnail","hentry","product_cat-vdh-mehrzweckmaschinen"],"_links":{"self":[{"href":"https:\/\/vdhmachinery.com\/de\/wp-json\/wp\/v2\/product\/3580","targetHints":{"allow":["GET"]}}],"collection":[{"href":"https:\/\/vdhmachinery.com\/de\/wp-json\/wp\/v2\/product"}],"about":[{"href":"https:\/\/vdhmachinery.com\/de\/wp-json\/wp\/v2\/types\/product"}],"wp:featuredmedia":[{"embeddable":true,"href":"https:\/\/vdhmachinery.com\/de\/wp-json\/wp\/v2\/media\/1443"}],"wp:attachment":[{"href":"https:\/\/vdhmachinery.com\/de\/wp-json\/wp\/v2\/media?parent=3580"}],"wp:term":[{"taxonomy":"product_cat","embeddable":true,"href":"https:\/\/vdhmachinery.com\/de\/wp-json\/wp\/v2\/product_cat?post=3580"}],"curies":[{"name":"wp","href":"https:\/\/api.w.org\/{rel}","templated":true}]}}