{"id":3582,"date":"2025-08-15T06:31:37","date_gmt":"2025-08-15T06:31:37","guid":{"rendered":"https:\/\/vdhmachinery.com\/machines\/vdh-mp60\/"},"modified":"2026-02-03T10:21:20","modified_gmt":"2026-02-03T10:21:20","slug":"vdh-mp60","status":"publish","type":"product","link":"https:\/\/vdhmachinery.com\/de\/machines\/vdh-mp60\/","title":{"rendered":"VDH-MP60"},"content":{"rendered":"\n\n<p>Der MP60 wird als 60-Tonnen-Basismaschine gebaut und eignet sich hervorragend zum Rammen von Pf\u00e4hlen und Verdr\u00e4ngungsbohren, zum Bohren von M\u00f6rtelschraubpf\u00e4hlen und zum Vibrieren von Minivibropf\u00e4hlen. Bei der Entwicklung dieser Maschine ist Van den Heuvel \u00fcber den Zeichentisch hinausgegangen. Um alle W\u00fcnsche und Anforderungen des Marktes bestm\u00f6glich zu erf\u00fcllen, hat Van den Heuvel sowohl Kunden als auch Monteure in den Prozess einbezogen. Dadurch ist die Maschine f\u00fcr alle Beteiligten optimal eingerichtet.   <\/p>\n\n\n\n<p>Der hohe Wirkungsgrad der Maschine wird durch die Zuverl\u00e4ssigkeit und Qualit\u00e4t der verwendeten Marken, Materialien und Komponenten erreicht. Der MP60 wurde mit einer Leidenschaft f\u00fcr technische Innovationen gebaut. So passt er optimal zur Arbeitsweise des Kunden, f\u00fcr mehr Effizienz und Effektivit\u00e4t.  <\/p>\n\n\n\n<figure class=\"wp-block-gallery has-nested-images columns-default is-cropped splide wpcom-gallery wp-block-gallery-1 is-layout-flex wp-block-gallery-is-layout-flex\"><button type='button' class='close-btn'><svg xmlns=\"http:\/\/www.w3.org\/2000\/svg\" viewBox=\"0 0 640 640\"><path fill=\"#ffffff\" d=\"M320 576C461.4 576 576 461.4 576 320C576 178.6 461.4 64 320 64C178.6 64 64 178.6 64 320C64 461.4 178.6 576 320 576zM231 231C240.4 221.6 255.6 221.6 264.9 231L319.9 286L374.9 231C384.3 221.6 399.5 221.6 408.8 231C418.1 240.4 418.2 255.6 408.8 264.9L353.8 319.9L408.8 374.9C418.2 384.3 418.2 399.5 408.8 408.8C399.4 418.1 384.2 418.2 374.9 408.8L319.9 353.8L264.9 408.8C255.5 418.2 240.3 418.2 231 408.8C221.7 399.4 221.6 384.2 231 374.9L286 319.9L231 264.9C221.6 255.5 221.6 240.3 231 231z\"\/><\/svg><\/button><div class='splide__track'><div class='splide__list'> \n<figure class=\"wp-block-image splide__slide size-large\"><img loading=\"lazy\" decoding=\"async\" width=\"678\" height=\"1024\" data-id=\"469\" src=\"https:\/\/vdhmachinery.com\/wp-content\/uploads\/2025\/08\/DSC0114-678x1024.jpg\" alt=\"VDH-MP60 schr&#xE4;ge R&#xFC;ckseite\" class=\"wp-image-469\" srcset=\"https:\/\/vdhmachinery.com\/wp-content\/uploads\/2025\/08\/DSC0114-678x1024.jpg 678w, https:\/\/vdhmachinery.com\/wp-content\/uploads\/2025\/08\/DSC0114-199x300.jpg 199w, https:\/\/vdhmachinery.com\/wp-content\/uploads\/2025\/08\/DSC0114-768x1160.jpg 768w, https:\/\/vdhmachinery.com\/wp-content\/uploads\/2025\/08\/DSC0114-1017x1536.jpg 1017w, https:\/\/vdhmachinery.com\/wp-content\/uploads\/2025\/08\/DSC0114-1356x2048.jpg 1356w, https:\/\/vdhmachinery.com\/wp-content\/uploads\/2025\/08\/DSC0114-scaled.jpg 1696w\" sizes=\"auto, (max-width: 678px) 100vw, 678px\" \/><\/figure>\n\n\n\n<figure class=\"wp-block-image splide__slide size-large\"><img loading=\"lazy\" decoding=\"async\" width=\"852\" height=\"1024\" data-id=\"467\" src=\"https:\/\/vdhmachinery.com\/wp-content\/uploads\/2025\/08\/1e-machineMP60-De-Waal-852x1024.jpg\" alt=\"VDH-MP60 Seite\" class=\"wp-image-467\" srcset=\"https:\/\/vdhmachinery.com\/wp-content\/uploads\/2025\/08\/1e-machineMP60-De-Waal-852x1024.jpg 852w, https:\/\/vdhmachinery.com\/wp-content\/uploads\/2025\/08\/1e-machineMP60-De-Waal-250x300.jpg 250w, https:\/\/vdhmachinery.com\/wp-content\/uploads\/2025\/08\/1e-machineMP60-De-Waal-768x923.jpg 768w, https:\/\/vdhmachinery.com\/wp-content\/uploads\/2025\/08\/1e-machineMP60-De-Waal-1278x1536.jpg 1278w, https:\/\/vdhmachinery.com\/wp-content\/uploads\/2025\/08\/1e-machineMP60-De-Waal-1704x2048.jpg 1704w\" sizes=\"auto, (max-width: 852px) 100vw, 852px\" \/><\/figure>\n\n\n\n<figure class=\"wp-block-image splide__slide size-large\"><img loading=\"lazy\" decoding=\"async\" width=\"946\" height=\"1024\" data-id=\"463\" src=\"https:\/\/vdhmachinery.com\/wp-content\/uploads\/2025\/08\/1e-MP60-Van-Berlo-946x1024.jpg\" alt=\"VDH-MP60 in der Werkstatt schr&#xE4;g\" class=\"wp-image-463\" srcset=\"https:\/\/vdhmachinery.com\/wp-content\/uploads\/2025\/08\/1e-MP60-Van-Berlo-946x1024.jpg 946w, https:\/\/vdhmachinery.com\/wp-content\/uploads\/2025\/08\/1e-MP60-Van-Berlo-277x300.jpg 277w, https:\/\/vdhmachinery.com\/wp-content\/uploads\/2025\/08\/1e-MP60-Van-Berlo-768x832.jpg 768w, https:\/\/vdhmachinery.com\/wp-content\/uploads\/2025\/08\/1e-MP60-Van-Berlo-1419x1536.jpg 1419w, https:\/\/vdhmachinery.com\/wp-content\/uploads\/2025\/08\/1e-MP60-Van-Berlo-1891x2048.jpg 1891w\" sizes=\"auto, (max-width: 946px) 100vw, 946px\" \/><\/figure>\n\n\n\n<figure class=\"wp-block-image splide__slide size-large\"><img loading=\"lazy\" decoding=\"async\" width=\"683\" height=\"1024\" data-id=\"461\" src=\"https:\/\/vdhmachinery.com\/wp-content\/uploads\/2025\/08\/2e-MP60-De-Waal-683x1024.jpg\" alt=\"VDH-MP60 schr&#xE4;g hinten\" class=\"wp-image-461\" srcset=\"https:\/\/vdhmachinery.com\/wp-content\/uploads\/2025\/08\/2e-MP60-De-Waal-683x1024.jpg 683w, https:\/\/vdhmachinery.com\/wp-content\/uploads\/2025\/08\/2e-MP60-De-Waal-200x300.jpg 200w, https:\/\/vdhmachinery.com\/wp-content\/uploads\/2025\/08\/2e-MP60-De-Waal-768x1152.jpg 768w, https:\/\/vdhmachinery.com\/wp-content\/uploads\/2025\/08\/2e-MP60-De-Waal-1024x1536.jpg 1024w, https:\/\/vdhmachinery.com\/wp-content\/uploads\/2025\/08\/2e-MP60-De-Waal-1365x2048.jpg 1365w, https:\/\/vdhmachinery.com\/wp-content\/uploads\/2025\/08\/2e-MP60-De-Waal-scaled.jpg 1707w\" sizes=\"auto, (max-width: 683px) 100vw, 683px\" \/><\/figure>\n\n\n\n<figure class=\"wp-block-image splide__slide size-large\"><img loading=\"lazy\" decoding=\"async\" width=\"768\" height=\"1024\" data-id=\"465\" src=\"https:\/\/vdhmachinery.com\/wp-content\/uploads\/2025\/08\/20180711_120354-768x1024.jpg\" alt=\"VDH-MP60 hinten\" class=\"wp-image-465\" srcset=\"https:\/\/vdhmachinery.com\/wp-content\/uploads\/2025\/08\/20180711_120354-768x1024.jpg 768w, https:\/\/vdhmachinery.com\/wp-content\/uploads\/2025\/08\/20180711_120354-225x300.jpg 225w, https:\/\/vdhmachinery.com\/wp-content\/uploads\/2025\/08\/20180711_120354-1152x1536.jpg 1152w, https:\/\/vdhmachinery.com\/wp-content\/uploads\/2025\/08\/20180711_120354-1536x2048.jpg 1536w, https:\/\/vdhmachinery.com\/wp-content\/uploads\/2025\/08\/20180711_120354-scaled.jpg 1920w\" sizes=\"auto, (max-width: 768px) 100vw, 768px\" \/><\/figure>\n\n\n\n<figure class=\"wp-block-image splide__slide size-large\"><img loading=\"lazy\" decoding=\"async\" width=\"1024\" height=\"576\" data-id=\"473\" src=\"https:\/\/vdhmachinery.com\/wp-content\/uploads\/2025\/08\/DJI_0099-1024x576.jpg\" alt=\"VDH-MP60 von oben\" class=\"wp-image-473\" srcset=\"https:\/\/vdhmachinery.com\/wp-content\/uploads\/2025\/08\/DJI_0099-1024x576.jpg 1024w, https:\/\/vdhmachinery.com\/wp-content\/uploads\/2025\/08\/DJI_0099-300x169.jpg 300w, https:\/\/vdhmachinery.com\/wp-content\/uploads\/2025\/08\/DJI_0099-768x432.jpg 768w, https:\/\/vdhmachinery.com\/wp-content\/uploads\/2025\/08\/DJI_0099-1536x864.jpg 1536w, https:\/\/vdhmachinery.com\/wp-content\/uploads\/2025\/08\/DJI_0099-2048x1152.jpg 2048w\" sizes=\"auto, (max-width: 1024px) 100vw, 1024px\" \/><\/figure>\n\n\n\n<figure class=\"wp-block-image splide__slide size-large\"><img loading=\"lazy\" decoding=\"async\" width=\"1024\" height=\"576\" data-id=\"475\" src=\"https:\/\/vdhmachinery.com\/wp-content\/uploads\/2025\/08\/DJI_0131-1024x576.jpg\" alt=\"\" class=\"wp-image-475\" srcset=\"https:\/\/vdhmachinery.com\/wp-content\/uploads\/2025\/08\/DJI_0131-1024x576.jpg 1024w, https:\/\/vdhmachinery.com\/wp-content\/uploads\/2025\/08\/DJI_0131-300x169.jpg 300w, https:\/\/vdhmachinery.com\/wp-content\/uploads\/2025\/08\/DJI_0131-768x432.jpg 768w, https:\/\/vdhmachinery.com\/wp-content\/uploads\/2025\/08\/DJI_0131-1536x864.jpg 1536w, https:\/\/vdhmachinery.com\/wp-content\/uploads\/2025\/08\/DJI_0131-2048x1152.jpg 2048w\" sizes=\"auto, (max-width: 1024px) 100vw, 1024px\" \/><\/figure>\n\n\n\n<figure class=\"wp-block-image splide__slide size-large\"><img loading=\"lazy\" decoding=\"async\" width=\"678\" height=\"1024\" data-id=\"471\" src=\"https:\/\/vdhmachinery.com\/wp-content\/uploads\/2025\/08\/DSC_0003-678x1024.jpg\" alt=\"VDH-MP60 auf Gewerbegebiet\" class=\"wp-image-471\" srcset=\"https:\/\/vdhmachinery.com\/wp-content\/uploads\/2025\/08\/DSC_0003-678x1024.jpg 678w, https:\/\/vdhmachinery.com\/wp-content\/uploads\/2025\/08\/DSC_0003-199x300.jpg 199w, https:\/\/vdhmachinery.com\/wp-content\/uploads\/2025\/08\/DSC_0003-768x1160.jpg 768w, https:\/\/vdhmachinery.com\/wp-content\/uploads\/2025\/08\/DSC_0003-1017x1536.jpg 1017w, https:\/\/vdhmachinery.com\/wp-content\/uploads\/2025\/08\/DSC_0003-1356x2048.jpg 1356w, https:\/\/vdhmachinery.com\/wp-content\/uploads\/2025\/08\/DSC_0003-scaled.jpg 1696w\" sizes=\"auto, (max-width: 678px) 100vw, 678px\" \/><\/figure>\n\n\n\n<figure class=\"wp-block-image splide__slide size-large\"><img loading=\"lazy\" decoding=\"async\" width=\"1024\" height=\"683\" data-id=\"485\" src=\"https:\/\/vdhmachinery.com\/wp-content\/uploads\/2025\/08\/Van-den-Heuvel-MP6017-1024x683.jpg\" alt=\"VDH-MP60 Bedienelemente\" class=\"wp-image-485\" srcset=\"https:\/\/vdhmachinery.com\/wp-content\/uploads\/2025\/08\/Van-den-Heuvel-MP6017-1024x683.jpg 1024w, https:\/\/vdhmachinery.com\/wp-content\/uploads\/2025\/08\/Van-den-Heuvel-MP6017-300x200.jpg 300w, https:\/\/vdhmachinery.com\/wp-content\/uploads\/2025\/08\/Van-den-Heuvel-MP6017-768x512.jpg 768w, https:\/\/vdhmachinery.com\/wp-content\/uploads\/2025\/08\/Van-den-Heuvel-MP6017-1536x1024.jpg 1536w, https:\/\/vdhmachinery.com\/wp-content\/uploads\/2025\/08\/Van-den-Heuvel-MP6017-2048x1365.jpg 2048w\" sizes=\"auto, (max-width: 1024px) 100vw, 1024px\" \/><\/figure>\n\n\n\n<figure class=\"wp-block-image splide__slide size-large\"><img loading=\"lazy\" decoding=\"async\" width=\"1024\" height=\"683\" data-id=\"481\" src=\"https:\/\/vdhmachinery.com\/wp-content\/uploads\/2025\/08\/Van-den-Heuvel-MP6060-1024x683.jpg\" alt=\"VDH-MP60 von unten\" class=\"wp-image-481\" srcset=\"https:\/\/vdhmachinery.com\/wp-content\/uploads\/2025\/08\/Van-den-Heuvel-MP6060-1024x683.jpg 1024w, https:\/\/vdhmachinery.com\/wp-content\/uploads\/2025\/08\/Van-den-Heuvel-MP6060-300x200.jpg 300w, https:\/\/vdhmachinery.com\/wp-content\/uploads\/2025\/08\/Van-den-Heuvel-MP6060-768x512.jpg 768w, https:\/\/vdhmachinery.com\/wp-content\/uploads\/2025\/08\/Van-den-Heuvel-MP6060-1536x1024.jpg 1536w, https:\/\/vdhmachinery.com\/wp-content\/uploads\/2025\/08\/Van-den-Heuvel-MP6060-2048x1365.jpg 2048w\" sizes=\"auto, (max-width: 1024px) 100vw, 1024px\" \/><\/figure>\n\n\n\n<figure class=\"wp-block-image splide__slide size-large\"><img loading=\"lazy\" decoding=\"async\" width=\"683\" height=\"1024\" data-id=\"495\" src=\"https:\/\/vdhmachinery.com\/wp-content\/uploads\/2025\/08\/Van-den-Heuvel-MP6074-683x1024.jpg\" alt=\"VDH-MP60 von oben \" class=\"wp-image-495\" srcset=\"https:\/\/vdhmachinery.com\/wp-content\/uploads\/2025\/08\/Van-den-Heuvel-MP6074-683x1024.jpg 683w, https:\/\/vdhmachinery.com\/wp-content\/uploads\/2025\/08\/Van-den-Heuvel-MP6074-200x300.jpg 200w, https:\/\/vdhmachinery.com\/wp-content\/uploads\/2025\/08\/Van-den-Heuvel-MP6074-768x1152.jpg 768w, https:\/\/vdhmachinery.com\/wp-content\/uploads\/2025\/08\/Van-den-Heuvel-MP6074-1024x1536.jpg 1024w, https:\/\/vdhmachinery.com\/wp-content\/uploads\/2025\/08\/Van-den-Heuvel-MP6074-1365x2048.jpg 1365w, https:\/\/vdhmachinery.com\/wp-content\/uploads\/2025\/08\/Van-den-Heuvel-MP6074-scaled.jpg 1707w\" sizes=\"auto, (max-width: 683px) 100vw, 683px\" \/><\/figure>\n\n\n\n<figure class=\"wp-block-image splide__slide size-large\"><img loading=\"lazy\" decoding=\"async\" width=\"683\" height=\"1024\" data-id=\"493\" src=\"https:\/\/vdhmachinery.com\/wp-content\/uploads\/2025\/08\/Van-den-Heuvel-MP6090-683x1024.jpg\" alt=\"VDH-MP60 St&#xFC;tze\" class=\"wp-image-493\" srcset=\"https:\/\/vdhmachinery.com\/wp-content\/uploads\/2025\/08\/Van-den-Heuvel-MP6090-683x1024.jpg 683w, https:\/\/vdhmachinery.com\/wp-content\/uploads\/2025\/08\/Van-den-Heuvel-MP6090-200x300.jpg 200w, https:\/\/vdhmachinery.com\/wp-content\/uploads\/2025\/08\/Van-den-Heuvel-MP6090-768x1152.jpg 768w, https:\/\/vdhmachinery.com\/wp-content\/uploads\/2025\/08\/Van-den-Heuvel-MP6090-1024x1536.jpg 1024w, https:\/\/vdhmachinery.com\/wp-content\/uploads\/2025\/08\/Van-den-Heuvel-MP6090-1365x2048.jpg 1365w, https:\/\/vdhmachinery.com\/wp-content\/uploads\/2025\/08\/Van-den-Heuvel-MP6090-scaled.jpg 1707w\" sizes=\"auto, (max-width: 683px) 100vw, 683px\" \/><\/figure>\n\n\n\n<figure class=\"wp-block-image splide__slide size-large\"><img loading=\"lazy\" decoding=\"async\" width=\"683\" height=\"1024\" data-id=\"491\" src=\"https:\/\/vdhmachinery.com\/wp-content\/uploads\/2025\/08\/Van-den-Heuvel-MP60163-683x1024.jpg\" alt=\"VDH-MP60 Seite in der Werkstatt\" class=\"wp-image-491\" srcset=\"https:\/\/vdhmachinery.com\/wp-content\/uploads\/2025\/08\/Van-den-Heuvel-MP60163-683x1024.jpg 683w, https:\/\/vdhmachinery.com\/wp-content\/uploads\/2025\/08\/Van-den-Heuvel-MP60163-200x300.jpg 200w, https:\/\/vdhmachinery.com\/wp-content\/uploads\/2025\/08\/Van-den-Heuvel-MP60163-768x1152.jpg 768w, https:\/\/vdhmachinery.com\/wp-content\/uploads\/2025\/08\/Van-den-Heuvel-MP60163-1024x1536.jpg 1024w, https:\/\/vdhmachinery.com\/wp-content\/uploads\/2025\/08\/Van-den-Heuvel-MP60163-1365x2048.jpg 1365w, https:\/\/vdhmachinery.com\/wp-content\/uploads\/2025\/08\/Van-den-Heuvel-MP60163-scaled.jpg 1707w\" sizes=\"auto, (max-width: 683px) 100vw, 683px\" \/><\/figure>\n\n\n\n<figure class=\"wp-block-image splide__slide size-large\"><img loading=\"lazy\" decoding=\"async\" width=\"683\" height=\"1024\" data-id=\"483\" src=\"https:\/\/vdhmachinery.com\/wp-content\/uploads\/2025\/08\/Van-den-Heuvel-MP60175-683x1024.jpg\" alt=\"VDH-MP60 Oberseite\" class=\"wp-image-483\" srcset=\"https:\/\/vdhmachinery.com\/wp-content\/uploads\/2025\/08\/Van-den-Heuvel-MP60175-683x1024.jpg 683w, https:\/\/vdhmachinery.com\/wp-content\/uploads\/2025\/08\/Van-den-Heuvel-MP60175-200x300.jpg 200w, https:\/\/vdhmachinery.com\/wp-content\/uploads\/2025\/08\/Van-den-Heuvel-MP60175-768x1152.jpg 768w, https:\/\/vdhmachinery.com\/wp-content\/uploads\/2025\/08\/Van-den-Heuvel-MP60175-1024x1536.jpg 1024w, https:\/\/vdhmachinery.com\/wp-content\/uploads\/2025\/08\/Van-den-Heuvel-MP60175-1365x2048.jpg 1365w, https:\/\/vdhmachinery.com\/wp-content\/uploads\/2025\/08\/Van-den-Heuvel-MP60175-scaled.jpg 1707w\" sizes=\"auto, (max-width: 683px) 100vw, 683px\" \/><\/figure>\n\n\n\n<figure class=\"wp-block-image splide__slide size-large\"><img loading=\"lazy\" decoding=\"async\" width=\"768\" height=\"1024\" data-id=\"479\" src=\"https:\/\/vdhmachinery.com\/wp-content\/uploads\/2025\/08\/Van-den-Heuvel-MP60198-768x1024.jpg\" alt=\"VDH-MP60 gesamt in der Werkstatt\" class=\"wp-image-479\" srcset=\"https:\/\/vdhmachinery.com\/wp-content\/uploads\/2025\/08\/Van-den-Heuvel-MP60198-768x1024.jpg 768w, https:\/\/vdhmachinery.com\/wp-content\/uploads\/2025\/08\/Van-den-Heuvel-MP60198-225x300.jpg 225w, https:\/\/vdhmachinery.com\/wp-content\/uploads\/2025\/08\/Van-den-Heuvel-MP60198-1152x1536.jpg 1152w, https:\/\/vdhmachinery.com\/wp-content\/uploads\/2025\/08\/Van-den-Heuvel-MP60198-1536x2048.jpg 1536w, https:\/\/vdhmachinery.com\/wp-content\/uploads\/2025\/08\/Van-den-Heuvel-MP60198-scaled.jpg 1920w\" sizes=\"auto, (max-width: 768px) 100vw, 768px\" \/><\/figure>\n\n\n\n<figure class=\"wp-block-image splide__slide size-large\"><img loading=\"lazy\" decoding=\"async\" width=\"1024\" height=\"678\" data-id=\"477\" src=\"https:\/\/vdhmachinery.com\/wp-content\/uploads\/2025\/08\/VDH_MP60_DeWaal-1024x678.jpg\" alt=\"VDH-MP60 Seite\" class=\"wp-image-477\" srcset=\"https:\/\/vdhmachinery.com\/wp-content\/uploads\/2025\/08\/VDH_MP60_DeWaal-1024x678.jpg 1024w, https:\/\/vdhmachinery.com\/wp-content\/uploads\/2025\/08\/VDH_MP60_DeWaal-300x199.jpg 300w, https:\/\/vdhmachinery.com\/wp-content\/uploads\/2025\/08\/VDH_MP60_DeWaal-768x509.jpg 768w, https:\/\/vdhmachinery.com\/wp-content\/uploads\/2025\/08\/VDH_MP60_DeWaal-1536x1017.jpg 1536w, https:\/\/vdhmachinery.com\/wp-content\/uploads\/2025\/08\/VDH_MP60_DeWaal-2048x1356.jpg 2048w\" sizes=\"auto, (max-width: 1024px) 100vw, 1024px\" \/><\/figure>\n<\/figure>\n\n\n\n<p>Die modular aufgebaute Mehrzweckmaschine dient als solide Basis und ist vollst\u00e4ndig flexibel nach Kundenwunsch vorzubereiten und zu automatisieren. So kann innerhalb der Standardkomponenten in Bezug auf Motorleistung, Pumpe, M\u00e4kler und Ballast variiert werden. <\/p>\n\n\n\n<figure class=\"wp-block-embed is-type-video is-provider-youtube wp-block-embed-youtube wp-embed-aspect-16-9 wp-has-aspect-ratio\"><div class=\"wp-block-embed__wrapper\">\n<iframe loading=\"lazy\" title=\"VDH-MP60 | Multipurpose funderingsmachine \/ foundation machine\" width=\"500\" height=\"281\" src=\"https:\/\/www.youtube.com\/embed\/fwh72dJ36BA?feature=oembed\" frameborder=\"0\" allow=\"accelerometer; autoplay; clipboard-write; encrypted-media; gyroscope; picture-in-picture; web-share\" referrerpolicy=\"strict-origin-when-cross-origin\" allowfullscreen><\/iframe>\n<\/div><\/figure>\n\n\n\n<h2 class=\"wp-block-heading\">Die Vorteile des VDH-MP60<\/h2>\n\n\n\n<ul class=\"wp-block-list\">\n<li>Vielseitig einsetzbar<\/li>\n\n\n\n<li>Modular aufgebaut<\/li>\n\n\n\n<li>Hoher Wirkungsgrad<\/li>\n\n\n\n<li>Hydraulisch verstellbarer Unterwagen<\/li>\n\n\n\n<li>Kompakt beim Transport (3.200 mm bei 3.525 mm)<\/li>\n\n\n\n<li>Effiziente und sichere Bedienung<\/li>\n\n\n\n<li>CE-zertifiziert und entspricht der Fundamentnorm NEN-EN 16228<\/li>\n<\/ul>\n\n","protected":false},"featured_media":2414,"template":"","meta":{"vdh-section-opener":"<!-- wp:paragraph -->\n<p>Der VDH-MP60 wurde urspr\u00fcnglich auf der Grundlage einer spezifischen Kundenanfrage entwickelt. Van den Heuvel hat die Maschine zur heutigen Basismaschine weiterentwickelt. Danach folgten die MP40 und MP70, basierend auf dem Erfolg des MP60.  <\/p>\n<!-- \/wp:paragraph -->","vdh-section-content":"<!-- wp:paragraph -->\n<p><\/p>\n<!-- \/wp:paragraph -->","vdh-section-sidebar":"<!-- wp:paragraph -->\n<p\/>\n<!-- \/wp:paragraph -->","vdh-section-extra-information":"<!-- wp:paragraph -->\n<p\/>\n<!-- \/wp:paragraph -->","vdh-section-pre-footer-left":"<!-- wp:heading -->\n<h2 class=\"wp-block-heading\">Mehr Informationen<\/h2>\n<!-- \/wp:heading -->\n\n<!-- wp:paragraph -->\n<p>Unsere Spezialisten denken gerne mit Ihnen mit \u2013 ob Sie sich auf Leistung, Nachhaltigkeit oder eine spezifische Anwendung konzentrieren. Wir kombinieren technisches Wissen mit praktischer Erfahrung und einer n\u00fcchternen Herangehensweise. So kommen wir gemeinsam zu der L\u00f6sung, die f\u00fcr Ihre Situation am besten funktioniert.  <\/p>\n<!-- \/wp:paragraph -->\n\n<!-- wp:heading {\"level\":3,\"textColor\":\"primary-blue\"} -->\n<h3 class=\"wp-block-heading has-primary-blue-color has-text-color\">Haben Sie Interesse oder eine Frage?<\/h3>\n<!-- \/wp:heading -->\n\n<!-- wp:paragraph -->\n<p>Hinterlassen Sie Ihre Daten und wir nehmen schnell Kontakt mit Ihnen auf.<\/p>\n<!-- \/wp:paragraph -->\n\n<!-- wp:gravityforms\/form {\"formId\":\"1\",\"title\":false,\"description\":false,\"inputPrimaryColor\":\"#204ce5\"} \/-->","vdh-section-pre-footer-right":"<!-- wp:vdh\/employee-block {\"employeeId\":160} \/-->\n\n<!-- wp:vdh\/employee-block {\"employeeId\":103} \/-->","downloadable_documents":[2083],"variation_drive_diesel":false,"variation_drive_electric":false,"variation_drive_battery":false,"variation_undercarriage_mobile":false,"variation_undercarriage_track":false,"is_new_product":false,"vdh_order":45},"product_cat":[111],"class_list":["post-3582","product","type-product","status-publish","has-post-thumbnail","hentry","product_cat-vdh-mehrzweckmaschinen"],"_links":{"self":[{"href":"https:\/\/vdhmachinery.com\/de\/wp-json\/wp\/v2\/product\/3582","targetHints":{"allow":["GET"]}}],"collection":[{"href":"https:\/\/vdhmachinery.com\/de\/wp-json\/wp\/v2\/product"}],"about":[{"href":"https:\/\/vdhmachinery.com\/de\/wp-json\/wp\/v2\/types\/product"}],"wp:featuredmedia":[{"embeddable":true,"href":"https:\/\/vdhmachinery.com\/de\/wp-json\/wp\/v2\/media\/2414"}],"wp:attachment":[{"href":"https:\/\/vdhmachinery.com\/de\/wp-json\/wp\/v2\/media?parent=3582"}],"wp:term":[{"taxonomy":"product_cat","embeddable":true,"href":"https:\/\/vdhmachinery.com\/de\/wp-json\/wp\/v2\/product_cat?post=3582"}],"curies":[{"name":"wp","href":"https:\/\/api.w.org\/{rel}","templated":true}]}}