{"id":3608,"date":"2025-09-03T08:45:41","date_gmt":"2025-09-03T08:45:41","guid":{"rendered":"https:\/\/vdhmachinery.com\/machines\/sennebogen-6103e\/"},"modified":"2026-02-09T13:35:51","modified_gmt":"2026-02-09T13:35:51","slug":"sennebogen-6103e","status":"publish","type":"product","link":"https:\/\/vdhmachinery.com\/de\/machines\/sennebogen-6103e\/","title":{"rendered":"Sennebogen 6103e"},"content":{"rendered":"\n\n\n\n<p>Der Sennebogen 6103 ist einer der leistungsst\u00e4rksten und vielseitigsten Teleskopkrane seiner Klasse. Mit einer beeindruckenden Traglast von 100 t und einem Hauptausleger von 47 m \u2013 erweiterbar auf maximal 62 m \u2013 bietet die Maschine eine enorme Arbeitsh\u00f6he und Reichweite. Der Pin-Ausleger erm\u00f6glicht es, den Ausleger auf jeder L\u00e4nge unter Last zu teleskopieren. Dies sorgt daf\u00fcr, dass der Maschinist schnell und effizient arbeiten kann, ohne vorher L\u00e4ngen einstellen zu m\u00fcssen, was die Produktivit\u00e4t erheblich erh\u00f6ht.   <\/p>\n\n\n\n<p>Das Raupenfahrwerk ist teleskopierbar und bietet damit sowohl maximale Stabilit\u00e4t w\u00e4hrend des Betriebs als auch kompakte Transportabmessungen. In schmaler Position ist der Kran nur 3,5 m breit oder ohne Raupentr\u00e4ger 3 m, was den Transport \u00fcber die Stra\u00dfe erleichtert. Dank des innovativen Selbstmontagesystems kann der Kran selbstst\u00e4ndig den Ballast und die Raupen (de-)montieren, wodurch er in kurzer Zeit betriebsbereit ist.  <\/p>\n\n\n\n<figure class=\"wp-block-gallery has-nested-images columns-default is-cropped splide wpcom-gallery wp-block-gallery-1 is-layout-flex wp-block-gallery-is-layout-flex\"><button type='button' class='close-btn'><svg xmlns=\"http:\/\/www.w3.org\/2000\/svg\" viewBox=\"0 0 640 640\"><path fill=\"#ffffff\" d=\"M320 576C461.4 576 576 461.4 576 320C576 178.6 461.4 64 320 64C178.6 64 64 178.6 64 320C64 461.4 178.6 576 320 576zM231 231C240.4 221.6 255.6 221.6 264.9 231L319.9 286L374.9 231C384.3 221.6 399.5 221.6 408.8 231C418.1 240.4 418.2 255.6 408.8 264.9L353.8 319.9L408.8 374.9C418.2 384.3 418.2 399.5 408.8 408.8C399.4 418.1 384.2 418.2 374.9 408.8L319.9 353.8L264.9 408.8C255.5 418.2 240.3 418.2 231 408.8C221.7 399.4 221.6 384.2 231 374.9L286 319.9L231 264.9C221.6 255.5 221.6 240.3 231 231z\"\/><\/svg><\/button><div class='splide__track'><div class='splide__list'> \n<figure class=\"wp-block-image splide__slide size-large\"><img loading=\"lazy\" decoding=\"async\" width=\"768\" height=\"1024\" data-id=\"628\" src=\"https:\/\/vdhmachinery.com\/wp-content\/uploads\/2025\/09\/img_3878-768x1024.jpg\" alt=\"Sennebogen 6103e Seitenansicht\" class=\"wp-image-628\" srcset=\"https:\/\/vdhmachinery.com\/wp-content\/uploads\/2025\/09\/img_3878-768x1024.jpg 768w, https:\/\/vdhmachinery.com\/wp-content\/uploads\/2025\/09\/img_3878-225x300.jpg 225w, https:\/\/vdhmachinery.com\/wp-content\/uploads\/2025\/09\/img_3878-1152x1536.jpg 1152w, https:\/\/vdhmachinery.com\/wp-content\/uploads\/2025\/09\/img_3878-1536x2048.jpg 1536w, https:\/\/vdhmachinery.com\/wp-content\/uploads\/2025\/09\/img_3878-scaled.jpg 1920w\" sizes=\"auto, (max-width: 768px) 100vw, 768px\" \/><\/figure>\n\n\n\n<figure class=\"wp-block-image splide__slide size-large\"><img loading=\"lazy\" decoding=\"async\" width=\"768\" height=\"1024\" data-id=\"626\" src=\"https:\/\/vdhmachinery.com\/wp-content\/uploads\/2025\/09\/img_1985-768x1024.jpg\" alt=\"Sennebogen 6103e bei der Arbeit\" class=\"wp-image-626\" srcset=\"https:\/\/vdhmachinery.com\/wp-content\/uploads\/2025\/09\/img_1985-768x1024.jpg 768w, https:\/\/vdhmachinery.com\/wp-content\/uploads\/2025\/09\/img_1985-225x300.jpg 225w, https:\/\/vdhmachinery.com\/wp-content\/uploads\/2025\/09\/img_1985-1152x1536.jpg 1152w, https:\/\/vdhmachinery.com\/wp-content\/uploads\/2025\/09\/img_1985-1536x2048.jpg 1536w, https:\/\/vdhmachinery.com\/wp-content\/uploads\/2025\/09\/img_1985-scaled.jpg 1920w\" sizes=\"auto, (max-width: 768px) 100vw, 768px\" \/><\/figure>\n\n\n\n<figure class=\"wp-block-image splide__slide size-large\"><img loading=\"lazy\" decoding=\"async\" width=\"1024\" height=\"683\" data-id=\"624\" src=\"https:\/\/vdhmachinery.com\/wp-content\/uploads\/2025\/09\/100_t_raupen_teleskopkran__sennebogen_6103_e__deutschland__1_-1024x683.jpg\" alt=\"Sennebogen 6103e Seitenansicht\" class=\"wp-image-624\" srcset=\"https:\/\/vdhmachinery.com\/wp-content\/uploads\/2025\/09\/100_t_raupen_teleskopkran__sennebogen_6103_e__deutschland__1_-1024x683.jpg 1024w, https:\/\/vdhmachinery.com\/wp-content\/uploads\/2025\/09\/100_t_raupen_teleskopkran__sennebogen_6103_e__deutschland__1_-300x200.jpg 300w, https:\/\/vdhmachinery.com\/wp-content\/uploads\/2025\/09\/100_t_raupen_teleskopkran__sennebogen_6103_e__deutschland__1_-768x512.jpg 768w, https:\/\/vdhmachinery.com\/wp-content\/uploads\/2025\/09\/100_t_raupen_teleskopkran__sennebogen_6103_e__deutschland__1_-1536x1024.jpg 1536w, https:\/\/vdhmachinery.com\/wp-content\/uploads\/2025\/09\/100_t_raupen_teleskopkran__sennebogen_6103_e__deutschland__1_-2048x1366.jpg 2048w\" sizes=\"auto, (max-width: 1024px) 100vw, 1024px\" \/><\/figure>\n<\/figure>\n\n\n\n<p>Die Kabine, die komfortable Maxcab, bietet dem Maschinisten einen sicheren und ergonomischen Arbeitsplatz. Standardm\u00e4\u00dfig ist die Kabine 20\u00b0 neigbar; optional kann sie hydraulisch bis 5,65 m H\u00f6he gebracht und 30\u00b0 geneigt werden. Mit einem Panoramablick, einer Klimaanlage, einem verstellbaren Sitz und einer intuitiven Joystickbedienung ist ein langes und konzentriertes Arbeiten garantiert.  <\/p>\n\n\n\n<p>Der Sennebogen 6103 ist zudem f\u00fcr Pick &amp; Carry-Anwendungen konzipiert und kann Lasten bis zu 65 t bei einem Radius von 6 m verfahren. Dies macht ihn besonders geeignet f\u00fcr gro\u00dfe Baustellen, Fertigteilmontage und schwere Industrieprojekte. Dank der robusten Konstruktion, der leistungsstarken Winden und einem fortschrittlichen Hydrauliksystem ist die Maschine zuverl\u00e4ssig und langlebig im Einsatz. Die Wartung wird durch gut zug\u00e4ngliche Servicepunkte und das SENCON-Besturingssysteem, das Diagnose und \u00dcberwachung unterst\u00fctzt, vereinfacht.   <\/p>\n\n\n\n<p>Kurzum: Der Sennebogen 6103 ist ein echtes Kraftpaket, das Flexibilit\u00e4t, Leistung und Benutzerfreundlichkeit kombiniert. Ob Tiefbau, industrielles Heben oder komplexe Bauprojekte: Dieser Kran liefert Tag f\u00fcr Tag H\u00f6chstleistungen und maximale Zuverl\u00e4ssigkeit. <\/p>\n\n\n\n\n\n\n\n\n\n","protected":false},"featured_media":2202,"template":"","meta":{"vdh-section-opener":"<!-- wp:paragraph -->\n<p>Der Sennebogen 6103 ist ein Teleskop-raupenkran mit einer Traglast von 100 t. Dank des kraftvollen Pin-Auslegers, der flexiblen Konfigurationsm\u00f6glichkeiten und des innovativen Selbstmontagesystems ist dieser Kran schnell einsatzbereit, zuverl\u00e4ssig und f\u00fcr schwerste Hebearbeiten im Bauwesen, in der Industrie und im Tiefbau geeignet.<\/p>\n<!-- \/wp:paragraph -->","vdh-section-content":"<!-- wp:paragraph -->\n<p><\/p>\n<!-- \/wp:paragraph -->","vdh-section-sidebar":"<!-- wp:paragraph -->\n<p\/>\n<!-- \/wp:paragraph -->","vdh-section-extra-information":"<!-- wp:paragraph -->\n<p\/>\n<!-- \/wp:paragraph -->","vdh-section-pre-footer-left":"<!-- wp:heading -->\n<h2 class=\"wp-block-heading\">Mehr Informationen<\/h2>\n<!-- \/wp:heading -->\n\n<!-- wp:paragraph -->\n<p>Unsere Spezialisten denken gerne mit Ihnen mit \u2013 ob Sie sich auf Leistung, Nachhaltigkeit oder eine spezifische Anwendung konzentrieren. Wir kombinieren technisches Wissen mit praktischer Erfahrung und einer pragmatischen Herangehensweise.  So finden wir gemeinsam die L\u00f6sung, die f\u00fcr Ihre Situation am besten funktioniert.<\/p>\n<!-- \/wp:paragraph -->\n\n<!-- wp:heading {\"level\":3,\"textColor\":\"primary-blue\"} -->\n<h3 class=\"wp-block-heading has-primary-blue-color has-text-color\">Haben Sie Interesse oder eine Frage?<\/h3>\n<!-- \/wp:heading -->\n\n<!-- wp:paragraph -->\n<p>Hinterlassen Sie Ihre Daten und wir nehmen schnell Kontakt mit Ihnen auf.<\/p>\n<!-- \/wp:paragraph -->\n\n<!-- wp:gravityforms\/form {\"formId\":\"1\",\"title\":false,\"description\":false,\"inputPrimaryColor\":\"#204ce5\"} \/-->","vdh-section-pre-footer-right":"<!-- wp:vdh\/employee-block {\"employeeId\":160} \/-->\n\n<!-- wp:vdh\/employee-block {\"employeeId\":161} \/-->","downloadable_documents":[1138],"variation_drive_diesel":true,"variation_drive_electric":false,"variation_drive_battery":false,"variation_undercarriage_mobile":false,"variation_undercarriage_track":true,"is_new_product":false,"vdh_order":35},"product_cat":[72],"class_list":["post-3608","product","type-product","status-publish","has-post-thumbnail","hentry","product_cat-teleskopkrane"],"_links":{"self":[{"href":"https:\/\/vdhmachinery.com\/de\/wp-json\/wp\/v2\/product\/3608","targetHints":{"allow":["GET"]}}],"collection":[{"href":"https:\/\/vdhmachinery.com\/de\/wp-json\/wp\/v2\/product"}],"about":[{"href":"https:\/\/vdhmachinery.com\/de\/wp-json\/wp\/v2\/types\/product"}],"wp:featuredmedia":[{"embeddable":true,"href":"https:\/\/vdhmachinery.com\/de\/wp-json\/wp\/v2\/media\/2202"}],"wp:attachment":[{"href":"https:\/\/vdhmachinery.com\/de\/wp-json\/wp\/v2\/media?parent=3608"}],"wp:term":[{"taxonomy":"product_cat","embeddable":true,"href":"https:\/\/vdhmachinery.com\/de\/wp-json\/wp\/v2\/product_cat?post=3608"}],"curies":[{"name":"wp","href":"https:\/\/api.w.org\/{rel}","templated":true}]}}