{"id":3613,"date":"2025-09-12T08:32:06","date_gmt":"2025-09-12T08:32:06","guid":{"rendered":"https:\/\/vdhmachinery.com\/machines\/sennebogen-6300e\/"},"modified":"2026-02-09T13:42:22","modified_gmt":"2026-02-09T13:42:22","slug":"sennebogen-6300e","status":"publish","type":"product","link":"https:\/\/vdhmachinery.com\/de\/machines\/sennebogen-6300e\/","title":{"rendered":"Sennebogen 6300e"},"content":{"rendered":"\n\n<h2 class=\"wp-block-heading\"><strong>Pure Kraft und Kapazit\u00e4t<\/strong><\/h2>\n\n\n\n<p>Der Sennebogen 6300 Seilbagger ist f\u00fcr extreme Belastungen ausgelegt. Mit einem Betriebsgewicht von bis zu 315 t und Motorvarianten von 570, 708 oder 840 kW liefert diese Maschine H\u00f6chstleistungen. Die Traglast von 300 t macht ihn geeignet f\u00fcr schwerste Tiefbauarbeiten, Offshore-Projekte und gro\u00dfe Baggerarbeiten. Dank des Vierkreis-Hydrauliksystems k\u00f6nnen mehrere Bewegungen gleichzeitig und energieeffizient ausgef\u00fchrt werden.   <\/p>\n\n\n\n<p><strong>Winden und Hubkraft<\/strong><\/p>\n\n\n\n<p>Die kraftvollen Winden liefern Zugkr\u00e4fte von 350 bis 450 kN und nutzen breite Trommeln mit Lebus-Rillen f\u00fcr minimalen Verschlei\u00df und maximale Lebensdauer. Freifall- und Synchronisationsoptionen sorgen f\u00fcr einen sicheren, effizienten und vielseitigen Einsatz in Greiferanwendungen. <\/p>\n\n\n\n<h2 class=\"wp-block-heading\"><strong>Anwendungen und Flexibilit\u00e4t<\/strong><\/h2>\n\n\n\n<p>Der Sennebogen 6300 Seilbagger l\u00e4sst sich einfach an unterschiedlichste Anwendungen anpassen. Von schweren Greifern bis hin zu Gr\u00fcndungsarbeiten, Hebeanwendungen und Baggerarbeiten: Die Maschine bietet immer maximale Effizienz. Optionen wie eine Auslegerrolle, automatische Greiferbef\u00fcllung und Tagline-Winde erh\u00f6hen die Produktivit\u00e4t und senken die Wartungskosten.  <\/p>\n\n\n\n<figure class=\"wp-block-gallery has-nested-images columns-default is-cropped splide wpcom-gallery wp-block-gallery-1 is-layout-flex wp-block-gallery-is-layout-flex\"><button type='button' class='close-btn'><svg xmlns=\"http:\/\/www.w3.org\/2000\/svg\" viewBox=\"0 0 640 640\"><path fill=\"#ffffff\" d=\"M320 576C461.4 576 576 461.4 576 320C576 178.6 461.4 64 320 64C178.6 64 64 178.6 64 320C64 461.4 178.6 576 320 576zM231 231C240.4 221.6 255.6 221.6 264.9 231L319.9 286L374.9 231C384.3 221.6 399.5 221.6 408.8 231C418.1 240.4 418.2 255.6 408.8 264.9L353.8 319.9L408.8 374.9C418.2 384.3 418.2 399.5 408.8 408.8C399.4 418.1 384.2 418.2 374.9 408.8L319.9 353.8L264.9 408.8C255.5 418.2 240.3 418.2 231 408.8C221.7 399.4 221.6 384.2 231 374.9L286 319.9L231 264.9C221.6 255.5 221.6 240.3 231 231z\"\/><\/svg><\/button><div class='splide__track'><div class='splide__list'> \n<figure class=\"wp-block-image splide__slide size-large\"><img loading=\"lazy\" decoding=\"async\" width=\"1024\" height=\"591\" data-id=\"899\" src=\"https:\/\/vdhmachinery.com\/wp-content\/uploads\/2025\/09\/6300_R_HD_Abbruch_mit_Kugel_OElkraftwerk_Porto_Tolle_IT_2023__1_-2-1024x591.jpg\" alt=\"Sennebogen 6300e von oben auf dem Werksgel&#xE4;nde\" class=\"wp-image-899\" srcset=\"https:\/\/vdhmachinery.com\/wp-content\/uploads\/2025\/09\/6300_R_HD_Abbruch_mit_Kugel_OElkraftwerk_Porto_Tolle_IT_2023__1_-2-1024x591.jpg 1024w, https:\/\/vdhmachinery.com\/wp-content\/uploads\/2025\/09\/6300_R_HD_Abbruch_mit_Kugel_OElkraftwerk_Porto_Tolle_IT_2023__1_-2-300x173.jpg 300w, https:\/\/vdhmachinery.com\/wp-content\/uploads\/2025\/09\/6300_R_HD_Abbruch_mit_Kugel_OElkraftwerk_Porto_Tolle_IT_2023__1_-2-768x443.jpg 768w, https:\/\/vdhmachinery.com\/wp-content\/uploads\/2025\/09\/6300_R_HD_Abbruch_mit_Kugel_OElkraftwerk_Porto_Tolle_IT_2023__1_-2-1536x887.jpg 1536w, https:\/\/vdhmachinery.com\/wp-content\/uploads\/2025\/09\/6300_R_HD_Abbruch_mit_Kugel_OElkraftwerk_Porto_Tolle_IT_2023__1_-2-2048x1182.jpg 2048w\" sizes=\"auto, (max-width: 1024px) 100vw, 1024px\" \/><\/figure>\n\n\n\n<figure class=\"wp-block-image splide__slide size-large\"><img loading=\"lazy\" decoding=\"async\" width=\"1024\" height=\"576\" data-id=\"896\" src=\"https:\/\/vdhmachinery.com\/wp-content\/uploads\/2025\/09\/6300_R_HD_Offshore_Niederlande_Dutch_Offshore_VdH_2018-1-1024x576.jpg\" alt=\"Sennebogen 6300e auf einem Schiff\" class=\"wp-image-896\" srcset=\"https:\/\/vdhmachinery.com\/wp-content\/uploads\/2025\/09\/6300_R_HD_Offshore_Niederlande_Dutch_Offshore_VdH_2018-1-1024x576.jpg 1024w, https:\/\/vdhmachinery.com\/wp-content\/uploads\/2025\/09\/6300_R_HD_Offshore_Niederlande_Dutch_Offshore_VdH_2018-1-300x169.jpg 300w, https:\/\/vdhmachinery.com\/wp-content\/uploads\/2025\/09\/6300_R_HD_Offshore_Niederlande_Dutch_Offshore_VdH_2018-1-768x432.jpg 768w, https:\/\/vdhmachinery.com\/wp-content\/uploads\/2025\/09\/6300_R_HD_Offshore_Niederlande_Dutch_Offshore_VdH_2018-1-1536x864.jpg 1536w, https:\/\/vdhmachinery.com\/wp-content\/uploads\/2025\/09\/6300_R_HD_Offshore_Niederlande_Dutch_Offshore_VdH_2018-1-2048x1152.jpg 2048w\" sizes=\"auto, (max-width: 1024px) 100vw, 1024px\" \/><\/figure>\n<\/figure>\n\n\n\n<h2 class=\"wp-block-heading\"><strong>Komfort und Sicherheit<\/strong><\/h2>\n\n\n\n<p>Die ger\u00e4umige Maxcab Kabine bietet ausgezeichnete Ergonomie, Klimaregelung und Panoramasicht. F\u00fcr zus\u00e4tzliche Sicherheit kann die Kabine gekippt oder hydraulisch erh\u00f6ht werden (optional). Das <strong>SENCON-Steuerungssystem<\/strong> gibt Echtzeit-Einblick in Maschinenparameter, Fehlermeldungen und Bodendruck. Optionale Sicherheitsvorrichtungen wie Panzerglas, Dachgitter und Kamera\u00fcberwachung erh\u00f6hen den Schutz des Maschinenf\u00fchrers.   <\/p>\n\n\n\n<h2 class=\"wp-block-heading\"><strong>Unterwagen und Transport<\/strong><\/h2>\n\n\n\n<p>Der robuste Starlifter-Raupenunterwagen mit breiten Platten (1.200 \u2013 1.500 mm) garantiert maximale Stabilit\u00e4t. Dank des modularen Ballasts und des Selbstmontagesystems ist der Sennebogen 6300 Seilbagger schnell einsatzbereit und einfach zu transportieren, trotz seiner beeindruckenden Abmessungen. <\/p>\n\n\n\n<h2 class=\"wp-block-heading\"><strong>Innovative Telematik<\/strong><\/h2>\n\n\n\n<p>Serienm\u00e4\u00dfig ausgestattet mit dem <strong>SENtrack Telematiksystem<\/strong> ist der Kran vollst\u00e4ndig digital zu \u00fcberwachen. Benutzer profitieren von Echtzeit-Einblicken in Leistung, Wartungsplanung und Maschinensicherheit. Pr\u00e4ventiver Service und automatische Meldungen erh\u00f6hen die Einsatzbereitschaft und sch\u00fctzen die Investition.  <\/p>\n\n\n\n<h2 class=\"wp-block-heading\"><strong>Wichtigste Spezifikationen<\/strong><\/h2>\n\n\n\n<figure class=\"wp-block-table\"><table class=\"has-fixed-layout\"><tbody><tr><td><strong>Maximale Traglast<\/strong><\/td><td>300 Tonnen<\/td><\/tr><tr><td><strong>Motorleistung<\/strong><\/td><td>570 \/ 708 \/ 840 kW<\/td><\/tr><tr><td><strong>Ausleger<\/strong><\/td><td>bis 80,3 m<\/td><\/tr><tr><td><strong>Winden<\/strong><\/td><td>350 \u2013 450 kN, Freifalloption<\/td><\/tr><tr><td><strong>Betriebsgewicht<\/strong><\/td><td>ca. 255 \u2013 315 t<\/td><\/tr><tr><td><strong>Kabine<\/strong><\/td><td>Maxcab, kippbar und optional erh\u00f6hbar<\/td><\/tr><tr><td><strong>Telematik<\/strong><\/td><td>SENtrack standardm\u00e4\u00dfig integriert<\/td><\/tr><\/tbody><\/table><\/figure>\n\n\n\n<p>Mit un\u00fcbertroffener Kraft, Vielseitigkeit und Zuverl\u00e4ssigkeit ist der <strong>Sennebogen 6300 Seilbagger<\/strong> die ultimative Wahl f\u00fcr gro\u00df angelegte Bau-, Offshore- und Baggerprojekte.<\/p>\n\n","protected":false},"featured_media":2317,"template":"","meta":{"vdh-section-opener":"<!-- wp:paragraph -->\n<p>Der <strong>Sennebogen 6300 Seilbagger<\/strong> ist der gr\u00f6\u00dfte seiner Klasse, mit einer Traglast von bis zu 300 t, einem 80,3 Meter langen Ausleger und Motoren bis 840 kW. Dieser Kran vereint maximale Kraft, Vielseitigkeit und Sicherheit f\u00fcr die schwersten Bau- und Baggerprojekte weltweit. <\/p>\n<!-- \/wp:paragraph -->","vdh-section-content":"<!-- wp:paragraph -->\n<p><\/p>\n<!-- \/wp:paragraph -->","vdh-section-sidebar":"<!-- wp:paragraph -->\n<p\/>\n<!-- \/wp:paragraph -->","vdh-section-extra-information":"<!-- wp:paragraph -->\n<p\/>\n<!-- \/wp:paragraph -->","vdh-section-pre-footer-left":"<!-- wp:heading -->\n<h2 class=\"wp-block-heading\">Mehr Informationen<\/h2>\n<!-- \/wp:heading -->\n\n<!-- wp:paragraph -->\n<p>Unsere Spezialisten denken gerne mit Ihnen mit \u2013 ob Sie sich auf Leistung, Nachhaltigkeit oder eine spezifische Anwendung konzentrieren. Wir kombinieren technisches Wissen mit praktischer Erfahrung und einer pragmatischen Herangehensweise.  So finden wir gemeinsam die L\u00f6sung, die f\u00fcr Ihre Situation am besten funktioniert.<\/p>\n<!-- \/wp:paragraph -->\n\n<!-- wp:heading {\"level\":3,\"textColor\":\"primary-blue\"} -->\n<h3 class=\"wp-block-heading has-primary-blue-color has-text-color\">Haben Sie Interesse oder eine Frage?<\/h3>\n<!-- \/wp:heading -->\n\n<!-- wp:paragraph -->\n<p>Hinterlassen Sie Ihre Daten und wir nehmen schnell Kontakt mit Ihnen auf.<\/p>\n<!-- \/wp:paragraph -->\n\n<!-- wp:gravityforms\/form {\"formId\":\"1\",\"title\":false,\"description\":false,\"inputPrimaryColor\":\"#204ce5\"} \/-->","vdh-section-pre-footer-right":"<!-- wp:vdh\/employee-block {\"employeeId\":160} \/-->\n\n<!-- wp:vdh\/employee-block {\"employeeId\":161} \/-->","downloadable_documents":[902,906,909,914],"variation_drive_diesel":true,"variation_drive_electric":false,"variation_drive_battery":false,"variation_undercarriage_mobile":false,"variation_undercarriage_track":true,"is_new_product":false,"vdh_order":43},"product_cat":[115],"class_list":["post-3613","product","type-product","status-publish","has-post-thumbnail","hentry","product_cat-krane-mit-arbeitszyklus"],"_links":{"self":[{"href":"https:\/\/vdhmachinery.com\/de\/wp-json\/wp\/v2\/product\/3613","targetHints":{"allow":["GET"]}}],"collection":[{"href":"https:\/\/vdhmachinery.com\/de\/wp-json\/wp\/v2\/product"}],"about":[{"href":"https:\/\/vdhmachinery.com\/de\/wp-json\/wp\/v2\/types\/product"}],"wp:featuredmedia":[{"embeddable":true,"href":"https:\/\/vdhmachinery.com\/de\/wp-json\/wp\/v2\/media\/2317"}],"wp:attachment":[{"href":"https:\/\/vdhmachinery.com\/de\/wp-json\/wp\/v2\/media?parent=3613"}],"wp:term":[{"taxonomy":"product_cat","embeddable":true,"href":"https:\/\/vdhmachinery.com\/de\/wp-json\/wp\/v2\/product_cat?post=3613"}],"curies":[{"name":"wp","href":"https:\/\/api.w.org\/{rel}","templated":true}]}}