{"id":3616,"date":"2025-08-12T08:49:13","date_gmt":"2025-08-12T08:49:13","guid":{"rendered":"https:\/\/vdhmachinery.com\/machines\/vdh-mp40\/"},"modified":"2026-02-03T10:20:29","modified_gmt":"2026-02-03T10:20:29","slug":"vdh-mp40","status":"publish","type":"product","link":"https:\/\/vdhmachinery.com\/de\/machines\/vdh-mp40\/","title":{"rendered":"VDH-MP40"},"content":{"rendered":"\n\n<p>Der MP40 wird als 40-Tonnen-Basismaschine gebaut und kann, je nachdem, welches Anbauteil verwendet wird, als Schraub-, Bohr- und Rammmaschine eingesetzt werden. Bei der Entwicklung dieser Maschine ist Van den Heuvel \u00fcber den Zeichentisch hinausgegangen. <\/p>\n\n\n\n<p>Um alle W\u00fcnsche und Anforderungen des Marktes bestm\u00f6glich zu erf\u00fcllen, hat Van den Heuvel sowohl Kunden als auch Monteure in den Prozess einbezogen. Dadurch ist die Maschine f\u00fcr alle Beteiligten optimal eingerichtet. Der MP40 ist kompakter als seine \u201egro\u00dfen Br\u00fcder\u201c, der MP60 und der MP70. Die Maschine kann inklusive Bohrkasten und Bohrer transportiert werden, wodurch sie sich hervorragend eignet, wenn an mehreren kleineren Projekten pro Tag gearbeitet wird.   <\/p>\n\n\n\n<p>Die modulare Maschine dient als solide Basis und ist vollst\u00e4ndig flexibel nach Kundenwunsch vorzubereiten und zu automatisieren. So kann innerhalb der Standardkomponenten in Bezug auf Motorleistung, Pumpe, M\u00e4kler und Ballast variiert werden. Dadurch passt sich die Maschine optimal an spezifische Arbeiten innerhalb der Branche an.  <\/p>\n\n\n\n<figure class=\"wp-block-gallery has-nested-images columns-default is-cropped splide wpcom-gallery wp-block-gallery-1 is-layout-flex wp-block-gallery-is-layout-flex\"><button type='button' class='close-btn'><svg xmlns=\"http:\/\/www.w3.org\/2000\/svg\" viewBox=\"0 0 640 640\"><path fill=\"#ffffff\" d=\"M320 576C461.4 576 576 461.4 576 320C576 178.6 461.4 64 320 64C178.6 64 64 178.6 64 320C64 461.4 178.6 576 320 576zM231 231C240.4 221.6 255.6 221.6 264.9 231L319.9 286L374.9 231C384.3 221.6 399.5 221.6 408.8 231C418.1 240.4 418.2 255.6 408.8 264.9L353.8 319.9L408.8 374.9C418.2 384.3 418.2 399.5 408.8 408.8C399.4 418.1 384.2 418.2 374.9 408.8L319.9 353.8L264.9 408.8C255.5 418.2 240.3 418.2 231 408.8C221.7 399.4 221.6 384.2 231 374.9L286 319.9L231 264.9C221.6 255.5 221.6 240.3 231 231z\"\/><\/svg><\/button><div class='splide__track'><div class='splide__list'> \n<figure class=\"wp-block-image splide__slide size-large\"><img loading=\"lazy\" decoding=\"async\" width=\"1024\" height=\"678\" data-id=\"528\" src=\"https:\/\/vdhmachinery.com\/wp-content\/uploads\/2025\/08\/DSC0023-1024x678.jpg\" alt=\"VDH-MP40 Nahaufnahme\" class=\"wp-image-528\" srcset=\"https:\/\/vdhmachinery.com\/wp-content\/uploads\/2025\/08\/DSC0023-1024x678.jpg 1024w, https:\/\/vdhmachinery.com\/wp-content\/uploads\/2025\/08\/DSC0023-300x199.jpg 300w, https:\/\/vdhmachinery.com\/wp-content\/uploads\/2025\/08\/DSC0023-768x509.jpg 768w, https:\/\/vdhmachinery.com\/wp-content\/uploads\/2025\/08\/DSC0023-1536x1017.jpg 1536w, https:\/\/vdhmachinery.com\/wp-content\/uploads\/2025\/08\/DSC0023-2048x1356.jpg 2048w\" sizes=\"auto, (max-width: 1024px) 100vw, 1024px\" \/><\/figure>\n\n\n\n<figure class=\"wp-block-image splide__slide size-large\"><img loading=\"lazy\" decoding=\"async\" width=\"678\" height=\"1024\" data-id=\"532\" src=\"https:\/\/vdhmachinery.com\/wp-content\/uploads\/2025\/08\/DSC0087-678x1024.jpg\" alt=\"VDH-MP40 gr&#xFC;n \" class=\"wp-image-532\" srcset=\"https:\/\/vdhmachinery.com\/wp-content\/uploads\/2025\/08\/DSC0087-678x1024.jpg 678w, https:\/\/vdhmachinery.com\/wp-content\/uploads\/2025\/08\/DSC0087-199x300.jpg 199w, https:\/\/vdhmachinery.com\/wp-content\/uploads\/2025\/08\/DSC0087-768x1160.jpg 768w, https:\/\/vdhmachinery.com\/wp-content\/uploads\/2025\/08\/DSC0087-1017x1536.jpg 1017w, https:\/\/vdhmachinery.com\/wp-content\/uploads\/2025\/08\/DSC0087-1356x2048.jpg 1356w, https:\/\/vdhmachinery.com\/wp-content\/uploads\/2025\/08\/DSC0087-scaled.jpg 1696w\" sizes=\"auto, (max-width: 678px) 100vw, 678px\" \/><\/figure>\n\n\n\n<figure class=\"wp-block-image splide__slide size-large\"><img loading=\"lazy\" decoding=\"async\" width=\"678\" height=\"1024\" data-id=\"534\" src=\"https:\/\/vdhmachinery.com\/wp-content\/uploads\/2025\/08\/DSC0131-678x1024.jpg\" alt=\"VDH-MP40 gr&#xFC;n von unten\" class=\"wp-image-534\" srcset=\"https:\/\/vdhmachinery.com\/wp-content\/uploads\/2025\/08\/DSC0131-678x1024.jpg 678w, https:\/\/vdhmachinery.com\/wp-content\/uploads\/2025\/08\/DSC0131-199x300.jpg 199w, https:\/\/vdhmachinery.com\/wp-content\/uploads\/2025\/08\/DSC0131-768x1160.jpg 768w, https:\/\/vdhmachinery.com\/wp-content\/uploads\/2025\/08\/DSC0131-1017x1536.jpg 1017w, https:\/\/vdhmachinery.com\/wp-content\/uploads\/2025\/08\/DSC0131-1356x2048.jpg 1356w, https:\/\/vdhmachinery.com\/wp-content\/uploads\/2025\/08\/DSC0131-scaled.jpg 1696w\" sizes=\"auto, (max-width: 678px) 100vw, 678px\" \/><\/figure>\n\n\n\n<figure class=\"wp-block-image splide__slide size-large\"><img loading=\"lazy\" decoding=\"async\" width=\"1024\" height=\"576\" data-id=\"536\" src=\"https:\/\/vdhmachinery.com\/wp-content\/uploads\/2025\/08\/20230313-Kroeze-9634-bewerkt-high-res-1024x576.jpg\" alt=\"VDH-MP40 aus der Ferne\" class=\"wp-image-536\" srcset=\"https:\/\/vdhmachinery.com\/wp-content\/uploads\/2025\/08\/20230313-Kroeze-9634-bewerkt-high-res-1024x576.jpg 1024w, https:\/\/vdhmachinery.com\/wp-content\/uploads\/2025\/08\/20230313-Kroeze-9634-bewerkt-high-res-300x169.jpg 300w, https:\/\/vdhmachinery.com\/wp-content\/uploads\/2025\/08\/20230313-Kroeze-9634-bewerkt-high-res-768x432.jpg 768w, https:\/\/vdhmachinery.com\/wp-content\/uploads\/2025\/08\/20230313-Kroeze-9634-bewerkt-high-res-1536x864.jpg 1536w, https:\/\/vdhmachinery.com\/wp-content\/uploads\/2025\/08\/20230313-Kroeze-9634-bewerkt-high-res-2048x1152.jpg 2048w\" sizes=\"auto, (max-width: 1024px) 100vw, 1024px\" \/><\/figure>\n\n\n\n<figure class=\"wp-block-image splide__slide size-large\"><img loading=\"lazy\" decoding=\"async\" width=\"768\" height=\"1024\" data-id=\"526\" src=\"https:\/\/vdhmachinery.com\/wp-content\/uploads\/2025\/08\/20241202_113238-768x1024.jpg\" alt=\"VDH-MP40 rote Nahaufnahme\" class=\"wp-image-526\" srcset=\"https:\/\/vdhmachinery.com\/wp-content\/uploads\/2025\/08\/20241202_113238-768x1024.jpg 768w, https:\/\/vdhmachinery.com\/wp-content\/uploads\/2025\/08\/20241202_113238-225x300.jpg 225w, https:\/\/vdhmachinery.com\/wp-content\/uploads\/2025\/08\/20241202_113238-1152x1536.jpg 1152w, https:\/\/vdhmachinery.com\/wp-content\/uploads\/2025\/08\/20241202_113238-1536x2048.jpg 1536w, https:\/\/vdhmachinery.com\/wp-content\/uploads\/2025\/08\/20241202_113238-scaled.jpg 1920w\" sizes=\"auto, (max-width: 768px) 100vw, 768px\" \/><\/figure>\n\n\n\n<figure class=\"wp-block-image splide__slide size-large\"><img loading=\"lazy\" decoding=\"async\" width=\"1024\" height=\"768\" data-id=\"530\" src=\"https:\/\/vdhmachinery.com\/wp-content\/uploads\/2025\/08\/Deze-foto-is-mooi-maar-dan-zonder-de-mannen-en-machine-erachter-1024x768.jpg\" alt=\"VDH-MP40 rot von oben\" class=\"wp-image-530\" srcset=\"https:\/\/vdhmachinery.com\/wp-content\/uploads\/2025\/08\/Deze-foto-is-mooi-maar-dan-zonder-de-mannen-en-machine-erachter-1024x768.jpg 1024w, https:\/\/vdhmachinery.com\/wp-content\/uploads\/2025\/08\/Deze-foto-is-mooi-maar-dan-zonder-de-mannen-en-machine-erachter-300x225.jpg 300w, https:\/\/vdhmachinery.com\/wp-content\/uploads\/2025\/08\/Deze-foto-is-mooi-maar-dan-zonder-de-mannen-en-machine-erachter-768x576.jpg 768w, https:\/\/vdhmachinery.com\/wp-content\/uploads\/2025\/08\/Deze-foto-is-mooi-maar-dan-zonder-de-mannen-en-machine-erachter-1536x1152.jpg 1536w, https:\/\/vdhmachinery.com\/wp-content\/uploads\/2025\/08\/Deze-foto-is-mooi-maar-dan-zonder-de-mannen-en-machine-erachter-2048x1536.jpg 2048w\" sizes=\"auto, (max-width: 1024px) 100vw, 1024px\" \/><\/figure>\n\n\n\n<figure class=\"wp-block-image splide__slide size-large\"><img loading=\"lazy\" decoding=\"async\" width=\"1024\" height=\"1024\" data-id=\"522\" src=\"https:\/\/vdhmachinery.com\/wp-content\/uploads\/2025\/08\/DJI_0097K-1024x1024.jpg\" alt=\"VDH-MP40 gesamt\" class=\"wp-image-522\" srcset=\"https:\/\/vdhmachinery.com\/wp-content\/uploads\/2025\/08\/DJI_0097K-1024x1024.jpg 1024w, https:\/\/vdhmachinery.com\/wp-content\/uploads\/2025\/08\/DJI_0097K-300x300.jpg 300w, https:\/\/vdhmachinery.com\/wp-content\/uploads\/2025\/08\/DJI_0097K-150x150.jpg 150w, https:\/\/vdhmachinery.com\/wp-content\/uploads\/2025\/08\/DJI_0097K-768x768.jpg 768w, https:\/\/vdhmachinery.com\/wp-content\/uploads\/2025\/08\/DJI_0097K-1536x1536.jpg 1536w, https:\/\/vdhmachinery.com\/wp-content\/uploads\/2025\/08\/DJI_0097K-2048x2048.jpg 2048w\" sizes=\"auto, (max-width: 1024px) 100vw, 1024px\" \/><\/figure>\n\n\n\n<figure class=\"wp-block-image splide__slide size-large\"><img loading=\"lazy\" decoding=\"async\" width=\"576\" height=\"1024\" data-id=\"502\" src=\"https:\/\/vdhmachinery.com\/wp-content\/uploads\/2025\/08\/Hammer-Steel-576x1024.jpeg\" alt=\"VDH-MP40 gesamt rot\" class=\"wp-image-502\" srcset=\"https:\/\/vdhmachinery.com\/wp-content\/uploads\/2025\/08\/Hammer-Steel-576x1024.jpeg 576w, https:\/\/vdhmachinery.com\/wp-content\/uploads\/2025\/08\/Hammer-Steel-169x300.jpeg 169w, https:\/\/vdhmachinery.com\/wp-content\/uploads\/2025\/08\/Hammer-Steel-768x1365.jpeg 768w, https:\/\/vdhmachinery.com\/wp-content\/uploads\/2025\/08\/Hammer-Steel-864x1536.jpeg 864w, https:\/\/vdhmachinery.com\/wp-content\/uploads\/2025\/08\/Hammer-Steel.jpeg 1152w\" sizes=\"auto, (max-width: 576px) 100vw, 576px\" \/><\/figure>\n\n\n\n<figure class=\"wp-block-image splide__slide size-large\"><img loading=\"lazy\" decoding=\"async\" width=\"1024\" height=\"678\" data-id=\"538\" src=\"https:\/\/vdhmachinery.com\/wp-content\/uploads\/2025\/08\/Jacbo-1024x678.jpg\" alt=\"gr&#xFC;ne Seite\" class=\"wp-image-538\" srcset=\"https:\/\/vdhmachinery.com\/wp-content\/uploads\/2025\/08\/Jacbo-1024x678.jpg 1024w, https:\/\/vdhmachinery.com\/wp-content\/uploads\/2025\/08\/Jacbo-300x199.jpg 300w, https:\/\/vdhmachinery.com\/wp-content\/uploads\/2025\/08\/Jacbo-768x509.jpg 768w, https:\/\/vdhmachinery.com\/wp-content\/uploads\/2025\/08\/Jacbo-1536x1017.jpg 1536w, https:\/\/vdhmachinery.com\/wp-content\/uploads\/2025\/08\/Jacbo-2048x1356.jpg 2048w\" sizes=\"auto, (max-width: 1024px) 100vw, 1024px\" \/><\/figure>\n\n\n\n<figure class=\"wp-block-image splide__slide size-large\"><img loading=\"lazy\" decoding=\"async\" width=\"760\" height=\"1024\" data-id=\"524\" src=\"https:\/\/vdhmachinery.com\/wp-content\/uploads\/2025\/08\/Kroeze-760x1024.jpg\" alt=\"VDH-MP40 blaue Seite\" class=\"wp-image-524\" srcset=\"https:\/\/vdhmachinery.com\/wp-content\/uploads\/2025\/08\/Kroeze-760x1024.jpg 760w, https:\/\/vdhmachinery.com\/wp-content\/uploads\/2025\/08\/Kroeze-223x300.jpg 223w, https:\/\/vdhmachinery.com\/wp-content\/uploads\/2025\/08\/Kroeze-768x1034.jpg 768w, https:\/\/vdhmachinery.com\/wp-content\/uploads\/2025\/08\/Kroeze-1140x1536.jpg 1140w, https:\/\/vdhmachinery.com\/wp-content\/uploads\/2025\/08\/Kroeze-1521x2048.jpg 1521w, https:\/\/vdhmachinery.com\/wp-content\/uploads\/2025\/08\/Kroeze-scaled.jpg 1901w\" sizes=\"auto, (max-width: 760px) 100vw, 760px\" \/><\/figure>\n\n\n\n<figure class=\"wp-block-image splide__slide size-large\"><img loading=\"lazy\" decoding=\"async\" width=\"678\" height=\"1024\" data-id=\"505\" src=\"https:\/\/vdhmachinery.com\/wp-content\/uploads\/2025\/08\/MP40-Jacbo-klein-678x1024.jpg\" alt=\"VDH-MP40 schr&#xE4;ge Vorderseite\" class=\"wp-image-505\" srcset=\"https:\/\/vdhmachinery.com\/wp-content\/uploads\/2025\/08\/MP40-Jacbo-klein-678x1024.jpg 678w, https:\/\/vdhmachinery.com\/wp-content\/uploads\/2025\/08\/MP40-Jacbo-klein-199x300.jpg 199w, https:\/\/vdhmachinery.com\/wp-content\/uploads\/2025\/08\/MP40-Jacbo-klein-768x1160.jpg 768w, https:\/\/vdhmachinery.com\/wp-content\/uploads\/2025\/08\/MP40-Jacbo-klein-1017x1536.jpg 1017w, https:\/\/vdhmachinery.com\/wp-content\/uploads\/2025\/08\/MP40-Jacbo-klein-1356x2048.jpg 1356w, https:\/\/vdhmachinery.com\/wp-content\/uploads\/2025\/08\/MP40-Jacbo-klein-scaled.jpg 1696w\" sizes=\"auto, (max-width: 678px) 100vw, 678px\" \/><\/figure>\n\n\n\n<figure class=\"wp-block-image splide__slide size-large\"><img loading=\"lazy\" decoding=\"async\" width=\"1024\" height=\"768\" data-id=\"504\" src=\"https:\/\/vdhmachinery.com\/wp-content\/uploads\/2025\/08\/MP40-Kroeze-1-1024x768.jpg\" alt=\"VDH-MP40 schr&#xE4;ge Nahaufnahme\" class=\"wp-image-504\" srcset=\"https:\/\/vdhmachinery.com\/wp-content\/uploads\/2025\/08\/MP40-Kroeze-1-1024x768.jpg 1024w, https:\/\/vdhmachinery.com\/wp-content\/uploads\/2025\/08\/MP40-Kroeze-1-300x225.jpg 300w, https:\/\/vdhmachinery.com\/wp-content\/uploads\/2025\/08\/MP40-Kroeze-1-768x576.jpg 768w, https:\/\/vdhmachinery.com\/wp-content\/uploads\/2025\/08\/MP40-Kroeze-1-1536x1152.jpg 1536w, https:\/\/vdhmachinery.com\/wp-content\/uploads\/2025\/08\/MP40-Kroeze-1.jpg 1600w\" sizes=\"auto, (max-width: 1024px) 100vw, 1024px\" \/><\/figure>\n\n\n\n<figure class=\"wp-block-image splide__slide size-large\"><img loading=\"lazy\" decoding=\"async\" width=\"576\" height=\"1024\" data-id=\"508\" src=\"https:\/\/vdhmachinery.com\/wp-content\/uploads\/2025\/08\/WhatsApp-Image-2024-09-06-at-16.50.39-1-576x1024.jpeg\" alt=\"VDH-MP40 in der Kabine\" class=\"wp-image-508\" srcset=\"https:\/\/vdhmachinery.com\/wp-content\/uploads\/2025\/08\/WhatsApp-Image-2024-09-06-at-16.50.39-1-576x1024.jpeg 576w, https:\/\/vdhmachinery.com\/wp-content\/uploads\/2025\/08\/WhatsApp-Image-2024-09-06-at-16.50.39-1-169x300.jpeg 169w, https:\/\/vdhmachinery.com\/wp-content\/uploads\/2025\/08\/WhatsApp-Image-2024-09-06-at-16.50.39-1-768x1365.jpeg 768w, https:\/\/vdhmachinery.com\/wp-content\/uploads\/2025\/08\/WhatsApp-Image-2024-09-06-at-16.50.39-1-864x1536.jpeg 864w, https:\/\/vdhmachinery.com\/wp-content\/uploads\/2025\/08\/WhatsApp-Image-2024-09-06-at-16.50.39-1.jpeg 1152w\" sizes=\"auto, (max-width: 576px) 100vw, 576px\" \/><\/figure>\n\n\n\n<figure class=\"wp-block-image splide__slide size-large\"><img loading=\"lazy\" decoding=\"async\" width=\"576\" height=\"1024\" data-id=\"514\" src=\"https:\/\/vdhmachinery.com\/wp-content\/uploads\/2025\/08\/WhatsApp-Image-2024-09-06-at-16.50.39-2-576x1024.jpeg\" alt=\"VDH-MP40 in der Kabine Bedienelemente\" class=\"wp-image-514\" srcset=\"https:\/\/vdhmachinery.com\/wp-content\/uploads\/2025\/08\/WhatsApp-Image-2024-09-06-at-16.50.39-2-576x1024.jpeg 576w, https:\/\/vdhmachinery.com\/wp-content\/uploads\/2025\/08\/WhatsApp-Image-2024-09-06-at-16.50.39-2-169x300.jpeg 169w, https:\/\/vdhmachinery.com\/wp-content\/uploads\/2025\/08\/WhatsApp-Image-2024-09-06-at-16.50.39-2-768x1365.jpeg 768w, https:\/\/vdhmachinery.com\/wp-content\/uploads\/2025\/08\/WhatsApp-Image-2024-09-06-at-16.50.39-2-864x1536.jpeg 864w, https:\/\/vdhmachinery.com\/wp-content\/uploads\/2025\/08\/WhatsApp-Image-2024-09-06-at-16.50.39-2.jpeg 1152w\" sizes=\"auto, (max-width: 576px) 100vw, 576px\" \/><\/figure>\n\n\n\n<figure class=\"wp-block-image splide__slide size-large\"><img loading=\"lazy\" decoding=\"async\" width=\"576\" height=\"1024\" data-id=\"510\" src=\"https:\/\/vdhmachinery.com\/wp-content\/uploads\/2025\/08\/WhatsApp-Image-2024-09-06-at-16.50.39-576x1024.jpeg\" alt=\"VDH-MP40 Nahaufnahme rot\" class=\"wp-image-510\" srcset=\"https:\/\/vdhmachinery.com\/wp-content\/uploads\/2025\/08\/WhatsApp-Image-2024-09-06-at-16.50.39-576x1024.jpeg 576w, https:\/\/vdhmachinery.com\/wp-content\/uploads\/2025\/08\/WhatsApp-Image-2024-09-06-at-16.50.39-169x300.jpeg 169w, https:\/\/vdhmachinery.com\/wp-content\/uploads\/2025\/08\/WhatsApp-Image-2024-09-06-at-16.50.39-768x1365.jpeg 768w, https:\/\/vdhmachinery.com\/wp-content\/uploads\/2025\/08\/WhatsApp-Image-2024-09-06-at-16.50.39-864x1536.jpeg 864w, https:\/\/vdhmachinery.com\/wp-content\/uploads\/2025\/08\/WhatsApp-Image-2024-09-06-at-16.50.39.jpeg 1152w\" sizes=\"auto, (max-width: 576px) 100vw, 576px\" \/><\/figure>\n\n\n\n<figure class=\"wp-block-image splide__slide size-large\"><img loading=\"lazy\" decoding=\"async\" width=\"1024\" height=\"576\" data-id=\"518\" src=\"https:\/\/vdhmachinery.com\/wp-content\/uploads\/2025\/08\/WhatsApp-Image-2024-09-06-at-16.50.41-1-1024x576.jpeg\" alt=\"VDH-MP40 Innenseite\" class=\"wp-image-518\" srcset=\"https:\/\/vdhmachinery.com\/wp-content\/uploads\/2025\/08\/WhatsApp-Image-2024-09-06-at-16.50.41-1-1024x576.jpeg 1024w, https:\/\/vdhmachinery.com\/wp-content\/uploads\/2025\/08\/WhatsApp-Image-2024-09-06-at-16.50.41-1-300x169.jpeg 300w, https:\/\/vdhmachinery.com\/wp-content\/uploads\/2025\/08\/WhatsApp-Image-2024-09-06-at-16.50.41-1-768x432.jpeg 768w, https:\/\/vdhmachinery.com\/wp-content\/uploads\/2025\/08\/WhatsApp-Image-2024-09-06-at-16.50.41-1-1536x864.jpeg 1536w, https:\/\/vdhmachinery.com\/wp-content\/uploads\/2025\/08\/WhatsApp-Image-2024-09-06-at-16.50.41-1.jpeg 2048w\" sizes=\"auto, (max-width: 1024px) 100vw, 1024px\" \/><\/figure>\n\n\n\n<figure class=\"wp-block-image splide__slide size-large\"><img loading=\"lazy\" decoding=\"async\" width=\"576\" height=\"1024\" data-id=\"512\" src=\"https:\/\/vdhmachinery.com\/wp-content\/uploads\/2025\/08\/WhatsApp-Image-2024-09-06-at-16.50.42-576x1024.jpeg\" alt=\"VDH-MP40 R&#xFC;ckseite Nahaufnahme\" class=\"wp-image-512\" srcset=\"https:\/\/vdhmachinery.com\/wp-content\/uploads\/2025\/08\/WhatsApp-Image-2024-09-06-at-16.50.42-576x1024.jpeg 576w, https:\/\/vdhmachinery.com\/wp-content\/uploads\/2025\/08\/WhatsApp-Image-2024-09-06-at-16.50.42-169x300.jpeg 169w, https:\/\/vdhmachinery.com\/wp-content\/uploads\/2025\/08\/WhatsApp-Image-2024-09-06-at-16.50.42-768x1365.jpeg 768w, https:\/\/vdhmachinery.com\/wp-content\/uploads\/2025\/08\/WhatsApp-Image-2024-09-06-at-16.50.42-864x1536.jpeg 864w, https:\/\/vdhmachinery.com\/wp-content\/uploads\/2025\/08\/WhatsApp-Image-2024-09-06-at-16.50.42.jpeg 1152w\" sizes=\"auto, (max-width: 576px) 100vw, 576px\" \/><\/figure>\n\n\n\n<figure class=\"wp-block-image splide__slide size-large\"><img loading=\"lazy\" decoding=\"async\" width=\"576\" height=\"1024\" data-id=\"516\" src=\"https:\/\/vdhmachinery.com\/wp-content\/uploads\/2025\/08\/WhatsApp-Image-2024-09-06-at-16.50.43-576x1024.jpeg\" alt=\"VDH-MP40 Spule\" class=\"wp-image-516\" srcset=\"https:\/\/vdhmachinery.com\/wp-content\/uploads\/2025\/08\/WhatsApp-Image-2024-09-06-at-16.50.43-576x1024.jpeg 576w, https:\/\/vdhmachinery.com\/wp-content\/uploads\/2025\/08\/WhatsApp-Image-2024-09-06-at-16.50.43-169x300.jpeg 169w, https:\/\/vdhmachinery.com\/wp-content\/uploads\/2025\/08\/WhatsApp-Image-2024-09-06-at-16.50.43-768x1365.jpeg 768w, https:\/\/vdhmachinery.com\/wp-content\/uploads\/2025\/08\/WhatsApp-Image-2024-09-06-at-16.50.43-864x1536.jpeg 864w, https:\/\/vdhmachinery.com\/wp-content\/uploads\/2025\/08\/WhatsApp-Image-2024-09-06-at-16.50.43.jpeg 1152w\" sizes=\"auto, (max-width: 576px) 100vw, 576px\" \/><\/figure>\n\n\n\n<figure class=\"wp-block-image splide__slide size-large\"><img loading=\"lazy\" decoding=\"async\" width=\"576\" height=\"1024\" data-id=\"520\" src=\"https:\/\/vdhmachinery.com\/wp-content\/uploads\/2025\/08\/WhatsApp-Image-2024-09-06-at-16.50.44-576x1024.jpeg\" alt=\"VDH-MP40 Spule Nahaufnahme\" class=\"wp-image-520\" srcset=\"https:\/\/vdhmachinery.com\/wp-content\/uploads\/2025\/08\/WhatsApp-Image-2024-09-06-at-16.50.44-576x1024.jpeg 576w, https:\/\/vdhmachinery.com\/wp-content\/uploads\/2025\/08\/WhatsApp-Image-2024-09-06-at-16.50.44-169x300.jpeg 169w, https:\/\/vdhmachinery.com\/wp-content\/uploads\/2025\/08\/WhatsApp-Image-2024-09-06-at-16.50.44-768x1365.jpeg 768w, https:\/\/vdhmachinery.com\/wp-content\/uploads\/2025\/08\/WhatsApp-Image-2024-09-06-at-16.50.44-864x1536.jpeg 864w, https:\/\/vdhmachinery.com\/wp-content\/uploads\/2025\/08\/WhatsApp-Image-2024-09-06-at-16.50.44.jpeg 1152w\" sizes=\"auto, (max-width: 576px) 100vw, 576px\" \/><\/figure>\n<\/figure>\n\n\n\n<h2 class=\"wp-block-heading\">Technische Daten<\/h2>\n\n\n\n<p>Die Maschine besteht aus A-Klasse-Komponenten und ist f\u00fcr maximale Zuverl\u00e4ssigkeit im Feld konventionell verkabelt. Das zentrale Steuerungssystem basiert auf einer robusten SPS-Konfiguration mit intuitiver Benutzerbedienung. Durch den konventionellen Aufbau ist die Wartung einfach durchzuf\u00fchren, mit minimaler Abh\u00e4ngigkeit von komplexen Softwareschnittstellen.  <\/p>\n\n\n\n<p>Der Heileader ist mit F\u00fchrungssystemen f\u00fcr den Fallblock ausgestattet, einschlie\u00dflich Oberwinden und einem zugeh\u00f6rigen Windenbedienungssystem. Der MP40 liefert eine hohe Zugkraft \u00fcber die Haupt- und Hilfswinden, geeignet zum Heben schwerer Rammbl\u00f6cke und zum Positionieren von Gr\u00fcndungselementen. <\/p>\n\n\n\n<h2 class=\"wp-block-heading\">Ergonomie und Sicherheit<\/h2>\n\n\n\n<p>Die Fahrerkabine ist nach den OSHA-Richtlinien konzipiert und bietet hervorragende Ergonomie und Sicht. Die Kabine ist mit einem luftgefederten Sitz mit verstellbarer Lendenwirbelst\u00fctze, frei einstellbaren Bedienkonsolen und einem \u00fcbersichtlichen Anzeigesystem ausgestattet. Gro\u00dfe, gerade Fenster rundum bieten ungehinderte Sicht auf den Arbeitsbereich ohne optische Verzerrung. Sowohl innen als auch au\u00dfen ist eine leistungsstarke LED-Beleuchtung f\u00fcr optimale Sichtbarkeit unter allen Bedingungen vorhanden.   <\/p>\n\n","protected":false},"featured_media":2416,"template":"","meta":{"vdh-section-opener":"<!-- wp:paragraph -->\n<p>Der MP40 wurde mit dem Ziel gebaut, einfach und effizient zu arbeiten. Der hohe Wirkungsgrad der Maschine wird durch die Zuverl\u00e4ssigkeit und Qualit\u00e4t der verwendeten Marken, Materialien und Komponenten erreicht. <\/p>\n<!-- \/wp:paragraph -->","vdh-section-content":"<!-- wp:paragraph -->\n<p><\/p>\n<!-- \/wp:paragraph -->","vdh-section-sidebar":"<!-- wp:paragraph -->\n<p\/>\n<!-- \/wp:paragraph -->","vdh-section-extra-information":"<!-- wp:paragraph -->\n<p\/>\n<!-- \/wp:paragraph -->","vdh-section-pre-footer-left":"<!-- wp:heading -->\n<h2 class=\"wp-block-heading\">Mehr Informationen<\/h2>\n<!-- \/wp:heading -->\n\n<!-- wp:paragraph -->\n<p>Unsere Spezialisten denken gerne mit Ihnen mit \u2013 ob Sie sich auf Leistung, Nachhaltigkeit oder eine spezifische Anwendung konzentrieren. Wir kombinieren technisches Wissen mit praktischer Erfahrung und einer n\u00fcchternen Herangehensweise. So kommen wir gemeinsam zu der L\u00f6sung, die f\u00fcr Ihre Situation am besten funktioniert.  <\/p>\n<!-- \/wp:paragraph -->\n\n<!-- wp:heading {\"level\":3,\"textColor\":\"primary-blue\"} -->\n<h3 class=\"wp-block-heading has-primary-blue-color has-text-color\">Haben Sie Interesse oder eine Frage?<\/h3>\n<!-- \/wp:heading -->\n\n<!-- wp:paragraph -->\n<p>Hinterlassen Sie Ihre Daten und wir nehmen schnell Kontakt mit Ihnen auf.<\/p>\n<!-- \/wp:paragraph -->\n\n<!-- wp:gravityforms\/form {\"formId\":\"1\",\"title\":false,\"description\":false,\"inputPrimaryColor\":\"#204ce5\"} \/-->","vdh-section-pre-footer-right":"<!-- wp:vdh\/employee-block {\"employeeId\":162} \/-->","downloadable_documents":[2063,2066,2069],"variation_drive_diesel":false,"variation_drive_electric":false,"variation_drive_battery":false,"variation_undercarriage_mobile":false,"variation_undercarriage_track":false,"is_new_product":false,"vdh_order":50},"product_cat":[111],"class_list":["post-3616","product","type-product","status-publish","has-post-thumbnail","hentry","product_cat-vdh-mehrzweckmaschinen"],"_links":{"self":[{"href":"https:\/\/vdhmachinery.com\/de\/wp-json\/wp\/v2\/product\/3616","targetHints":{"allow":["GET"]}}],"collection":[{"href":"https:\/\/vdhmachinery.com\/de\/wp-json\/wp\/v2\/product"}],"about":[{"href":"https:\/\/vdhmachinery.com\/de\/wp-json\/wp\/v2\/types\/product"}],"wp:featuredmedia":[{"embeddable":true,"href":"https:\/\/vdhmachinery.com\/de\/wp-json\/wp\/v2\/media\/2416"}],"wp:attachment":[{"href":"https:\/\/vdhmachinery.com\/de\/wp-json\/wp\/v2\/media?parent=3616"}],"wp:term":[{"taxonomy":"product_cat","embeddable":true,"href":"https:\/\/vdhmachinery.com\/de\/wp-json\/wp\/v2\/product_cat?post=3616"}],"curies":[{"name":"wp","href":"https:\/\/api.w.org\/{rel}","templated":true}]}}