{"id":3643,"date":"2025-01-03T08:56:11","date_gmt":"2025-01-03T08:56:11","guid":{"rendered":"https:\/\/vdhmachinery.com\/machines\/sennebogen-6203e\/"},"modified":"2026-02-09T13:54:59","modified_gmt":"2026-02-09T13:54:59","slug":"sennebogen-6203e","status":"publish","type":"product","link":"https:\/\/vdhmachinery.com\/de\/machines\/sennebogen-6203e\/","title":{"rendered":"Sennebogen 6203e"},"content":{"rendered":"\n\n<p>Der Sennebogen 6203 E ist ein wahres Schwergewicht unter den Teleskopkranen. Mit einer Tragf\u00e4higkeit von 200 t und einer Hauptauslegerl\u00e4nge von 56,4 m \u2013 erweiterbar auf eine Arbeitsh\u00f6he von bis zu 78 m mit Ausleger und Verl\u00e4ngerungen \u2013 geh\u00f6rt dieser Kran zur absoluten Spitze seiner Klasse. Der 6-teilige Pin-Ausleger kann unter Last teleskopieren, wodurch er maximale Flexibilit\u00e4t bietet und in allen Situationen die optimale Kapazit\u00e4t nutzt.  <\/p>\n\n\n\n<p>Das robuste Raupenfahrwerk sorgt f\u00fcr au\u00dfergew\u00f6hnliche Stabilit\u00e4t, selbst bei schweren Lasten und auf anspruchsvollem Gel\u00e4nde. Dank des innovativen Starlifter-Fahrwerks mit Selbstmontagesystem kann der Kran vollst\u00e4ndig selbstst\u00e4ndig aufgebaut werden. Die Raupentr\u00e4ger und der Ballast k\u00f6nnen einfach ohne Hilfe eines Hilfskrans montiert und demontiert werden. F\u00fcr den Transport kann der Kran auf nur 3 m Breite verkleinert werden, wodurch er problemlos \u00fcber die Stra\u00dfe transportiert werden kann.   <\/p>\n\n\n\n<p>Der 6203 E zeichnet sich durch Vielseitigkeit aus. Neben dem Standard-Hauptausleger sind mehrere Auslegeroptionen verf\u00fcgbar: ein Heavy-Duty-Ausleger von 5 m und Fly-Jibs von 10,6 m, 16,2 m und 21,8 m, die optional mit Auslegerverl\u00e4ngerungen kombiniert werden k\u00f6nnen. Dadurch sind Arbeitsh\u00f6hen und Reichweiten bis zu 78 m realisierbar, ideal f\u00fcr Anwendungen im Fertigbau, in der Industriemontage, im Br\u00fcckenbau und bei Windkraftanlagenprojekten.  <\/p>\n\n\n\n<p>Die Maxcab-Kabine bietet dem Maschinisten optimalen Komfort und Sicherheit. Standardm\u00e4\u00dfig 20\u00b0 neigbar und optional hydraulisch auf 5,70 m mit 30\u00b0 Neigung anhebbar. Mit Schalld\u00e4mmung, Klimaanlage, ergonomischer Bedienung und Panoramasicht ist ein langes und pr\u00e4zises Arbeiten garantiert. Dank der gro\u00dfen Glasfl\u00e4che hat der Maschinist immer perfekte Sicht auf die Last und die Arbeitsumgebung.   <\/p>\n\n\n\n<p>Wartung und Service sind intelligent organisiert. Alle Komponenten sind gut zug\u00e4nglich, das zentrale Schmiersystem verl\u00e4ngert die Lebensdauer kritischer Teile und das SENCON-Steuerungssystem unterst\u00fctzt Diagnose und \u00dcberwachung. Mit seinem robusten Design, der leistungsstarken Hydraulik und dem modernen Stage V-Motor ist der 6203 E auf Zuverl\u00e4ssigkeit, Effizienz und eine lange Lebensdauer ausgelegt.  <\/p>\n\n\n\n<p>Kurz gesagt: Der Sennebogen 6203 E ist ein absolutes Kraftpaket, das sich durch Kapazit\u00e4t, Flexibilit\u00e4t und Benutzerfreundlichkeit auszeichnet. Die ideale Wahl f\u00fcr die schwersten und anspruchsvollsten Hebeprojekte. <\/p>\n\n","protected":false},"featured_media":2205,"template":"","meta":{"vdh-section-opener":"<!-- wp:paragraph -->\n<p>Der Sennebogen 6203 E ist der gr\u00f6\u00dfte Raupen-Teleskopkran im Programm, mit einer beeindruckenden Tragf\u00e4higkeit von 200 t und einem Hauptausleger von 56,4 m. Dank seines modularen Designs, des Selbstmontagesystems und der umfangreichen Auslegeroptionen ist der 6203 E die L\u00f6sung f\u00fcr schwere und gro\u00df angelegte Projekte in Industrie, Bauwesen und Windenergie. <\/p>\n<!-- \/wp:paragraph -->","vdh-section-content":"<!-- wp:paragraph -->\n<p><\/p>\n<!-- \/wp:paragraph -->","vdh-section-sidebar":"<!-- wp:paragraph -->\n<p\/>\n<!-- \/wp:paragraph -->","vdh-section-extra-information":"<!-- wp:paragraph -->\n<p\/>\n<!-- \/wp:paragraph -->","vdh-section-pre-footer-left":"<!-- wp:heading -->\n<h2 class=\"wp-block-heading\">Mehr Informationen<\/h2>\n<!-- \/wp:heading -->\n\n<!-- wp:paragraph -->\n<p>Unsere Spezialisten denken gerne mit Ihnen mit \u2013 ob Sie sich auf Leistung, Nachhaltigkeit oder eine spezifische Anwendung konzentrieren. Wir kombinieren technisches Wissen mit praktischer Erfahrung und einer n\u00fcchternen Herangehensweise. So kommen wir gemeinsam zu der L\u00f6sung, die f\u00fcr Ihre Situation am besten funktioniert.  <\/p>\n<!-- \/wp:paragraph -->\n\n<!-- wp:heading {\"level\":3,\"textColor\":\"primary-blue\"} -->\n<h3 class=\"wp-block-heading has-primary-blue-color has-text-color\">Haben Sie Interesse oder eine Frage?<\/h3>\n<!-- \/wp:heading -->\n\n<!-- wp:paragraph -->\n<p>Hinterlassen Sie Ihre Daten und wir nehmen schnell Kontakt mit Ihnen auf.<\/p>\n<!-- \/wp:paragraph -->\n\n<!-- wp:gravityforms\/form {\"formId\":\"1\",\"title\":false,\"description\":false,\"inputPrimaryColor\":\"#204ce5\"} \/-->","vdh-section-pre-footer-right":"<!-- wp:vdh\/employee-block {\"employeeId\":160} \/-->\n\n<!-- wp:vdh\/employee-block {\"employeeId\":161} \/-->","downloadable_documents":[656],"variation_drive_diesel":true,"variation_drive_electric":false,"variation_drive_battery":false,"variation_undercarriage_mobile":false,"variation_undercarriage_track":true,"is_new_product":true,"vdh_order":10},"product_cat":[72],"class_list":["post-3643","product","type-product","status-publish","has-post-thumbnail","hentry","product_cat-teleskopkrane"],"_links":{"self":[{"href":"https:\/\/vdhmachinery.com\/de\/wp-json\/wp\/v2\/product\/3643","targetHints":{"allow":["GET"]}}],"collection":[{"href":"https:\/\/vdhmachinery.com\/de\/wp-json\/wp\/v2\/product"}],"about":[{"href":"https:\/\/vdhmachinery.com\/de\/wp-json\/wp\/v2\/types\/product"}],"wp:featuredmedia":[{"embeddable":true,"href":"https:\/\/vdhmachinery.com\/de\/wp-json\/wp\/v2\/media\/2205"}],"wp:attachment":[{"href":"https:\/\/vdhmachinery.com\/de\/wp-json\/wp\/v2\/media?parent=3643"}],"wp:term":[{"taxonomy":"product_cat","embeddable":true,"href":"https:\/\/vdhmachinery.com\/de\/wp-json\/wp\/v2\/product_cat?post=3643"}],"curies":[{"name":"wp","href":"https:\/\/api.w.org\/{rel}","templated":true}]}}